{"id":4211434,"date":"2025-09-24T11:24:26","date_gmt":"2025-09-24T09:24:26","guid":{"rendered":"https:\/\/www.carlton-international.com\/arrendamento\/costa-del-sol\/aluguel-de-longo-prazo\/marbella\/"},"modified":"2026-04-15T09:13:12","modified_gmt":"2026-04-15T07:13:12","slug":"marbella","status":"publish","type":"page","link":"https:\/\/www.carlton-international.com\/pt-pt\/arrendamento\/costa-del-sol\/aluguel-de-longo-prazo\/marbella\/","title":{"rendered":"MARBELLA"},"content":{"rendered":"\t\t<div data-elementor-type=\"wp-page\" data-elementor-id=\"4211434\" class=\"elementor elementor-4211434 elementor-4211333\" data-elementor-post-type=\"page\">\n\t\t\t\t<div class=\"elementor-element elementor-element-7a9634d contentpd30 e-flex e-con-boxed e-con e-parent\" data-id=\"7a9634d\" data-element_type=\"container\" data-settings=\"{&quot;background_background&quot;:&quot;classic&quot;,&quot;jet_parallax_layout_list&quot;:[]}\">\n\t\t\t\t\t<div class=\"e-con-inner\">\n\t\t\t\t<div class=\"elementor-element elementor-element-eb0326c elementor-widget elementor-widget-heading\" data-id=\"eb0326c\" data-element_type=\"widget\" data-widget_type=\"heading.default\">\n\t\t\t\t\t<h1 class=\"elementor-heading-title elementor-size-default\">Marbella <\/h1>\t\t\t\t<\/div>\n\t\t\t\t\t<\/div>\n\t\t\t\t<\/div>\n\t\t<div class=\"elementor-element elementor-element-4ab6705 hidden e-flex e-con-boxed e-con e-parent\" data-id=\"4ab6705\" data-element_type=\"container\" data-settings=\"{&quot;jet_parallax_layout_list&quot;:[]}\">\n\t\t\t\t\t<div class=\"e-con-inner\">\n\t\t\t\t<div class=\"elementor-element elementor-element-31974c4 elementor-widget elementor-widget-text-editor\" data-id=\"31974c4\" data-element_type=\"widget\" data-widget_type=\"text-editor.default\">\n\t\t\t\t\t\t\t\t\t<ul><li><a href=\"\/en\/buying-dream-homes-and-investment-opportunities-on-the-french-riviera\/cote-dazur\/\">C\u00f4te d\u2019azur<\/a><\/li><li><a href=\"\/en\/buying-dream-homes-and-investment-opportunities-on-the-french-riviera\/espagne\/costa-del-sol\/\">Costa del Sol<\/a><\/li><li><a href=\"\/en\/buying-dream-homes-and-investment-opportunities-on-the-french-riviera\/allemagne-du-sud\/\">Germany<\/a><\/li><li><a href=\"\/en\/buying-dream-homes-and-investment-opportunities-on-the-french-riviera\/autres-destinations\/\">More destinations<\/a><\/li><\/ul>\t\t\t\t\t\t\t\t<\/div>\n\t\t\t\t\t<\/div>\n\t\t\t\t<\/div>\n\t\t\t\t<section class=\"elementor-section elementor-top-section elementor-element elementor-element-792e6aa7 contentpd20 elementor-section-boxed elementor-section-height-default elementor-section-height-default\" data-id=\"792e6aa7\" data-element_type=\"section\" data-settings=\"{&quot;jet_parallax_layout_list&quot;:[]}\">\n\t\t\t\t\t\t<div class=\"elementor-container elementor-column-gap-default\">\n\t\t\t\t\t<div class=\"elementor-column elementor-col-100 elementor-top-column elementor-element elementor-element-4ab2cffd\" data-id=\"4ab2cffd\" data-element_type=\"column\">\n\t\t\t<div class=\"elementor-widget-wrap elementor-element-populated\">\n\t\t\t\t\t\t<div class=\"elementor-element elementor-element-3f80d67 elementor-widget elementor-widget-shortcode\" data-id=\"3f80d67\" data-element_type=\"widget\" data-widget_type=\"shortcode.default\">\n\t\t\t\t\t\t\t<div class=\"elementor-shortcode\">    <div class=\"ci-dis-ads_wrapper\" data-id-page=\"4211434\" id=\"ci-ads-results\">\n                <!-- TOTAL RESULTS -->\n        <div class=\"ci-dis-ads_total_results aa\">\n            <div class=\"ci-dis-description_contact_results a2345 4211434\">\n            \n                <p>\n                <a href=\"https:\/\/www.carlton-international.com\/pt-pt\/arrendamento\/\">arrendamento<\/a> &gt; <a href=\"https:\/\/www.carlton-international.com\/pt-pt\/arrendamento\/costa-del-sol\/\">costa del sol<\/a> &gt; <a href=\"https:\/\/www.carlton-international.com\/pt-pt\/arrendamento\/costa-del-sol\/aluguel-de-longo-prazo\/\">aluguel de longo prazo<\/a> &gt; <a href=\"https:\/\/www.carlton-international.com\/pt-pt\/arrendamento\/costa-del-sol\/aluguel-de-longo-prazo\/marbella\/\">marbella<\/a> &gt; <span data-id=\"4211434\">0 r\u00e9sultat<\/span>                <\/p>\n                            <\/div>\n        <\/div>\n                    <!-- HEADER -->\n            <div class=\"ci-dis-ads_header\">\n                <!-- PAGINATION -->\n                <div class=\"ci-dis-ads_pagination\">\n                                    <\/div>\n                <!-- SORT -->\n\n                                    <div class=\"ci-dis-ads_sort\">\n                                            <\/div>\n                    <!-- DISPLAY -->\n                    <div class=\"ci-dis-ads_disp\">\n                                            <\/div>\n                            <\/div>\n                <!-- CONTENT -->\n        <div class=\"ci-dis-ads_content ci-disp-grid\">\n                                                                    <div class=\"ci-dis-ads_content-empty s1\" style=\"display: flex;\">\n                                        <p class=\"ci-dis-ads_content-empty_text\"><\/p>\n                                        <div><div>\n<div>Muitos im\u00f3veis correspondentes \u00e0 sua pesquisa s\u00e3o comercializados de forma <strong>estritamente confidencial, em regime off-market, diretamente pelas nossas equipas.<\/strong><\/div>\n<div>Convidamo-lo a <strong>contactar a ag\u00eancia Carlton International correspondente ao endere\u00e7o procurado<\/strong> para ter acesso a estas oportunidades exclusivas :\u00a0<a href=\"https:\/\/www.carlton-international.com\/pt-pt\/contacte-nos\/\">https:\/\/www.carlton-international.com\/pt-pt\/contacte-nos\/<\/a><\/div>\n<\/div>\n<\/div>\n                                    <\/div>\n                                                            \n                                                <\/div>\n        <!-- FOOTER -->\n        <div class=\"ci-dis-ads_footer\">\n            <!-- PAGINATION -->\n            <div class=\"ci-dis-ads_pagination\">\n                            <\/div>\n        <\/div>\n                 <\/div>\n<\/div>\n\t\t\t\t\t\t<\/div>\n\t\t\t\t\t<\/div>\n\t\t<\/div>\n\t\t\t\t\t<\/div>\n\t\t<\/section>\n\t\t\t\t<\/div>\n\t\t","protected":false},"excerpt":{"rendered":"<p>Marbella C\u00f4te d\u2019azur Costa del Sol Germany More destinations<\/p>\n","protected":false},"author":9,"featured_media":0,"parent":3444819,"menu_order":0,"comment_status":"closed","ping_status":"closed","template":"","meta":{"_acf_changed":false,"footnotes":"","_wp_rev_ctl_limit":""},"class_list":["post-4211434","page","type-page","status-publish","hentry"],"acf":[],"yoast_head":"<!-- This site is optimized with the Yoast SEO Premium plugin v20.11 (Yoast SEO v26.5) - https:\/\/yoast.com\/wordpress\/plugins\/seo\/ -->\n<title>Locations longue dur\u00e9e, villas haut de gamme C\u00f4te d&#039;Azur. Carlton International<\/title>\n<meta name=\"robots\" content=\"index, follow, max-snippet:-1, max-image-preview:large, max-video-preview:-1\" \/>\n<link rel=\"canonical\" href=\"https:\/\/www.carlton-international.com\/pt-pt\/arrendamento\/costa-del-sol\/aluguel-de-longo-prazo\/marbella\/\" \/>\n<meta property=\"og:locale\" content=\"pt_PT\" \/>\n<meta property=\"og:type\" content=\"article\" \/>\n<meta property=\"og:title\" content=\"MARBELLA\" \/>\n<meta property=\"og:url\" content=\"https:\/\/www.carlton-international.com\/pt-pt\/arrendamento\/costa-del-sol\/aluguel-de-longo-prazo\/marbella\/\" \/>\n<meta property=\"og:site_name\" content=\"Carlton International\" \/>\n<meta property=\"article:publisher\" content=\"https:\/\/www.facebook.com\/CarltonInternationalRealEstate\/\" \/>\n<meta property=\"article:modified_time\" content=\"2026-04-15T07:13:12+00:00\" \/>\n<meta name=\"twitter:card\" content=\"summary_large_image\" \/>\n<meta name=\"twitter:site\" content=\"@CarltonInter\" \/>\n<meta name=\"twitter:label1\" content=\"Tempo estimado de leitura\" \/>\n\t<meta name=\"twitter:data1\" content=\"3 minutos\" \/>\n<script type=\"application\/ld+json\" class=\"yoast-schema-graph\">{\"@context\":\"https:\/\/schema.org\",\"@graph\":[{\"@type\":\"WebPage\",\"@id\":\"https:\/\/www.carlton-international.com\/pt-pt\/arrendamento\/costa-del-sol\/aluguel-de-longo-prazo\/marbella\/\",\"url\":\"https:\/\/www.carlton-international.com\/pt-pt\/arrendamento\/costa-del-sol\/aluguel-de-longo-prazo\/marbella\/\",\"name\":\"Locations longue dur\u00e9e, villas haut de gamme C\u00f4te d'Azur. Carlton International\",\"isPartOf\":{\"@id\":\"https:\/\/www.carlton-international.com\/pt-pt\/#website\"},\"datePublished\":\"2025-09-24T09:24:26+00:00\",\"dateModified\":\"2026-04-15T07:13:12+00:00\",\"breadcrumb\":{\"@id\":\"https:\/\/www.carlton-international.com\/pt-pt\/arrendamento\/costa-del-sol\/aluguel-de-longo-prazo\/marbella\/#breadcrumb\"},\"inLanguage\":\"pt-PT\",\"potentialAction\":[{\"@type\":\"ReadAction\",\"target\":[\"https:\/\/www.carlton-international.com\/pt-pt\/arrendamento\/costa-del-sol\/aluguel-de-longo-prazo\/marbella\/\"]}]},{\"@type\":\"BreadcrumbList\",\"@id\":\"https:\/\/www.carlton-international.com\/pt-pt\/arrendamento\/costa-del-sol\/aluguel-de-longo-prazo\/marbella\/#breadcrumb\",\"itemListElement\":[{\"@type\":\"ListItem\",\"position\":1,\"name\":\"Accueil\",\"item\":\"https:\/\/www.carlton-international.com\/pt-pt\/\"},{\"@type\":\"ListItem\",\"position\":2,\"name\":\"Arrendamento\",\"item\":\"https:\/\/www.carlton-international.com\/pt-pt\/arrendamento\/\"},{\"@type\":\"ListItem\",\"position\":3,\"name\":\"Costa del Sol\",\"item\":\"https:\/\/www.carlton-international.com\/pt-pt\/arrendamento\/costa-del-sol\/\"},{\"@type\":\"ListItem\",\"position\":4,\"name\":\"Aluguel de longo prazo\",\"item\":\"https:\/\/www.carlton-international.com\/pt-pt\/arrendamento\/costa-del-sol\/aluguel-de-longo-prazo\/\"},{\"@type\":\"ListItem\",\"position\":5,\"name\":\"MARBELLA\"}]},{\"@type\":\"WebSite\",\"@id\":\"https:\/\/www.carlton-international.com\/pt-pt\/#website\",\"url\":\"https:\/\/www.carlton-international.com\/pt-pt\/\",\"name\":\"Carlton International\",\"description\":\"Luxury Real Estate in France and Internationally\",\"publisher\":{\"@id\":\"https:\/\/www.carlton-international.com\/pt-pt\/#organization\"},\"alternateName\":\"Carlton\",\"potentialAction\":[{\"@type\":\"SearchAction\",\"target\":{\"@type\":\"EntryPoint\",\"urlTemplate\":\"https:\/\/www.carlton-international.com\/pt-pt\/?s={search_term_string}\"},\"query-input\":{\"@type\":\"PropertyValueSpecification\",\"valueRequired\":true,\"valueName\":\"search_term_string\"}}],\"inLanguage\":\"pt-PT\"},{\"@type\":\"Organization\",\"@id\":\"https:\/\/www.carlton-international.com\/pt-pt\/#organization\",\"name\":\"Carlton International\",\"alternateName\":\"Carlton\",\"url\":\"https:\/\/www.carlton-international.com\/pt-pt\/\",\"logo\":{\"@type\":\"ImageObject\",\"inLanguage\":\"pt-PT\",\"@id\":\"https:\/\/www.carlton-international.com\/pt-pt\/#\/schema\/logo\/image\/\",\"url\":\"https:\/\/www.carlton-international.com\/wp-content\/uploads\/2024\/10\/logo-square-1.jpg\",\"contentUrl\":\"https:\/\/www.carlton-international.com\/wp-content\/uploads\/2024\/10\/logo-square-1.jpg\",\"width\":240,\"height\":240,\"caption\":\"Carlton International\"},\"image\":{\"@id\":\"https:\/\/www.carlton-international.com\/pt-pt\/#\/schema\/logo\/image\/\"},\"sameAs\":[\"https:\/\/www.facebook.com\/CarltonInternationalRealEstate\/\",\"https:\/\/x.com\/CarltonInter\",\"https:\/\/www.instagram.com\/carlton.international\/\",\"https:\/\/www.linkedin.com\/company\/carlton-international\/mycompany\/\",\"https:\/\/www.youtube.com\/channel\/UC45DFaSawRRikZFLqr2C_XQ\"]}]}<\/script>\n<!-- \/ Yoast SEO Premium plugin. -->","yoast_head_json":{"title":"Locations longue dur\u00e9e, villas haut de gamme C\u00f4te d'Azur. Carlton International","robots":{"index":"index","follow":"follow","max-snippet":"max-snippet:-1","max-image-preview":"max-image-preview:large","max-video-preview":"max-video-preview:-1"},"canonical":"https:\/\/www.carlton-international.com\/pt-pt\/arrendamento\/costa-del-sol\/aluguel-de-longo-prazo\/marbella\/","og_locale":"pt_PT","og_type":"article","og_title":"MARBELLA","og_url":"https:\/\/www.carlton-international.com\/pt-pt\/arrendamento\/costa-del-sol\/aluguel-de-longo-prazo\/marbella\/","og_site_name":"Carlton International","article_publisher":"https:\/\/www.facebook.com\/CarltonInternationalRealEstate\/","article_modified_time":"2026-04-15T07:13:12+00:00","twitter_card":"summary_large_image","twitter_site":"@CarltonInter","twitter_misc":{"Tempo estimado de leitura":"3 minutos"},"schema":{"@context":"https:\/\/schema.org","@graph":[{"@type":"WebPage","@id":"https:\/\/www.carlton-international.com\/pt-pt\/arrendamento\/costa-del-sol\/aluguel-de-longo-prazo\/marbella\/","url":"https:\/\/www.carlton-international.com\/pt-pt\/arrendamento\/costa-del-sol\/aluguel-de-longo-prazo\/marbella\/","name":"Locations longue dur\u00e9e, villas haut de gamme C\u00f4te d'Azur. Carlton International","isPartOf":{"@id":"https:\/\/www.carlton-international.com\/pt-pt\/#website"},"datePublished":"2025-09-24T09:24:26+00:00","dateModified":"2026-04-15T07:13:12+00:00","breadcrumb":{"@id":"https:\/\/www.carlton-international.com\/pt-pt\/arrendamento\/costa-del-sol\/aluguel-de-longo-prazo\/marbella\/#breadcrumb"},"inLanguage":"pt-PT","potentialAction":[{"@type":"ReadAction","target":["https:\/\/www.carlton-international.com\/pt-pt\/arrendamento\/costa-del-sol\/aluguel-de-longo-prazo\/marbella\/"]}]},{"@type":"BreadcrumbList","@id":"https:\/\/www.carlton-international.com\/pt-pt\/arrendamento\/costa-del-sol\/aluguel-de-longo-prazo\/marbella\/#breadcrumb","itemListElement":[{"@type":"ListItem","position":1,"name":"Accueil","item":"https:\/\/www.carlton-international.com\/pt-pt\/"},{"@type":"ListItem","position":2,"name":"Arrendamento","item":"https:\/\/www.carlton-international.com\/pt-pt\/arrendamento\/"},{"@type":"ListItem","position":3,"name":"Costa del Sol","item":"https:\/\/www.carlton-international.com\/pt-pt\/arrendamento\/costa-del-sol\/"},{"@type":"ListItem","position":4,"name":"Aluguel de longo prazo","item":"https:\/\/www.carlton-international.com\/pt-pt\/arrendamento\/costa-del-sol\/aluguel-de-longo-prazo\/"},{"@type":"ListItem","position":5,"name":"MARBELLA"}]},{"@type":"WebSite","@id":"https:\/\/www.carlton-international.com\/pt-pt\/#website","url":"https:\/\/www.carlton-international.com\/pt-pt\/","name":"Carlton International","description":"Luxury Real Estate in France and Internationally","publisher":{"@id":"https:\/\/www.carlton-international.com\/pt-pt\/#organization"},"alternateName":"Carlton","potentialAction":[{"@type":"SearchAction","target":{"@type":"EntryPoint","urlTemplate":"https:\/\/www.carlton-international.com\/pt-pt\/?s={search_term_string}"},"query-input":{"@type":"PropertyValueSpecification","valueRequired":true,"valueName":"search_term_string"}}],"inLanguage":"pt-PT"},{"@type":"Organization","@id":"https:\/\/www.carlton-international.com\/pt-pt\/#organization","name":"Carlton International","alternateName":"Carlton","url":"https:\/\/www.carlton-international.com\/pt-pt\/","logo":{"@type":"ImageObject","inLanguage":"pt-PT","@id":"https:\/\/www.carlton-international.com\/pt-pt\/#\/schema\/logo\/image\/","url":"https:\/\/www.carlton-international.com\/wp-content\/uploads\/2024\/10\/logo-square-1.jpg","contentUrl":"https:\/\/www.carlton-international.com\/wp-content\/uploads\/2024\/10\/logo-square-1.jpg","width":240,"height":240,"caption":"Carlton International"},"image":{"@id":"https:\/\/www.carlton-international.com\/pt-pt\/#\/schema\/logo\/image\/"},"sameAs":["https:\/\/www.facebook.com\/CarltonInternationalRealEstate\/","https:\/\/x.com\/CarltonInter","https:\/\/www.instagram.com\/carlton.international\/","https:\/\/www.linkedin.com\/company\/carlton-international\/mycompany\/","https:\/\/www.youtube.com\/channel\/UC45DFaSawRRikZFLqr2C_XQ"]}]}},"jetpack_sharing_enabled":true,"_links":{"self":[{"href":"https:\/\/www.carlton-international.com\/pt-pt\/wp-json\/wp\/v2\/pages\/4211434","targetHints":{"allow":["GET"]}}],"collection":[{"href":"https:\/\/www.carlton-international.com\/pt-pt\/wp-json\/wp\/v2\/pages"}],"about":[{"href":"https:\/\/www.carlton-international.com\/pt-pt\/wp-json\/wp\/v2\/types\/page"}],"author":[{"embeddable":true,"href":"https:\/\/www.carlton-international.com\/pt-pt\/wp-json\/wp\/v2\/users\/9"}],"replies":[{"embeddable":true,"href":"https:\/\/www.carlton-international.com\/pt-pt\/wp-json\/wp\/v2\/comments?post=4211434"}],"version-history":[{"count":4,"href":"https:\/\/www.carlton-international.com\/pt-pt\/wp-json\/wp\/v2\/pages\/4211434\/revisions"}],"predecessor-version":[{"id":31846844,"href":"https:\/\/www.carlton-international.com\/pt-pt\/wp-json\/wp\/v2\/pages\/4211434\/revisions\/31846844"}],"up":[{"embeddable":true,"href":"https:\/\/www.carlton-international.com\/pt-pt\/wp-json\/wp\/v2\/pages\/3444819"}],"wp:attachment":[{"href":"https:\/\/www.carlton-international.com\/pt-pt\/wp-json\/wp\/v2\/media?parent=4211434"}],"curies":[{"name":"wp","href":"https:\/\/api.w.org\/{rel}","templated":true}]}}