{"id":3601069,"date":"2025-05-22T09:26:45","date_gmt":"2025-05-22T07:26:45","guid":{"rendered":"https:\/\/www.carlton-international.com\/arrendamento\/cote-dazur\/aluguel-de-temporada\/saint-tropez-arredores\/rayol-canadel-sur-mer\/"},"modified":"2026-03-12T03:28:22","modified_gmt":"2026-03-12T02:28:22","slug":"rayol-canadel-sur-mer","status":"publish","type":"page","link":"https:\/\/www.carlton-international.com\/pt-pt\/arrendamento\/cote-dazur\/aluguel-de-temporada\/saint-tropez-arredores\/rayol-canadel-sur-mer\/","title":{"rendered":"Rayol-Canadel-sur-Mer"},"content":{"rendered":"\t\t<div data-elementor-type=\"wp-page\" data-elementor-id=\"3601069\" class=\"elementor elementor-3601069 elementor-3334231\" data-elementor-post-type=\"page\">\n\t\t\t\t<div class=\"elementor-element elementor-element-7a9634d contentpd30 e-flex e-con-boxed e-con e-parent\" data-id=\"7a9634d\" data-element_type=\"container\" data-settings=\"{&quot;background_background&quot;:&quot;classic&quot;,&quot;jet_parallax_layout_list&quot;:[]}\">\n\t\t\t\t\t<div class=\"e-con-inner\">\n\t\t\t\t<div data-dce-title-color=\"#BFA473\" class=\"elementor-element elementor-element-eb0326c elementor-widget elementor-widget-heading\" data-id=\"eb0326c\" data-element_type=\"widget\" data-widget_type=\"heading.default\">\n\t\t\t\t\t<h1 class=\"elementor-heading-title elementor-size-default\">Rayol-Canadel-sur-Mer<\/h1>\t\t\t\t<\/div>\n\t\t\t\t\t<\/div>\n\t\t\t\t<\/div>\n\t\t\t\t<section class=\"elementor-section elementor-top-section elementor-element elementor-element-792e6aa7 contentpd20 elementor-section-boxed elementor-section-height-default elementor-section-height-default\" data-id=\"792e6aa7\" data-element_type=\"section\" data-settings=\"{&quot;jet_parallax_layout_list&quot;:[]}\">\n\t\t\t\t\t\t<div class=\"elementor-container elementor-column-gap-default\">\n\t\t\t\t\t<div class=\"elementor-column elementor-col-100 elementor-top-column elementor-element elementor-element-4ab2cffd\" data-id=\"4ab2cffd\" data-element_type=\"column\">\n\t\t\t<div class=\"elementor-widget-wrap elementor-element-populated\">\n\t\t\t\t\t\t<div class=\"elementor-element elementor-element-3f80d67 elementor-widget elementor-widget-shortcode\" data-id=\"3f80d67\" data-element_type=\"widget\" data-widget_type=\"shortcode.default\">\n\t\t\t\t\t\t\t<div class=\"elementor-shortcode\">    <div class=\"ci-dis-ads_wrapper\" data-id-page=\"3601069\" id=\"ci-ads-results\">\n                <!-- TOTAL RESULTS -->\n        <div class=\"ci-dis-ads_total_results aa\">\n            <div class=\"ci-dis-description_contact_results a2345 3601069\">\n            \n                <p>\n                <a href=\"https:\/\/www.carlton-international.com\/pt-pt\/arrendamento\/\">arrendamento<\/a> &gt; <a href=\"https:\/\/www.carlton-international.com\/pt-pt\/arrendamento\/cote-dazur\/\">c\u00f4te d&#8217;azur<\/a> &gt; <a href=\"https:\/\/www.carlton-international.com\/pt-pt\/arrendamento\/cote-dazur\/aluguel-de-temporada\/\">aluguel de temporada<\/a> &gt; <a href=\"https:\/\/www.carlton-international.com\/pt-pt\/arrendamento\/cote-dazur\/aluguel-de-temporada\/saint-tropez-arredores\/\">saint-tropez &#038; arredores<\/a> &gt; <a href=\"https:\/\/www.carlton-international.com\/pt-pt\/arrendamento\/cote-dazur\/aluguel-de-temporada\/saint-tropez-arredores\/rayol-canadel-sur-mer\/\">rayol-canadel-sur-mer<\/a> &gt; <span data-id=\"3601069\">0 r\u00e9sultat<\/span>                <\/p>\n                            <\/div>\n        <\/div>\n                    <!-- HEADER -->\n            <div class=\"ci-dis-ads_header\">\n                <!-- PAGINATION -->\n                <div class=\"ci-dis-ads_pagination\">\n                                    <\/div>\n                <!-- SORT -->\n\n                                    <div class=\"ci-dis-ads_sort\">\n                                            <\/div>\n                    <!-- DISPLAY -->\n                    <div class=\"ci-dis-ads_disp\">\n                                            <\/div>\n                            <\/div>\n                <!-- CONTENT -->\n        <div class=\"ci-dis-ads_content ci-disp-grid\">\n                                                                    <div class=\"ci-dis-ads_content-empty s1\" style=\"display: flex;\">\n                                        <p class=\"ci-dis-ads_content-empty_text\"><\/p>\n                                        <div><div>\n<div>Muitos im\u00f3veis correspondentes \u00e0 sua pesquisa s\u00e3o comercializados de forma estritamente confidencial, em regime off-market, diretamente pelas nossas equipas.<\/div>\n<div>Convidamo-lo a contactar a ag\u00eancia Carlton International correspondente ao endere\u00e7o procurado para ter acesso a estas oportunidades exclusivas :\u00a0<a href=\"https:\/\/www.carlton-international.com\/pt-pt\/contacte-nos\/\">https:\/\/www.carlton-international.com\/pt-pt\/contacte-nos\/<\/a><\/div>\n<\/div>\n<\/div>\n                                    <\/div>\n                                                            \n                                                <\/div>\n        <!-- FOOTER -->\n        <div class=\"ci-dis-ads_footer\">\n            <!-- PAGINATION -->\n            <div class=\"ci-dis-ads_pagination\">\n                            <\/div>\n        <\/div>\n    <\/div>\n<\/div>\n\t\t\t\t\t\t<\/div>\n\t\t\t\t<div class=\"elementor-element elementor-element-7fb9e81 description elementor-widget elementor-widget-text-editor\" data-id=\"7fb9e81\" data-element_type=\"widget\" data-widget_type=\"text-editor.default\">\n\t\t\t\t\t\t\t\t\t<h2 style=\"font-size:22px\">ALUGUER SAZONAL DE VILLAS DE LUXO NO GOLFO DE SAINT-TROPEZ<\/h2>\n<p><strong>Estadias excecionais entre o mar, a natureza e a arte de viver mediterr\u00e2nica<\/strong><br \/>\nDestino emblem\u00e1tico da C\u00f4te d\u2019Azur, o Golfo de Saint-Tropez \u00e9 um dos locais mais procurados para o aluguer sazonal de villas de alto padr\u00e3o. Entre praias m\u00edticas, aldeias com car\u00e1cter e paisagens preservadas, oferece um cen\u00e1rio incompar\u00e1vel para f\u00e9rias de luxo que combinam eleg\u00e2ncia, discri\u00e7\u00e3o e qualidade de vida. Alugar uma villa de prest\u00edgio no Golfo de Saint-Tropez significa desfrutar de um ambiente \u00fanico onde o mar Mediterr\u00e2neo, as vinhas, as colinas verdes e locais ic\u00f3nicos coexistem, beneficiando ao mesmo tempo de um elevado n\u00edvel de conforto e servi\u00e7os.<\/p>\n<p><strong>Um mercado excecional para o aluguer de villas de luxo<\/strong><br \/>\nO aluguer de villas de luxo no Golfo de Saint-Tropez distingue-se pela raridade e qualidade das suas propriedades. As villas propostas oferecem comodidades de alto n\u00edvel: piscinas, vistas para o mar, amplos jardins paisag\u00edsticos, espa\u00e7os exteriores dedicados ao relaxamento e um elevado n\u00edvel de privacidade, correspondendo \u00e0s expectativas de uma exigente clientela internacional. Estas propriedades s\u00e3o ideais para estadias em fam\u00edlia ou entre amigos, num ambiente de confidencialidade e requinte, perto das praias e aldeias emblem\u00e1ticas.<\/p>\n<p><strong>Destinos emblem\u00e1ticos para f\u00e9rias \u00e0 medida<\/strong><br \/>\nO Golfo de Saint-Tropez re\u00fane v\u00e1rias aldeias com identidades fortes, cada uma oferecendo uma experi\u00eancia de estadia diferente:<\/p>\n<ul>\n<li>Saint-Tropez: a efervesc\u00eancia ic\u00f3nica, o porto lend\u00e1rio e praias discretas<\/li>\n<li>Ramatuelle: natureza preservada e acesso \u00e0s lend\u00e1rias praias de Pampelonne<\/li>\n<li>Gassin: panoramas excecionais e tranquilidade residencial<\/li>\n<li>Grimaud: diversidade de paisagens e proximidade de Port Grimaud<\/li>\n<li>La Croix-Valmer: litoral preservado e qualidade de vida<\/li>\n<\/ul>\n<p>Esta diversidade permite oferecer alugueres sazonais personalizados, adaptados a cada estilo de estadia.<\/p>\n<p><strong>Alugar uma villa no Golfo de Saint-Tropez com a Carlton International<\/strong><br \/>\nPresente no Golfo de Saint-Tropez desde 2008, a Carlton International seleciona alugueres sazonais de villas de prest\u00edgio com um conhecimento profundo do mercado local e das propriedades mais confidenciais, incluindo oportunidades off-market. Acompanhamos os nossos clientes com discri\u00e7\u00e3o, exig\u00eancia e experi\u00eancia, propondo villas cuidadosamente selecionadas e um servi\u00e7o personalizado para oferecer uma experi\u00eancia de estadia \u00e0 altura das expectativas mais elevadas. Consulte a nossa sele\u00e7\u00e3o de propriedades online ou contacte diretamente a nossa equipa.<\/p>\n<p>Estamos ao seu dispor para o aconselhar, organizar visitas confidenciais e propor solu\u00e7\u00f5es personalizadas.<br \/>\n\ud83d\udcde +33 (0)4 98 12 13 63<br \/>\n\ud83d\udce7 saint-tropez@carlton-group.com<br \/>\n\ud83d\udccd 3 place Garezzio, Ch\u00e2teau de Suffren, 83990 Saint-Tropez<\/p>\n\t\t\t\t\t\t\t\t<\/div>\n\t\t\t\t\t<\/div>\n\t\t<\/div>\n\t\t\t\t\t<\/div>\n\t\t<\/section>\n\t\t\t\t<\/div>\n\t\t","protected":false},"excerpt":{"rendered":"<p>Rayol-Canadel-sur-Mer<\/p>\n","protected":false},"author":9,"featured_media":1152951,"parent":1152916,"menu_order":0,"comment_status":"closed","ping_status":"closed","template":"","meta":{"_acf_changed":false,"footnotes":"","_wp_rev_ctl_limit":""},"class_list":["post-3601069","page","type-page","status-publish","has-post-thumbnail","hentry"],"acf":[],"yoast_head":"<!-- This site is optimized with the Yoast SEO Premium plugin v20.11 (Yoast SEO v26.5) - https:\/\/yoast.com\/wordpress\/plugins\/seo\/ -->\n<title>Propri\u00e9t\u00e9s \u00e0 vendre Arri\u00e8re-pays Cannois. Carlton International<\/title>\n<meta name=\"description\" content=\"D\u00e9couvrez notre s\u00e9lection de propri\u00e9t\u00e9s de luxe \u00e0 vendre dans l&#039;arri\u00e8re-pays cannois et profitez de la tranquillit\u00e9 de cette r\u00e9gion pris\u00e9e.\" \/>\n<meta name=\"robots\" content=\"index, follow, max-snippet:-1, max-image-preview:large, max-video-preview:-1\" \/>\n<link rel=\"canonical\" href=\"https:\/\/www.carlton-international.com\/pt-pt\/arrendamento\/cote-dazur\/aluguel-de-temporada\/saint-tropez-arredores\/rayol-canadel-sur-mer\/\" \/>\n<meta property=\"og:locale\" content=\"pt_PT\" \/>\n<meta property=\"og:type\" content=\"article\" \/>\n<meta property=\"og:title\" content=\"Rayol-Canadel-sur-Mer\" \/>\n<meta property=\"og:description\" content=\"D\u00e9couvrez notre s\u00e9lection de propri\u00e9t\u00e9s de luxe \u00e0 vendre dans l&#039;arri\u00e8re-pays cannois et profitez de la tranquillit\u00e9 de cette r\u00e9gion pris\u00e9e.\" \/>\n<meta property=\"og:url\" content=\"https:\/\/www.carlton-international.com\/pt-pt\/arrendamento\/cote-dazur\/aluguel-de-temporada\/saint-tropez-arredores\/rayol-canadel-sur-mer\/\" \/>\n<meta property=\"og:site_name\" content=\"Carlton International\" \/>\n<meta property=\"article:publisher\" content=\"https:\/\/www.facebook.com\/CarltonInternationalRealEstate\/\" \/>\n<meta property=\"article:modified_time\" content=\"2026-03-12T02:28:22+00:00\" \/>\n<meta property=\"og:image\" content=\"https:\/\/www.carlton-international.com\/wp-content\/uploads\/2023\/07\/arriere-pays3_65815.jpeg\" \/>\n\t<meta property=\"og:image:width\" content=\"649\" \/>\n\t<meta property=\"og:image:height\" content=\"487\" \/>\n\t<meta property=\"og:image:type\" content=\"image\/jpeg\" \/>\n<meta name=\"twitter:card\" content=\"summary_large_image\" \/>\n<meta name=\"twitter:site\" content=\"@CarltonInter\" \/>\n<meta name=\"twitter:label1\" content=\"Tempo estimado de leitura\" \/>\n\t<meta name=\"twitter:data1\" content=\"3 minutos\" \/>\n<script type=\"application\/ld+json\" class=\"yoast-schema-graph\">{\"@context\":\"https:\/\/schema.org\",\"@graph\":[{\"@type\":\"WebPage\",\"@id\":\"https:\/\/www.carlton-international.com\/pt-pt\/arrendamento\/cote-dazur\/aluguel-de-temporada\/saint-tropez-arredores\/rayol-canadel-sur-mer\/\",\"url\":\"https:\/\/www.carlton-international.com\/pt-pt\/arrendamento\/cote-dazur\/aluguel-de-temporada\/saint-tropez-arredores\/rayol-canadel-sur-mer\/\",\"name\":\"Propri\u00e9t\u00e9s \u00e0 vendre Arri\u00e8re-pays Cannois. Carlton International\",\"isPartOf\":{\"@id\":\"https:\/\/www.carlton-international.com\/pt-pt\/#website\"},\"primaryImageOfPage\":{\"@id\":\"https:\/\/www.carlton-international.com\/pt-pt\/arrendamento\/cote-dazur\/aluguel-de-temporada\/saint-tropez-arredores\/rayol-canadel-sur-mer\/#primaryimage\"},\"image\":{\"@id\":\"https:\/\/www.carlton-international.com\/pt-pt\/arrendamento\/cote-dazur\/aluguel-de-temporada\/saint-tropez-arredores\/rayol-canadel-sur-mer\/#primaryimage\"},\"thumbnailUrl\":\"https:\/\/www.carlton-international.com\/wp-content\/uploads\/2023\/07\/arriere-pays3_65815.jpeg\",\"datePublished\":\"2025-05-22T07:26:45+00:00\",\"dateModified\":\"2026-03-12T02:28:22+00:00\",\"description\":\"D\u00e9couvrez notre s\u00e9lection de propri\u00e9t\u00e9s de luxe \u00e0 vendre dans l'arri\u00e8re-pays cannois et profitez de la tranquillit\u00e9 de cette r\u00e9gion pris\u00e9e.\",\"breadcrumb\":{\"@id\":\"https:\/\/www.carlton-international.com\/pt-pt\/arrendamento\/cote-dazur\/aluguel-de-temporada\/saint-tropez-arredores\/rayol-canadel-sur-mer\/#breadcrumb\"},\"inLanguage\":\"pt-PT\",\"potentialAction\":[{\"@type\":\"ReadAction\",\"target\":[\"https:\/\/www.carlton-international.com\/pt-pt\/arrendamento\/cote-dazur\/aluguel-de-temporada\/saint-tropez-arredores\/rayol-canadel-sur-mer\/\"]}]},{\"@type\":\"ImageObject\",\"inLanguage\":\"pt-PT\",\"@id\":\"https:\/\/www.carlton-international.com\/pt-pt\/arrendamento\/cote-dazur\/aluguel-de-temporada\/saint-tropez-arredores\/rayol-canadel-sur-mer\/#primaryimage\",\"url\":\"https:\/\/www.carlton-international.com\/wp-content\/uploads\/2023\/07\/arriere-pays3_65815.jpeg\",\"contentUrl\":\"https:\/\/www.carlton-international.com\/wp-content\/uploads\/2023\/07\/arriere-pays3_65815.jpeg\",\"width\":649,\"height\":487,\"caption\":\"Luxury Villas In Cannes Countryside\"},{\"@type\":\"BreadcrumbList\",\"@id\":\"https:\/\/www.carlton-international.com\/pt-pt\/arrendamento\/cote-dazur\/aluguel-de-temporada\/saint-tropez-arredores\/rayol-canadel-sur-mer\/#breadcrumb\",\"itemListElement\":[{\"@type\":\"ListItem\",\"position\":1,\"name\":\"Accueil\",\"item\":\"https:\/\/www.carlton-international.com\/pt-pt\/\"},{\"@type\":\"ListItem\",\"position\":2,\"name\":\"Arrendamento\",\"item\":\"https:\/\/www.carlton-international.com\/pt-pt\/arrendamento\/\"},{\"@type\":\"ListItem\",\"position\":3,\"name\":\"C\u00f4te d&#8217;Azur\",\"item\":\"https:\/\/www.carlton-international.com\/pt-pt\/arrendamento\/cote-dazur\/\"},{\"@type\":\"ListItem\",\"position\":4,\"name\":\"Aluguel de temporada\",\"item\":\"https:\/\/www.carlton-international.com\/pt-pt\/arrendamento\/cote-dazur\/aluguel-de-temporada\/\"},{\"@type\":\"ListItem\",\"position\":5,\"name\":\"Saint-Tropez &#038; Arredores\",\"item\":\"https:\/\/www.carlton-international.com\/pt-pt\/arrendamento\/cote-dazur\/aluguel-de-temporada\/saint-tropez-arredores\/\"},{\"@type\":\"ListItem\",\"position\":6,\"name\":\"Rayol-Canadel-sur-Mer\"}]},{\"@type\":\"WebSite\",\"@id\":\"https:\/\/www.carlton-international.com\/pt-pt\/#website\",\"url\":\"https:\/\/www.carlton-international.com\/pt-pt\/\",\"name\":\"Carlton International\",\"description\":\"Luxury Real Estate in France and Internationally\",\"publisher\":{\"@id\":\"https:\/\/www.carlton-international.com\/pt-pt\/#organization\"},\"alternateName\":\"Carlton\",\"potentialAction\":[{\"@type\":\"SearchAction\",\"target\":{\"@type\":\"EntryPoint\",\"urlTemplate\":\"https:\/\/www.carlton-international.com\/pt-pt\/?s={search_term_string}\"},\"query-input\":{\"@type\":\"PropertyValueSpecification\",\"valueRequired\":true,\"valueName\":\"search_term_string\"}}],\"inLanguage\":\"pt-PT\"},{\"@type\":\"Organization\",\"@id\":\"https:\/\/www.carlton-international.com\/pt-pt\/#organization\",\"name\":\"Carlton International\",\"alternateName\":\"Carlton\",\"url\":\"https:\/\/www.carlton-international.com\/pt-pt\/\",\"logo\":{\"@type\":\"ImageObject\",\"inLanguage\":\"pt-PT\",\"@id\":\"https:\/\/www.carlton-international.com\/pt-pt\/#\/schema\/logo\/image\/\",\"url\":\"https:\/\/www.carlton-international.com\/wp-content\/uploads\/2024\/10\/logo-square-1.jpg\",\"contentUrl\":\"https:\/\/www.carlton-international.com\/wp-content\/uploads\/2024\/10\/logo-square-1.jpg\",\"width\":240,\"height\":240,\"caption\":\"Carlton International\"},\"image\":{\"@id\":\"https:\/\/www.carlton-international.com\/pt-pt\/#\/schema\/logo\/image\/\"},\"sameAs\":[\"https:\/\/www.facebook.com\/CarltonInternationalRealEstate\/\",\"https:\/\/x.com\/CarltonInter\",\"https:\/\/www.instagram.com\/carlton.international\/\",\"https:\/\/www.linkedin.com\/company\/carlton-international\/mycompany\/\",\"https:\/\/www.youtube.com\/channel\/UC45DFaSawRRikZFLqr2C_XQ\"]}]}<\/script>\n<!-- \/ Yoast SEO Premium plugin. -->","yoast_head_json":{"title":"Propri\u00e9t\u00e9s \u00e0 vendre Arri\u00e8re-pays Cannois. Carlton International","description":"D\u00e9couvrez notre s\u00e9lection de propri\u00e9t\u00e9s de luxe \u00e0 vendre dans l'arri\u00e8re-pays cannois et profitez de la tranquillit\u00e9 de cette r\u00e9gion pris\u00e9e.","robots":{"index":"index","follow":"follow","max-snippet":"max-snippet:-1","max-image-preview":"max-image-preview:large","max-video-preview":"max-video-preview:-1"},"canonical":"https:\/\/www.carlton-international.com\/pt-pt\/arrendamento\/cote-dazur\/aluguel-de-temporada\/saint-tropez-arredores\/rayol-canadel-sur-mer\/","og_locale":"pt_PT","og_type":"article","og_title":"Rayol-Canadel-sur-Mer","og_description":"D\u00e9couvrez notre s\u00e9lection de propri\u00e9t\u00e9s de luxe \u00e0 vendre dans l'arri\u00e8re-pays cannois et profitez de la tranquillit\u00e9 de cette r\u00e9gion pris\u00e9e.","og_url":"https:\/\/www.carlton-international.com\/pt-pt\/arrendamento\/cote-dazur\/aluguel-de-temporada\/saint-tropez-arredores\/rayol-canadel-sur-mer\/","og_site_name":"Carlton International","article_publisher":"https:\/\/www.facebook.com\/CarltonInternationalRealEstate\/","article_modified_time":"2026-03-12T02:28:22+00:00","og_image":[{"width":649,"height":487,"url":"https:\/\/www.carlton-international.com\/wp-content\/uploads\/2023\/07\/arriere-pays3_65815.jpeg","type":"image\/jpeg"}],"twitter_card":"summary_large_image","twitter_site":"@CarltonInter","twitter_misc":{"Tempo estimado de leitura":"3 minutos"},"schema":{"@context":"https:\/\/schema.org","@graph":[{"@type":"WebPage","@id":"https:\/\/www.carlton-international.com\/pt-pt\/arrendamento\/cote-dazur\/aluguel-de-temporada\/saint-tropez-arredores\/rayol-canadel-sur-mer\/","url":"https:\/\/www.carlton-international.com\/pt-pt\/arrendamento\/cote-dazur\/aluguel-de-temporada\/saint-tropez-arredores\/rayol-canadel-sur-mer\/","name":"Propri\u00e9t\u00e9s \u00e0 vendre Arri\u00e8re-pays Cannois. Carlton International","isPartOf":{"@id":"https:\/\/www.carlton-international.com\/pt-pt\/#website"},"primaryImageOfPage":{"@id":"https:\/\/www.carlton-international.com\/pt-pt\/arrendamento\/cote-dazur\/aluguel-de-temporada\/saint-tropez-arredores\/rayol-canadel-sur-mer\/#primaryimage"},"image":{"@id":"https:\/\/www.carlton-international.com\/pt-pt\/arrendamento\/cote-dazur\/aluguel-de-temporada\/saint-tropez-arredores\/rayol-canadel-sur-mer\/#primaryimage"},"thumbnailUrl":"https:\/\/www.carlton-international.com\/wp-content\/uploads\/2023\/07\/arriere-pays3_65815.jpeg","datePublished":"2025-05-22T07:26:45+00:00","dateModified":"2026-03-12T02:28:22+00:00","description":"D\u00e9couvrez notre s\u00e9lection de propri\u00e9t\u00e9s de luxe \u00e0 vendre dans l'arri\u00e8re-pays cannois et profitez de la tranquillit\u00e9 de cette r\u00e9gion pris\u00e9e.","breadcrumb":{"@id":"https:\/\/www.carlton-international.com\/pt-pt\/arrendamento\/cote-dazur\/aluguel-de-temporada\/saint-tropez-arredores\/rayol-canadel-sur-mer\/#breadcrumb"},"inLanguage":"pt-PT","potentialAction":[{"@type":"ReadAction","target":["https:\/\/www.carlton-international.com\/pt-pt\/arrendamento\/cote-dazur\/aluguel-de-temporada\/saint-tropez-arredores\/rayol-canadel-sur-mer\/"]}]},{"@type":"ImageObject","inLanguage":"pt-PT","@id":"https:\/\/www.carlton-international.com\/pt-pt\/arrendamento\/cote-dazur\/aluguel-de-temporada\/saint-tropez-arredores\/rayol-canadel-sur-mer\/#primaryimage","url":"https:\/\/www.carlton-international.com\/wp-content\/uploads\/2023\/07\/arriere-pays3_65815.jpeg","contentUrl":"https:\/\/www.carlton-international.com\/wp-content\/uploads\/2023\/07\/arriere-pays3_65815.jpeg","width":649,"height":487,"caption":"Luxury Villas In Cannes Countryside"},{"@type":"BreadcrumbList","@id":"https:\/\/www.carlton-international.com\/pt-pt\/arrendamento\/cote-dazur\/aluguel-de-temporada\/saint-tropez-arredores\/rayol-canadel-sur-mer\/#breadcrumb","itemListElement":[{"@type":"ListItem","position":1,"name":"Accueil","item":"https:\/\/www.carlton-international.com\/pt-pt\/"},{"@type":"ListItem","position":2,"name":"Arrendamento","item":"https:\/\/www.carlton-international.com\/pt-pt\/arrendamento\/"},{"@type":"ListItem","position":3,"name":"C\u00f4te d&#8217;Azur","item":"https:\/\/www.carlton-international.com\/pt-pt\/arrendamento\/cote-dazur\/"},{"@type":"ListItem","position":4,"name":"Aluguel de temporada","item":"https:\/\/www.carlton-international.com\/pt-pt\/arrendamento\/cote-dazur\/aluguel-de-temporada\/"},{"@type":"ListItem","position":5,"name":"Saint-Tropez &#038; Arredores","item":"https:\/\/www.carlton-international.com\/pt-pt\/arrendamento\/cote-dazur\/aluguel-de-temporada\/saint-tropez-arredores\/"},{"@type":"ListItem","position":6,"name":"Rayol-Canadel-sur-Mer"}]},{"@type":"WebSite","@id":"https:\/\/www.carlton-international.com\/pt-pt\/#website","url":"https:\/\/www.carlton-international.com\/pt-pt\/","name":"Carlton International","description":"Luxury Real Estate in France and Internationally","publisher":{"@id":"https:\/\/www.carlton-international.com\/pt-pt\/#organization"},"alternateName":"Carlton","potentialAction":[{"@type":"SearchAction","target":{"@type":"EntryPoint","urlTemplate":"https:\/\/www.carlton-international.com\/pt-pt\/?s={search_term_string}"},"query-input":{"@type":"PropertyValueSpecification","valueRequired":true,"valueName":"search_term_string"}}],"inLanguage":"pt-PT"},{"@type":"Organization","@id":"https:\/\/www.carlton-international.com\/pt-pt\/#organization","name":"Carlton International","alternateName":"Carlton","url":"https:\/\/www.carlton-international.com\/pt-pt\/","logo":{"@type":"ImageObject","inLanguage":"pt-PT","@id":"https:\/\/www.carlton-international.com\/pt-pt\/#\/schema\/logo\/image\/","url":"https:\/\/www.carlton-international.com\/wp-content\/uploads\/2024\/10\/logo-square-1.jpg","contentUrl":"https:\/\/www.carlton-international.com\/wp-content\/uploads\/2024\/10\/logo-square-1.jpg","width":240,"height":240,"caption":"Carlton International"},"image":{"@id":"https:\/\/www.carlton-international.com\/pt-pt\/#\/schema\/logo\/image\/"},"sameAs":["https:\/\/www.facebook.com\/CarltonInternationalRealEstate\/","https:\/\/x.com\/CarltonInter","https:\/\/www.instagram.com\/carlton.international\/","https:\/\/www.linkedin.com\/company\/carlton-international\/mycompany\/","https:\/\/www.youtube.com\/channel\/UC45DFaSawRRikZFLqr2C_XQ"]}]}},"_links":{"self":[{"href":"https:\/\/www.carlton-international.com\/pt-pt\/wp-json\/wp\/v2\/pages\/3601069","targetHints":{"allow":["GET"]}}],"collection":[{"href":"https:\/\/www.carlton-international.com\/pt-pt\/wp-json\/wp\/v2\/pages"}],"about":[{"href":"https:\/\/www.carlton-international.com\/pt-pt\/wp-json\/wp\/v2\/types\/page"}],"author":[{"embeddable":true,"href":"https:\/\/www.carlton-international.com\/pt-pt\/wp-json\/wp\/v2\/users\/9"}],"replies":[{"embeddable":true,"href":"https:\/\/www.carlton-international.com\/pt-pt\/wp-json\/wp\/v2\/comments?post=3601069"}],"version-history":[{"count":2,"href":"https:\/\/www.carlton-international.com\/pt-pt\/wp-json\/wp\/v2\/pages\/3601069\/revisions"}],"predecessor-version":[{"id":4312751,"href":"https:\/\/www.carlton-international.com\/pt-pt\/wp-json\/wp\/v2\/pages\/3601069\/revisions\/4312751"}],"up":[{"embeddable":true,"href":"https:\/\/www.carlton-international.com\/pt-pt\/wp-json\/wp\/v2\/pages\/1152916"}],"wp:featuredmedia":[{"embeddable":true,"href":"https:\/\/www.carlton-international.com\/pt-pt\/wp-json\/wp\/v2\/media\/1152951"}],"wp:attachment":[{"href":"https:\/\/www.carlton-international.com\/pt-pt\/wp-json\/wp\/v2\/media?parent=3601069"}],"curies":[{"name":"wp","href":"https:\/\/api.w.org\/{rel}","templated":true}]}}