{"id":3600964,"date":"2025-05-22T09:23:19","date_gmt":"2025-05-22T07:23:19","guid":{"rendered":"https:\/\/www.carlton-international.com\/arrendamento\/cote-dazur\/aluguel-de-longo-prazo\/antibes-cap-dantibes-juan-les-pins\/antibes\/"},"modified":"2025-09-08T12:23:32","modified_gmt":"2025-09-08T10:23:32","slug":"antibes-cap-dantibes","status":"publish","type":"page","link":"https:\/\/www.carlton-international.com\/pt-pt\/arrendamento\/cote-dazur\/aluguel-de-longo-prazo\/antibes-cap-dantibes-juan-les-pins\/antibes-cap-dantibes\/","title":{"rendered":"Antibes &#038; Cap d\u2019Antibes"},"content":{"rendered":"\t\t<div data-elementor-type=\"wp-page\" data-elementor-id=\"3600964\" class=\"elementor elementor-3600964 elementor-3334182\" data-elementor-post-type=\"page\">\n\t\t\t\t<div class=\"elementor-element elementor-element-7a9634d contentpd30 e-flex e-con-boxed e-con e-parent\" data-id=\"7a9634d\" data-element_type=\"container\" data-settings=\"{&quot;background_background&quot;:&quot;classic&quot;,&quot;jet_parallax_layout_list&quot;:[]}\">\n\t\t\t\t\t<div class=\"e-con-inner\">\n\t\t\t\t<div data-dce-title-color=\"#BFA473\" class=\"elementor-element elementor-element-eb0326c elementor-widget elementor-widget-heading\" data-id=\"eb0326c\" data-element_type=\"widget\" data-widget_type=\"heading.default\">\n\t\t\t\t\t<h1 class=\"elementor-heading-title elementor-size-default\">Antibes &#038; Cap d\u2019Antibes<\/h1>\t\t\t\t<\/div>\n\t\t\t\t\t<\/div>\n\t\t\t\t<\/div>\n\t\t\t\t<section class=\"elementor-section elementor-top-section elementor-element elementor-element-792e6aa7 contentpd20 elementor-section-boxed elementor-section-height-default elementor-section-height-default\" data-id=\"792e6aa7\" data-element_type=\"section\" data-settings=\"{&quot;jet_parallax_layout_list&quot;:[]}\">\n\t\t\t\t\t\t<div class=\"elementor-container elementor-column-gap-default\">\n\t\t\t\t\t<div class=\"elementor-column elementor-col-100 elementor-top-column elementor-element elementor-element-4ab2cffd\" data-id=\"4ab2cffd\" data-element_type=\"column\">\n\t\t\t<div class=\"elementor-widget-wrap elementor-element-populated\">\n\t\t\t\t\t\t<div class=\"elementor-element elementor-element-3f80d67 elementor-widget elementor-widget-shortcode\" data-id=\"3f80d67\" data-element_type=\"widget\" data-widget_type=\"shortcode.default\">\n\t\t\t\t\t\t\t<div class=\"elementor-shortcode\">    <div class=\"ci-dis-ads_wrapper\" data-id-page=\"3600964\" id=\"ci-ads-results\">\n                <!-- TOTAL RESULTS -->\n        <div class=\"ci-dis-ads_total_results aa\">\n            <div class=\"ci-dis-description_contact_results a2345 3600964\">\n            \n                <p>\n                <a href=\"https:\/\/www.carlton-international.com\/pt-pt\/arrendamento\/\">arrendamento<\/a> &gt; <a href=\"https:\/\/www.carlton-international.com\/pt-pt\/arrendamento\/cote-dazur\/\">c\u00f4te d&#8217;azur<\/a> &gt; <a href=\"https:\/\/www.carlton-international.com\/pt-pt\/arrendamento\/cote-dazur\/aluguel-de-longo-prazo\/\">aluguel de longo prazo<\/a> &gt; <a href=\"https:\/\/www.carlton-international.com\/pt-pt\/arrendamento\/cote-dazur\/aluguel-de-longo-prazo\/antibes-cap-dantibes-juan-les-pins\/\">antibes \/ cap d\u2019antibes &#038; juan les pins<\/a> &gt; <a href=\"https:\/\/www.carlton-international.com\/pt-pt\/arrendamento\/cote-dazur\/aluguel-de-longo-prazo\/antibes-cap-dantibes-juan-les-pins\/antibes-cap-dantibes\/\">antibes &#038; cap d\u2019antibes<\/a> &gt; <span data-id=\"3600964\">0 r\u00e9sultat<\/span>                <\/p>\n                            <\/div>\n        <\/div>\n                    <!-- HEADER -->\n            <div class=\"ci-dis-ads_header\">\n                <!-- PAGINATION -->\n                <div class=\"ci-dis-ads_pagination\">\n                                    <\/div>\n                <!-- SORT -->\n\n                                    <div class=\"ci-dis-ads_sort\">\n                                            <\/div>\n                    <!-- DISPLAY -->\n                    <div class=\"ci-dis-ads_disp\">\n                                            <\/div>\n                            <\/div>\n                <!-- CONTENT -->\n        <div class=\"ci-dis-ads_content ci-disp-grid\">\n                                                                    <div class=\"ci-dis-ads_content-empty s1\" style=\"display: flex;\">\n                                        <p class=\"ci-dis-ads_content-empty_text\"><\/p>\n                                        <div><div>\n<div>Muitos im\u00f3veis correspondentes \u00e0 sua pesquisa s\u00e3o comercializados de forma <strong>estritamente confidencial, em regime off-market, diretamente pelas nossas equipas.<\/strong><\/div>\n<div>Convidamo-lo a <strong>contactar a ag\u00eancia Carlton International correspondente ao endere\u00e7o procurado<\/strong> para ter acesso a estas oportunidades exclusivas :\u00a0<a href=\"https:\/\/www.carlton-international.com\/pt-pt\/contacte-nos\/\">https:\/\/www.carlton-international.com\/pt-pt\/contacte-nos\/<\/a><\/div>\n<\/div>\n<\/div>\n                                    <\/div>\n                                                            \n                                                <\/div>\n        <!-- FOOTER -->\n        <div class=\"ci-dis-ads_footer\">\n            <!-- PAGINATION -->\n            <div class=\"ci-dis-ads_pagination\">\n                            <\/div>\n        <\/div>\n                 <\/div>\n<\/div>\n\t\t\t\t\t\t<\/div>\n\t\t\t\t<div class=\"elementor-element elementor-element-7b5c5e1 description description-remove elementor-widget elementor-widget-text-editor\" data-id=\"7b5c5e1\" data-element_type=\"widget\" data-widget_type=\"text-editor.default\">\n\t\t\t\t\t\t\t\t\t<div class=\"flex-1 overflow-hidden\">\n<div class=\"react-scroll-to-bottom--css-ninru-79elbk h-full\">\n<div class=\"react-scroll-to-bottom--css-ninru-1n7m0yu\">\n<div class=\"flex flex-col text-sm gizmo:pb-9 dark:bg-gray-800 gizmo:dark:bg-transparent\">\n<div class=\"group w-full text-token-text-primary border-b border-black\/10 gizmo:border-0 dark:border-gray-900\/50 gizmo:dark:border-0 bg-gray-50 gizmo:bg-transparent dark:bg-[#444654] gizmo:dark:bg-transparent\" data-testid=\"conversation-turn-73\">\n<div class=\"p-4 gizmo:py-2 justify-center text-base md:gap-6 md:py-6 m-auto\">\n<div class=\"flex flex-1 gap-4 text-base mx-auto md:gap-6 gizmo:gap-3 gizmo:md:px-5 gizmo:lg:px-1 gizmo:xl:px-5 md:max-w-2xl lg:max-w-[38rem] gizmo:md:max-w-3xl gizmo:lg:max-w-[40rem] gizmo:xl:max-w-[48rem] xl:max-w-3xl }\">\n<div class=\"relative flex w-[calc(100%-50px)] flex-col gizmo:w-full lg:w-[calc(100%-115px)] agent-turn\">\n<div class=\"flex-col gap-1 md:gap-3\">\n<div class=\"flex flex-grow flex-col gap-3 max-w-full\">\n<div class=\"min-h-[20px] flex flex-col items-start gap-3 whitespace-pre-wrap break-words overflow-x-auto\" data-message-author-role=\"assistant\" data-message-id=\"923f0c38-fb63-465b-a8ce-9d7158be60e8\">\n<div class=\"markdown prose w-full break-words dark:prose-invert dark\">\n<h1>D\u00e9couvrez les Propri\u00e9t\u00e9s de Luxe \u00e0 Antibes, Cap d&#8217;Antibes et Juan Les Pins<\/h1>\n<p>Vous cherchez \u00e0 acheter des <strong>propri\u00e9t\u00e9s de luxe \u00e0 Antibes, Cap d&#8217;Antibes, Juan Les Pins et ses environs<\/strong> ? Ne cherchez pas plus loin que Carlton International, la principale agence immobili\u00e8re sp\u00e9cialis\u00e9e dans les propri\u00e9t\u00e9s haut de gamme dans cette magnifique partie de la C\u00f4te d&#8217;Azur.<\/p>\n<h2><strong>Antibes, le Joyau de la C\u00f4te d&#8217;Azur<\/strong><\/h2>\n<p>Antibes, nich\u00e9e entre Nice et Cannes, offre un m\u00e9lange unique d&#8217;histoire, de charme et de beaut\u00e9 naturelle. De son <strong>littoral<\/strong> magnifique \u00e0 sa vieille ville anim\u00e9e, <strong>Antibes<\/strong> offre un style de vie in\u00e9gal\u00e9 pour les personnes exigeantes \u00e0 la recherche de la quintessence de la vie de luxe.<\/p>\n<h2><strong>Le Prestige du Cap d&#8217;Antibes<\/strong><\/h2>\n<p>Le Cap d&#8217;Antibes voisin est synonyme de prestige et d&#8217;opulence. R\u00e9put\u00e9e pour ses villas glamour et ses vues incomparables sur la mer, cette <strong>p\u00e9ninsule exclusive<\/strong> attire les acheteurs les plus exigeants du monde entier.<\/p>\n<h2><strong>Juan Les Pins : Le M\u00e9lange Unique de D\u00e9tente et de Divertissement<\/strong><\/h2>\n<p>Juan Les Pins, <strong>station baln\u00e9aire dynamique<\/strong>, est un autre joyau de la C\u00f4te d&#8217;Azur. Avec ses plages de sable fin, sa vie nocturne anim\u00e9e et son atmosph\u00e8re anim\u00e9e, Juan Les Pins offre un m\u00e9lange unique de d\u00e9tente et de divertissement.<\/p>\n<h2><strong>Expertise et Acc\u00e8s Exceptionnels<\/strong><\/h2>\n<p>Gr\u00e2ce \u00e0 l&#8217;expertise de <strong>Carlton International<\/strong> sur le march\u00e9 immobilier local, vous pouvez \u00eatre s\u00fbr que son \u00e9quipe de professionnels chevronn\u00e9s vous guidera \u00e0 chaque \u00e9tape. Que vous recherchiez une superbe villa surplombant l&#8217;azur de la M\u00e9diterran\u00e9e, un appartement \u00e9l\u00e9gant au c\u0153ur d&#8217;Antibes ou une retraite isol\u00e9e dans la campagne luxuriante, leurs agents d\u00e9vou\u00e9s vous aideront \u00e0 trouver la propri\u00e9t\u00e9 qui correspond \u00e0 vos d\u00e9sirs.<\/p>\n<h2><strong>Un R\u00e9seau de Relations et de Services de Confiance<\/strong><\/h2>\n<p>Lorsque vous choisissez de travailler avec <strong>Carlton International<\/strong>, vous avez acc\u00e8s \u00e0 leur vaste r\u00e9seau de relations, comprenant des architectes, des designers et des conseillers juridiques de confiance, ce qui garantit un processus d&#8217;achat transparent du d\u00e9but \u00e0 la fin. Leur engagement envers l&#8217;excellence et leur service personnalis\u00e9 les distingue, garantissant que votre exp\u00e9rience d&#8217;achat d&#8217;une<strong> propri\u00e9t\u00e9 de luxe<\/strong> \u00e0 Antibes et ses environs d\u00e9passe vos attentes.<\/p>\n<\/div>\n<\/div>\n<\/div>\n<\/div>\n<\/div>\n<\/div>\n<\/div>\n<\/div>\n<\/div>\n<\/div>\n<\/div>\n<\/div>\n\t\t\t\t\t\t\t\t<\/div>\n\t\t\t\t\t<\/div>\n\t\t<\/div>\n\t\t\t\t\t<\/div>\n\t\t<\/section>\n\t\t\t\t<\/div>\n\t\t","protected":false},"excerpt":{"rendered":"","protected":false},"author":9,"featured_media":0,"parent":3541124,"menu_order":0,"comment_status":"closed","ping_status":"closed","template":"","meta":{"_acf_changed":false,"footnotes":"","_wp_rev_ctl_limit":""},"class_list":["post-3600964","page","type-page","status-publish","hentry"],"acf":[],"yoast_head":"<!-- This site is optimized with the Yoast SEO Premium plugin v20.11 (Yoast SEO v26.5) - https:\/\/yoast.com\/wordpress\/plugins\/seo\/ -->\n<title>Villas \u00e0 vendre Antibes, Juan-les-Pins et environs.<\/title>\n<meta name=\"description\" content=\"Trouvez facilement la propri\u00e9t\u00e9 id\u00e9ale \u00e0 Antibes, au Cap d&#039;Antibes et \u00e0 Juan Les Pins. Faites confiance \u00e0 Carlton International pour vous fournir la meilleure s\u00e9lection de villas.\" \/>\n<meta name=\"robots\" content=\"index, follow, max-snippet:-1, max-image-preview:large, max-video-preview:-1\" \/>\n<link rel=\"canonical\" href=\"https:\/\/www.carlton-international.com\/pt-pt\/arrendamento\/cote-dazur\/aluguel-de-longo-prazo\/antibes-cap-dantibes-juan-les-pins\/antibes-cap-dantibes\/\" \/>\n<meta property=\"og:locale\" content=\"pt_PT\" \/>\n<meta property=\"og:type\" content=\"article\" \/>\n<meta property=\"og:title\" content=\"Antibes &amp; Cap d\u2019Antibes\" \/>\n<meta property=\"og:description\" content=\"Trouvez facilement la propri\u00e9t\u00e9 id\u00e9ale \u00e0 Antibes, au Cap d&#039;Antibes et \u00e0 Juan Les Pins. Faites confiance \u00e0 Carlton International pour vous fournir la meilleure s\u00e9lection de villas.\" \/>\n<meta property=\"og:url\" content=\"https:\/\/www.carlton-international.com\/pt-pt\/arrendamento\/cote-dazur\/aluguel-de-longo-prazo\/antibes-cap-dantibes-juan-les-pins\/antibes-cap-dantibes\/\" \/>\n<meta property=\"og:site_name\" content=\"Carlton International\" \/>\n<meta property=\"article:publisher\" content=\"https:\/\/www.facebook.com\/CarltonInternationalRealEstate\/\" \/>\n<meta property=\"article:modified_time\" content=\"2025-09-08T10:23:32+00:00\" \/>\n<meta name=\"twitter:card\" content=\"summary_large_image\" \/>\n<meta name=\"twitter:site\" content=\"@CarltonInter\" \/>\n<meta name=\"twitter:label1\" content=\"Tempo estimado de leitura\" \/>\n\t<meta name=\"twitter:data1\" content=\"7 minutos\" \/>\n<script type=\"application\/ld+json\" class=\"yoast-schema-graph\">{\"@context\":\"https:\/\/schema.org\",\"@graph\":[{\"@type\":\"WebPage\",\"@id\":\"https:\/\/www.carlton-international.com\/pt-pt\/arrendamento\/cote-dazur\/aluguel-de-longo-prazo\/antibes-cap-dantibes-juan-les-pins\/antibes-cap-dantibes\/\",\"url\":\"https:\/\/www.carlton-international.com\/pt-pt\/arrendamento\/cote-dazur\/aluguel-de-longo-prazo\/antibes-cap-dantibes-juan-les-pins\/antibes-cap-dantibes\/\",\"name\":\"Villas \u00e0 vendre Antibes, Juan-les-Pins et environs.\",\"isPartOf\":{\"@id\":\"https:\/\/www.carlton-international.com\/pt-pt\/#website\"},\"datePublished\":\"2025-05-22T07:23:19+00:00\",\"dateModified\":\"2025-09-08T10:23:32+00:00\",\"description\":\"Trouvez facilement la propri\u00e9t\u00e9 id\u00e9ale \u00e0 Antibes, au Cap d'Antibes et \u00e0 Juan Les Pins. Faites confiance \u00e0 Carlton International pour vous fournir la meilleure s\u00e9lection de villas.\",\"breadcrumb\":{\"@id\":\"https:\/\/www.carlton-international.com\/pt-pt\/arrendamento\/cote-dazur\/aluguel-de-longo-prazo\/antibes-cap-dantibes-juan-les-pins\/antibes-cap-dantibes\/#breadcrumb\"},\"inLanguage\":\"pt-PT\",\"potentialAction\":[{\"@type\":\"ReadAction\",\"target\":[\"https:\/\/www.carlton-international.com\/pt-pt\/arrendamento\/cote-dazur\/aluguel-de-longo-prazo\/antibes-cap-dantibes-juan-les-pins\/antibes-cap-dantibes\/\"]}]},{\"@type\":\"BreadcrumbList\",\"@id\":\"https:\/\/www.carlton-international.com\/pt-pt\/arrendamento\/cote-dazur\/aluguel-de-longo-prazo\/antibes-cap-dantibes-juan-les-pins\/antibes-cap-dantibes\/#breadcrumb\",\"itemListElement\":[{\"@type\":\"ListItem\",\"position\":1,\"name\":\"Accueil\",\"item\":\"https:\/\/www.carlton-international.com\/pt-pt\/\"},{\"@type\":\"ListItem\",\"position\":2,\"name\":\"Arrendamento\",\"item\":\"https:\/\/www.carlton-international.com\/pt-pt\/arrendamento\/\"},{\"@type\":\"ListItem\",\"position\":3,\"name\":\"C\u00f4te d&#8217;Azur\",\"item\":\"https:\/\/www.carlton-international.com\/pt-pt\/arrendamento\/cote-dazur\/\"},{\"@type\":\"ListItem\",\"position\":4,\"name\":\"Aluguel de longo prazo\",\"item\":\"https:\/\/www.carlton-international.com\/pt-pt\/arrendamento\/cote-dazur\/aluguel-de-longo-prazo\/\"},{\"@type\":\"ListItem\",\"position\":5,\"name\":\"ANTIBES \/ CAP D\u2019ANTIBES &#038; JUAN LES PINS\",\"item\":\"https:\/\/www.carlton-international.com\/pt-pt\/arrendamento\/cote-dazur\/aluguel-de-longo-prazo\/antibes-cap-dantibes-juan-les-pins\/\"},{\"@type\":\"ListItem\",\"position\":6,\"name\":\"Antibes &#038; Cap d\u2019Antibes\"}]},{\"@type\":\"WebSite\",\"@id\":\"https:\/\/www.carlton-international.com\/pt-pt\/#website\",\"url\":\"https:\/\/www.carlton-international.com\/pt-pt\/\",\"name\":\"Carlton International\",\"description\":\"Luxury Real Estate in France and Internationally\",\"publisher\":{\"@id\":\"https:\/\/www.carlton-international.com\/pt-pt\/#organization\"},\"alternateName\":\"Carlton\",\"potentialAction\":[{\"@type\":\"SearchAction\",\"target\":{\"@type\":\"EntryPoint\",\"urlTemplate\":\"https:\/\/www.carlton-international.com\/pt-pt\/?s={search_term_string}\"},\"query-input\":{\"@type\":\"PropertyValueSpecification\",\"valueRequired\":true,\"valueName\":\"search_term_string\"}}],\"inLanguage\":\"pt-PT\"},{\"@type\":\"Organization\",\"@id\":\"https:\/\/www.carlton-international.com\/pt-pt\/#organization\",\"name\":\"Carlton International\",\"alternateName\":\"Carlton\",\"url\":\"https:\/\/www.carlton-international.com\/pt-pt\/\",\"logo\":{\"@type\":\"ImageObject\",\"inLanguage\":\"pt-PT\",\"@id\":\"https:\/\/www.carlton-international.com\/pt-pt\/#\/schema\/logo\/image\/\",\"url\":\"https:\/\/www.carlton-international.com\/wp-content\/uploads\/2024\/10\/logo-square-1.jpg\",\"contentUrl\":\"https:\/\/www.carlton-international.com\/wp-content\/uploads\/2024\/10\/logo-square-1.jpg\",\"width\":240,\"height\":240,\"caption\":\"Carlton International\"},\"image\":{\"@id\":\"https:\/\/www.carlton-international.com\/pt-pt\/#\/schema\/logo\/image\/\"},\"sameAs\":[\"https:\/\/www.facebook.com\/CarltonInternationalRealEstate\/\",\"https:\/\/x.com\/CarltonInter\",\"https:\/\/www.instagram.com\/carlton.international\/\",\"https:\/\/www.linkedin.com\/company\/carlton-international\/mycompany\/\",\"https:\/\/www.youtube.com\/channel\/UC45DFaSawRRikZFLqr2C_XQ\"]}]}<\/script>\n<!-- \/ Yoast SEO Premium plugin. -->","yoast_head_json":{"title":"Villas \u00e0 vendre Antibes, Juan-les-Pins et environs.","description":"Trouvez facilement la propri\u00e9t\u00e9 id\u00e9ale \u00e0 Antibes, au Cap d'Antibes et \u00e0 Juan Les Pins. Faites confiance \u00e0 Carlton International pour vous fournir la meilleure s\u00e9lection de villas.","robots":{"index":"index","follow":"follow","max-snippet":"max-snippet:-1","max-image-preview":"max-image-preview:large","max-video-preview":"max-video-preview:-1"},"canonical":"https:\/\/www.carlton-international.com\/pt-pt\/arrendamento\/cote-dazur\/aluguel-de-longo-prazo\/antibes-cap-dantibes-juan-les-pins\/antibes-cap-dantibes\/","og_locale":"pt_PT","og_type":"article","og_title":"Antibes & Cap d\u2019Antibes","og_description":"Trouvez facilement la propri\u00e9t\u00e9 id\u00e9ale \u00e0 Antibes, au Cap d'Antibes et \u00e0 Juan Les Pins. Faites confiance \u00e0 Carlton International pour vous fournir la meilleure s\u00e9lection de villas.","og_url":"https:\/\/www.carlton-international.com\/pt-pt\/arrendamento\/cote-dazur\/aluguel-de-longo-prazo\/antibes-cap-dantibes-juan-les-pins\/antibes-cap-dantibes\/","og_site_name":"Carlton International","article_publisher":"https:\/\/www.facebook.com\/CarltonInternationalRealEstate\/","article_modified_time":"2025-09-08T10:23:32+00:00","twitter_card":"summary_large_image","twitter_site":"@CarltonInter","twitter_misc":{"Tempo estimado de leitura":"7 minutos"},"schema":{"@context":"https:\/\/schema.org","@graph":[{"@type":"WebPage","@id":"https:\/\/www.carlton-international.com\/pt-pt\/arrendamento\/cote-dazur\/aluguel-de-longo-prazo\/antibes-cap-dantibes-juan-les-pins\/antibes-cap-dantibes\/","url":"https:\/\/www.carlton-international.com\/pt-pt\/arrendamento\/cote-dazur\/aluguel-de-longo-prazo\/antibes-cap-dantibes-juan-les-pins\/antibes-cap-dantibes\/","name":"Villas \u00e0 vendre Antibes, Juan-les-Pins et environs.","isPartOf":{"@id":"https:\/\/www.carlton-international.com\/pt-pt\/#website"},"datePublished":"2025-05-22T07:23:19+00:00","dateModified":"2025-09-08T10:23:32+00:00","description":"Trouvez facilement la propri\u00e9t\u00e9 id\u00e9ale \u00e0 Antibes, au Cap d'Antibes et \u00e0 Juan Les Pins. Faites confiance \u00e0 Carlton International pour vous fournir la meilleure s\u00e9lection de villas.","breadcrumb":{"@id":"https:\/\/www.carlton-international.com\/pt-pt\/arrendamento\/cote-dazur\/aluguel-de-longo-prazo\/antibes-cap-dantibes-juan-les-pins\/antibes-cap-dantibes\/#breadcrumb"},"inLanguage":"pt-PT","potentialAction":[{"@type":"ReadAction","target":["https:\/\/www.carlton-international.com\/pt-pt\/arrendamento\/cote-dazur\/aluguel-de-longo-prazo\/antibes-cap-dantibes-juan-les-pins\/antibes-cap-dantibes\/"]}]},{"@type":"BreadcrumbList","@id":"https:\/\/www.carlton-international.com\/pt-pt\/arrendamento\/cote-dazur\/aluguel-de-longo-prazo\/antibes-cap-dantibes-juan-les-pins\/antibes-cap-dantibes\/#breadcrumb","itemListElement":[{"@type":"ListItem","position":1,"name":"Accueil","item":"https:\/\/www.carlton-international.com\/pt-pt\/"},{"@type":"ListItem","position":2,"name":"Arrendamento","item":"https:\/\/www.carlton-international.com\/pt-pt\/arrendamento\/"},{"@type":"ListItem","position":3,"name":"C\u00f4te d&#8217;Azur","item":"https:\/\/www.carlton-international.com\/pt-pt\/arrendamento\/cote-dazur\/"},{"@type":"ListItem","position":4,"name":"Aluguel de longo prazo","item":"https:\/\/www.carlton-international.com\/pt-pt\/arrendamento\/cote-dazur\/aluguel-de-longo-prazo\/"},{"@type":"ListItem","position":5,"name":"ANTIBES \/ CAP D\u2019ANTIBES &#038; JUAN LES PINS","item":"https:\/\/www.carlton-international.com\/pt-pt\/arrendamento\/cote-dazur\/aluguel-de-longo-prazo\/antibes-cap-dantibes-juan-les-pins\/"},{"@type":"ListItem","position":6,"name":"Antibes &#038; Cap d\u2019Antibes"}]},{"@type":"WebSite","@id":"https:\/\/www.carlton-international.com\/pt-pt\/#website","url":"https:\/\/www.carlton-international.com\/pt-pt\/","name":"Carlton International","description":"Luxury Real Estate in France and Internationally","publisher":{"@id":"https:\/\/www.carlton-international.com\/pt-pt\/#organization"},"alternateName":"Carlton","potentialAction":[{"@type":"SearchAction","target":{"@type":"EntryPoint","urlTemplate":"https:\/\/www.carlton-international.com\/pt-pt\/?s={search_term_string}"},"query-input":{"@type":"PropertyValueSpecification","valueRequired":true,"valueName":"search_term_string"}}],"inLanguage":"pt-PT"},{"@type":"Organization","@id":"https:\/\/www.carlton-international.com\/pt-pt\/#organization","name":"Carlton International","alternateName":"Carlton","url":"https:\/\/www.carlton-international.com\/pt-pt\/","logo":{"@type":"ImageObject","inLanguage":"pt-PT","@id":"https:\/\/www.carlton-international.com\/pt-pt\/#\/schema\/logo\/image\/","url":"https:\/\/www.carlton-international.com\/wp-content\/uploads\/2024\/10\/logo-square-1.jpg","contentUrl":"https:\/\/www.carlton-international.com\/wp-content\/uploads\/2024\/10\/logo-square-1.jpg","width":240,"height":240,"caption":"Carlton International"},"image":{"@id":"https:\/\/www.carlton-international.com\/pt-pt\/#\/schema\/logo\/image\/"},"sameAs":["https:\/\/www.facebook.com\/CarltonInternationalRealEstate\/","https:\/\/x.com\/CarltonInter","https:\/\/www.instagram.com\/carlton.international\/","https:\/\/www.linkedin.com\/company\/carlton-international\/mycompany\/","https:\/\/www.youtube.com\/channel\/UC45DFaSawRRikZFLqr2C_XQ"]}]}},"jetpack_sharing_enabled":true,"_links":{"self":[{"href":"https:\/\/www.carlton-international.com\/pt-pt\/wp-json\/wp\/v2\/pages\/3600964","targetHints":{"allow":["GET"]}}],"collection":[{"href":"https:\/\/www.carlton-international.com\/pt-pt\/wp-json\/wp\/v2\/pages"}],"about":[{"href":"https:\/\/www.carlton-international.com\/pt-pt\/wp-json\/wp\/v2\/types\/page"}],"author":[{"embeddable":true,"href":"https:\/\/www.carlton-international.com\/pt-pt\/wp-json\/wp\/v2\/users\/9"}],"replies":[{"embeddable":true,"href":"https:\/\/www.carlton-international.com\/pt-pt\/wp-json\/wp\/v2\/comments?post=3600964"}],"version-history":[{"count":0,"href":"https:\/\/www.carlton-international.com\/pt-pt\/wp-json\/wp\/v2\/pages\/3600964\/revisions"}],"up":[{"embeddable":true,"href":"https:\/\/www.carlton-international.com\/pt-pt\/wp-json\/wp\/v2\/pages\/3541124"}],"wp:attachment":[{"href":"https:\/\/www.carlton-international.com\/pt-pt\/wp-json\/wp\/v2\/media?parent=3600964"}],"curies":[{"name":"wp","href":"https:\/\/api.w.org\/{rel}","templated":true}]}}