{"id":3561872,"date":"2025-05-22T04:34:34","date_gmt":"2025-05-22T02:34:34","guid":{"rendered":"https:\/\/www.carlton-international.com\/venda\/outras-regioes\/pezenas\/"},"modified":"2026-01-21T12:18:38","modified_gmt":"2026-01-21T11:18:38","slug":"pezenas","status":"publish","type":"page","link":"https:\/\/www.carlton-international.com\/pt-pt\/venda\/outras-regioes\/pezenas\/","title":{"rendered":"P\u00e9zenas"},"content":{"rendered":"\t\t<div data-elementor-type=\"wp-page\" data-elementor-id=\"3561872\" class=\"elementor elementor-3561872 elementor-3333528\" data-elementor-post-type=\"page\">\n\t\t\t\t<div class=\"elementor-element elementor-element-7a9634d contentpd30 e-flex e-con-boxed e-con e-parent\" data-id=\"7a9634d\" data-element_type=\"container\" data-settings=\"{&quot;background_background&quot;:&quot;classic&quot;,&quot;jet_parallax_layout_list&quot;:[]}\">\n\t\t\t\t\t<div class=\"e-con-inner\">\n\t\t\t\t<div data-dce-title-color=\"#BFA473\" class=\"elementor-element elementor-element-eb0326c elementor-widget elementor-widget-heading\" data-id=\"eb0326c\" data-element_type=\"widget\" data-widget_type=\"heading.default\">\n\t\t\t\t\t<h1 class=\"elementor-heading-title elementor-size-default\">P\u00e9zenas<\/h1>\t\t\t\t<\/div>\n\t\t\t\t\t<\/div>\n\t\t\t\t<\/div>\n\t\t\t\t<section class=\"elementor-section elementor-top-section elementor-element elementor-element-792e6aa7 contentpd20 elementor-section-boxed elementor-section-height-default elementor-section-height-default\" data-id=\"792e6aa7\" data-element_type=\"section\" data-settings=\"{&quot;jet_parallax_layout_list&quot;:[]}\">\n\t\t\t\t\t\t<div class=\"elementor-container elementor-column-gap-default\">\n\t\t\t\t\t<div class=\"elementor-column elementor-col-100 elementor-top-column elementor-element elementor-element-4ab2cffd\" data-id=\"4ab2cffd\" data-element_type=\"column\">\n\t\t\t<div class=\"elementor-widget-wrap elementor-element-populated\">\n\t\t\t\t\t\t<div class=\"elementor-element elementor-element-3f80d67 elementor-widget elementor-widget-shortcode\" data-id=\"3f80d67\" data-element_type=\"widget\" data-widget_type=\"shortcode.default\">\n\t\t\t\t\t\t\t<div class=\"elementor-shortcode\">    <div class=\"ci-dis-ads_wrapper\" data-id-page=\"3561872\" id=\"ci-ads-results\">\n                <!-- TOTAL RESULTS -->\n        <div class=\"ci-dis-ads_total_results aa\">\n            <div class=\"ci-dis-description_contact_results a2345 3561872\">\n            \n                <p>\n                <a href=\"https:\/\/www.carlton-international.com\/pt-pt\/venda\/\">venda<\/a> &gt; <a href=\"https:\/\/www.carlton-international.com\/pt-pt\/venda\/outras-regioes\/\">outras regi\u00f5es<\/a> &gt; <a href=\"https:\/\/www.carlton-international.com\/pt-pt\/venda\/outras-regioes\/pezenas\/\">p\u00e9zenas<\/a> &gt; <span data-id=\"3561872\">0 r\u00e9sultat<\/span>                <\/p>\n                            <\/div>\n        <\/div>\n                    <!-- HEADER -->\n            <div class=\"ci-dis-ads_header\">\n                <!-- PAGINATION -->\n                <div class=\"ci-dis-ads_pagination\">\n                                    <\/div>\n                <!-- SORT -->\n\n                                    <div class=\"ci-dis-ads_sort\">\n                                            <\/div>\n                    <!-- DISPLAY -->\n                    <div class=\"ci-dis-ads_disp\">\n                                            <\/div>\n                            <\/div>\n                <!-- CONTENT -->\n        <div class=\"ci-dis-ads_content ci-disp-grid\">\n                                                                    <div class=\"ci-dis-ads_content-empty s1\" style=\"display: flex;\">\n                                        <p class=\"ci-dis-ads_content-empty_text\"><\/p>\n                                        <div><div>\n<div>Muitos im\u00f3veis correspondentes \u00e0 sua pesquisa s\u00e3o comercializados de forma <strong>estritamente confidencial, em regime off-market, diretamente pelas nossas equipas.<\/strong><\/div>\n<div>Convidamo-lo a <strong>contactar a ag\u00eancia Carlton International correspondente ao endere\u00e7o procurado<\/strong> para ter acesso a estas oportunidades exclusivas :\u00a0<a href=\"https:\/\/www.carlton-international.com\/pt-pt\/contacte-nos\/\">https:\/\/www.carlton-international.com\/pt-pt\/contacte-nos\/<\/a><\/div>\n<\/div>\n<\/div>\n                                    <\/div>\n                                                            \n                                                <\/div>\n        <!-- FOOTER -->\n        <div class=\"ci-dis-ads_footer\">\n            <!-- PAGINATION -->\n            <div class=\"ci-dis-ads_pagination\">\n                            <\/div>\n        <\/div>\n                 <\/div>\n<\/div>\n\t\t\t\t\t\t<\/div>\n\t\t\t\t<div class=\"elementor-element elementor-element-7fb9e81 description elementor-widget elementor-widget-text-editor\" data-id=\"7fb9e81\" data-element_type=\"widget\" data-widget_type=\"text-editor.default\">\n\t\t\t\t\t\t\t\t\t<div class=\"group w-full text-token-text-primary border-b border-black\/10 gizmo:border-0 dark:border-gray-900\/50 gizmo:dark:border-0 bg-gray-50 gizmo:bg-transparent dark:bg-[#444654] gizmo:dark:bg-transparent\" data-testid=\"conversation-turn-19\">\n<div class=\"p-4 gizmo:py-2 justify-center text-base md:gap-6 md:py-6 m-auto\">\n<div class=\"flex flex-1 gap-4 text-base mx-auto md:gap-6 gizmo:gap-3 gizmo:md:px-5 gizmo:lg:px-1 gizmo:xl:px-5 md:max-w-2xl lg:max-w-[38rem] gizmo:md:max-w-3xl gizmo:lg:max-w-[40rem] gizmo:xl:max-w-[48rem] xl:max-w-3xl }\">\n<div class=\"relative flex w-[calc(100%-50px)] flex-col gizmo:w-full lg:w-[calc(100%-115px)] agent-turn\">\n<div class=\"flex-col gap-1 md:gap-3\">\n<div class=\"flex flex-grow flex-col gap-3 max-w-full\">\n<div class=\"min-h-[20px] flex flex-col items-start gap-3 whitespace-pre-wrap break-words overflow-x-auto\" data-message-author-role=\"assistant\" data-message-id=\"b43650b4-2d98-40d9-8e2e-3a2c854606ab\">\n<div class=\"markdown prose w-full break-words dark:prose-invert dark\">\n<div class=\"group w-full text-token-text-primary border-b border-black\/10 gizmo:border-0 dark:border-gray-900\/50 gizmo:dark:border-0 bg-gray-50 gizmo:bg-transparent dark:bg-[#444654] gizmo:dark:bg-transparent\" data-testid=\"conversation-turn-23\">\n<div class=\"p-4 gizmo:py-2 justify-center text-base md:gap-6 md:py-6 m-auto\">\n<div class=\"flex flex-1 gap-4 text-base mx-auto md:gap-6 gizmo:gap-3 gizmo:md:px-5 gizmo:lg:px-1 gizmo:xl:px-5 md:max-w-2xl lg:max-w-[38rem] gizmo:md:max-w-3xl gizmo:lg:max-w-[40rem] gizmo:xl:max-w-[48rem] xl:max-w-3xl }\">\n<div class=\"relative flex w-[calc(100%-50px)] flex-col gizmo:w-full lg:w-[calc(100%-115px)] agent-turn\">\n<div class=\"flex-col gap-1 md:gap-3\">\n<div class=\"flex flex-grow flex-col gap-3 max-w-full\">\n<div class=\"min-h-[20px] flex flex-col items-start gap-3 whitespace-pre-wrap break-words overflow-x-auto\" data-message-author-role=\"assistant\" data-message-id=\"31ea9d16-c0ef-49ed-af5f-6395a2efb8ef\">\n<div class=\"markdown prose w-full break-words dark:prose-invert dark\">\n<h1><strong>D\u00e9couverte de l&#8217;Arri\u00e8re-Pays Cannois et ses propri\u00e9t\u00e9s \u00e0 vendre<\/strong><\/h1>\n<p>Plongez dans la beaut\u00e9 de l&#8217;arri\u00e8re-pays cannois en explorant les <strong>propri\u00e9t\u00e9s de luxe<\/strong> \u00e0 vendre avec Carlton International.<\/p>\n<p>D\u00e9couvrez un cadre enchanteur o\u00f9 <strong>tranquillit\u00e9<\/strong> et <strong>nature pr\u00e9serv\u00e9e<\/strong> se marient harmonieusement.\u00a0 D\u00e9couvrez ce que vous pouvez attendre de cette magnifique r\u00e9gion et de notre <strong>accompagnement sur mesure<\/strong>.<\/p>\n<h2><strong>La Nature Pr\u00e9serv\u00e9e<\/strong><\/h2>\n<p>L&#8217;arri\u00e8re-pays cannois qui comporte Grasse, Opio, Ch\u00e2teauneuf-Grasse, Valbonne et Mougins; est un tr\u00e9sor naturel, pr\u00e9serv\u00e9 de l&#8217;agitation de la c\u00f4te. Il offre un \u00e9quilibre parfait entre la <strong>tranquillit\u00e9 rurale<\/strong> et la proximit\u00e9 de la mer. Cette combinaison unique attire de nombreux amoureux de la nature et des amateurs de bien-\u00eatre.<\/p>\n<h2><strong>Un Portefeuille Immobilier Exceptionnel<\/strong><\/h2>\n<p>Notre portefeuille immobilier propose une vari\u00e9t\u00e9 de biens d&#8217;exception. Des <strong>mas proven\u00e7aux<\/strong> aux <strong>villas contemporaines \u00e9l\u00e9gantes<\/strong>, nos propri\u00e9t\u00e9s refl\u00e8tent l&#8217;essence m\u00eame de cette r\u00e9gion pris\u00e9e. Chacune d&#8217;entre elles est choisie pour sa <strong>qualit\u00e9 de construction<\/strong>, son design, et son emplacement, garantissant ainsi une <strong>qualit\u00e9 de vie incomparable<\/strong>. Vous pourrez profiter de vues imprenables, de la beaut\u00e9 des collines et de l&#8217;authenticit\u00e9 des villages pittoresques.<\/p>\n<h2><strong>Une Expertise Locale<\/strong><\/h2>\n<p>Chez Carlton International, notre \u00e9quipe exp\u00e9riment\u00e9e est l\u00e0 pour vous guider \u00e0 chaque \u00e9tape de votre projet d&#8217;acquisition immobili\u00e8re. Nous comprenons que l&#8217;achat d&#8217;une propri\u00e9t\u00e9 de luxe est une d\u00e9cision importante. C&#8217;est pourquoi nous offrons un <strong>service personnalis\u00e9<\/strong>, une <strong>expertise approfondie du march\u00e9 local<\/strong>, et une s\u00e9lection exclusive de biens immobiliers adapt\u00e9s \u00e0 vos exigences et \u00e0 votre style de vie. Vous n&#8217;\u00eates pas simplement un client, mais un partenaire dans la recherche de la propri\u00e9t\u00e9 de vos r\u00eaves.<\/p>\n<h2><strong>L&#8217;Exp\u00e9rience de Vie Privil\u00e9gi\u00e9e<\/strong><\/h2>\n<p>Vivre dans l&#8217;arri\u00e8re-pays cannois, c&#8217;est une exp\u00e9rience de vie privil\u00e9gi\u00e9e. Vous pourrez profiter de la <strong>tranquillit\u00e9 de la nature<\/strong>, tout en ayant un acc\u00e8s facile \u00e0 la vie culturelle et sociale de la C\u00f4te d&#8217;Azur. Que vous cherchiez une <strong>retraite paisible<\/strong> ou une <strong>r\u00e9sidence secondaire<\/strong>, l&#8217;arri\u00e8re-pays cannois offre une <strong>qualit\u00e9 de vie exceptionnelle<\/strong>.<\/p>\n<p>Ne manquez pas l&#8217;occasion de d\u00e9couvrir <strong>cette r\u00e9gion magnifique<\/strong> et de concr\u00e9tiser votre projet immobilier avec <strong>Carlton International<\/strong>. Explorez notre portefeuille d\u00e9di\u00e9 aux ventes, et laissez-nous \u00eatre votre guide dans ce cadre idyllique. Contactez-nous d\u00e8s aujourd&#8217;hui pour en savoir plus sur les opportunit\u00e9s uniques qui vous attendent dans l&#8217;<strong>arri\u00e8re-pays cannois<\/strong>.<\/p>\n<\/div>\n<\/div>\n<\/div>\n<\/div>\n<\/div>\n<\/div>\n<\/div>\n<\/div>\n<\/div>\n<\/div>\n<\/div>\n<\/div>\n<\/div>\n<\/div>\n<\/div>\n<\/div>\n\t\t\t\t\t\t\t\t<\/div>\n\t\t\t\t\t<\/div>\n\t\t<\/div>\n\t\t\t\t\t<\/div>\n\t\t<\/section>\n\t\t\t\t<\/div>\n\t\t","protected":false},"excerpt":{"rendered":"<p>P\u00e9zenas<\/p>\n","protected":false},"author":9,"featured_media":1152951,"parent":3551042,"menu_order":0,"comment_status":"closed","ping_status":"closed","template":"","meta":{"_acf_changed":false,"footnotes":"","_wp_rev_ctl_limit":""},"class_list":["post-3561872","page","type-page","status-publish","has-post-thumbnail","hentry"],"acf":[],"yoast_head":"<!-- This site is optimized with the Yoast SEO Premium plugin v20.11 (Yoast SEO v26.5) - https:\/\/yoast.com\/wordpress\/plugins\/seo\/ -->\n<title>P\u00e9zenas | Carlton International<\/title>\n<meta name=\"description\" content=\"D\u00e9couvrez notre s\u00e9lection de propri\u00e9t\u00e9s de luxe \u00e0 vendre dans l&#039;arri\u00e8re-pays cannois et profitez de la tranquillit\u00e9 de cette r\u00e9gion pris\u00e9e.\" \/>\n<meta name=\"robots\" content=\"index, follow, max-snippet:-1, max-image-preview:large, max-video-preview:-1\" \/>\n<link rel=\"canonical\" href=\"https:\/\/www.carlton-international.com\/pt-pt\/venda\/outras-regioes\/pezenas\/\" \/>\n<meta property=\"og:locale\" content=\"pt_PT\" \/>\n<meta property=\"og:type\" content=\"article\" \/>\n<meta property=\"og:title\" content=\"P\u00e9zenas\" \/>\n<meta property=\"og:description\" content=\"D\u00e9couvrez notre s\u00e9lection de propri\u00e9t\u00e9s de luxe \u00e0 vendre dans l&#039;arri\u00e8re-pays cannois et profitez de la tranquillit\u00e9 de cette r\u00e9gion pris\u00e9e.\" \/>\n<meta property=\"og:url\" content=\"https:\/\/www.carlton-international.com\/pt-pt\/venda\/outras-regioes\/pezenas\/\" \/>\n<meta property=\"og:site_name\" content=\"Carlton International\" \/>\n<meta property=\"article:publisher\" content=\"https:\/\/www.facebook.com\/CarltonInternationalRealEstate\/\" \/>\n<meta property=\"article:modified_time\" content=\"2026-01-21T11:18:38+00:00\" \/>\n<meta property=\"og:image\" content=\"https:\/\/www.carlton-international.com\/wp-content\/uploads\/2023\/07\/arriere-pays3_65815.jpeg\" \/>\n\t<meta property=\"og:image:width\" content=\"649\" \/>\n\t<meta property=\"og:image:height\" content=\"487\" \/>\n\t<meta property=\"og:image:type\" content=\"image\/jpeg\" \/>\n<meta name=\"twitter:card\" content=\"summary_large_image\" \/>\n<meta name=\"twitter:site\" content=\"@CarltonInter\" \/>\n<meta name=\"twitter:label1\" content=\"Tempo estimado de leitura\" \/>\n\t<meta name=\"twitter:data1\" content=\"6 minutos\" \/>\n<script type=\"application\/ld+json\" class=\"yoast-schema-graph\">{\"@context\":\"https:\/\/schema.org\",\"@graph\":[{\"@type\":\"WebPage\",\"@id\":\"https:\/\/www.carlton-international.com\/pt-pt\/venda\/outras-regioes\/pezenas\/\",\"url\":\"https:\/\/www.carlton-international.com\/pt-pt\/venda\/outras-regioes\/pezenas\/\",\"name\":\"P\u00e9zenas | Carlton International\",\"isPartOf\":{\"@id\":\"https:\/\/www.carlton-international.com\/pt-pt\/#website\"},\"primaryImageOfPage\":{\"@id\":\"https:\/\/www.carlton-international.com\/pt-pt\/venda\/outras-regioes\/pezenas\/#primaryimage\"},\"image\":{\"@id\":\"https:\/\/www.carlton-international.com\/pt-pt\/venda\/outras-regioes\/pezenas\/#primaryimage\"},\"thumbnailUrl\":\"https:\/\/www.carlton-international.com\/wp-content\/uploads\/2023\/07\/arriere-pays3_65815.jpeg\",\"datePublished\":\"2025-05-22T02:34:34+00:00\",\"dateModified\":\"2026-01-21T11:18:38+00:00\",\"description\":\"D\u00e9couvrez notre s\u00e9lection de propri\u00e9t\u00e9s de luxe \u00e0 vendre dans l'arri\u00e8re-pays cannois et profitez de la tranquillit\u00e9 de cette r\u00e9gion pris\u00e9e.\",\"breadcrumb\":{\"@id\":\"https:\/\/www.carlton-international.com\/pt-pt\/venda\/outras-regioes\/pezenas\/#breadcrumb\"},\"inLanguage\":\"pt-PT\",\"potentialAction\":[{\"@type\":\"ReadAction\",\"target\":[\"https:\/\/www.carlton-international.com\/pt-pt\/venda\/outras-regioes\/pezenas\/\"]}]},{\"@type\":\"ImageObject\",\"inLanguage\":\"pt-PT\",\"@id\":\"https:\/\/www.carlton-international.com\/pt-pt\/venda\/outras-regioes\/pezenas\/#primaryimage\",\"url\":\"https:\/\/www.carlton-international.com\/wp-content\/uploads\/2023\/07\/arriere-pays3_65815.jpeg\",\"contentUrl\":\"https:\/\/www.carlton-international.com\/wp-content\/uploads\/2023\/07\/arriere-pays3_65815.jpeg\",\"width\":649,\"height\":487,\"caption\":\"Luxury Villas In Cannes Countryside\"},{\"@type\":\"BreadcrumbList\",\"@id\":\"https:\/\/www.carlton-international.com\/pt-pt\/venda\/outras-regioes\/pezenas\/#breadcrumb\",\"itemListElement\":[{\"@type\":\"ListItem\",\"position\":1,\"name\":\"Accueil\",\"item\":\"https:\/\/www.carlton-international.com\/pt-pt\/\"},{\"@type\":\"ListItem\",\"position\":2,\"name\":\"Venda\",\"item\":\"https:\/\/www.carlton-international.com\/pt-pt\/venda\/\"},{\"@type\":\"ListItem\",\"position\":3,\"name\":\"Outras regi\u00f5es\",\"item\":\"https:\/\/www.carlton-international.com\/pt-pt\/venda\/outras-regioes\/\"},{\"@type\":\"ListItem\",\"position\":4,\"name\":\"P\u00e9zenas\"}]},{\"@type\":\"WebSite\",\"@id\":\"https:\/\/www.carlton-international.com\/pt-pt\/#website\",\"url\":\"https:\/\/www.carlton-international.com\/pt-pt\/\",\"name\":\"Carlton International\",\"description\":\"Luxury Real Estate in France and Internationally\",\"publisher\":{\"@id\":\"https:\/\/www.carlton-international.com\/pt-pt\/#organization\"},\"alternateName\":\"Carlton\",\"potentialAction\":[{\"@type\":\"SearchAction\",\"target\":{\"@type\":\"EntryPoint\",\"urlTemplate\":\"https:\/\/www.carlton-international.com\/pt-pt\/?s={search_term_string}\"},\"query-input\":{\"@type\":\"PropertyValueSpecification\",\"valueRequired\":true,\"valueName\":\"search_term_string\"}}],\"inLanguage\":\"pt-PT\"},{\"@type\":\"Organization\",\"@id\":\"https:\/\/www.carlton-international.com\/pt-pt\/#organization\",\"name\":\"Carlton International\",\"alternateName\":\"Carlton\",\"url\":\"https:\/\/www.carlton-international.com\/pt-pt\/\",\"logo\":{\"@type\":\"ImageObject\",\"inLanguage\":\"pt-PT\",\"@id\":\"https:\/\/www.carlton-international.com\/pt-pt\/#\/schema\/logo\/image\/\",\"url\":\"https:\/\/www.carlton-international.com\/wp-content\/uploads\/2024\/10\/logo-square-1.jpg\",\"contentUrl\":\"https:\/\/www.carlton-international.com\/wp-content\/uploads\/2024\/10\/logo-square-1.jpg\",\"width\":240,\"height\":240,\"caption\":\"Carlton International\"},\"image\":{\"@id\":\"https:\/\/www.carlton-international.com\/pt-pt\/#\/schema\/logo\/image\/\"},\"sameAs\":[\"https:\/\/www.facebook.com\/CarltonInternationalRealEstate\/\",\"https:\/\/x.com\/CarltonInter\",\"https:\/\/www.instagram.com\/carlton.international\/\",\"https:\/\/www.linkedin.com\/company\/carlton-international\/mycompany\/\",\"https:\/\/www.youtube.com\/channel\/UC45DFaSawRRikZFLqr2C_XQ\"]}]}<\/script>\n<!-- \/ Yoast SEO Premium plugin. -->","yoast_head_json":{"title":"P\u00e9zenas | Carlton International","description":"D\u00e9couvrez notre s\u00e9lection de propri\u00e9t\u00e9s de luxe \u00e0 vendre dans l'arri\u00e8re-pays cannois et profitez de la tranquillit\u00e9 de cette r\u00e9gion pris\u00e9e.","robots":{"index":"index","follow":"follow","max-snippet":"max-snippet:-1","max-image-preview":"max-image-preview:large","max-video-preview":"max-video-preview:-1"},"canonical":"https:\/\/www.carlton-international.com\/pt-pt\/venda\/outras-regioes\/pezenas\/","og_locale":"pt_PT","og_type":"article","og_title":"P\u00e9zenas","og_description":"D\u00e9couvrez notre s\u00e9lection de propri\u00e9t\u00e9s de luxe \u00e0 vendre dans l'arri\u00e8re-pays cannois et profitez de la tranquillit\u00e9 de cette r\u00e9gion pris\u00e9e.","og_url":"https:\/\/www.carlton-international.com\/pt-pt\/venda\/outras-regioes\/pezenas\/","og_site_name":"Carlton International","article_publisher":"https:\/\/www.facebook.com\/CarltonInternationalRealEstate\/","article_modified_time":"2026-01-21T11:18:38+00:00","og_image":[{"width":649,"height":487,"url":"https:\/\/www.carlton-international.com\/wp-content\/uploads\/2023\/07\/arriere-pays3_65815.jpeg","type":"image\/jpeg"}],"twitter_card":"summary_large_image","twitter_site":"@CarltonInter","twitter_misc":{"Tempo estimado de leitura":"6 minutos"},"schema":{"@context":"https:\/\/schema.org","@graph":[{"@type":"WebPage","@id":"https:\/\/www.carlton-international.com\/pt-pt\/venda\/outras-regioes\/pezenas\/","url":"https:\/\/www.carlton-international.com\/pt-pt\/venda\/outras-regioes\/pezenas\/","name":"P\u00e9zenas | Carlton International","isPartOf":{"@id":"https:\/\/www.carlton-international.com\/pt-pt\/#website"},"primaryImageOfPage":{"@id":"https:\/\/www.carlton-international.com\/pt-pt\/venda\/outras-regioes\/pezenas\/#primaryimage"},"image":{"@id":"https:\/\/www.carlton-international.com\/pt-pt\/venda\/outras-regioes\/pezenas\/#primaryimage"},"thumbnailUrl":"https:\/\/www.carlton-international.com\/wp-content\/uploads\/2023\/07\/arriere-pays3_65815.jpeg","datePublished":"2025-05-22T02:34:34+00:00","dateModified":"2026-01-21T11:18:38+00:00","description":"D\u00e9couvrez notre s\u00e9lection de propri\u00e9t\u00e9s de luxe \u00e0 vendre dans l'arri\u00e8re-pays cannois et profitez de la tranquillit\u00e9 de cette r\u00e9gion pris\u00e9e.","breadcrumb":{"@id":"https:\/\/www.carlton-international.com\/pt-pt\/venda\/outras-regioes\/pezenas\/#breadcrumb"},"inLanguage":"pt-PT","potentialAction":[{"@type":"ReadAction","target":["https:\/\/www.carlton-international.com\/pt-pt\/venda\/outras-regioes\/pezenas\/"]}]},{"@type":"ImageObject","inLanguage":"pt-PT","@id":"https:\/\/www.carlton-international.com\/pt-pt\/venda\/outras-regioes\/pezenas\/#primaryimage","url":"https:\/\/www.carlton-international.com\/wp-content\/uploads\/2023\/07\/arriere-pays3_65815.jpeg","contentUrl":"https:\/\/www.carlton-international.com\/wp-content\/uploads\/2023\/07\/arriere-pays3_65815.jpeg","width":649,"height":487,"caption":"Luxury Villas In Cannes Countryside"},{"@type":"BreadcrumbList","@id":"https:\/\/www.carlton-international.com\/pt-pt\/venda\/outras-regioes\/pezenas\/#breadcrumb","itemListElement":[{"@type":"ListItem","position":1,"name":"Accueil","item":"https:\/\/www.carlton-international.com\/pt-pt\/"},{"@type":"ListItem","position":2,"name":"Venda","item":"https:\/\/www.carlton-international.com\/pt-pt\/venda\/"},{"@type":"ListItem","position":3,"name":"Outras regi\u00f5es","item":"https:\/\/www.carlton-international.com\/pt-pt\/venda\/outras-regioes\/"},{"@type":"ListItem","position":4,"name":"P\u00e9zenas"}]},{"@type":"WebSite","@id":"https:\/\/www.carlton-international.com\/pt-pt\/#website","url":"https:\/\/www.carlton-international.com\/pt-pt\/","name":"Carlton International","description":"Luxury Real Estate in France and Internationally","publisher":{"@id":"https:\/\/www.carlton-international.com\/pt-pt\/#organization"},"alternateName":"Carlton","potentialAction":[{"@type":"SearchAction","target":{"@type":"EntryPoint","urlTemplate":"https:\/\/www.carlton-international.com\/pt-pt\/?s={search_term_string}"},"query-input":{"@type":"PropertyValueSpecification","valueRequired":true,"valueName":"search_term_string"}}],"inLanguage":"pt-PT"},{"@type":"Organization","@id":"https:\/\/www.carlton-international.com\/pt-pt\/#organization","name":"Carlton International","alternateName":"Carlton","url":"https:\/\/www.carlton-international.com\/pt-pt\/","logo":{"@type":"ImageObject","inLanguage":"pt-PT","@id":"https:\/\/www.carlton-international.com\/pt-pt\/#\/schema\/logo\/image\/","url":"https:\/\/www.carlton-international.com\/wp-content\/uploads\/2024\/10\/logo-square-1.jpg","contentUrl":"https:\/\/www.carlton-international.com\/wp-content\/uploads\/2024\/10\/logo-square-1.jpg","width":240,"height":240,"caption":"Carlton International"},"image":{"@id":"https:\/\/www.carlton-international.com\/pt-pt\/#\/schema\/logo\/image\/"},"sameAs":["https:\/\/www.facebook.com\/CarltonInternationalRealEstate\/","https:\/\/x.com\/CarltonInter","https:\/\/www.instagram.com\/carlton.international\/","https:\/\/www.linkedin.com\/company\/carlton-international\/mycompany\/","https:\/\/www.youtube.com\/channel\/UC45DFaSawRRikZFLqr2C_XQ"]}]}},"jetpack_sharing_enabled":true,"_links":{"self":[{"href":"https:\/\/www.carlton-international.com\/pt-pt\/wp-json\/wp\/v2\/pages\/3561872","targetHints":{"allow":["GET"]}}],"collection":[{"href":"https:\/\/www.carlton-international.com\/pt-pt\/wp-json\/wp\/v2\/pages"}],"about":[{"href":"https:\/\/www.carlton-international.com\/pt-pt\/wp-json\/wp\/v2\/types\/page"}],"author":[{"embeddable":true,"href":"https:\/\/www.carlton-international.com\/pt-pt\/wp-json\/wp\/v2\/users\/9"}],"replies":[{"embeddable":true,"href":"https:\/\/www.carlton-international.com\/pt-pt\/wp-json\/wp\/v2\/comments?post=3561872"}],"version-history":[{"count":1,"href":"https:\/\/www.carlton-international.com\/pt-pt\/wp-json\/wp\/v2\/pages\/3561872\/revisions"}],"predecessor-version":[{"id":4303459,"href":"https:\/\/www.carlton-international.com\/pt-pt\/wp-json\/wp\/v2\/pages\/3561872\/revisions\/4303459"}],"up":[{"embeddable":true,"href":"https:\/\/www.carlton-international.com\/pt-pt\/wp-json\/wp\/v2\/pages\/3551042"}],"wp:featuredmedia":[{"embeddable":true,"href":"https:\/\/www.carlton-international.com\/pt-pt\/wp-json\/wp\/v2\/media\/1152951"}],"wp:attachment":[{"href":"https:\/\/www.carlton-international.com\/pt-pt\/wp-json\/wp\/v2\/media?parent=3561872"}],"curies":[{"name":"wp","href":"https:\/\/api.w.org\/{rel}","templated":true}]}}