{"id":3561793,"date":"2025-05-22T04:06:42","date_gmt":"2025-05-22T02:06:42","guid":{"rendered":"https:\/\/www.carlton-international.com\/venda\/saint-tropez-arredores\/port-grimaud\/"},"modified":"2026-03-12T02:55:58","modified_gmt":"2026-03-12T01:55:58","slug":"port-grimaud","status":"publish","type":"page","link":"https:\/\/www.carlton-international.com\/pt-pt\/venda\/saint-tropez-arredores\/port-grimaud\/","title":{"rendered":"Port Grimaud"},"content":{"rendered":"\t\t<div data-elementor-type=\"wp-page\" data-elementor-id=\"3561793\" class=\"elementor elementor-3561793 elementor-3333411\" data-elementor-post-type=\"page\">\n\t\t\t\t<div class=\"elementor-element elementor-element-7a9634d contentpd30 e-flex e-con-boxed e-con e-parent\" data-id=\"7a9634d\" data-element_type=\"container\" data-settings=\"{&quot;background_background&quot;:&quot;classic&quot;,&quot;jet_parallax_layout_list&quot;:[]}\">\n\t\t\t\t\t<div class=\"e-con-inner\">\n\t\t\t\t<div data-dce-title-color=\"#BFA473\" class=\"elementor-element elementor-element-eb0326c elementor-widget elementor-widget-heading\" data-id=\"eb0326c\" data-element_type=\"widget\" data-widget_type=\"heading.default\">\n\t\t\t\t\t<h1 class=\"elementor-heading-title elementor-size-default\">Port Grimaud <\/h1>\t\t\t\t<\/div>\n\t\t\t\t\t<\/div>\n\t\t\t\t<\/div>\n\t\t\t\t<section class=\"elementor-section elementor-top-section elementor-element elementor-element-792e6aa7 contentpd20 elementor-section-boxed elementor-section-height-default elementor-section-height-default\" data-id=\"792e6aa7\" data-element_type=\"section\" data-settings=\"{&quot;jet_parallax_layout_list&quot;:[]}\">\n\t\t\t\t\t\t<div class=\"elementor-container elementor-column-gap-default\">\n\t\t\t\t\t<div class=\"elementor-column elementor-col-100 elementor-top-column elementor-element elementor-element-4ab2cffd\" data-id=\"4ab2cffd\" data-element_type=\"column\">\n\t\t\t<div class=\"elementor-widget-wrap elementor-element-populated\">\n\t\t\t\t\t\t<div class=\"elementor-element elementor-element-3f80d67 elementor-widget elementor-widget-shortcode\" data-id=\"3f80d67\" data-element_type=\"widget\" data-widget_type=\"shortcode.default\">\n\t\t\t\t\t\t\t<div class=\"elementor-shortcode\">    <div class=\"ci-dis-ads_wrapper\" data-id-page=\"3561793\" id=\"ci-ads-results\">\n                <!-- TOTAL RESULTS -->\n        <div class=\"ci-dis-ads_total_results aa\">\n            <div class=\"ci-dis-description_contact_results a2345 3561793\">\n            \n                <p>\n                <a href=\"https:\/\/www.carlton-international.com\/pt-pt\/venda\/\">venda<\/a> &gt; <a href=\"https:\/\/www.carlton-international.com\/pt-pt\/venda\/saint-tropez-arredores\/\">saint-tropez &#038; arredores<\/a> &gt; <a href=\"https:\/\/www.carlton-international.com\/pt-pt\/venda\/saint-tropez-arredores\/port-grimaud\/\">port grimaud<\/a> &gt; <span data-id=\"3561793\">0 r\u00e9sultat<\/span>                <\/p>\n                            <\/div>\n        <\/div>\n                    <!-- HEADER -->\n            <div class=\"ci-dis-ads_header\">\n                <!-- PAGINATION -->\n                <div class=\"ci-dis-ads_pagination\">\n                                    <\/div>\n                <!-- SORT -->\n\n                                    <div class=\"ci-dis-ads_sort\">\n                                            <\/div>\n                    <!-- DISPLAY -->\n                    <div class=\"ci-dis-ads_disp\">\n                                            <\/div>\n                            <\/div>\n                <!-- CONTENT -->\n        <div class=\"ci-dis-ads_content ci-disp-grid\">\n                                                                    <div class=\"ci-dis-ads_content-empty s1\" style=\"display: flex;\">\n                                        <p class=\"ci-dis-ads_content-empty_text\"><\/p>\n                                        <div><div>\n<div>Muitos im\u00f3veis correspondentes \u00e0 sua pesquisa s\u00e3o comercializados de forma <strong>estritamente confidencial, em regime off-market, diretamente pelas nossas equipas.<\/strong><\/div>\n<div>Convidamo-lo a <strong>contactar a ag\u00eancia Carlton International correspondente ao endere\u00e7o procurado<\/strong> para ter acesso a estas oportunidades exclusivas :\u00a0<a href=\"https:\/\/www.carlton-international.com\/pt-pt\/contacte-nos\/\">https:\/\/www.carlton-international.com\/pt-pt\/contacte-nos\/<\/a><\/div>\n<\/div>\n<\/div>\n                                    <\/div>\n                                                            \n                                                <\/div>\n        <!-- FOOTER -->\n        <div class=\"ci-dis-ads_footer\">\n            <!-- PAGINATION -->\n            <div class=\"ci-dis-ads_pagination\">\n                            <\/div>\n        <\/div>\n                 <\/div>\n<\/div>\n\t\t\t\t\t\t<\/div>\n\t\t\t\t<div class=\"elementor-element elementor-element-7fb9e81 description elementor-widget elementor-widget-text-editor\" data-id=\"7fb9e81\" data-element_type=\"widget\" data-widget_type=\"text-editor.default\">\n\t\t\t\t\t\t\t\t\t<h2 style=\"font-size: 22px\">ENCONTRE A VILLA DOS SEUS SONHOS EM SAINT-TROPEZ COM A CARLTON INTERNATIONAL<\/h2>\n<p><strong>A excel\u00eancia imobili\u00e1ria no cora\u00e7\u00e3o da C\u00f4te d\u2019Azur<\/strong><br \/>\nDeseja tornar-se propriet\u00e1rio de uma villa de exce\u00e7\u00e3o em Saint-Tropez, um dos destinos mais emblem\u00e1ticos do Mediterr\u00e2neo? A Carlton International abre-lhe as portas de um portf\u00f3lio \u00fanico de propriedades de prest\u00edgio, cuidadosamente selecionadas pela sua arquitetura, localiza\u00e7\u00e3o privilegiada e eleg\u00e2ncia intemporal.<br \/>\nCom uma experi\u00eancia reconhecida e um servi\u00e7o personalizado, a nossa equipa acompanha-o em cada etapa do seu projeto para lhe proporcionar uma experi\u00eancia de aquisi\u00e7\u00e3o fluida, segura e personalizada.<\/p>\n<p><strong>Por que escolher a Carlton International para o seu projeto imobili\u00e1rio em Saint-Tropez?<\/strong><br \/>\nUma cole\u00e7\u00e3o de propriedades excecionais<br \/>\nO nosso portf\u00f3lio inclui uma sele\u00e7\u00e3o de villas contempor\u00e2neas, bastides proven\u00e7ais e propriedades \u00e0 beira-mar nas zonas mais procuradas do Golfo de Saint-Tropez: Les Parcs, Le Capon, Les Canebiers, Pampelonne, Tahiti\u2026<br \/>\nAs nossas propriedades cumprem elevados padr\u00f5es de qualidade: design refinado, comodidades de alto n\u00edvel, vistas panor\u00e2micas e ambientes preservados. Apresentamos propriedades que representam o requinte, a discri\u00e7\u00e3o e a arte de viver de Saint-Tropez.<\/p>\n<p><strong>Acompanhamento estrat\u00e9gico e personalizado<\/strong><br \/>\nComprar uma villa em Saint-Tropez envolve muito mais do que uma simples transa\u00e7\u00e3o: \u00e9 um investimento estrat\u00e9gico e pessoal. Os nossos consultores multilingues colocam ao seu servi\u00e7o o seu profundo conhecimento do mercado local, da legisla\u00e7\u00e3o francesa e das especificidades jur\u00eddicas relacionadas com a aquisi\u00e7\u00e3o de im\u00f3veis em Fran\u00e7a.<br \/>\nAconselhamo-lo com total transpar\u00eancia, desde a sele\u00e7\u00e3o do im\u00f3vel at\u00e9 \u00e0 assinatura final, com o objetivo constante de proteger os seus interesses, simplificar os procedimentos e garantir a tranquilidade da sua aquisi\u00e7\u00e3o.<\/p>\n<p><strong>Acesso privilegiado a propriedades confidenciais<\/strong><br \/>\nGra\u00e7as \u00e0 nossa rede exclusiva de propriet\u00e1rios, promotores e parceiros internacionais, damos-lhe acesso a oportunidades fora do mercado (off-market), indispon\u00edveis em plataformas p\u00fablicas.<br \/>\nComo cliente da Carlton International, beneficia de acesso privilegiado a propriedades raras, frequentemente partilhadas de forma confidencial e perfeitamente adaptadas aos seus crit\u00e9rios de compra mais exigentes.<\/p>\n<p><strong>Viver em Saint-Tropez: um estilo de vida incompar\u00e1vel<\/strong><br \/>\nDesde o charme do Porto Antigo \u00e0 beleza das praias de Pampelonne, passando por restaurantes estrelados, boutiques de luxo, galerias de arte e noites lend\u00e1rias, Saint-Tropez oferece um estilo de vida incompar\u00e1vel.<br \/>\nPossuir uma villa aqui significa mergulhar num universo onde o luxo encontra a autenticidade, entre natureza preservada, eleg\u00e2ncia arquitet\u00f3nica e dinamismo cultural.<\/p>\n<p><strong>Contacte-nos e concretize o seu projeto<\/strong><br \/>\nComece hoje mesmo o seu percurso para adquirir uma villa em Saint-Tropez com a Carlton International.<br \/>\nConsulte a nossa sele\u00e7\u00e3o de propriedades online ou entre diretamente em contacto com a nossa equipa. Estamos \u00e0 sua disposi\u00e7\u00e3o para o aconselhar, organizar visitas confidenciais e propor solu\u00e7\u00f5es personalizadas.<br \/>\n\ud83d\udcde +33 (0)4 98 12 13 63<br \/>\n\ud83d\udce7 saint-tropez@carlton-group.com<br \/>\n\ud83d\udccd 3 place Garezzio, Ch\u00e2teau de Suffren, 83990 Saint-Tropez<br \/>\nCarlton International \u2013 Imobili\u00e1rio de luxo, com total confian\u00e7a<\/p>\n\t\t\t\t\t\t\t\t<\/div>\n\t\t\t\t\t<\/div>\n\t\t<\/div>\n\t\t\t\t\t<\/div>\n\t\t<\/section>\n\t\t\t\t<\/div>\n\t\t","protected":false},"excerpt":{"rendered":"<p>Port Grimaud<\/p>\n","protected":false},"author":9,"featured_media":1152951,"parent":1152923,"menu_order":0,"comment_status":"closed","ping_status":"closed","template":"","meta":{"_acf_changed":false,"footnotes":"","_wp_rev_ctl_limit":""},"class_list":["post-3561793","page","type-page","status-publish","has-post-thumbnail","hentry"],"acf":[],"yoast_head":"<!-- This site is optimized with the Yoast SEO Premium plugin v20.11 (Yoast SEO v26.5) - https:\/\/yoast.com\/wordpress\/plugins\/seo\/ -->\n<title>Propri\u00e9t\u00e9s \u00e0 vendre Arri\u00e8re-pays Cannois. Carlton International<\/title>\n<meta name=\"description\" content=\"D\u00e9couvrez notre s\u00e9lection de propri\u00e9t\u00e9s de luxe \u00e0 vendre dans l&#039;arri\u00e8re-pays cannois et profitez de la tranquillit\u00e9 de cette r\u00e9gion pris\u00e9e.\" \/>\n<meta name=\"robots\" content=\"index, follow, max-snippet:-1, max-image-preview:large, max-video-preview:-1\" \/>\n<link rel=\"canonical\" href=\"https:\/\/www.carlton-international.com\/pt-pt\/venda\/saint-tropez-arredores\/port-grimaud\/\" \/>\n<meta property=\"og:locale\" content=\"pt_PT\" \/>\n<meta property=\"og:type\" content=\"article\" \/>\n<meta property=\"og:title\" content=\"Port Grimaud\" \/>\n<meta property=\"og:description\" content=\"D\u00e9couvrez notre s\u00e9lection de propri\u00e9t\u00e9s de luxe \u00e0 vendre dans l&#039;arri\u00e8re-pays cannois et profitez de la tranquillit\u00e9 de cette r\u00e9gion pris\u00e9e.\" \/>\n<meta property=\"og:url\" content=\"https:\/\/www.carlton-international.com\/pt-pt\/venda\/saint-tropez-arredores\/port-grimaud\/\" \/>\n<meta property=\"og:site_name\" content=\"Carlton International\" \/>\n<meta property=\"article:publisher\" content=\"https:\/\/www.facebook.com\/CarltonInternationalRealEstate\/\" \/>\n<meta property=\"article:modified_time\" content=\"2026-03-12T01:55:58+00:00\" \/>\n<meta property=\"og:image\" content=\"https:\/\/www.carlton-international.com\/wp-content\/uploads\/2023\/07\/arriere-pays3_65815.jpeg\" \/>\n\t<meta property=\"og:image:width\" content=\"649\" \/>\n\t<meta property=\"og:image:height\" content=\"487\" \/>\n\t<meta property=\"og:image:type\" content=\"image\/jpeg\" \/>\n<meta name=\"twitter:card\" content=\"summary_large_image\" \/>\n<meta name=\"twitter:site\" content=\"@CarltonInter\" \/>\n<meta name=\"twitter:label1\" content=\"Tempo estimado de leitura\" \/>\n\t<meta name=\"twitter:data1\" content=\"3 minutos\" \/>\n<script type=\"application\/ld+json\" class=\"yoast-schema-graph\">{\"@context\":\"https:\/\/schema.org\",\"@graph\":[{\"@type\":\"WebPage\",\"@id\":\"https:\/\/www.carlton-international.com\/pt-pt\/venda\/saint-tropez-arredores\/port-grimaud\/\",\"url\":\"https:\/\/www.carlton-international.com\/pt-pt\/venda\/saint-tropez-arredores\/port-grimaud\/\",\"name\":\"Propri\u00e9t\u00e9s \u00e0 vendre Arri\u00e8re-pays Cannois. Carlton International\",\"isPartOf\":{\"@id\":\"https:\/\/www.carlton-international.com\/pt-pt\/#website\"},\"primaryImageOfPage\":{\"@id\":\"https:\/\/www.carlton-international.com\/pt-pt\/venda\/saint-tropez-arredores\/port-grimaud\/#primaryimage\"},\"image\":{\"@id\":\"https:\/\/www.carlton-international.com\/pt-pt\/venda\/saint-tropez-arredores\/port-grimaud\/#primaryimage\"},\"thumbnailUrl\":\"https:\/\/www.carlton-international.com\/wp-content\/uploads\/2023\/07\/arriere-pays3_65815.jpeg\",\"datePublished\":\"2025-05-22T02:06:42+00:00\",\"dateModified\":\"2026-03-12T01:55:58+00:00\",\"description\":\"D\u00e9couvrez notre s\u00e9lection de propri\u00e9t\u00e9s de luxe \u00e0 vendre dans l'arri\u00e8re-pays cannois et profitez de la tranquillit\u00e9 de cette r\u00e9gion pris\u00e9e.\",\"breadcrumb\":{\"@id\":\"https:\/\/www.carlton-international.com\/pt-pt\/venda\/saint-tropez-arredores\/port-grimaud\/#breadcrumb\"},\"inLanguage\":\"pt-PT\",\"potentialAction\":[{\"@type\":\"ReadAction\",\"target\":[\"https:\/\/www.carlton-international.com\/pt-pt\/venda\/saint-tropez-arredores\/port-grimaud\/\"]}]},{\"@type\":\"ImageObject\",\"inLanguage\":\"pt-PT\",\"@id\":\"https:\/\/www.carlton-international.com\/pt-pt\/venda\/saint-tropez-arredores\/port-grimaud\/#primaryimage\",\"url\":\"https:\/\/www.carlton-international.com\/wp-content\/uploads\/2023\/07\/arriere-pays3_65815.jpeg\",\"contentUrl\":\"https:\/\/www.carlton-international.com\/wp-content\/uploads\/2023\/07\/arriere-pays3_65815.jpeg\",\"width\":649,\"height\":487,\"caption\":\"Luxury Villas In Cannes Countryside\"},{\"@type\":\"BreadcrumbList\",\"@id\":\"https:\/\/www.carlton-international.com\/pt-pt\/venda\/saint-tropez-arredores\/port-grimaud\/#breadcrumb\",\"itemListElement\":[{\"@type\":\"ListItem\",\"position\":1,\"name\":\"Accueil\",\"item\":\"https:\/\/www.carlton-international.com\/pt-pt\/\"},{\"@type\":\"ListItem\",\"position\":2,\"name\":\"Venda\",\"item\":\"https:\/\/www.carlton-international.com\/pt-pt\/venda\/\"},{\"@type\":\"ListItem\",\"position\":3,\"name\":\"Saint-Tropez &#038; Arredores\",\"item\":\"https:\/\/www.carlton-international.com\/pt-pt\/venda\/saint-tropez-arredores\/\"},{\"@type\":\"ListItem\",\"position\":4,\"name\":\"Port Grimaud\"}]},{\"@type\":\"WebSite\",\"@id\":\"https:\/\/www.carlton-international.com\/pt-pt\/#website\",\"url\":\"https:\/\/www.carlton-international.com\/pt-pt\/\",\"name\":\"Carlton International\",\"description\":\"Luxury Real Estate in France and Internationally\",\"publisher\":{\"@id\":\"https:\/\/www.carlton-international.com\/pt-pt\/#organization\"},\"alternateName\":\"Carlton\",\"potentialAction\":[{\"@type\":\"SearchAction\",\"target\":{\"@type\":\"EntryPoint\",\"urlTemplate\":\"https:\/\/www.carlton-international.com\/pt-pt\/?s={search_term_string}\"},\"query-input\":{\"@type\":\"PropertyValueSpecification\",\"valueRequired\":true,\"valueName\":\"search_term_string\"}}],\"inLanguage\":\"pt-PT\"},{\"@type\":\"Organization\",\"@id\":\"https:\/\/www.carlton-international.com\/pt-pt\/#organization\",\"name\":\"Carlton International\",\"alternateName\":\"Carlton\",\"url\":\"https:\/\/www.carlton-international.com\/pt-pt\/\",\"logo\":{\"@type\":\"ImageObject\",\"inLanguage\":\"pt-PT\",\"@id\":\"https:\/\/www.carlton-international.com\/pt-pt\/#\/schema\/logo\/image\/\",\"url\":\"https:\/\/www.carlton-international.com\/wp-content\/uploads\/2024\/10\/logo-square-1.jpg\",\"contentUrl\":\"https:\/\/www.carlton-international.com\/wp-content\/uploads\/2024\/10\/logo-square-1.jpg\",\"width\":240,\"height\":240,\"caption\":\"Carlton International\"},\"image\":{\"@id\":\"https:\/\/www.carlton-international.com\/pt-pt\/#\/schema\/logo\/image\/\"},\"sameAs\":[\"https:\/\/www.facebook.com\/CarltonInternationalRealEstate\/\",\"https:\/\/x.com\/CarltonInter\",\"https:\/\/www.instagram.com\/carlton.international\/\",\"https:\/\/www.linkedin.com\/company\/carlton-international\/mycompany\/\",\"https:\/\/www.youtube.com\/channel\/UC45DFaSawRRikZFLqr2C_XQ\"]}]}<\/script>\n<!-- \/ Yoast SEO Premium plugin. -->","yoast_head_json":{"title":"Propri\u00e9t\u00e9s \u00e0 vendre Arri\u00e8re-pays Cannois. Carlton International","description":"D\u00e9couvrez notre s\u00e9lection de propri\u00e9t\u00e9s de luxe \u00e0 vendre dans l'arri\u00e8re-pays cannois et profitez de la tranquillit\u00e9 de cette r\u00e9gion pris\u00e9e.","robots":{"index":"index","follow":"follow","max-snippet":"max-snippet:-1","max-image-preview":"max-image-preview:large","max-video-preview":"max-video-preview:-1"},"canonical":"https:\/\/www.carlton-international.com\/pt-pt\/venda\/saint-tropez-arredores\/port-grimaud\/","og_locale":"pt_PT","og_type":"article","og_title":"Port Grimaud","og_description":"D\u00e9couvrez notre s\u00e9lection de propri\u00e9t\u00e9s de luxe \u00e0 vendre dans l'arri\u00e8re-pays cannois et profitez de la tranquillit\u00e9 de cette r\u00e9gion pris\u00e9e.","og_url":"https:\/\/www.carlton-international.com\/pt-pt\/venda\/saint-tropez-arredores\/port-grimaud\/","og_site_name":"Carlton International","article_publisher":"https:\/\/www.facebook.com\/CarltonInternationalRealEstate\/","article_modified_time":"2026-03-12T01:55:58+00:00","og_image":[{"width":649,"height":487,"url":"https:\/\/www.carlton-international.com\/wp-content\/uploads\/2023\/07\/arriere-pays3_65815.jpeg","type":"image\/jpeg"}],"twitter_card":"summary_large_image","twitter_site":"@CarltonInter","twitter_misc":{"Tempo estimado de leitura":"3 minutos"},"schema":{"@context":"https:\/\/schema.org","@graph":[{"@type":"WebPage","@id":"https:\/\/www.carlton-international.com\/pt-pt\/venda\/saint-tropez-arredores\/port-grimaud\/","url":"https:\/\/www.carlton-international.com\/pt-pt\/venda\/saint-tropez-arredores\/port-grimaud\/","name":"Propri\u00e9t\u00e9s \u00e0 vendre Arri\u00e8re-pays Cannois. Carlton International","isPartOf":{"@id":"https:\/\/www.carlton-international.com\/pt-pt\/#website"},"primaryImageOfPage":{"@id":"https:\/\/www.carlton-international.com\/pt-pt\/venda\/saint-tropez-arredores\/port-grimaud\/#primaryimage"},"image":{"@id":"https:\/\/www.carlton-international.com\/pt-pt\/venda\/saint-tropez-arredores\/port-grimaud\/#primaryimage"},"thumbnailUrl":"https:\/\/www.carlton-international.com\/wp-content\/uploads\/2023\/07\/arriere-pays3_65815.jpeg","datePublished":"2025-05-22T02:06:42+00:00","dateModified":"2026-03-12T01:55:58+00:00","description":"D\u00e9couvrez notre s\u00e9lection de propri\u00e9t\u00e9s de luxe \u00e0 vendre dans l'arri\u00e8re-pays cannois et profitez de la tranquillit\u00e9 de cette r\u00e9gion pris\u00e9e.","breadcrumb":{"@id":"https:\/\/www.carlton-international.com\/pt-pt\/venda\/saint-tropez-arredores\/port-grimaud\/#breadcrumb"},"inLanguage":"pt-PT","potentialAction":[{"@type":"ReadAction","target":["https:\/\/www.carlton-international.com\/pt-pt\/venda\/saint-tropez-arredores\/port-grimaud\/"]}]},{"@type":"ImageObject","inLanguage":"pt-PT","@id":"https:\/\/www.carlton-international.com\/pt-pt\/venda\/saint-tropez-arredores\/port-grimaud\/#primaryimage","url":"https:\/\/www.carlton-international.com\/wp-content\/uploads\/2023\/07\/arriere-pays3_65815.jpeg","contentUrl":"https:\/\/www.carlton-international.com\/wp-content\/uploads\/2023\/07\/arriere-pays3_65815.jpeg","width":649,"height":487,"caption":"Luxury Villas In Cannes Countryside"},{"@type":"BreadcrumbList","@id":"https:\/\/www.carlton-international.com\/pt-pt\/venda\/saint-tropez-arredores\/port-grimaud\/#breadcrumb","itemListElement":[{"@type":"ListItem","position":1,"name":"Accueil","item":"https:\/\/www.carlton-international.com\/pt-pt\/"},{"@type":"ListItem","position":2,"name":"Venda","item":"https:\/\/www.carlton-international.com\/pt-pt\/venda\/"},{"@type":"ListItem","position":3,"name":"Saint-Tropez &#038; Arredores","item":"https:\/\/www.carlton-international.com\/pt-pt\/venda\/saint-tropez-arredores\/"},{"@type":"ListItem","position":4,"name":"Port Grimaud"}]},{"@type":"WebSite","@id":"https:\/\/www.carlton-international.com\/pt-pt\/#website","url":"https:\/\/www.carlton-international.com\/pt-pt\/","name":"Carlton International","description":"Luxury Real Estate in France and Internationally","publisher":{"@id":"https:\/\/www.carlton-international.com\/pt-pt\/#organization"},"alternateName":"Carlton","potentialAction":[{"@type":"SearchAction","target":{"@type":"EntryPoint","urlTemplate":"https:\/\/www.carlton-international.com\/pt-pt\/?s={search_term_string}"},"query-input":{"@type":"PropertyValueSpecification","valueRequired":true,"valueName":"search_term_string"}}],"inLanguage":"pt-PT"},{"@type":"Organization","@id":"https:\/\/www.carlton-international.com\/pt-pt\/#organization","name":"Carlton International","alternateName":"Carlton","url":"https:\/\/www.carlton-international.com\/pt-pt\/","logo":{"@type":"ImageObject","inLanguage":"pt-PT","@id":"https:\/\/www.carlton-international.com\/pt-pt\/#\/schema\/logo\/image\/","url":"https:\/\/www.carlton-international.com\/wp-content\/uploads\/2024\/10\/logo-square-1.jpg","contentUrl":"https:\/\/www.carlton-international.com\/wp-content\/uploads\/2024\/10\/logo-square-1.jpg","width":240,"height":240,"caption":"Carlton International"},"image":{"@id":"https:\/\/www.carlton-international.com\/pt-pt\/#\/schema\/logo\/image\/"},"sameAs":["https:\/\/www.facebook.com\/CarltonInternationalRealEstate\/","https:\/\/x.com\/CarltonInter","https:\/\/www.instagram.com\/carlton.international\/","https:\/\/www.linkedin.com\/company\/carlton-international\/mycompany\/","https:\/\/www.youtube.com\/channel\/UC45DFaSawRRikZFLqr2C_XQ"]}]}},"jetpack_sharing_enabled":true,"_links":{"self":[{"href":"https:\/\/www.carlton-international.com\/pt-pt\/wp-json\/wp\/v2\/pages\/3561793","targetHints":{"allow":["GET"]}}],"collection":[{"href":"https:\/\/www.carlton-international.com\/pt-pt\/wp-json\/wp\/v2\/pages"}],"about":[{"href":"https:\/\/www.carlton-international.com\/pt-pt\/wp-json\/wp\/v2\/types\/page"}],"author":[{"embeddable":true,"href":"https:\/\/www.carlton-international.com\/pt-pt\/wp-json\/wp\/v2\/users\/9"}],"replies":[{"embeddable":true,"href":"https:\/\/www.carlton-international.com\/pt-pt\/wp-json\/wp\/v2\/comments?post=3561793"}],"version-history":[{"count":5,"href":"https:\/\/www.carlton-international.com\/pt-pt\/wp-json\/wp\/v2\/pages\/3561793\/revisions"}],"predecessor-version":[{"id":4312696,"href":"https:\/\/www.carlton-international.com\/pt-pt\/wp-json\/wp\/v2\/pages\/3561793\/revisions\/4312696"}],"up":[{"embeddable":true,"href":"https:\/\/www.carlton-international.com\/pt-pt\/wp-json\/wp\/v2\/pages\/1152923"}],"wp:featuredmedia":[{"embeddable":true,"href":"https:\/\/www.carlton-international.com\/pt-pt\/wp-json\/wp\/v2\/media\/1152951"}],"wp:attachment":[{"href":"https:\/\/www.carlton-international.com\/pt-pt\/wp-json\/wp\/v2\/media?parent=3561793"}],"curies":[{"name":"wp","href":"https:\/\/api.w.org\/{rel}","templated":true}]}}