{"id":1152959,"date":"2023-04-11T15:00:14","date_gmt":"2023-04-11T13:00:14","guid":{"rendered":"https:\/\/www.carlton-international.com\/personal-data-policy\/"},"modified":"2025-07-03T11:30:27","modified_gmt":"2025-07-03T09:30:27","slug":"dados-pessoais","status":"publish","type":"page","link":"https:\/\/www.carlton-international.com\/pt-pt\/dados-pessoais\/","title":{"rendered":"Dados pessoais"},"content":{"rendered":"\t\t<div data-elementor-type=\"wp-page\" data-elementor-id=\"1152959\" class=\"elementor elementor-1152959 elementor-931338\" data-elementor-post-type=\"page\">\n\t\t\t\t<div data-dce-background-image-url=\"https:\/\/www.carlton-international.com\/wp-content\/uploads\/2023\/03\/Groupe-143.jpg\" class=\"elementor-element elementor-element-a035f88 e-flex e-con-boxed e-con e-parent\" data-id=\"a035f88\" data-element_type=\"container\" data-settings=\"{&quot;background_background&quot;:&quot;classic&quot;,&quot;jet_parallax_layout_list&quot;:[]}\">\n\t\t\t\t\t<div class=\"e-con-inner\">\n\t\t\t\t<div class=\"elementor-element elementor-element-e324656 elementor-widget elementor-widget-heading\" data-id=\"e324656\" data-element_type=\"widget\" data-widget_type=\"heading.default\">\n\t\t\t\t\t<h1 class=\"elementor-heading-title elementor-size-default\">Dados pessoais<\/h1>\t\t\t\t<\/div>\n\t\t\t\t\t<\/div>\n\t\t\t\t<\/div>\n\t\t<div class=\"elementor-element elementor-element-696fa40 e-con-full e-flex e-con e-parent\" data-id=\"696fa40\" data-element_type=\"container\" data-settings=\"{&quot;jet_parallax_layout_list&quot;:[]}\">\n\t\t\t\t<div class=\"elementor-element elementor-element-ecb1d17 elementor-widget elementor-widget-text-editor\" data-id=\"ecb1d17\" data-element_type=\"widget\" data-widget_type=\"text-editor.default\">\n\t\t\t\t\t\t\t\t\t<div class=\"modal-body\"><p>O uso do Site est\u00e1 sujeito ao cumprimento das condi\u00e7\u00f5es abaixo indicadas. O acesso e a navega\u00e7\u00e3o no site implicam a aceita\u00e7\u00e3o destas condi\u00e7\u00f5es:<\/p><h2 class=\"mentionLegales\">Defini\u00e7\u00f5es<\/h2><p>Site: refere-se ao site da Internet acessado atrav\u00e9s do seu navegador.<br \/>A Ag\u00eancia: refere-se \u00e0(s) ag\u00eancia(s) imobili\u00e1ria(s) presente(s) no site, que publica(m) os an\u00fancios e recolhe(m) os dados introduzidos pelo utilizador nos formul\u00e1rios de contacto.<\/p><h2 class=\"mentionLegales\">Dados pessoais<\/h2><p>Os seguintes dados pessoais podem ser recolhidos no Site:<\/p><p>Cookies: Os Cookies s\u00e3o utilizados no \u00e2mbito da utiliza\u00e7\u00e3o do Site para recolher certas informa\u00e7\u00f5es (nomeadamente, o seu endere\u00e7o IP, informa\u00e7\u00f5es relativas ao computador utilizado para navega\u00e7\u00e3o, m\u00e9todo de liga\u00e7\u00e3o, tipo e vers\u00e3o do navegador, sistema operativo e outros identificadores t\u00e9cnicos, ou ainda o endere\u00e7o URL das liga\u00e7\u00f5es, incluindo data e hora, bem como o conte\u00fado acedido). Pode desativar os Cookies atrav\u00e9s das defini\u00e7\u00f5es do seu navegador.<\/p><p>Formul\u00e1rio de contacto: Ao preencher o formul\u00e1rio de contacto, s\u00e3o recolhidos o seu apelido, nome, endere\u00e7o de e-mail e a sua mensagem.<\/p><p>As principais utiliza\u00e7\u00f5es dos seus dados pessoais s\u00e3o:<\/p><p>&#8211; gerir a nossa rela\u00e7\u00e3o consigo;<br \/>&#8211; fornecer conte\u00fados e servi\u00e7os personalizados com base no seu hist\u00f3rico de navega\u00e7\u00e3o, prefer\u00eancias e interesses;<\/p><p>Quando certas informa\u00e7\u00f5es s\u00e3o obrigat\u00f3rias para aceder a funcionalidades espec\u00edficas do Site, essa obrigatoriedade \u00e9 indicada no momento da introdu\u00e7\u00e3o dos dados. Caso recuse fornecer informa\u00e7\u00f5es obrigat\u00f3rias, poder\u00e1 n\u00e3o conseguir aceder a certos servi\u00e7os, funcionalidades ou sec\u00e7\u00f5es do Site.<\/p><p>As suas informa\u00e7\u00f5es pessoais s\u00e3o conservadas por um per\u00edodo que n\u00e3o excede 36 meses, salvo se:<\/p><p>&#8211; Estiver a exercer um dos seus direitos legais nas condi\u00e7\u00f5es abaixo indicadas;<br \/>&#8211; Um per\u00edodo de conserva\u00e7\u00e3o mais longo seja autorizado ou imposto por uma disposi\u00e7\u00e3o legal ou regulamentar;<br \/>&#8211; Este prazo possa ser renovado se continuar a rela\u00e7\u00e3o comercial.<\/p><p>Durante este per\u00edodo, o Site implementa os meios organizacionais, de software, legais, t\u00e9cnicos e f\u00edsicos adequados para assegurar a confidencialidade e seguran\u00e7a dos seus dados pessoais, de modo a evitar a sua deteriora\u00e7\u00e3o, elimina\u00e7\u00e3o ou acesso por terceiros n\u00e3o autorizados.<\/p><h2 class=\"mentionLegales\">Acesso aos dados pessoais<\/h2><p>O acesso aos seus dados pessoais \u00e9 estritamente limitado ao pessoal e agentes comerciais da Ag\u00eancia, autorizados em fun\u00e7\u00e3o das suas fun\u00e7\u00f5es e sujeitos a obriga\u00e7\u00e3o de confidencialidade. Contudo, os dados recolhidos poder\u00e3o ser comunicados a subcontratantes contratualmente respons\u00e1veis pela execu\u00e7\u00e3o das tarefas necess\u00e1rias ao bom funcionamento do Site e seus servi\u00e7os, bem como \u00e0 boa gest\u00e3o da rela\u00e7\u00e3o consigo, sem que necessite da sua autoriza\u00e7\u00e3o. Especifica-se que, no \u00e2mbito da execu\u00e7\u00e3o dos seus servi\u00e7os, os subcontratantes t\u00eam acesso limitado aos seus dados e est\u00e3o contratualmente obrigados a us\u00e1-los conforme as disposi\u00e7\u00f5es da legisla\u00e7\u00e3o aplic\u00e1vel \u00e0 prote\u00e7\u00e3o de dados pessoais. Fora dos casos mencionados, a Ag\u00eancia compromete-se a n\u00e3o vender, alugar, ceder ou dar acesso a terceiros aos seus dados sem o seu consentimento pr\u00e9vio, salvo quando obrigada por um motivo leg\u00edtimo (obriga\u00e7\u00e3o legal, combate \u00e0 fraude ou abuso, exerc\u00edcio de direitos de defesa, etc.).<\/p><p>Em conformidade com as disposi\u00e7\u00f5es legais e regulamentares aplic\u00e1veis, nomeadamente a Lei n.\u00ba 78-17 de 6 de janeiro de 1978, alterada, relativa \u00e0 inform\u00e1tica, ficheiros e liberdades, e o Regulamento Europeu n.\u00ba 2016\/679\/UE de 27 de abril de 2016 (aplic\u00e1vel desde 25 de maio de 2018), voc\u00ea tem os seguintes direitos:<\/p><p>&#8211; Exercer o direito de acesso para conhecer os dados pessoais que lhe dizem respeito;<br \/>&#8211; Solicitar a atualiza\u00e7\u00e3o dos seus dados caso estejam incorretos;<br \/>&#8211; Solicitar a portabilidade ou elimina\u00e7\u00e3o dos seus dados;<br \/>&#8211; Solicitar a limita\u00e7\u00e3o do tratamento dos seus dados;<br \/>&#8211; Opor-se, por motivos leg\u00edtimos, ao tratamento dos seus dados;<br \/>&#8211; Opor-se ou retirar o seu consentimento ao uso, pelos nossos servi\u00e7os, dos seus dados de contacto para o envio das nossas promo\u00e7\u00f5es e comunica\u00e7\u00f5es via e-mails, SMS, chamadas telef\u00f3nicas e correspond\u00eancia postal. Este direito mant\u00e9m-se v\u00e1lido quer as informa\u00e7\u00f5es lhe digam respeito diretamente ou tenham sido transmitidas por parceiros terceiros a quem as tenha fornecido (neste caso, dever\u00e1 clicar nos links de cancelamento de subscri\u00e7\u00e3o fornecidos nas nossas SMS ou e-mails, ou contactar-nos conforme indicado abaixo).<\/p><p>Estes direitos podem ser exercidos modificando os par\u00e2metros da sua conta, diretamente na sec\u00e7\u00e3o \u201cContacto\u201d do Site, por correio postal ou por e-mail para o endere\u00e7o presente no link \u201cAvisos Legais\u201d.<\/p><p>Por raz\u00f5es de seguran\u00e7a e para evitar pedidos fraudulentos, o pedido deve ser acompanhado por prova de identidade. O documento ser\u00e1 destru\u00eddo assim que o pedido for processado.<\/p><p>Para mais informa\u00e7\u00f5es ou reclama\u00e7\u00f5es, pode contactar a Comiss\u00e3o Nacional de Inform\u00e1tica e Liberdades (mais informa\u00e7\u00f5es em www.cnil.fr).<\/p><\/div>\t\t\t\t\t\t\t\t<\/div>\n\t\t\t\t<\/div>\n\t\t\t\t<\/div>\n\t\t","protected":false},"excerpt":{"rendered":"<p>Dados pessoais O uso do Site est\u00e1 sujeito ao cumprimento das condi\u00e7\u00f5es abaixo indicadas. O acesso e a navega\u00e7\u00e3o no site implicam a aceita\u00e7\u00e3o destas condi\u00e7\u00f5es: Defini\u00e7\u00f5es Site: refere-se ao site da Internet acessado atrav\u00e9s do seu navegador.A Ag\u00eancia: refere-se \u00e0(s) ag\u00eancia(s) imobili\u00e1ria(s) presente(s) no site, que publica(m) os an\u00fancios e recolhe(m) os dados introduzidos [&hellip;]<\/p>\n","protected":false},"author":3,"featured_media":0,"parent":0,"menu_order":0,"comment_status":"closed","ping_status":"closed","template":"","meta":{"_acf_changed":false,"footnotes":"","_wp_rev_ctl_limit":""},"class_list":["post-1152959","page","type-page","status-publish","hentry"],"acf":[],"yoast_head":"<!-- This site is optimized with the Yoast SEO Premium plugin v20.11 (Yoast SEO v26.5) - https:\/\/yoast.com\/wordpress\/plugins\/seo\/ -->\n<title>Dados pessoais | Carlton International<\/title>\n<meta name=\"description\" content=\"Carlton International&#039;s personal data policy.\" \/>\n<meta name=\"robots\" content=\"index, follow, max-snippet:-1, max-image-preview:large, max-video-preview:-1\" \/>\n<link rel=\"canonical\" href=\"https:\/\/www.carlton-international.com\/pt-pt\/dados-pessoais\/\" \/>\n<meta property=\"og:locale\" content=\"pt_PT\" \/>\n<meta property=\"og:type\" content=\"article\" \/>\n<meta property=\"og:title\" content=\"Dados pessoais\" \/>\n<meta property=\"og:description\" content=\"Carlton International&#039;s personal data policy.\" \/>\n<meta property=\"og:url\" content=\"https:\/\/www.carlton-international.com\/pt-pt\/dados-pessoais\/\" \/>\n<meta property=\"og:site_name\" content=\"Carlton International\" \/>\n<meta property=\"article:publisher\" content=\"https:\/\/www.facebook.com\/CarltonInternationalRealEstate\/\" \/>\n<meta property=\"article:modified_time\" content=\"2025-07-03T09:30:27+00:00\" \/>\n<meta name=\"twitter:card\" content=\"summary_large_image\" \/>\n<meta name=\"twitter:site\" content=\"@CarltonInter\" \/>\n<meta name=\"twitter:label1\" content=\"Tempo estimado de leitura\" \/>\n\t<meta name=\"twitter:data1\" content=\"4 minutos\" \/>\n<script type=\"application\/ld+json\" class=\"yoast-schema-graph\">{\"@context\":\"https:\/\/schema.org\",\"@graph\":[{\"@type\":\"WebPage\",\"@id\":\"https:\/\/www.carlton-international.com\/pt-pt\/dados-pessoais\/\",\"url\":\"https:\/\/www.carlton-international.com\/pt-pt\/dados-pessoais\/\",\"name\":\"Dados pessoais | Carlton International\",\"isPartOf\":{\"@id\":\"https:\/\/www.carlton-international.com\/pt-pt\/#website\"},\"datePublished\":\"2023-04-11T13:00:14+00:00\",\"dateModified\":\"2025-07-03T09:30:27+00:00\",\"description\":\"Carlton International's personal data policy.\",\"breadcrumb\":{\"@id\":\"https:\/\/www.carlton-international.com\/pt-pt\/dados-pessoais\/#breadcrumb\"},\"inLanguage\":\"pt-PT\",\"potentialAction\":[{\"@type\":\"ReadAction\",\"target\":[\"https:\/\/www.carlton-international.com\/pt-pt\/dados-pessoais\/\"]}]},{\"@type\":\"BreadcrumbList\",\"@id\":\"https:\/\/www.carlton-international.com\/pt-pt\/dados-pessoais\/#breadcrumb\",\"itemListElement\":[{\"@type\":\"ListItem\",\"position\":1,\"name\":\"Accueil\",\"item\":\"https:\/\/www.carlton-international.com\/pt-pt\/\"},{\"@type\":\"ListItem\",\"position\":2,\"name\":\"Dados pessoais\"}]},{\"@type\":\"WebSite\",\"@id\":\"https:\/\/www.carlton-international.com\/pt-pt\/#website\",\"url\":\"https:\/\/www.carlton-international.com\/pt-pt\/\",\"name\":\"Carlton International\",\"description\":\"Luxury Real Estate in France and Internationally\",\"publisher\":{\"@id\":\"https:\/\/www.carlton-international.com\/pt-pt\/#organization\"},\"alternateName\":\"Carlton\",\"potentialAction\":[{\"@type\":\"SearchAction\",\"target\":{\"@type\":\"EntryPoint\",\"urlTemplate\":\"https:\/\/www.carlton-international.com\/pt-pt\/?s={search_term_string}\"},\"query-input\":{\"@type\":\"PropertyValueSpecification\",\"valueRequired\":true,\"valueName\":\"search_term_string\"}}],\"inLanguage\":\"pt-PT\"},{\"@type\":\"Organization\",\"@id\":\"https:\/\/www.carlton-international.com\/pt-pt\/#organization\",\"name\":\"Carlton International\",\"alternateName\":\"Carlton\",\"url\":\"https:\/\/www.carlton-international.com\/pt-pt\/\",\"logo\":{\"@type\":\"ImageObject\",\"inLanguage\":\"pt-PT\",\"@id\":\"https:\/\/www.carlton-international.com\/pt-pt\/#\/schema\/logo\/image\/\",\"url\":\"https:\/\/www.carlton-international.com\/wp-content\/uploads\/2024\/10\/logo-square-1.jpg\",\"contentUrl\":\"https:\/\/www.carlton-international.com\/wp-content\/uploads\/2024\/10\/logo-square-1.jpg\",\"width\":240,\"height\":240,\"caption\":\"Carlton International\"},\"image\":{\"@id\":\"https:\/\/www.carlton-international.com\/pt-pt\/#\/schema\/logo\/image\/\"},\"sameAs\":[\"https:\/\/www.facebook.com\/CarltonInternationalRealEstate\/\",\"https:\/\/x.com\/CarltonInter\",\"https:\/\/www.instagram.com\/carlton.international\/\",\"https:\/\/www.linkedin.com\/company\/carlton-international\/mycompany\/\",\"https:\/\/www.youtube.com\/channel\/UC45DFaSawRRikZFLqr2C_XQ\"]}]}<\/script>\n<!-- \/ Yoast SEO Premium plugin. -->","yoast_head_json":{"title":"Dados pessoais | Carlton International","description":"Carlton International's personal data policy.","robots":{"index":"index","follow":"follow","max-snippet":"max-snippet:-1","max-image-preview":"max-image-preview:large","max-video-preview":"max-video-preview:-1"},"canonical":"https:\/\/www.carlton-international.com\/pt-pt\/dados-pessoais\/","og_locale":"pt_PT","og_type":"article","og_title":"Dados pessoais","og_description":"Carlton International's personal data policy.","og_url":"https:\/\/www.carlton-international.com\/pt-pt\/dados-pessoais\/","og_site_name":"Carlton International","article_publisher":"https:\/\/www.facebook.com\/CarltonInternationalRealEstate\/","article_modified_time":"2025-07-03T09:30:27+00:00","twitter_card":"summary_large_image","twitter_site":"@CarltonInter","twitter_misc":{"Tempo estimado de leitura":"4 minutos"},"schema":{"@context":"https:\/\/schema.org","@graph":[{"@type":"WebPage","@id":"https:\/\/www.carlton-international.com\/pt-pt\/dados-pessoais\/","url":"https:\/\/www.carlton-international.com\/pt-pt\/dados-pessoais\/","name":"Dados pessoais | Carlton International","isPartOf":{"@id":"https:\/\/www.carlton-international.com\/pt-pt\/#website"},"datePublished":"2023-04-11T13:00:14+00:00","dateModified":"2025-07-03T09:30:27+00:00","description":"Carlton International's personal data policy.","breadcrumb":{"@id":"https:\/\/www.carlton-international.com\/pt-pt\/dados-pessoais\/#breadcrumb"},"inLanguage":"pt-PT","potentialAction":[{"@type":"ReadAction","target":["https:\/\/www.carlton-international.com\/pt-pt\/dados-pessoais\/"]}]},{"@type":"BreadcrumbList","@id":"https:\/\/www.carlton-international.com\/pt-pt\/dados-pessoais\/#breadcrumb","itemListElement":[{"@type":"ListItem","position":1,"name":"Accueil","item":"https:\/\/www.carlton-international.com\/pt-pt\/"},{"@type":"ListItem","position":2,"name":"Dados pessoais"}]},{"@type":"WebSite","@id":"https:\/\/www.carlton-international.com\/pt-pt\/#website","url":"https:\/\/www.carlton-international.com\/pt-pt\/","name":"Carlton International","description":"Luxury Real Estate in France and Internationally","publisher":{"@id":"https:\/\/www.carlton-international.com\/pt-pt\/#organization"},"alternateName":"Carlton","potentialAction":[{"@type":"SearchAction","target":{"@type":"EntryPoint","urlTemplate":"https:\/\/www.carlton-international.com\/pt-pt\/?s={search_term_string}"},"query-input":{"@type":"PropertyValueSpecification","valueRequired":true,"valueName":"search_term_string"}}],"inLanguage":"pt-PT"},{"@type":"Organization","@id":"https:\/\/www.carlton-international.com\/pt-pt\/#organization","name":"Carlton International","alternateName":"Carlton","url":"https:\/\/www.carlton-international.com\/pt-pt\/","logo":{"@type":"ImageObject","inLanguage":"pt-PT","@id":"https:\/\/www.carlton-international.com\/pt-pt\/#\/schema\/logo\/image\/","url":"https:\/\/www.carlton-international.com\/wp-content\/uploads\/2024\/10\/logo-square-1.jpg","contentUrl":"https:\/\/www.carlton-international.com\/wp-content\/uploads\/2024\/10\/logo-square-1.jpg","width":240,"height":240,"caption":"Carlton International"},"image":{"@id":"https:\/\/www.carlton-international.com\/pt-pt\/#\/schema\/logo\/image\/"},"sameAs":["https:\/\/www.facebook.com\/CarltonInternationalRealEstate\/","https:\/\/x.com\/CarltonInter","https:\/\/www.instagram.com\/carlton.international\/","https:\/\/www.linkedin.com\/company\/carlton-international\/mycompany\/","https:\/\/www.youtube.com\/channel\/UC45DFaSawRRikZFLqr2C_XQ"]}]}},"_links":{"self":[{"href":"https:\/\/www.carlton-international.com\/pt-pt\/wp-json\/wp\/v2\/pages\/1152959","targetHints":{"allow":["GET"]}}],"collection":[{"href":"https:\/\/www.carlton-international.com\/pt-pt\/wp-json\/wp\/v2\/pages"}],"about":[{"href":"https:\/\/www.carlton-international.com\/pt-pt\/wp-json\/wp\/v2\/types\/page"}],"author":[{"embeddable":true,"href":"https:\/\/www.carlton-international.com\/pt-pt\/wp-json\/wp\/v2\/users\/3"}],"replies":[{"embeddable":true,"href":"https:\/\/www.carlton-international.com\/pt-pt\/wp-json\/wp\/v2\/comments?post=1152959"}],"version-history":[{"count":0,"href":"https:\/\/www.carlton-international.com\/pt-pt\/wp-json\/wp\/v2\/pages\/1152959\/revisions"}],"wp:attachment":[{"href":"https:\/\/www.carlton-international.com\/pt-pt\/wp-json\/wp\/v2\/media?parent=1152959"}],"curies":[{"name":"wp","href":"https:\/\/api.w.org\/{rel}","templated":true}]}}