{"id":1152958,"date":"2023-04-11T15:00:25","date_gmt":"2023-04-11T13:00:25","guid":{"rendered":"https:\/\/www.carlton-international.com\/cookie-policy\/"},"modified":"2025-07-03T11:32:11","modified_gmt":"2025-07-03T09:32:11","slug":"cookie-policy","status":"publish","type":"page","link":"https:\/\/www.carlton-international.com\/pt-pt\/cookie-policy\/","title":{"rendered":"Cookies"},"content":{"rendered":"\t\t<div data-elementor-type=\"wp-page\" data-elementor-id=\"1152958\" class=\"elementor elementor-1152958 elementor-931339\" data-elementor-post-type=\"page\">\n\t\t\t\t<div data-dce-background-image-url=\"https:\/\/www.carlton-international.com\/wp-content\/uploads\/2023\/03\/Groupe-143.jpg\" class=\"elementor-element elementor-element-3192e16 e-flex e-con-boxed e-con e-parent\" data-id=\"3192e16\" data-element_type=\"container\" data-settings=\"{&quot;background_background&quot;:&quot;classic&quot;,&quot;jet_parallax_layout_list&quot;:[]}\">\n\t\t\t\t\t<div class=\"e-con-inner\">\n\t\t\t\t<div class=\"elementor-element elementor-element-0856a54 elementor-widget elementor-widget-heading\" data-id=\"0856a54\" data-element_type=\"widget\" data-widget_type=\"heading.default\">\n\t\t\t\t\t<h1 class=\"elementor-heading-title elementor-size-default\">Cookies<\/h1>\t\t\t\t<\/div>\n\t\t\t\t\t<\/div>\n\t\t\t\t<\/div>\n\t\t<div class=\"elementor-element elementor-element-a3c92aa e-con-full e-flex e-con e-parent\" data-id=\"a3c92aa\" data-element_type=\"container\" data-settings=\"{&quot;jet_parallax_layout_list&quot;:[]}\">\n\t\t\t\t<div class=\"elementor-element elementor-element-1692474 elementor-widget elementor-widget-text-editor\" data-id=\"1692474\" data-element_type=\"widget\" data-widget_type=\"text-editor.default\">\n\t\t\t\t\t\t\t\t\t<h2 class=\"mentionLegales\" style=\"margin-top: 0px;\">O QUE \u00c9 UM COOKIE?<\/h2><p>Um cookie \u00e9 um pequeno ficheiro de texto que os sites web guardam no seu computador ou dispositivo m\u00f3vel quando os visita. Permite que esses sites memorizem as suas a\u00e7\u00f5es e prefer\u00eancias (nome de utilizador, idioma, tamanho dos caracteres e outras defini\u00e7\u00f5es de visualiza\u00e7\u00e3o) durante um determinado per\u00edodo de tempo, para que n\u00e3o tenha de voltar a introduzir essas informa\u00e7\u00f5es sempre que visitar esses sites ou navegar entre p\u00e1ginas.<\/p><h2 class=\"mentionLegales\">COMO POSSO DESATIVAR OS COOKIES?<\/h2><p>Pode controlar e\/ou eliminar os cookies conforme desejar. Para saber mais, consulte o site aboutcookies.org. Tem a possibilidade de apagar todos os cookies j\u00e1 armazenados no seu computador e configurar a maioria dos navegadores para que os bloqueiem. No entanto, nesse caso, poder\u00e1 ter de indicar manualmente algumas prefer\u00eancias sempre que visitar um site, e certos servi\u00e7os e funcionalidades poder\u00e3o n\u00e3o estar acess\u00edveis.<\/p><h2 class=\"mentionLegales\">PORQUE \u00c9 QUE A CARLTON UTILIZA COOKIES?<\/h2><p>A Carlton International utiliza cookies, nomeadamente para:<br \/>&#8211; Gerir as suas prefer\u00eancias durante a navega\u00e7\u00e3o no site<br \/>&#8211; Melhorar os nossos servi\u00e7os e permitir a medi\u00e7\u00e3o de audi\u00eancia<br \/>Outros cookies podem ser adicionados por aplica\u00e7\u00f5es de terceiros, como os bot\u00f5es de partilha das redes sociais.<\/p>\t\t\t\t\t\t\t\t<\/div>\n\t\t\t\t<\/div>\n\t\t\t\t<\/div>\n\t\t","protected":false},"excerpt":{"rendered":"<p>Cookies O QUE \u00c9 UM COOKIE? Um cookie \u00e9 um pequeno ficheiro de texto que os sites web guardam no seu computador ou dispositivo m\u00f3vel quando os visita. Permite que esses sites memorizem as suas a\u00e7\u00f5es e prefer\u00eancias (nome de utilizador, idioma, tamanho dos caracteres e outras defini\u00e7\u00f5es de visualiza\u00e7\u00e3o) durante um determinado per\u00edodo de [&hellip;]<\/p>\n","protected":false},"author":3,"featured_media":0,"parent":0,"menu_order":0,"comment_status":"closed","ping_status":"closed","template":"","meta":{"_acf_changed":false,"footnotes":"","_wp_rev_ctl_limit":""},"class_list":["post-1152958","page","type-page","status-publish","hentry"],"acf":[],"yoast_head":"<!-- This site is optimized with the Yoast SEO Premium plugin v20.11 (Yoast SEO v26.5) - https:\/\/yoast.com\/wordpress\/plugins\/seo\/ -->\n<title>Cookies | Carlton International<\/title>\n<meta name=\"description\" content=\"Carlton Internationals cookie policy.\" \/>\n<meta name=\"robots\" content=\"index, follow, max-snippet:-1, max-image-preview:large, max-video-preview:-1\" \/>\n<link rel=\"canonical\" href=\"https:\/\/www.carlton-international.com\/pt-pt\/cookie-policy\/\" \/>\n<meta property=\"og:locale\" content=\"pt_PT\" \/>\n<meta property=\"og:type\" content=\"article\" \/>\n<meta property=\"og:title\" content=\"Cookies\" \/>\n<meta property=\"og:description\" content=\"Carlton Internationals cookie policy.\" \/>\n<meta property=\"og:url\" content=\"https:\/\/www.carlton-international.com\/pt-pt\/cookie-policy\/\" \/>\n<meta property=\"og:site_name\" content=\"Carlton International\" \/>\n<meta property=\"article:publisher\" content=\"https:\/\/www.facebook.com\/CarltonInternationalRealEstate\/\" \/>\n<meta property=\"article:modified_time\" content=\"2025-07-03T09:32:11+00:00\" \/>\n<meta name=\"twitter:card\" content=\"summary_large_image\" \/>\n<meta name=\"twitter:site\" content=\"@CarltonInter\" \/>\n<meta name=\"twitter:label1\" content=\"Tempo estimado de leitura\" \/>\n\t<meta name=\"twitter:data1\" content=\"2 minutos\" \/>\n<script type=\"application\/ld+json\" class=\"yoast-schema-graph\">{\"@context\":\"https:\/\/schema.org\",\"@graph\":[{\"@type\":\"WebPage\",\"@id\":\"https:\/\/www.carlton-international.com\/pt-pt\/cookie-policy\/\",\"url\":\"https:\/\/www.carlton-international.com\/pt-pt\/cookie-policy\/\",\"name\":\"Cookies | Carlton International\",\"isPartOf\":{\"@id\":\"https:\/\/www.carlton-international.com\/pt-pt\/#website\"},\"datePublished\":\"2023-04-11T13:00:25+00:00\",\"dateModified\":\"2025-07-03T09:32:11+00:00\",\"description\":\"Carlton Internationals cookie policy.\",\"breadcrumb\":{\"@id\":\"https:\/\/www.carlton-international.com\/pt-pt\/cookie-policy\/#breadcrumb\"},\"inLanguage\":\"pt-PT\",\"potentialAction\":[{\"@type\":\"ReadAction\",\"target\":[\"https:\/\/www.carlton-international.com\/pt-pt\/cookie-policy\/\"]}]},{\"@type\":\"BreadcrumbList\",\"@id\":\"https:\/\/www.carlton-international.com\/pt-pt\/cookie-policy\/#breadcrumb\",\"itemListElement\":[{\"@type\":\"ListItem\",\"position\":1,\"name\":\"Accueil\",\"item\":\"https:\/\/www.carlton-international.com\/pt-pt\/\"},{\"@type\":\"ListItem\",\"position\":2,\"name\":\"Cookies\"}]},{\"@type\":\"WebSite\",\"@id\":\"https:\/\/www.carlton-international.com\/pt-pt\/#website\",\"url\":\"https:\/\/www.carlton-international.com\/pt-pt\/\",\"name\":\"Carlton International\",\"description\":\"Luxury Real Estate in France and Internationally\",\"publisher\":{\"@id\":\"https:\/\/www.carlton-international.com\/pt-pt\/#organization\"},\"alternateName\":\"Carlton\",\"potentialAction\":[{\"@type\":\"SearchAction\",\"target\":{\"@type\":\"EntryPoint\",\"urlTemplate\":\"https:\/\/www.carlton-international.com\/pt-pt\/?s={search_term_string}\"},\"query-input\":{\"@type\":\"PropertyValueSpecification\",\"valueRequired\":true,\"valueName\":\"search_term_string\"}}],\"inLanguage\":\"pt-PT\"},{\"@type\":\"Organization\",\"@id\":\"https:\/\/www.carlton-international.com\/pt-pt\/#organization\",\"name\":\"Carlton International\",\"alternateName\":\"Carlton\",\"url\":\"https:\/\/www.carlton-international.com\/pt-pt\/\",\"logo\":{\"@type\":\"ImageObject\",\"inLanguage\":\"pt-PT\",\"@id\":\"https:\/\/www.carlton-international.com\/pt-pt\/#\/schema\/logo\/image\/\",\"url\":\"https:\/\/www.carlton-international.com\/wp-content\/uploads\/2024\/10\/logo-square-1.jpg\",\"contentUrl\":\"https:\/\/www.carlton-international.com\/wp-content\/uploads\/2024\/10\/logo-square-1.jpg\",\"width\":240,\"height\":240,\"caption\":\"Carlton International\"},\"image\":{\"@id\":\"https:\/\/www.carlton-international.com\/pt-pt\/#\/schema\/logo\/image\/\"},\"sameAs\":[\"https:\/\/www.facebook.com\/CarltonInternationalRealEstate\/\",\"https:\/\/x.com\/CarltonInter\",\"https:\/\/www.instagram.com\/carlton.international\/\",\"https:\/\/www.linkedin.com\/company\/carlton-international\/mycompany\/\",\"https:\/\/www.youtube.com\/channel\/UC45DFaSawRRikZFLqr2C_XQ\"]}]}<\/script>\n<!-- \/ Yoast SEO Premium plugin. -->","yoast_head_json":{"title":"Cookies | Carlton International","description":"Carlton Internationals cookie policy.","robots":{"index":"index","follow":"follow","max-snippet":"max-snippet:-1","max-image-preview":"max-image-preview:large","max-video-preview":"max-video-preview:-1"},"canonical":"https:\/\/www.carlton-international.com\/pt-pt\/cookie-policy\/","og_locale":"pt_PT","og_type":"article","og_title":"Cookies","og_description":"Carlton Internationals cookie policy.","og_url":"https:\/\/www.carlton-international.com\/pt-pt\/cookie-policy\/","og_site_name":"Carlton International","article_publisher":"https:\/\/www.facebook.com\/CarltonInternationalRealEstate\/","article_modified_time":"2025-07-03T09:32:11+00:00","twitter_card":"summary_large_image","twitter_site":"@CarltonInter","twitter_misc":{"Tempo estimado de leitura":"2 minutos"},"schema":{"@context":"https:\/\/schema.org","@graph":[{"@type":"WebPage","@id":"https:\/\/www.carlton-international.com\/pt-pt\/cookie-policy\/","url":"https:\/\/www.carlton-international.com\/pt-pt\/cookie-policy\/","name":"Cookies | Carlton International","isPartOf":{"@id":"https:\/\/www.carlton-international.com\/pt-pt\/#website"},"datePublished":"2023-04-11T13:00:25+00:00","dateModified":"2025-07-03T09:32:11+00:00","description":"Carlton Internationals cookie policy.","breadcrumb":{"@id":"https:\/\/www.carlton-international.com\/pt-pt\/cookie-policy\/#breadcrumb"},"inLanguage":"pt-PT","potentialAction":[{"@type":"ReadAction","target":["https:\/\/www.carlton-international.com\/pt-pt\/cookie-policy\/"]}]},{"@type":"BreadcrumbList","@id":"https:\/\/www.carlton-international.com\/pt-pt\/cookie-policy\/#breadcrumb","itemListElement":[{"@type":"ListItem","position":1,"name":"Accueil","item":"https:\/\/www.carlton-international.com\/pt-pt\/"},{"@type":"ListItem","position":2,"name":"Cookies"}]},{"@type":"WebSite","@id":"https:\/\/www.carlton-international.com\/pt-pt\/#website","url":"https:\/\/www.carlton-international.com\/pt-pt\/","name":"Carlton International","description":"Luxury Real Estate in France and Internationally","publisher":{"@id":"https:\/\/www.carlton-international.com\/pt-pt\/#organization"},"alternateName":"Carlton","potentialAction":[{"@type":"SearchAction","target":{"@type":"EntryPoint","urlTemplate":"https:\/\/www.carlton-international.com\/pt-pt\/?s={search_term_string}"},"query-input":{"@type":"PropertyValueSpecification","valueRequired":true,"valueName":"search_term_string"}}],"inLanguage":"pt-PT"},{"@type":"Organization","@id":"https:\/\/www.carlton-international.com\/pt-pt\/#organization","name":"Carlton International","alternateName":"Carlton","url":"https:\/\/www.carlton-international.com\/pt-pt\/","logo":{"@type":"ImageObject","inLanguage":"pt-PT","@id":"https:\/\/www.carlton-international.com\/pt-pt\/#\/schema\/logo\/image\/","url":"https:\/\/www.carlton-international.com\/wp-content\/uploads\/2024\/10\/logo-square-1.jpg","contentUrl":"https:\/\/www.carlton-international.com\/wp-content\/uploads\/2024\/10\/logo-square-1.jpg","width":240,"height":240,"caption":"Carlton International"},"image":{"@id":"https:\/\/www.carlton-international.com\/pt-pt\/#\/schema\/logo\/image\/"},"sameAs":["https:\/\/www.facebook.com\/CarltonInternationalRealEstate\/","https:\/\/x.com\/CarltonInter","https:\/\/www.instagram.com\/carlton.international\/","https:\/\/www.linkedin.com\/company\/carlton-international\/mycompany\/","https:\/\/www.youtube.com\/channel\/UC45DFaSawRRikZFLqr2C_XQ"]}]}},"_links":{"self":[{"href":"https:\/\/www.carlton-international.com\/pt-pt\/wp-json\/wp\/v2\/pages\/1152958","targetHints":{"allow":["GET"]}}],"collection":[{"href":"https:\/\/www.carlton-international.com\/pt-pt\/wp-json\/wp\/v2\/pages"}],"about":[{"href":"https:\/\/www.carlton-international.com\/pt-pt\/wp-json\/wp\/v2\/types\/page"}],"author":[{"embeddable":true,"href":"https:\/\/www.carlton-international.com\/pt-pt\/wp-json\/wp\/v2\/users\/3"}],"replies":[{"embeddable":true,"href":"https:\/\/www.carlton-international.com\/pt-pt\/wp-json\/wp\/v2\/comments?post=1152958"}],"version-history":[{"count":0,"href":"https:\/\/www.carlton-international.com\/pt-pt\/wp-json\/wp\/v2\/pages\/1152958\/revisions"}],"wp:attachment":[{"href":"https:\/\/www.carlton-international.com\/pt-pt\/wp-json\/wp\/v2\/media?parent=1152958"}],"curies":[{"name":"wp","href":"https:\/\/api.w.org\/{rel}","templated":true}]}}