{"id":1152957,"date":"2023-04-11T15:20:10","date_gmt":"2023-04-11T13:20:10","guid":{"rendered":"https:\/\/www.carlton-international.com\/marketing-communication\/"},"modified":"2025-07-03T11:45:00","modified_gmt":"2025-07-03T09:45:00","slug":"marketing-communication","status":"publish","type":"page","link":"https:\/\/www.carlton-international.com\/pt-pt\/marketing-communication\/","title":{"rendered":"Marketing e Comunica\u00e7\u00e3o"},"content":{"rendered":"\t\t<div data-elementor-type=\"wp-page\" data-elementor-id=\"1152957\" class=\"elementor elementor-1152957 elementor-931357\" data-elementor-post-type=\"page\">\n\t\t\t\t<div class=\"elementor-element elementor-element-4aac9c0 e-flex e-con-boxed e-con e-parent\" data-id=\"4aac9c0\" data-element_type=\"container\" data-settings=\"{&quot;background_background&quot;:&quot;classic&quot;,&quot;jet_parallax_layout_list&quot;:[]}\">\n\t\t\t\t\t<div class=\"e-con-inner\">\n\t\t\t\t<div class=\"elementor-element elementor-element-ef57714 elementor-widget elementor-widget-heading\" data-id=\"ef57714\" data-element_type=\"widget\" data-widget_type=\"heading.default\">\n\t\t\t\t\t<h1 class=\"elementor-heading-title elementor-size-default\">Marketing e Comunica\u00e7\u00e3o<\/h1>\t\t\t\t<\/div>\n\t\t\t\t\t<\/div>\n\t\t\t\t<\/div>\n\t\t<div class=\"elementor-element elementor-element-3694e7c e-con-full e-flex e-con e-parent\" data-id=\"3694e7c\" data-element_type=\"container\" data-settings=\"{&quot;background_background&quot;:&quot;classic&quot;,&quot;jet_parallax_layout_list&quot;:[]}\">\n\t\t<div class=\"elementor-element elementor-element-92a0829 e-con-full e-flex e-con e-child\" data-id=\"92a0829\" data-element_type=\"container\" data-settings=\"{&quot;jet_parallax_layout_list&quot;:[]}\">\n\t\t\t\t<div class=\"elementor-element elementor-element-3d3d54f elementor-widget elementor-widget-image\" data-id=\"3d3d54f\" data-element_type=\"widget\" data-widget_type=\"image.default\">\n\t\t\t\t\t\t\t\t\t\t\t\t\t\t\t<img fetchpriority=\"high\" decoding=\"async\" width=\"657\" height=\"484\" src=\"https:\/\/www.carlton-international.com\/wp-content\/uploads\/2023\/04\/marketing_2.jpg\" class=\"attachment-large size-large wp-image-931362\" alt=\"\" srcset=\"https:\/\/www.carlton-international.com\/wp-content\/uploads\/2023\/04\/marketing_2.jpg 657w, https:\/\/www.carlton-international.com\/wp-content\/uploads\/2023\/04\/marketing_2-300x221.jpg 300w\" sizes=\"(max-width: 657px) 100vw, 657px\" \/>\t\t\t\t\t\t\t\t\t\t\t\t\t\t\t<\/div>\n\t\t\t\t<\/div>\n\t\t<div class=\"elementor-element elementor-element-9c39ab0 e-con-full e-flex e-con e-child\" data-id=\"9c39ab0\" data-element_type=\"container\" data-settings=\"{&quot;jet_parallax_layout_list&quot;:[]}\">\n\t\t\t\t<div class=\"elementor-element elementor-element-343ccfb elementor-widget elementor-widget-heading\" data-id=\"343ccfb\" data-element_type=\"widget\" data-widget_type=\"heading.default\">\n\t\t\t\t\t<h2 class=\"elementor-heading-title elementor-size-default\">CARLTON GROUP<\/h2>\t\t\t\t<\/div>\n\t\t\t\t<div class=\"elementor-element elementor-element-3e5fbb5 elementor-widget elementor-widget-text-editor\" data-id=\"3e5fbb5\" data-element_type=\"widget\" data-widget_type=\"text-editor.default\">\n\t\t\t\t\t\t\t\t\t<p data-start=\"123\" data-end=\"447\">Com vinte e cinco anos de experi\u00eancia no setor imobili\u00e1rio a n\u00edvel mundial e com uma especializa\u00e7\u00e3o particular na C\u00f4te d\u2019Azur, a Carlton International apresenta-lhe uma equipa de consultores qualificados, oriundos de todo o mundo, fluentes em ingl\u00eas, franc\u00eas, na maioria das l\u00ednguas europeias e escandinavas, russo e chin\u00eas.<\/p><p data-start=\"449\" data-end=\"818\">Para promover o nosso portf\u00f3lio, os nossos consultores contam com m\u00faltiplas plataformas digitais, uma colabora\u00e7\u00e3o estreita com ag\u00eancias imobili\u00e1rias internacionais de renome, acordos de parceria com intermedi\u00e1rios fi\u00e1veis em todo o mundo, bem como com bancos, Family Offices e consultores de investimento que desempenham um papel-chave na nossa estrat\u00e9gia de marketing.<\/p><p data-start=\"820\" data-end=\"1190\">A Carlton International est\u00e1 presente em feiras imobili\u00e1rias de prest\u00edgio nos principais centros econ\u00f3micos internacionais e foi escolhida para integrar o \u00abWho\u2019s Who\u00bb mundial de consultores em Imobili\u00e1rio de Luxo. A Carlton International faz parte da rede \u00abPrestige MLS\u00bb, uma parceria de ag\u00eancias imobili\u00e1rias que se dedicam exclusivamente a propriedades de alto padr\u00e3o.<\/p>\t\t\t\t\t\t\t\t<\/div>\n\t\t\t\t<\/div>\n\t\t\t\t<\/div>\n\t\t<div class=\"elementor-element elementor-element-ed2a0e2 e-con-full e-flex e-con e-parent\" data-id=\"ed2a0e2\" data-element_type=\"container\" data-settings=\"{&quot;background_background&quot;:&quot;classic&quot;,&quot;jet_parallax_layout_list&quot;:[]}\">\n\t\t<div class=\"elementor-element elementor-element-3b800c3 e-con-full e-flex e-con e-child\" data-id=\"3b800c3\" data-element_type=\"container\" data-settings=\"{&quot;jet_parallax_layout_list&quot;:[]}\">\n\t\t\t\t<div class=\"elementor-element elementor-element-ca77b12 elementor-widget elementor-widget-heading\" data-id=\"ca77b12\" data-element_type=\"widget\" data-widget_type=\"heading.default\">\n\t\t\t\t\t<h2 class=\"elementor-heading-title elementor-size-default\">Comunica\u00e7\u00e3o e Marketing<\/h2>\t\t\t\t<\/div>\n\t\t\t\t<div class=\"elementor-element elementor-element-61458e9 elementor-widget elementor-widget-text-editor\" data-id=\"61458e9\" data-element_type=\"widget\" data-widget_type=\"text-editor.default\">\n\t\t\t\t\t\t\t\t\t<p data-start=\"158\" data-end=\"582\"><strong>No cora\u00e7\u00e3o da Carlton International, viva uma experi\u00eancia imobili\u00e1ria verdadeiramente excecional!<\/strong> A nossa jovem e din\u00e2mica equipa de marketing acompanha-o em todas as etapas do seu projeto imobili\u00e1rio, quer pretenda vender, comprar ou arrendar. Composta por cinco especialistas apaixonadas, somos o seu aliado de confian\u00e7a na C\u00f4te d\u2019Azur, assegurando a m\u00e1xima visibilidade dos seus im\u00f3veis em Fran\u00e7a e a n\u00edvel internacional.<\/p><p data-start=\"584\" data-end=\"999\"><strong data-start=\"584\" data-end=\"614\">Porqu\u00ea escolher a Carlton?<\/strong> A nossa combina\u00e7\u00e3o \u00fanica de know-how e abordagem de marketing 360\u00b0 garante que o seu im\u00f3vel beneficia da melhor exposi\u00e7\u00e3o poss\u00edvel. Utilizamos uma gama inovadora de ferramentas digitais, desde newsletters segmentadas, v\u00eddeos profissionais com home staging, at\u00e9 campanhas patrocinadas nas redes sociais e plataformas imobili\u00e1rias \u2014 sem esquecer as publica\u00e7\u00f5es em revistas de prest\u00edgio.<\/p><p data-start=\"1001\" data-end=\"1350\">A for\u00e7a da Carlton reside na sua humanidade e no seu compromisso. A nossa equipa, com uma energia contagiante e um dom\u00ednio perfeito das tend\u00eancias atuais, esfor\u00e7a-se por superar as suas expectativas, oferecendo um servi\u00e7o verdadeiramente \u00e0 medida. Mais do que uma simples transa\u00e7\u00e3o imobili\u00e1ria, trata-se de uma colabora\u00e7\u00e3o, uma hist\u00f3ria, uma paix\u00e3o.<\/p>\t\t\t\t\t\t\t\t<\/div>\n\t\t\t\t<\/div>\n\t\t<div class=\"elementor-element elementor-element-cbfd484 e-con-full e-flex e-con e-child\" data-id=\"cbfd484\" data-element_type=\"container\" data-settings=\"{&quot;jet_parallax_layout_list&quot;:[]}\">\n\t\t\t\t<div class=\"elementor-element elementor-element-e2fd8f2 elementor-widget elementor-widget-image\" data-id=\"e2fd8f2\" data-element_type=\"widget\" data-widget_type=\"image.default\">\n\t\t\t\t\t\t\t\t\t\t\t\t\t\t\t<img decoding=\"async\" width=\"800\" height=\"800\" src=\"https:\/\/www.carlton-international.com\/wp-content\/uploads\/2023\/08\/marketing-immobilier-cote-dazur.jpg\" class=\"attachment-large size-large wp-image-946028\" alt=\"marketing immobilier cote d&#039;azur\" srcset=\"https:\/\/www.carlton-international.com\/wp-content\/uploads\/2023\/08\/marketing-immobilier-cote-dazur.jpg 1024w, https:\/\/www.carlton-international.com\/wp-content\/uploads\/2023\/08\/marketing-immobilier-cote-dazur-300x300.jpg 300w, https:\/\/www.carlton-international.com\/wp-content\/uploads\/2023\/08\/marketing-immobilier-cote-dazur-150x150.jpg 150w, https:\/\/www.carlton-international.com\/wp-content\/uploads\/2023\/08\/marketing-immobilier-cote-dazur-768x768.jpg 768w, https:\/\/www.carlton-international.com\/wp-content\/uploads\/2023\/08\/marketing-immobilier-cote-dazur-700x700.jpg 700w\" sizes=\"(max-width: 800px) 100vw, 800px\" \/>\t\t\t\t\t\t\t\t\t\t\t\t\t\t\t<\/div>\n\t\t\t\t<\/div>\n\t\t\t\t<\/div>\n\t\t\t\t<\/div>\n\t\t","protected":false},"excerpt":{"rendered":"<p>Marketing e Comunica\u00e7\u00e3o CARLTON GROUP Com vinte e cinco anos de experi\u00eancia no setor imobili\u00e1rio a n\u00edvel mundial e com uma especializa\u00e7\u00e3o particular na C\u00f4te d\u2019Azur, a Carlton International apresenta-lhe uma equipa de consultores qualificados, oriundos de todo o mundo, fluentes em ingl\u00eas, franc\u00eas, na maioria das l\u00ednguas europeias e escandinavas, russo e chin\u00eas. Para [&hellip;]<\/p>\n","protected":false},"author":2,"featured_media":0,"parent":0,"menu_order":0,"comment_status":"closed","ping_status":"closed","template":"","meta":{"_acf_changed":false,"footnotes":"","_wp_rev_ctl_limit":""},"class_list":["post-1152957","page","type-page","status-publish","hentry"],"acf":[],"yoast_head":"<!-- This site is optimized with the Yoast SEO Premium plugin v20.11 (Yoast SEO v26.5) - https:\/\/yoast.com\/wordpress\/plugins\/seo\/ -->\n<title>Marketing e Comunica\u00e7\u00e3o - Carlton International<\/title>\n<meta name=\"robots\" content=\"index, follow, max-snippet:-1, max-image-preview:large, max-video-preview:-1\" \/>\n<link rel=\"canonical\" href=\"https:\/\/www.carlton-international.com\/pt-pt\/marketing-communication\/\" \/>\n<meta property=\"og:locale\" content=\"pt_PT\" \/>\n<meta property=\"og:type\" content=\"article\" \/>\n<meta property=\"og:title\" content=\"Marketing e Comunica\u00e7\u00e3o\" \/>\n<meta property=\"og:url\" content=\"https:\/\/www.carlton-international.com\/pt-pt\/marketing-communication\/\" \/>\n<meta property=\"og:site_name\" content=\"Carlton International\" \/>\n<meta property=\"article:publisher\" content=\"https:\/\/www.facebook.com\/CarltonInternationalRealEstate\/\" \/>\n<meta property=\"article:modified_time\" content=\"2025-07-03T09:45:00+00:00\" \/>\n<meta property=\"og:image\" content=\"https:\/\/www.carlton-international.com\/wp-content\/uploads\/2023\/04\/marketing_2.jpg\" \/>\n<meta name=\"twitter:card\" content=\"summary_large_image\" \/>\n<meta name=\"twitter:site\" content=\"@CarltonInter\" \/>\n<meta name=\"twitter:label1\" content=\"Tempo estimado de leitura\" \/>\n\t<meta name=\"twitter:data1\" content=\"2 minutos\" \/>\n<script type=\"application\/ld+json\" class=\"yoast-schema-graph\">{\"@context\":\"https:\/\/schema.org\",\"@graph\":[{\"@type\":\"WebPage\",\"@id\":\"https:\/\/www.carlton-international.com\/pt-pt\/marketing-communication\/\",\"url\":\"https:\/\/www.carlton-international.com\/pt-pt\/marketing-communication\/\",\"name\":\"Marketing e Comunica\u00e7\u00e3o - Carlton International\",\"isPartOf\":{\"@id\":\"https:\/\/www.carlton-international.com\/pt-pt\/#website\"},\"primaryImageOfPage\":{\"@id\":\"https:\/\/www.carlton-international.com\/pt-pt\/marketing-communication\/#primaryimage\"},\"image\":{\"@id\":\"https:\/\/www.carlton-international.com\/pt-pt\/marketing-communication\/#primaryimage\"},\"thumbnailUrl\":\"https:\/\/www.carlton-international.com\/wp-content\/uploads\/2023\/04\/marketing_2.jpg\",\"datePublished\":\"2023-04-11T13:20:10+00:00\",\"dateModified\":\"2025-07-03T09:45:00+00:00\",\"breadcrumb\":{\"@id\":\"https:\/\/www.carlton-international.com\/pt-pt\/marketing-communication\/#breadcrumb\"},\"inLanguage\":\"pt-PT\",\"potentialAction\":[{\"@type\":\"ReadAction\",\"target\":[\"https:\/\/www.carlton-international.com\/pt-pt\/marketing-communication\/\"]}]},{\"@type\":\"ImageObject\",\"inLanguage\":\"pt-PT\",\"@id\":\"https:\/\/www.carlton-international.com\/pt-pt\/marketing-communication\/#primaryimage\",\"url\":\"https:\/\/www.carlton-international.com\/wp-content\/uploads\/2023\/04\/marketing_2.jpg\",\"contentUrl\":\"https:\/\/www.carlton-international.com\/wp-content\/uploads\/2023\/04\/marketing_2.jpg\"},{\"@type\":\"BreadcrumbList\",\"@id\":\"https:\/\/www.carlton-international.com\/pt-pt\/marketing-communication\/#breadcrumb\",\"itemListElement\":[{\"@type\":\"ListItem\",\"position\":1,\"name\":\"Accueil\",\"item\":\"https:\/\/www.carlton-international.com\/pt-pt\/\"},{\"@type\":\"ListItem\",\"position\":2,\"name\":\"Marketing e Comunica\u00e7\u00e3o\"}]},{\"@type\":\"WebSite\",\"@id\":\"https:\/\/www.carlton-international.com\/pt-pt\/#website\",\"url\":\"https:\/\/www.carlton-international.com\/pt-pt\/\",\"name\":\"Carlton International\",\"description\":\"Luxury Real Estate in France and Internationally\",\"publisher\":{\"@id\":\"https:\/\/www.carlton-international.com\/pt-pt\/#organization\"},\"alternateName\":\"Carlton\",\"potentialAction\":[{\"@type\":\"SearchAction\",\"target\":{\"@type\":\"EntryPoint\",\"urlTemplate\":\"https:\/\/www.carlton-international.com\/pt-pt\/?s={search_term_string}\"},\"query-input\":{\"@type\":\"PropertyValueSpecification\",\"valueRequired\":true,\"valueName\":\"search_term_string\"}}],\"inLanguage\":\"pt-PT\"},{\"@type\":\"Organization\",\"@id\":\"https:\/\/www.carlton-international.com\/pt-pt\/#organization\",\"name\":\"Carlton International\",\"alternateName\":\"Carlton\",\"url\":\"https:\/\/www.carlton-international.com\/pt-pt\/\",\"logo\":{\"@type\":\"ImageObject\",\"inLanguage\":\"pt-PT\",\"@id\":\"https:\/\/www.carlton-international.com\/pt-pt\/#\/schema\/logo\/image\/\",\"url\":\"https:\/\/www.carlton-international.com\/wp-content\/uploads\/2024\/10\/logo-square-1.jpg\",\"contentUrl\":\"https:\/\/www.carlton-international.com\/wp-content\/uploads\/2024\/10\/logo-square-1.jpg\",\"width\":240,\"height\":240,\"caption\":\"Carlton International\"},\"image\":{\"@id\":\"https:\/\/www.carlton-international.com\/pt-pt\/#\/schema\/logo\/image\/\"},\"sameAs\":[\"https:\/\/www.facebook.com\/CarltonInternationalRealEstate\/\",\"https:\/\/x.com\/CarltonInter\",\"https:\/\/www.instagram.com\/carlton.international\/\",\"https:\/\/www.linkedin.com\/company\/carlton-international\/mycompany\/\",\"https:\/\/www.youtube.com\/channel\/UC45DFaSawRRikZFLqr2C_XQ\"]}]}<\/script>\n<!-- \/ Yoast SEO Premium plugin. -->","yoast_head_json":{"title":"Marketing e Comunica\u00e7\u00e3o - Carlton International","robots":{"index":"index","follow":"follow","max-snippet":"max-snippet:-1","max-image-preview":"max-image-preview:large","max-video-preview":"max-video-preview:-1"},"canonical":"https:\/\/www.carlton-international.com\/pt-pt\/marketing-communication\/","og_locale":"pt_PT","og_type":"article","og_title":"Marketing e Comunica\u00e7\u00e3o","og_url":"https:\/\/www.carlton-international.com\/pt-pt\/marketing-communication\/","og_site_name":"Carlton International","article_publisher":"https:\/\/www.facebook.com\/CarltonInternationalRealEstate\/","article_modified_time":"2025-07-03T09:45:00+00:00","og_image":[{"url":"https:\/\/www.carlton-international.com\/wp-content\/uploads\/2023\/04\/marketing_2.jpg","type":"","width":"","height":""}],"twitter_card":"summary_large_image","twitter_site":"@CarltonInter","twitter_misc":{"Tempo estimado de leitura":"2 minutos"},"schema":{"@context":"https:\/\/schema.org","@graph":[{"@type":"WebPage","@id":"https:\/\/www.carlton-international.com\/pt-pt\/marketing-communication\/","url":"https:\/\/www.carlton-international.com\/pt-pt\/marketing-communication\/","name":"Marketing e Comunica\u00e7\u00e3o - Carlton International","isPartOf":{"@id":"https:\/\/www.carlton-international.com\/pt-pt\/#website"},"primaryImageOfPage":{"@id":"https:\/\/www.carlton-international.com\/pt-pt\/marketing-communication\/#primaryimage"},"image":{"@id":"https:\/\/www.carlton-international.com\/pt-pt\/marketing-communication\/#primaryimage"},"thumbnailUrl":"https:\/\/www.carlton-international.com\/wp-content\/uploads\/2023\/04\/marketing_2.jpg","datePublished":"2023-04-11T13:20:10+00:00","dateModified":"2025-07-03T09:45:00+00:00","breadcrumb":{"@id":"https:\/\/www.carlton-international.com\/pt-pt\/marketing-communication\/#breadcrumb"},"inLanguage":"pt-PT","potentialAction":[{"@type":"ReadAction","target":["https:\/\/www.carlton-international.com\/pt-pt\/marketing-communication\/"]}]},{"@type":"ImageObject","inLanguage":"pt-PT","@id":"https:\/\/www.carlton-international.com\/pt-pt\/marketing-communication\/#primaryimage","url":"https:\/\/www.carlton-international.com\/wp-content\/uploads\/2023\/04\/marketing_2.jpg","contentUrl":"https:\/\/www.carlton-international.com\/wp-content\/uploads\/2023\/04\/marketing_2.jpg"},{"@type":"BreadcrumbList","@id":"https:\/\/www.carlton-international.com\/pt-pt\/marketing-communication\/#breadcrumb","itemListElement":[{"@type":"ListItem","position":1,"name":"Accueil","item":"https:\/\/www.carlton-international.com\/pt-pt\/"},{"@type":"ListItem","position":2,"name":"Marketing e Comunica\u00e7\u00e3o"}]},{"@type":"WebSite","@id":"https:\/\/www.carlton-international.com\/pt-pt\/#website","url":"https:\/\/www.carlton-international.com\/pt-pt\/","name":"Carlton International","description":"Luxury Real Estate in France and Internationally","publisher":{"@id":"https:\/\/www.carlton-international.com\/pt-pt\/#organization"},"alternateName":"Carlton","potentialAction":[{"@type":"SearchAction","target":{"@type":"EntryPoint","urlTemplate":"https:\/\/www.carlton-international.com\/pt-pt\/?s={search_term_string}"},"query-input":{"@type":"PropertyValueSpecification","valueRequired":true,"valueName":"search_term_string"}}],"inLanguage":"pt-PT"},{"@type":"Organization","@id":"https:\/\/www.carlton-international.com\/pt-pt\/#organization","name":"Carlton International","alternateName":"Carlton","url":"https:\/\/www.carlton-international.com\/pt-pt\/","logo":{"@type":"ImageObject","inLanguage":"pt-PT","@id":"https:\/\/www.carlton-international.com\/pt-pt\/#\/schema\/logo\/image\/","url":"https:\/\/www.carlton-international.com\/wp-content\/uploads\/2024\/10\/logo-square-1.jpg","contentUrl":"https:\/\/www.carlton-international.com\/wp-content\/uploads\/2024\/10\/logo-square-1.jpg","width":240,"height":240,"caption":"Carlton International"},"image":{"@id":"https:\/\/www.carlton-international.com\/pt-pt\/#\/schema\/logo\/image\/"},"sameAs":["https:\/\/www.facebook.com\/CarltonInternationalRealEstate\/","https:\/\/x.com\/CarltonInter","https:\/\/www.instagram.com\/carlton.international\/","https:\/\/www.linkedin.com\/company\/carlton-international\/mycompany\/","https:\/\/www.youtube.com\/channel\/UC45DFaSawRRikZFLqr2C_XQ"]}]}},"jetpack_sharing_enabled":true,"_links":{"self":[{"href":"https:\/\/www.carlton-international.com\/pt-pt\/wp-json\/wp\/v2\/pages\/1152957","targetHints":{"allow":["GET"]}}],"collection":[{"href":"https:\/\/www.carlton-international.com\/pt-pt\/wp-json\/wp\/v2\/pages"}],"about":[{"href":"https:\/\/www.carlton-international.com\/pt-pt\/wp-json\/wp\/v2\/types\/page"}],"author":[{"embeddable":true,"href":"https:\/\/www.carlton-international.com\/pt-pt\/wp-json\/wp\/v2\/users\/2"}],"replies":[{"embeddable":true,"href":"https:\/\/www.carlton-international.com\/pt-pt\/wp-json\/wp\/v2\/comments?post=1152957"}],"version-history":[{"count":0,"href":"https:\/\/www.carlton-international.com\/pt-pt\/wp-json\/wp\/v2\/pages\/1152957\/revisions"}],"wp:attachment":[{"href":"https:\/\/www.carlton-international.com\/pt-pt\/wp-json\/wp\/v2\/media?parent=1152957"}],"curies":[{"name":"wp","href":"https:\/\/api.w.org\/{rel}","templated":true}]}}