{"id":1152921,"date":"2023-06-06T16:27:05","date_gmt":"2023-06-06T14:27:05","guid":{"rendered":"https:\/\/www.carlton-international.com\/international-luxury-real-estate\/"},"modified":"2025-06-27T10:34:20","modified_gmt":"2025-06-27T08:34:20","slug":"international","status":"publish","type":"page","link":"https:\/\/www.carlton-international.com\/pt-pt\/venda\/international\/","title":{"rendered":"International"},"content":{"rendered":"\t\t<div data-elementor-type=\"wp-page\" data-elementor-id=\"1152921\" class=\"elementor elementor-1152921 elementor-933089\" data-elementor-post-type=\"page\">\n\t\t\t\t<div class=\"elementor-element elementor-element-7a9634d e-flex e-con-boxed e-con e-parent\" data-id=\"7a9634d\" data-element_type=\"container\" data-settings=\"{&quot;background_background&quot;:&quot;classic&quot;,&quot;jet_parallax_layout_list&quot;:[]}\">\n\t\t\t\t\t<div class=\"e-con-inner\">\n\t\t\t\t<div class=\"elementor-element elementor-element-eb0326c elementor-widget elementor-widget-heading\" data-id=\"eb0326c\" data-element_type=\"widget\" data-widget_type=\"heading.default\">\n\t\t\t\t\t<h1 class=\"elementor-heading-title elementor-size-default\">International<\/h1>\t\t\t\t<\/div>\n\t\t\t\t\t<\/div>\n\t\t\t\t<\/div>\n\t\t<div class=\"elementor-element elementor-element-b7abb3a contentpd30 hidden_live e-flex e-con-boxed e-con e-parent\" data-id=\"b7abb3a\" data-element_type=\"container\" data-settings=\"{&quot;jet_parallax_layout_list&quot;:[]}\">\n\t\t\t\t\t<div class=\"e-con-inner\">\n\t\t\t\t<div class=\"elementor-element elementor-element-7f8ecc9 elementor-widget elementor-widget-text-editor\" data-id=\"7f8ecc9\" data-element_type=\"widget\" data-widget_type=\"text-editor.default\">\n\t\t\t\t\t\t\t\t\t<ul>\n \t<li><a href=\"\/pt-pt\/venda\/international\/ile-maurice\/\">\u00cele Maurice<\/a><\/li>\n<\/ul>\t\t\t\t\t\t\t\t<\/div>\n\t\t\t\t\t<\/div>\n\t\t\t\t<\/div>\n\t\t\t\t<section class=\"elementor-section elementor-top-section elementor-element elementor-element-792e6aa7 elementor-section-boxed elementor-section-height-default elementor-section-height-default\" data-id=\"792e6aa7\" data-element_type=\"section\" data-settings=\"{&quot;jet_parallax_layout_list&quot;:[]}\">\n\t\t\t\t\t\t<div class=\"elementor-container elementor-column-gap-default\">\n\t\t\t\t\t<div class=\"elementor-column elementor-col-100 elementor-top-column elementor-element elementor-element-4ab2cffd\" data-id=\"4ab2cffd\" data-element_type=\"column\">\n\t\t\t<div class=\"elementor-widget-wrap elementor-element-populated\">\n\t\t\t\t\t\t<div class=\"elementor-element elementor-element-3f80d67 elementor-widget elementor-widget-shortcode\" data-id=\"3f80d67\" data-element_type=\"widget\" data-widget_type=\"shortcode.default\">\n\t\t\t\t\t\t\t<div class=\"elementor-shortcode\">    <div class=\"ci-dis-ads_wrapper\" data-id-page=\"1152921\" id=\"ci-ads-results\">\n                <!-- TOTAL RESULTS -->\n        <div class=\"ci-dis-ads_total_results aa\">\n            <div class=\"ci-dis-description_contact_results a2345 1152921\">\n            \n                <p>\n                <a href=\"https:\/\/www.carlton-international.com\/pt-pt\/venda\/\">venda<\/a> &gt; <a href=\"https:\/\/www.carlton-international.com\/pt-pt\/venda\/international\/\">international<\/a> &gt; <span data-id=\"1152921\">0 r\u00e9sultat<\/span>                <\/p>\n                            <\/div>\n        <\/div>\n                    <!-- HEADER -->\n            <div class=\"ci-dis-ads_header\">\n                <!-- PAGINATION -->\n                <div class=\"ci-dis-ads_pagination\">\n                                    <\/div>\n                <!-- SORT -->\n\n                                    <div class=\"ci-dis-ads_sort\">\n                                            <\/div>\n                    <!-- DISPLAY -->\n                    <div class=\"ci-dis-ads_disp\">\n                                            <\/div>\n                            <\/div>\n                <!-- CONTENT -->\n        <div class=\"ci-dis-ads_content ci-disp-grid\">\n                                                                    <div class=\"ci-dis-ads_content-empty s1\" style=\"display: flex;\">\n                                        <p class=\"ci-dis-ads_content-empty_text\"><\/p>\n                                        <div><div>\n<div>Muitos im\u00f3veis correspondentes \u00e0 sua pesquisa s\u00e3o comercializados de forma <strong>estritamente confidencial, em regime off-market, diretamente pelas nossas equipas.<\/strong><\/div>\n<div>Convidamo-lo a <strong>contactar a ag\u00eancia Carlton International correspondente ao endere\u00e7o procurado<\/strong> para ter acesso a estas oportunidades exclusivas :\u00a0<a href=\"https:\/\/www.carlton-international.com\/pt-pt\/contacte-nos\/\">https:\/\/www.carlton-international.com\/pt-pt\/contacte-nos\/<\/a><\/div>\n<\/div>\n<\/div>\n                                    <\/div>\n                                                            \n                                                <\/div>\n        <!-- FOOTER -->\n        <div class=\"ci-dis-ads_footer\">\n            <!-- PAGINATION -->\n            <div class=\"ci-dis-ads_pagination\">\n                            <\/div>\n        <\/div>\n                 <\/div>\n<\/div>\n\t\t\t\t\t\t<\/div>\n\t\t\t\t<div class=\"elementor-element elementor-element-8141f63 description elementor-widget elementor-widget-text-editor\" data-id=\"8141f63\" data-element_type=\"widget\" data-widget_type=\"text-editor.default\">\n\t\t\t\t\t\t\t\t\t<h2 style=\"text-align: left\">Propriedades \u00e0 venda a n\u00edvel internacional<\/h2>\n<p>Descubra a nossa sele\u00e7\u00e3o exclusiva de propriedades de luxo \u00e0 venda a n\u00edvel internacional com a Carlton International. Explore destinos prestigiados em todo o mundo e encontre a resid\u00eancia dos seus sonhos. Confie na nossa experi\u00eancia em imobili\u00e1rio de luxo para concretizar o seu projeto imobili\u00e1rio \u00e0 escala internacional.<\/p>\n<p>Descubra a nossa sele\u00e7\u00e3o exclusiva de propriedades de luxo \u00e0 venda a n\u00edvel internacional com a Carlton International. Quer procure uma villa sumptuosa, um apartamento de prest\u00edgio ou uma propriedade \u00fanica, temos op\u00e7\u00f5es excecionais em destinos de renome em todo o mundo.<\/p>\n<h3>Explore destinos prestigiados em todo o mundo<\/h3>\n<p>Mergulhe nos destinos prestigiados que propomos em todo o mundo. Desde as praias paradis\u00edacas das Cara\u00edbas \u00e0s metr\u00f3poles din\u00e2micas da Am\u00e9rica do Norte, da Europa refinada ao exotismo da \u00c1sia, o nosso portef\u00f3lio de propriedades \u00e0 venda oferece-lhe uma diversidade de escolhas incompar\u00e1vel.<\/p>\n<h3>A nossa experi\u00eancia em imobili\u00e1rio de luxo ao seu servi\u00e7o<\/h3>\n<p>Confie na Carlton International e na nossa experi\u00eancia em imobili\u00e1rio de luxo para o acompanhar no seu projeto imobili\u00e1rio internacional. A nossa equipa dedicada possui um conhecimento aprofundado do mercado mundial de im\u00f3veis de prest\u00edgio e fornecer\u00e1 conselhos especializados para o ajudar a concretizar o seu investimento com total confian\u00e7a.<\/p>\n<h3>Encontre a resid\u00eancia dos seus sonhos<\/h3>\n<p>Explore agora a nossa sele\u00e7\u00e3o de propriedades de luxo \u00e0 venda a n\u00edvel internacional e encontre a resid\u00eancia dos seus sonhos. Quer esteja \u00e0 procura de uma villa \u00e0 beira-mar, de uma resid\u00eancia urbana elegante ou de um retiro tranquilo no campo, temos op\u00e7\u00f5es que ir\u00e3o satisfazer as suas aspira\u00e7\u00f5es mais elevadas.<\/p>\n<p>N\u00e3o hesite em aproveitar a nossa experi\u00eancia e descobrir as oportunidades imobili\u00e1rias excecionais a n\u00edvel internacional com a Carlton International, o seu parceiro de confian\u00e7a no setor do imobili\u00e1rio de luxo.<\/p>\n\t\t\t\t\t\t\t\t<\/div>\n\t\t\t\t\t<\/div>\n\t\t<\/div>\n\t\t\t\t\t<\/div>\n\t\t<\/section>\n\t\t\t\t<\/div>\n\t\t","protected":false},"excerpt":{"rendered":"<p>\u00cele Maurice<\/p>\n","protected":false},"author":3,"featured_media":1152911,"parent":1152977,"menu_order":0,"comment_status":"closed","ping_status":"closed","template":"","meta":{"_acf_changed":false,"footnotes":"","_wp_rev_ctl_limit":""},"class_list":["post-1152921","page","type-page","status-publish","has-post-thumbnail","hentry"],"acf":[],"yoast_head":"<!-- This site is optimized with the Yoast SEO Premium plugin v20.11 (Yoast SEO v26.5) - https:\/\/yoast.com\/wordpress\/plugins\/seo\/ -->\n<title>International | Carlton International<\/title>\n<meta name=\"description\" content=\"Carlton International has access to a magnificent selection of global luxury real estate and high-end rental properties.\" \/>\n<meta name=\"robots\" content=\"index, follow, max-snippet:-1, max-image-preview:large, max-video-preview:-1\" \/>\n<link rel=\"canonical\" href=\"https:\/\/www.carlton-international.com\/pt-pt\/venda\/international\/\" \/>\n<meta property=\"og:locale\" content=\"pt_PT\" \/>\n<meta property=\"og:type\" content=\"article\" \/>\n<meta property=\"og:title\" content=\"International\" \/>\n<meta property=\"og:description\" content=\"Carlton International has access to a magnificent selection of global luxury real estate and high-end rental properties.\" \/>\n<meta property=\"og:url\" content=\"https:\/\/www.carlton-international.com\/pt-pt\/venda\/international\/\" \/>\n<meta property=\"og:site_name\" content=\"Carlton International\" \/>\n<meta property=\"article:publisher\" content=\"https:\/\/www.facebook.com\/CarltonInternationalRealEstate\/\" \/>\n<meta property=\"article:modified_time\" content=\"2025-06-27T08:34:20+00:00\" \/>\n<meta property=\"og:image\" content=\"https:\/\/www.carlton-international.com\/wp-content\/uploads\/2023\/07\/mauritius.jpeg\" \/>\n\t<meta property=\"og:image:width\" content=\"1668\" \/>\n\t<meta property=\"og:image:height\" content=\"1080\" \/>\n\t<meta property=\"og:image:type\" content=\"image\/jpeg\" \/>\n<meta name=\"twitter:card\" content=\"summary_large_image\" \/>\n<meta name=\"twitter:site\" content=\"@CarltonInter\" \/>\n<meta name=\"twitter:label1\" content=\"Tempo estimado de leitura\" \/>\n\t<meta name=\"twitter:data1\" content=\"2 minutos\" \/>\n<script type=\"application\/ld+json\" class=\"yoast-schema-graph\">{\"@context\":\"https:\/\/schema.org\",\"@graph\":[{\"@type\":\"WebPage\",\"@id\":\"https:\/\/www.carlton-international.com\/pt-pt\/venda\/international\/\",\"url\":\"https:\/\/www.carlton-international.com\/pt-pt\/venda\/international\/\",\"name\":\"International | Carlton International\",\"isPartOf\":{\"@id\":\"https:\/\/www.carlton-international.com\/pt-pt\/#website\"},\"primaryImageOfPage\":{\"@id\":\"https:\/\/www.carlton-international.com\/pt-pt\/venda\/international\/#primaryimage\"},\"image\":{\"@id\":\"https:\/\/www.carlton-international.com\/pt-pt\/venda\/international\/#primaryimage\"},\"thumbnailUrl\":\"https:\/\/www.carlton-international.com\/wp-content\/uploads\/2023\/07\/mauritius.jpeg\",\"datePublished\":\"2023-06-06T14:27:05+00:00\",\"dateModified\":\"2025-06-27T08:34:20+00:00\",\"description\":\"Carlton International has access to a magnificent selection of global luxury real estate and high-end rental properties.\",\"breadcrumb\":{\"@id\":\"https:\/\/www.carlton-international.com\/pt-pt\/venda\/international\/#breadcrumb\"},\"inLanguage\":\"pt-PT\",\"potentialAction\":[{\"@type\":\"ReadAction\",\"target\":[\"https:\/\/www.carlton-international.com\/pt-pt\/venda\/international\/\"]}]},{\"@type\":\"ImageObject\",\"inLanguage\":\"pt-PT\",\"@id\":\"https:\/\/www.carlton-international.com\/pt-pt\/venda\/international\/#primaryimage\",\"url\":\"https:\/\/www.carlton-international.com\/wp-content\/uploads\/2023\/07\/mauritius.jpeg\",\"contentUrl\":\"https:\/\/www.carlton-international.com\/wp-content\/uploads\/2023\/07\/mauritius.jpeg\",\"width\":1668,\"height\":1080},{\"@type\":\"BreadcrumbList\",\"@id\":\"https:\/\/www.carlton-international.com\/pt-pt\/venda\/international\/#breadcrumb\",\"itemListElement\":[{\"@type\":\"ListItem\",\"position\":1,\"name\":\"Accueil\",\"item\":\"https:\/\/www.carlton-international.com\/pt-pt\/\"},{\"@type\":\"ListItem\",\"position\":2,\"name\":\"Venda\",\"item\":\"https:\/\/www.carlton-international.com\/pt-pt\/venda\/\"},{\"@type\":\"ListItem\",\"position\":3,\"name\":\"International\"}]},{\"@type\":\"WebSite\",\"@id\":\"https:\/\/www.carlton-international.com\/pt-pt\/#website\",\"url\":\"https:\/\/www.carlton-international.com\/pt-pt\/\",\"name\":\"Carlton International\",\"description\":\"Luxury Real Estate in France and Internationally\",\"publisher\":{\"@id\":\"https:\/\/www.carlton-international.com\/pt-pt\/#organization\"},\"alternateName\":\"Carlton\",\"potentialAction\":[{\"@type\":\"SearchAction\",\"target\":{\"@type\":\"EntryPoint\",\"urlTemplate\":\"https:\/\/www.carlton-international.com\/pt-pt\/?s={search_term_string}\"},\"query-input\":{\"@type\":\"PropertyValueSpecification\",\"valueRequired\":true,\"valueName\":\"search_term_string\"}}],\"inLanguage\":\"pt-PT\"},{\"@type\":\"Organization\",\"@id\":\"https:\/\/www.carlton-international.com\/pt-pt\/#organization\",\"name\":\"Carlton International\",\"alternateName\":\"Carlton\",\"url\":\"https:\/\/www.carlton-international.com\/pt-pt\/\",\"logo\":{\"@type\":\"ImageObject\",\"inLanguage\":\"pt-PT\",\"@id\":\"https:\/\/www.carlton-international.com\/pt-pt\/#\/schema\/logo\/image\/\",\"url\":\"https:\/\/www.carlton-international.com\/wp-content\/uploads\/2024\/10\/logo-square-1.jpg\",\"contentUrl\":\"https:\/\/www.carlton-international.com\/wp-content\/uploads\/2024\/10\/logo-square-1.jpg\",\"width\":240,\"height\":240,\"caption\":\"Carlton International\"},\"image\":{\"@id\":\"https:\/\/www.carlton-international.com\/pt-pt\/#\/schema\/logo\/image\/\"},\"sameAs\":[\"https:\/\/www.facebook.com\/CarltonInternationalRealEstate\/\",\"https:\/\/x.com\/CarltonInter\",\"https:\/\/www.instagram.com\/carlton.international\/\",\"https:\/\/www.linkedin.com\/company\/carlton-international\/mycompany\/\",\"https:\/\/www.youtube.com\/channel\/UC45DFaSawRRikZFLqr2C_XQ\"]}]}<\/script>\n<!-- \/ Yoast SEO Premium plugin. -->","yoast_head_json":{"title":"International | Carlton International","description":"Carlton International has access to a magnificent selection of global luxury real estate and high-end rental properties.","robots":{"index":"index","follow":"follow","max-snippet":"max-snippet:-1","max-image-preview":"max-image-preview:large","max-video-preview":"max-video-preview:-1"},"canonical":"https:\/\/www.carlton-international.com\/pt-pt\/venda\/international\/","og_locale":"pt_PT","og_type":"article","og_title":"International","og_description":"Carlton International has access to a magnificent selection of global luxury real estate and high-end rental properties.","og_url":"https:\/\/www.carlton-international.com\/pt-pt\/venda\/international\/","og_site_name":"Carlton International","article_publisher":"https:\/\/www.facebook.com\/CarltonInternationalRealEstate\/","article_modified_time":"2025-06-27T08:34:20+00:00","og_image":[{"width":1668,"height":1080,"url":"https:\/\/www.carlton-international.com\/wp-content\/uploads\/2023\/07\/mauritius.jpeg","type":"image\/jpeg"}],"twitter_card":"summary_large_image","twitter_site":"@CarltonInter","twitter_misc":{"Tempo estimado de leitura":"2 minutos"},"schema":{"@context":"https:\/\/schema.org","@graph":[{"@type":"WebPage","@id":"https:\/\/www.carlton-international.com\/pt-pt\/venda\/international\/","url":"https:\/\/www.carlton-international.com\/pt-pt\/venda\/international\/","name":"International | Carlton International","isPartOf":{"@id":"https:\/\/www.carlton-international.com\/pt-pt\/#website"},"primaryImageOfPage":{"@id":"https:\/\/www.carlton-international.com\/pt-pt\/venda\/international\/#primaryimage"},"image":{"@id":"https:\/\/www.carlton-international.com\/pt-pt\/venda\/international\/#primaryimage"},"thumbnailUrl":"https:\/\/www.carlton-international.com\/wp-content\/uploads\/2023\/07\/mauritius.jpeg","datePublished":"2023-06-06T14:27:05+00:00","dateModified":"2025-06-27T08:34:20+00:00","description":"Carlton International has access to a magnificent selection of global luxury real estate and high-end rental properties.","breadcrumb":{"@id":"https:\/\/www.carlton-international.com\/pt-pt\/venda\/international\/#breadcrumb"},"inLanguage":"pt-PT","potentialAction":[{"@type":"ReadAction","target":["https:\/\/www.carlton-international.com\/pt-pt\/venda\/international\/"]}]},{"@type":"ImageObject","inLanguage":"pt-PT","@id":"https:\/\/www.carlton-international.com\/pt-pt\/venda\/international\/#primaryimage","url":"https:\/\/www.carlton-international.com\/wp-content\/uploads\/2023\/07\/mauritius.jpeg","contentUrl":"https:\/\/www.carlton-international.com\/wp-content\/uploads\/2023\/07\/mauritius.jpeg","width":1668,"height":1080},{"@type":"BreadcrumbList","@id":"https:\/\/www.carlton-international.com\/pt-pt\/venda\/international\/#breadcrumb","itemListElement":[{"@type":"ListItem","position":1,"name":"Accueil","item":"https:\/\/www.carlton-international.com\/pt-pt\/"},{"@type":"ListItem","position":2,"name":"Venda","item":"https:\/\/www.carlton-international.com\/pt-pt\/venda\/"},{"@type":"ListItem","position":3,"name":"International"}]},{"@type":"WebSite","@id":"https:\/\/www.carlton-international.com\/pt-pt\/#website","url":"https:\/\/www.carlton-international.com\/pt-pt\/","name":"Carlton International","description":"Luxury Real Estate in France and Internationally","publisher":{"@id":"https:\/\/www.carlton-international.com\/pt-pt\/#organization"},"alternateName":"Carlton","potentialAction":[{"@type":"SearchAction","target":{"@type":"EntryPoint","urlTemplate":"https:\/\/www.carlton-international.com\/pt-pt\/?s={search_term_string}"},"query-input":{"@type":"PropertyValueSpecification","valueRequired":true,"valueName":"search_term_string"}}],"inLanguage":"pt-PT"},{"@type":"Organization","@id":"https:\/\/www.carlton-international.com\/pt-pt\/#organization","name":"Carlton International","alternateName":"Carlton","url":"https:\/\/www.carlton-international.com\/pt-pt\/","logo":{"@type":"ImageObject","inLanguage":"pt-PT","@id":"https:\/\/www.carlton-international.com\/pt-pt\/#\/schema\/logo\/image\/","url":"https:\/\/www.carlton-international.com\/wp-content\/uploads\/2024\/10\/logo-square-1.jpg","contentUrl":"https:\/\/www.carlton-international.com\/wp-content\/uploads\/2024\/10\/logo-square-1.jpg","width":240,"height":240,"caption":"Carlton International"},"image":{"@id":"https:\/\/www.carlton-international.com\/pt-pt\/#\/schema\/logo\/image\/"},"sameAs":["https:\/\/www.facebook.com\/CarltonInternationalRealEstate\/","https:\/\/x.com\/CarltonInter","https:\/\/www.instagram.com\/carlton.international\/","https:\/\/www.linkedin.com\/company\/carlton-international\/mycompany\/","https:\/\/www.youtube.com\/channel\/UC45DFaSawRRikZFLqr2C_XQ"]}]}},"jetpack_sharing_enabled":true,"_links":{"self":[{"href":"https:\/\/www.carlton-international.com\/pt-pt\/wp-json\/wp\/v2\/pages\/1152921","targetHints":{"allow":["GET"]}}],"collection":[{"href":"https:\/\/www.carlton-international.com\/pt-pt\/wp-json\/wp\/v2\/pages"}],"about":[{"href":"https:\/\/www.carlton-international.com\/pt-pt\/wp-json\/wp\/v2\/types\/page"}],"author":[{"embeddable":true,"href":"https:\/\/www.carlton-international.com\/pt-pt\/wp-json\/wp\/v2\/users\/3"}],"replies":[{"embeddable":true,"href":"https:\/\/www.carlton-international.com\/pt-pt\/wp-json\/wp\/v2\/comments?post=1152921"}],"version-history":[{"count":0,"href":"https:\/\/www.carlton-international.com\/pt-pt\/wp-json\/wp\/v2\/pages\/1152921\/revisions"}],"up":[{"embeddable":true,"href":"https:\/\/www.carlton-international.com\/pt-pt\/wp-json\/wp\/v2\/pages\/1152977"}],"wp:featuredmedia":[{"embeddable":true,"href":"https:\/\/www.carlton-international.com\/pt-pt\/wp-json\/wp\/v2\/media\/1152911"}],"wp:attachment":[{"href":"https:\/\/www.carlton-international.com\/pt-pt\/wp-json\/wp\/v2\/media?parent=1152921"}],"curies":[{"name":"wp","href":"https:\/\/api.w.org\/{rel}","templated":true}]}}