{"id":1152865,"date":"2023-07-17T14:36:36","date_gmt":"2023-07-17T12:36:36","guid":{"rendered":"https:\/\/www.carlton-international.com\/luxury-villas-to-rent-in-the-greek-islands\/"},"modified":"2025-07-02T11:41:36","modified_gmt":"2025-07-02T09:41:36","slug":"grece","status":"publish","type":"page","link":"https:\/\/www.carlton-international.com\/pt-pt\/arrendamento\/grece\/","title":{"rendered":"Grece"},"content":{"rendered":"\t\t<div data-elementor-type=\"wp-page\" data-elementor-id=\"1152865\" class=\"elementor elementor-1152865 elementor-945293\" data-elementor-post-type=\"page\">\n\t\t\t\t<div data-dce-background-image-url=\"https:\/\/www.carlton-international.com\/wp-content\/uploads\/2023\/03\/destinations.jpg\" class=\"elementor-element elementor-element-7a9634d e-flex e-con-boxed e-con e-parent\" data-id=\"7a9634d\" data-element_type=\"container\" data-settings=\"{&quot;background_background&quot;:&quot;classic&quot;,&quot;jet_parallax_layout_list&quot;:[]}\">\n\t\t\t\t\t<div class=\"e-con-inner\">\n\t\t\t\t<div class=\"elementor-element elementor-element-eb0326c elementor-widget elementor-widget-heading\" data-id=\"eb0326c\" data-element_type=\"widget\" data-widget_type=\"heading.default\">\n\t\t\t\t\t<h1 class=\"elementor-heading-title elementor-size-default\">arrendamento: Greece<\/h1>\t\t\t\t<\/div>\n\t\t\t\t\t<\/div>\n\t\t\t\t<\/div>\n\t\t\t\t<section class=\"elementor-section elementor-top-section elementor-element elementor-element-792e6aa7 elementor-section-boxed elementor-section-height-default elementor-section-height-default\" data-id=\"792e6aa7\" data-element_type=\"section\" data-settings=\"{&quot;jet_parallax_layout_list&quot;:[]}\">\n\t\t\t\t\t\t<div class=\"elementor-container elementor-column-gap-default\">\n\t\t\t\t\t<div class=\"elementor-column elementor-col-100 elementor-top-column elementor-element elementor-element-4ab2cffd\" data-id=\"4ab2cffd\" data-element_type=\"column\">\n\t\t\t<div class=\"elementor-widget-wrap elementor-element-populated\">\n\t\t\t\t\t\t<div class=\"elementor-element elementor-element-3f80d67 elementor-widget elementor-widget-shortcode\" data-id=\"3f80d67\" data-element_type=\"widget\" data-widget_type=\"shortcode.default\">\n\t\t\t\t\t\t\t<div class=\"elementor-shortcode\">    <div class=\"ci-dis-ads_wrapper\" data-id-page=\"1152865\" id=\"ci-ads-results\">\n                <!-- TOTAL RESULTS -->\n        <div class=\"ci-dis-ads_total_results aa\">\n            <div class=\"ci-dis-description_contact_results a2345 1152865\">\n            \n                <p>\n                <a href=\"https:\/\/www.carlton-international.com\/pt-pt\/arrendamento\/\">arrendamento<\/a> &gt; <a href=\"https:\/\/www.carlton-international.com\/pt-pt\/arrendamento\/grece\/\">grece<\/a> &gt; <span data-id=\"1152865\">0 r\u00e9sultat<\/span>                <\/p>\n                            <\/div>\n        <\/div>\n                    <!-- HEADER -->\n            <div class=\"ci-dis-ads_header\">\n                <!-- PAGINATION -->\n                <div class=\"ci-dis-ads_pagination\">\n                                    <\/div>\n                <!-- SORT -->\n\n                                    <div class=\"ci-dis-ads_sort\">\n                                            <\/div>\n                    <!-- DISPLAY -->\n                    <div class=\"ci-dis-ads_disp\">\n                                            <\/div>\n                            <\/div>\n                <!-- CONTENT -->\n        <div class=\"ci-dis-ads_content ci-disp-grid\">\n                                                                    <div class=\"ci-dis-ads_content-empty s1\" style=\"display: flex;\">\n                                        <p class=\"ci-dis-ads_content-empty_text\"><\/p>\n                                        <div><div>\n<div>Muitos im\u00f3veis correspondentes \u00e0 sua pesquisa s\u00e3o comercializados de forma <strong>estritamente confidencial, em regime off-market, diretamente pelas nossas equipas.<\/strong><\/div>\n<div>Convidamo-lo a <strong>contactar a ag\u00eancia Carlton International correspondente ao endere\u00e7o procurado<\/strong> para ter acesso a estas oportunidades exclusivas :\u00a0<a href=\"https:\/\/www.carlton-international.com\/pt-pt\/contacte-nos\/\">https:\/\/www.carlton-international.com\/pt-pt\/contacte-nos\/<\/a><\/div>\n<\/div>\n<\/div>\n                                    <\/div>\n                                                            \n                                                <\/div>\n        <!-- FOOTER -->\n        <div class=\"ci-dis-ads_footer\">\n            <!-- PAGINATION -->\n            <div class=\"ci-dis-ads_pagination\">\n                            <\/div>\n        <\/div>\n                 <\/div>\n<\/div>\n\t\t\t\t\t\t<\/div>\n\t\t\t\t<div class=\"elementor-element elementor-element-4bdd926 description elementor-widget elementor-widget-text-editor\" data-id=\"4bdd926\" data-element_type=\"widget\" data-widget_type=\"text-editor.default\">\n\t\t\t\t\t\t\t\t\t<p><strong>Carlton International: Uma Estadia Grega Fora do Comum<\/strong><\/p>\n<p>A Gr\u00e9cia, terra de lendas, mar deslumbrante e cultura rica, revela-se a si atrav\u00e9s da Carlton International. Descubra as nossas <strong>moradias de luxo<\/strong> para arrendamento sazonal, idealmente situadas junto \u00e0s praias mais cobi\u00e7adas do pa\u00eds.<\/p>\n<p><strong>Praias M\u00edticas, Moradias de Exce\u00e7\u00e3o<\/strong><\/p>\n<ul>\n<li><strong>Ilhas preservadas<\/strong>: As nossas moradias est\u00e3o localizadas em destinos de elei\u00e7\u00e3o como Santorini, com as suas vistas de cortar a respira\u00e7\u00e3o, Mykonos, conhecida pela sua anima\u00e7\u00e3o, e Rodes, a magn\u00edfica. Cada moradia \u00e9 um ref\u00fagio de paz a poucos passos das \u00e1guas cristalinas do Mediterr\u00e2neo.<\/li>\n<li><strong>Eleg\u00e2ncia e Requinte<\/strong>: Cada <strong>moradia de luxo<\/strong> selecionada pela Carlton International reflete o charme grego, oferecendo ao mesmo tempo o auge do luxo moderno. Piscinas infinitas, terra\u00e7os com vista para o mar, interiores de design \u2013 cada detalhe foi pensado para o seu conforto.<\/li>\n<\/ul>\n<p><strong>Esplendores Gregos: Mykonos, Paros, Kerkira, Antiparos e Santorini<\/strong><\/p>\n<ul>\n<li><strong>Mykonos<\/strong>, com as suas ruelas caiadas e a vida noturna animada, \u00e9 o ponto de encontro dos amantes da festa e do charme aut\u00eantico. Paros encanta com as suas <strong>aldeias pitorescas<\/strong> e praias azul-turquesa. <strong>Kerkira<\/strong>, ou Corfu, combina majestuosamente hist\u00f3ria e paisagens verdejantes. <strong>Antiparos<\/strong>, mais discreta, oferece retiros tranquilos junto a enseadas douradas. E Santorini, famosa pelas suas vistas vertiginosas e <strong>p\u00f4r do sol<\/strong> inesquec\u00edvel, \u00e9 a quinta-ess\u00eancia do romantismo. Estas ilhas, cada uma \u00fanica, prometem estadias excecionais no cora\u00e7\u00e3o do luxo mediterr\u00e2nico.<\/li>\n<\/ul>\n<p><strong>A Experi\u00eancia da Carlton International ao Seu Servi\u00e7o<\/strong><\/p>\n<p>N\u00e3o nos limitamos a oferecer um simples arrendamento. A nossa equipa de <strong>especialistas<\/strong> est\u00e1 ao seu dispor para garantir uma estadia inesquec\u00edvel. Seja para conselhos de viagem, reservas exclusivas ou experi\u00eancias personalizadas na Gr\u00e9cia, estamos aqui para si.<\/p>\n<p>Navegue entre cultura, luxo e praias id\u00edlicas com a Carlton International. As nossas <strong>moradias de luxo<\/strong> na Gr\u00e9cia s\u00e3o o ponto de partida ideal para umas f\u00e9rias de exce\u00e7\u00e3o no cora\u00e7\u00e3o do Mediterr\u00e2neo.<\/p>\n\t\t\t\t\t\t\t\t<\/div>\n\t\t\t\t\t<\/div>\n\t\t<\/div>\n\t\t\t\t\t<\/div>\n\t\t<\/section>\n\t\t\t\t<\/div>\n\t\t","protected":false},"excerpt":{"rendered":"<p>COLLECTION : Greece<\/p>\n","protected":false},"author":3,"featured_media":1065804,"parent":1152882,"menu_order":0,"comment_status":"closed","ping_status":"closed","template":"","meta":{"_acf_changed":false,"footnotes":"","_wp_rev_ctl_limit":""},"class_list":["post-1152865","page","type-page","status-publish","has-post-thumbnail","hentry"],"acf":[],"yoast_head":"<!-- This site is optimized with the Yoast SEO Premium plugin v20.11 (Yoast SEO v26.5) - https:\/\/yoast.com\/wordpress\/plugins\/seo\/ -->\n<title>Grece | Carlton International<\/title>\n<meta name=\"description\" content=\"Rent Luxury Villas To Rent In The Greek Islands. Browse our collective of ultra privileged villas in Greece.\" \/>\n<meta name=\"robots\" content=\"index, follow, max-snippet:-1, max-image-preview:large, max-video-preview:-1\" \/>\n<link rel=\"canonical\" href=\"https:\/\/www.carlton-international.com\/pt-pt\/arrendamento\/grece\/\" \/>\n<meta property=\"og:locale\" content=\"pt_PT\" \/>\n<meta property=\"og:type\" content=\"article\" \/>\n<meta property=\"og:title\" content=\"Grece\" \/>\n<meta property=\"og:description\" content=\"Rent Luxury Villas To Rent In The Greek Islands. Browse our collective of ultra privileged villas in Greece.\" \/>\n<meta property=\"og:url\" content=\"https:\/\/www.carlton-international.com\/pt-pt\/arrendamento\/grece\/\" \/>\n<meta property=\"og:site_name\" content=\"Carlton International\" \/>\n<meta property=\"article:publisher\" content=\"https:\/\/www.facebook.com\/CarltonInternationalRealEstate\/\" \/>\n<meta property=\"article:modified_time\" content=\"2025-07-02T09:41:36+00:00\" \/>\n<meta property=\"og:image\" content=\"https:\/\/www.carlton-international.com\/wp-content\/uploads\/2023\/02\/grece.jpg\" \/>\n\t<meta property=\"og:image:width\" content=\"395\" \/>\n\t<meta property=\"og:image:height\" content=\"395\" \/>\n\t<meta property=\"og:image:type\" content=\"image\/jpeg\" \/>\n<meta name=\"twitter:card\" content=\"summary_large_image\" \/>\n<meta name=\"twitter:site\" content=\"@CarltonInter\" \/>\n<meta name=\"twitter:label1\" content=\"Tempo estimado de leitura\" \/>\n\t<meta name=\"twitter:data1\" content=\"2 minutos\" \/>\n<script type=\"application\/ld+json\" class=\"yoast-schema-graph\">{\"@context\":\"https:\/\/schema.org\",\"@graph\":[{\"@type\":\"WebPage\",\"@id\":\"https:\/\/www.carlton-international.com\/pt-pt\/arrendamento\/grece\/\",\"url\":\"https:\/\/www.carlton-international.com\/pt-pt\/arrendamento\/grece\/\",\"name\":\"Grece | Carlton International\",\"isPartOf\":{\"@id\":\"https:\/\/www.carlton-international.com\/pt-pt\/#website\"},\"primaryImageOfPage\":{\"@id\":\"https:\/\/www.carlton-international.com\/pt-pt\/arrendamento\/grece\/#primaryimage\"},\"image\":{\"@id\":\"https:\/\/www.carlton-international.com\/pt-pt\/arrendamento\/grece\/#primaryimage\"},\"thumbnailUrl\":\"https:\/\/www.carlton-international.com\/wp-content\/uploads\/2023\/02\/grece.jpg\",\"datePublished\":\"2023-07-17T12:36:36+00:00\",\"dateModified\":\"2025-07-02T09:41:36+00:00\",\"description\":\"Rent Luxury Villas To Rent In The Greek Islands. Browse our collective of ultra privileged villas in Greece.\",\"breadcrumb\":{\"@id\":\"https:\/\/www.carlton-international.com\/pt-pt\/arrendamento\/grece\/#breadcrumb\"},\"inLanguage\":\"pt-PT\",\"potentialAction\":[{\"@type\":\"ReadAction\",\"target\":[\"https:\/\/www.carlton-international.com\/pt-pt\/arrendamento\/grece\/\"]}]},{\"@type\":\"ImageObject\",\"inLanguage\":\"pt-PT\",\"@id\":\"https:\/\/www.carlton-international.com\/pt-pt\/arrendamento\/grece\/#primaryimage\",\"url\":\"https:\/\/www.carlton-international.com\/wp-content\/uploads\/2023\/02\/grece.jpg\",\"contentUrl\":\"https:\/\/www.carlton-international.com\/wp-content\/uploads\/2023\/02\/grece.jpg\",\"width\":395,\"height\":395},{\"@type\":\"BreadcrumbList\",\"@id\":\"https:\/\/www.carlton-international.com\/pt-pt\/arrendamento\/grece\/#breadcrumb\",\"itemListElement\":[{\"@type\":\"ListItem\",\"position\":1,\"name\":\"Accueil\",\"item\":\"https:\/\/www.carlton-international.com\/pt-pt\/\"},{\"@type\":\"ListItem\",\"position\":2,\"name\":\"Arrendamento\",\"item\":\"https:\/\/www.carlton-international.com\/pt-pt\/arrendamento\/\"},{\"@type\":\"ListItem\",\"position\":3,\"name\":\"Grece\"}]},{\"@type\":\"WebSite\",\"@id\":\"https:\/\/www.carlton-international.com\/pt-pt\/#website\",\"url\":\"https:\/\/www.carlton-international.com\/pt-pt\/\",\"name\":\"Carlton International\",\"description\":\"Luxury Real Estate in France and Internationally\",\"publisher\":{\"@id\":\"https:\/\/www.carlton-international.com\/pt-pt\/#organization\"},\"alternateName\":\"Carlton\",\"potentialAction\":[{\"@type\":\"SearchAction\",\"target\":{\"@type\":\"EntryPoint\",\"urlTemplate\":\"https:\/\/www.carlton-international.com\/pt-pt\/?s={search_term_string}\"},\"query-input\":{\"@type\":\"PropertyValueSpecification\",\"valueRequired\":true,\"valueName\":\"search_term_string\"}}],\"inLanguage\":\"pt-PT\"},{\"@type\":\"Organization\",\"@id\":\"https:\/\/www.carlton-international.com\/pt-pt\/#organization\",\"name\":\"Carlton International\",\"alternateName\":\"Carlton\",\"url\":\"https:\/\/www.carlton-international.com\/pt-pt\/\",\"logo\":{\"@type\":\"ImageObject\",\"inLanguage\":\"pt-PT\",\"@id\":\"https:\/\/www.carlton-international.com\/pt-pt\/#\/schema\/logo\/image\/\",\"url\":\"https:\/\/www.carlton-international.com\/wp-content\/uploads\/2024\/10\/logo-square-1.jpg\",\"contentUrl\":\"https:\/\/www.carlton-international.com\/wp-content\/uploads\/2024\/10\/logo-square-1.jpg\",\"width\":240,\"height\":240,\"caption\":\"Carlton International\"},\"image\":{\"@id\":\"https:\/\/www.carlton-international.com\/pt-pt\/#\/schema\/logo\/image\/\"},\"sameAs\":[\"https:\/\/www.facebook.com\/CarltonInternationalRealEstate\/\",\"https:\/\/x.com\/CarltonInter\",\"https:\/\/www.instagram.com\/carlton.international\/\",\"https:\/\/www.linkedin.com\/company\/carlton-international\/mycompany\/\",\"https:\/\/www.youtube.com\/channel\/UC45DFaSawRRikZFLqr2C_XQ\"]}]}<\/script>\n<!-- \/ Yoast SEO Premium plugin. -->","yoast_head_json":{"title":"Grece | Carlton International","description":"Rent Luxury Villas To Rent In The Greek Islands. Browse our collective of ultra privileged villas in Greece.","robots":{"index":"index","follow":"follow","max-snippet":"max-snippet:-1","max-image-preview":"max-image-preview:large","max-video-preview":"max-video-preview:-1"},"canonical":"https:\/\/www.carlton-international.com\/pt-pt\/arrendamento\/grece\/","og_locale":"pt_PT","og_type":"article","og_title":"Grece","og_description":"Rent Luxury Villas To Rent In The Greek Islands. Browse our collective of ultra privileged villas in Greece.","og_url":"https:\/\/www.carlton-international.com\/pt-pt\/arrendamento\/grece\/","og_site_name":"Carlton International","article_publisher":"https:\/\/www.facebook.com\/CarltonInternationalRealEstate\/","article_modified_time":"2025-07-02T09:41:36+00:00","og_image":[{"width":395,"height":395,"url":"https:\/\/www.carlton-international.com\/wp-content\/uploads\/2023\/02\/grece.jpg","type":"image\/jpeg"}],"twitter_card":"summary_large_image","twitter_site":"@CarltonInter","twitter_misc":{"Tempo estimado de leitura":"2 minutos"},"schema":{"@context":"https:\/\/schema.org","@graph":[{"@type":"WebPage","@id":"https:\/\/www.carlton-international.com\/pt-pt\/arrendamento\/grece\/","url":"https:\/\/www.carlton-international.com\/pt-pt\/arrendamento\/grece\/","name":"Grece | Carlton International","isPartOf":{"@id":"https:\/\/www.carlton-international.com\/pt-pt\/#website"},"primaryImageOfPage":{"@id":"https:\/\/www.carlton-international.com\/pt-pt\/arrendamento\/grece\/#primaryimage"},"image":{"@id":"https:\/\/www.carlton-international.com\/pt-pt\/arrendamento\/grece\/#primaryimage"},"thumbnailUrl":"https:\/\/www.carlton-international.com\/wp-content\/uploads\/2023\/02\/grece.jpg","datePublished":"2023-07-17T12:36:36+00:00","dateModified":"2025-07-02T09:41:36+00:00","description":"Rent Luxury Villas To Rent In The Greek Islands. Browse our collective of ultra privileged villas in Greece.","breadcrumb":{"@id":"https:\/\/www.carlton-international.com\/pt-pt\/arrendamento\/grece\/#breadcrumb"},"inLanguage":"pt-PT","potentialAction":[{"@type":"ReadAction","target":["https:\/\/www.carlton-international.com\/pt-pt\/arrendamento\/grece\/"]}]},{"@type":"ImageObject","inLanguage":"pt-PT","@id":"https:\/\/www.carlton-international.com\/pt-pt\/arrendamento\/grece\/#primaryimage","url":"https:\/\/www.carlton-international.com\/wp-content\/uploads\/2023\/02\/grece.jpg","contentUrl":"https:\/\/www.carlton-international.com\/wp-content\/uploads\/2023\/02\/grece.jpg","width":395,"height":395},{"@type":"BreadcrumbList","@id":"https:\/\/www.carlton-international.com\/pt-pt\/arrendamento\/grece\/#breadcrumb","itemListElement":[{"@type":"ListItem","position":1,"name":"Accueil","item":"https:\/\/www.carlton-international.com\/pt-pt\/"},{"@type":"ListItem","position":2,"name":"Arrendamento","item":"https:\/\/www.carlton-international.com\/pt-pt\/arrendamento\/"},{"@type":"ListItem","position":3,"name":"Grece"}]},{"@type":"WebSite","@id":"https:\/\/www.carlton-international.com\/pt-pt\/#website","url":"https:\/\/www.carlton-international.com\/pt-pt\/","name":"Carlton International","description":"Luxury Real Estate in France and Internationally","publisher":{"@id":"https:\/\/www.carlton-international.com\/pt-pt\/#organization"},"alternateName":"Carlton","potentialAction":[{"@type":"SearchAction","target":{"@type":"EntryPoint","urlTemplate":"https:\/\/www.carlton-international.com\/pt-pt\/?s={search_term_string}"},"query-input":{"@type":"PropertyValueSpecification","valueRequired":true,"valueName":"search_term_string"}}],"inLanguage":"pt-PT"},{"@type":"Organization","@id":"https:\/\/www.carlton-international.com\/pt-pt\/#organization","name":"Carlton International","alternateName":"Carlton","url":"https:\/\/www.carlton-international.com\/pt-pt\/","logo":{"@type":"ImageObject","inLanguage":"pt-PT","@id":"https:\/\/www.carlton-international.com\/pt-pt\/#\/schema\/logo\/image\/","url":"https:\/\/www.carlton-international.com\/wp-content\/uploads\/2024\/10\/logo-square-1.jpg","contentUrl":"https:\/\/www.carlton-international.com\/wp-content\/uploads\/2024\/10\/logo-square-1.jpg","width":240,"height":240,"caption":"Carlton International"},"image":{"@id":"https:\/\/www.carlton-international.com\/pt-pt\/#\/schema\/logo\/image\/"},"sameAs":["https:\/\/www.facebook.com\/CarltonInternationalRealEstate\/","https:\/\/x.com\/CarltonInter","https:\/\/www.instagram.com\/carlton.international\/","https:\/\/www.linkedin.com\/company\/carlton-international\/mycompany\/","https:\/\/www.youtube.com\/channel\/UC45DFaSawRRikZFLqr2C_XQ"]}]}},"jetpack_sharing_enabled":true,"_links":{"self":[{"href":"https:\/\/www.carlton-international.com\/pt-pt\/wp-json\/wp\/v2\/pages\/1152865","targetHints":{"allow":["GET"]}}],"collection":[{"href":"https:\/\/www.carlton-international.com\/pt-pt\/wp-json\/wp\/v2\/pages"}],"about":[{"href":"https:\/\/www.carlton-international.com\/pt-pt\/wp-json\/wp\/v2\/types\/page"}],"author":[{"embeddable":true,"href":"https:\/\/www.carlton-international.com\/pt-pt\/wp-json\/wp\/v2\/users\/3"}],"replies":[{"embeddable":true,"href":"https:\/\/www.carlton-international.com\/pt-pt\/wp-json\/wp\/v2\/comments?post=1152865"}],"version-history":[{"count":0,"href":"https:\/\/www.carlton-international.com\/pt-pt\/wp-json\/wp\/v2\/pages\/1152865\/revisions"}],"up":[{"embeddable":true,"href":"https:\/\/www.carlton-international.com\/pt-pt\/wp-json\/wp\/v2\/pages\/1152882"}],"wp:featuredmedia":[{"embeddable":true,"href":"https:\/\/www.carlton-international.com\/pt-pt\/wp-json\/wp\/v2\/media\/1065804"}],"wp:attachment":[{"href":"https:\/\/www.carlton-international.com\/pt-pt\/wp-json\/wp\/v2\/media?parent=1152865"}],"curies":[{"name":"wp","href":"https:\/\/api.w.org\/{rel}","templated":true}]}}