{"id":3502106,"date":"2025-05-20T05:01:59","date_gmt":"2025-05-20T03:01:59","guid":{"rendered":"https:\/\/www.carlton-international.com\/compra\/cap-dantibes-antibes-juan-les-pins\/cap-dantibes\/"},"modified":"2025-06-20T10:18:07","modified_gmt":"2025-06-20T08:18:07","slug":"cap-dantibes","status":"publish","type":"page","link":"https:\/\/www.carlton-international.com\/es\/compra\/cap-dantibes-antibes-juan-les-pins\/cap-dantibes\/","title":{"rendered":"Cap d\u2019Antibes"},"content":{"rendered":"\t\t<div data-elementor-type=\"wp-page\" data-elementor-id=\"3502106\" class=\"elementor elementor-3502106 elementor-3321807\" data-elementor-post-type=\"page\">\n\t\t\t\t<div class=\"elementor-element elementor-element-7a9634d contentpd30 e-flex e-con-boxed e-con e-parent\" data-id=\"7a9634d\" data-element_type=\"container\" data-settings=\"{&quot;background_background&quot;:&quot;classic&quot;,&quot;jet_parallax_layout_list&quot;:[]}\">\n\t\t\t\t\t<div class=\"e-con-inner\">\n\t\t\t\t<div data-dce-title-color=\"#BFA473\" class=\"elementor-element elementor-element-eb0326c elementor-widget elementor-widget-heading\" data-id=\"eb0326c\" data-element_type=\"widget\" data-widget_type=\"heading.default\">\n\t\t\t\t\t<h1 class=\"elementor-heading-title elementor-size-default\">Cap d\u2019Antibes<\/h1>\t\t\t\t<\/div>\n\t\t\t\t\t<\/div>\n\t\t\t\t<\/div>\n\t\t\t\t<section class=\"elementor-section elementor-top-section elementor-element elementor-element-792e6aa7 contentpd20 elementor-section-boxed elementor-section-height-default elementor-section-height-default\" data-id=\"792e6aa7\" data-element_type=\"section\" data-settings=\"{&quot;jet_parallax_layout_list&quot;:[]}\">\n\t\t\t\t\t\t<div class=\"elementor-container elementor-column-gap-default\">\n\t\t\t\t\t<div class=\"elementor-column elementor-col-100 elementor-top-column elementor-element elementor-element-4ab2cffd\" data-id=\"4ab2cffd\" data-element_type=\"column\">\n\t\t\t<div class=\"elementor-widget-wrap elementor-element-populated\">\n\t\t\t\t\t\t<div class=\"elementor-element elementor-element-3f80d67 elementor-widget elementor-widget-shortcode\" data-id=\"3f80d67\" data-element_type=\"widget\" data-widget_type=\"shortcode.default\">\n\t\t\t\t\t\t\t<div class=\"elementor-shortcode\">    <div class=\"ci-dis-ads_wrapper\" data-id-page=\"3502106\" id=\"ci-ads-results\">\n                <!-- TOTAL RESULTS -->\n        <div class=\"ci-dis-ads_total_results aa\">\n            <div class=\"ci-dis-description_contact_results a2345 3502106\">\n            \n                <p>\n                <a href=\"https:\/\/www.carlton-international.com\/es\/compra\/\">compra<\/a> &gt; <a href=\"https:\/\/www.carlton-international.com\/es\/compra\/cap-dantibes-antibes-juan-les-pins\/\">cap d\u2019antibes \u2013 antibes \u2013 juan-les-pins<\/a> &gt; <a href=\"https:\/\/www.carlton-international.com\/es\/compra\/cap-dantibes-antibes-juan-les-pins\/cap-dantibes\/\">cap d\u2019antibes<\/a> &gt; <span data-id=\"3502106\">0 r\u00e9sultat<\/span>                <\/p>\n                            <\/div>\n        <\/div>\n                    <!-- HEADER -->\n            <div class=\"ci-dis-ads_header\">\n                <!-- PAGINATION -->\n                <div class=\"ci-dis-ads_pagination\">\n                                    <\/div>\n                <!-- SORT -->\n\n                                    <div class=\"ci-dis-ads_sort\">\n                                            <\/div>\n                    <!-- DISPLAY -->\n                    <div class=\"ci-dis-ads_disp\">\n                                            <\/div>\n                            <\/div>\n                <!-- CONTENT -->\n        <div class=\"ci-dis-ads_content ci-disp-grid\">\n                                                                    <div class=\"ci-dis-ads_content-empty s1\" style=\"display: flex;\">\n                                        <p class=\"ci-dis-ads_content-empty_text\"><\/p>\n                                        <div><div>\n<div>Numerosas propiedades que coinciden con su b\u00fasqueda se comercializan de manera <strong>estrictamente confidencial, en formato offmarket, directamente por nuestros equipos.<\/strong><\/div>\n<div>Le invitamos a <strong>contactar con la agencia Carlton International correspondiente a la direcci\u00f3n buscada<\/strong> para acceder a estas oportunidades exclusivas :\u00a0<a href=\"https:\/\/www.carlton-international.com\/es\/contactenos\/\">https:\/\/www.carlton-international.com\/es\/contactenos\/<\/a><\/div>\n<\/div>\n<\/div>\n                                    <\/div>\n                                                            \n                                                <\/div>\n        <!-- FOOTER -->\n        <div class=\"ci-dis-ads_footer\">\n            <!-- PAGINATION -->\n            <div class=\"ci-dis-ads_pagination\">\n                            <\/div>\n        <\/div>\n                 <\/div>\n<\/div>\n\t\t\t\t\t\t<\/div>\n\t\t\t\t\t<\/div>\n\t\t<\/div>\n\t\t\t\t\t<\/div>\n\t\t<\/section>\n\t\t\t\t<\/div>\n\t\t","protected":false},"excerpt":{"rendered":"","protected":false},"author":9,"featured_media":0,"parent":2457544,"menu_order":0,"comment_status":"closed","ping_status":"closed","template":"","meta":{"_acf_changed":false,"footnotes":"","_wp_rev_ctl_limit":""},"class_list":["post-3502106","page","type-page","status-publish","hentry"],"acf":[],"yoast_head":"<!-- This site is optimized with the Yoast SEO Premium plugin v20.11 (Yoast SEO v26.5) - https:\/\/yoast.com\/wordpress\/plugins\/seo\/ -->\n<title>Villas \u00e0 vendre Antibes, Juan-les-Pins et environs.<\/title>\n<meta name=\"description\" content=\"Trouvez facilement la propri\u00e9t\u00e9 id\u00e9ale \u00e0 Antibes, au Cap d&#039;Antibes et \u00e0 Juan Les Pins. Faites confiance \u00e0 Carlton International pour vous fournir la meilleure s\u00e9lection de villas.\" \/>\n<meta name=\"robots\" content=\"index, follow, max-snippet:-1, max-image-preview:large, max-video-preview:-1\" \/>\n<link rel=\"canonical\" href=\"https:\/\/www.carlton-international.com\/es\/compra\/cap-dantibes-antibes-juan-les-pins\/cap-dantibes\/\" \/>\n<meta property=\"og:locale\" content=\"es_ES\" \/>\n<meta property=\"og:type\" content=\"article\" \/>\n<meta property=\"og:title\" content=\"Cap d\u2019Antibes\" \/>\n<meta property=\"og:description\" content=\"Trouvez facilement la propri\u00e9t\u00e9 id\u00e9ale \u00e0 Antibes, au Cap d&#039;Antibes et \u00e0 Juan Les Pins. Faites confiance \u00e0 Carlton International pour vous fournir la meilleure s\u00e9lection de villas.\" \/>\n<meta property=\"og:url\" content=\"https:\/\/www.carlton-international.com\/es\/compra\/cap-dantibes-antibes-juan-les-pins\/cap-dantibes\/\" \/>\n<meta property=\"og:site_name\" content=\"Carlton International\" \/>\n<meta property=\"article:publisher\" content=\"https:\/\/www.facebook.com\/CarltonInternationalRealEstate\/\" \/>\n<meta property=\"article:modified_time\" content=\"2025-06-20T08:18:07+00:00\" \/>\n<meta name=\"twitter:card\" content=\"summary_large_image\" \/>\n<meta name=\"twitter:site\" content=\"@CarltonInter\" \/>\n<meta name=\"twitter:label1\" content=\"Tiempo de lectura\" \/>\n\t<meta name=\"twitter:data1\" content=\"5 minutos\" \/>\n<script type=\"application\/ld+json\" class=\"yoast-schema-graph\">{\"@context\":\"https:\/\/schema.org\",\"@graph\":[{\"@type\":\"WebPage\",\"@id\":\"https:\/\/www.carlton-international.com\/es\/compra\/cap-dantibes-antibes-juan-les-pins\/cap-dantibes\/\",\"url\":\"https:\/\/www.carlton-international.com\/es\/compra\/cap-dantibes-antibes-juan-les-pins\/cap-dantibes\/\",\"name\":\"Villas \u00e0 vendre Antibes, Juan-les-Pins et environs.\",\"isPartOf\":{\"@id\":\"https:\/\/www.carlton-international.com\/es\/#website\"},\"datePublished\":\"2025-05-20T03:01:59+00:00\",\"dateModified\":\"2025-06-20T08:18:07+00:00\",\"description\":\"Trouvez facilement la propri\u00e9t\u00e9 id\u00e9ale \u00e0 Antibes, au Cap d'Antibes et \u00e0 Juan Les Pins. Faites confiance \u00e0 Carlton International pour vous fournir la meilleure s\u00e9lection de villas.\",\"breadcrumb\":{\"@id\":\"https:\/\/www.carlton-international.com\/es\/compra\/cap-dantibes-antibes-juan-les-pins\/cap-dantibes\/#breadcrumb\"},\"inLanguage\":\"es\",\"potentialAction\":[{\"@type\":\"ReadAction\",\"target\":[\"https:\/\/www.carlton-international.com\/es\/compra\/cap-dantibes-antibes-juan-les-pins\/cap-dantibes\/\"]}]},{\"@type\":\"BreadcrumbList\",\"@id\":\"https:\/\/www.carlton-international.com\/es\/compra\/cap-dantibes-antibes-juan-les-pins\/cap-dantibes\/#breadcrumb\",\"itemListElement\":[{\"@type\":\"ListItem\",\"position\":1,\"name\":\"Accueil\",\"item\":\"https:\/\/www.carlton-international.com\/es\/\"},{\"@type\":\"ListItem\",\"position\":2,\"name\":\"Compra\",\"item\":\"https:\/\/www.carlton-international.com\/es\/compra\/\"},{\"@type\":\"ListItem\",\"position\":3,\"name\":\"Cap d\u2019Antibes \u2013 Antibes \u2013 Juan-les-pins\",\"item\":\"https:\/\/www.carlton-international.com\/es\/compra\/cap-dantibes-antibes-juan-les-pins\/\"},{\"@type\":\"ListItem\",\"position\":4,\"name\":\"Cap d\u2019Antibes\"}]},{\"@type\":\"WebSite\",\"@id\":\"https:\/\/www.carlton-international.com\/es\/#website\",\"url\":\"https:\/\/www.carlton-international.com\/es\/\",\"name\":\"Carlton International\",\"description\":\"Luxury Real Estate in France and Internationally\",\"publisher\":{\"@id\":\"https:\/\/www.carlton-international.com\/es\/#organization\"},\"alternateName\":\"Carlton\",\"potentialAction\":[{\"@type\":\"SearchAction\",\"target\":{\"@type\":\"EntryPoint\",\"urlTemplate\":\"https:\/\/www.carlton-international.com\/es\/?s={search_term_string}\"},\"query-input\":{\"@type\":\"PropertyValueSpecification\",\"valueRequired\":true,\"valueName\":\"search_term_string\"}}],\"inLanguage\":\"es\"},{\"@type\":\"Organization\",\"@id\":\"https:\/\/www.carlton-international.com\/es\/#organization\",\"name\":\"Carlton International\",\"alternateName\":\"Carlton\",\"url\":\"https:\/\/www.carlton-international.com\/es\/\",\"logo\":{\"@type\":\"ImageObject\",\"inLanguage\":\"es\",\"@id\":\"https:\/\/www.carlton-international.com\/es\/#\/schema\/logo\/image\/\",\"url\":\"https:\/\/www.carlton-international.com\/wp-content\/uploads\/2024\/10\/logo-square-1.jpg\",\"contentUrl\":\"https:\/\/www.carlton-international.com\/wp-content\/uploads\/2024\/10\/logo-square-1.jpg\",\"width\":240,\"height\":240,\"caption\":\"Carlton International\"},\"image\":{\"@id\":\"https:\/\/www.carlton-international.com\/es\/#\/schema\/logo\/image\/\"},\"sameAs\":[\"https:\/\/www.facebook.com\/CarltonInternationalRealEstate\/\",\"https:\/\/x.com\/CarltonInter\",\"https:\/\/www.instagram.com\/carlton.international\/\",\"https:\/\/www.linkedin.com\/company\/carlton-international\/mycompany\/\",\"https:\/\/www.youtube.com\/channel\/UC45DFaSawRRikZFLqr2C_XQ\"]}]}<\/script>\n<!-- \/ Yoast SEO Premium plugin. -->","yoast_head_json":{"title":"Villas \u00e0 vendre Antibes, Juan-les-Pins et environs.","description":"Trouvez facilement la propri\u00e9t\u00e9 id\u00e9ale \u00e0 Antibes, au Cap d'Antibes et \u00e0 Juan Les Pins. Faites confiance \u00e0 Carlton International pour vous fournir la meilleure s\u00e9lection de villas.","robots":{"index":"index","follow":"follow","max-snippet":"max-snippet:-1","max-image-preview":"max-image-preview:large","max-video-preview":"max-video-preview:-1"},"canonical":"https:\/\/www.carlton-international.com\/es\/compra\/cap-dantibes-antibes-juan-les-pins\/cap-dantibes\/","og_locale":"es_ES","og_type":"article","og_title":"Cap d\u2019Antibes","og_description":"Trouvez facilement la propri\u00e9t\u00e9 id\u00e9ale \u00e0 Antibes, au Cap d'Antibes et \u00e0 Juan Les Pins. Faites confiance \u00e0 Carlton International pour vous fournir la meilleure s\u00e9lection de villas.","og_url":"https:\/\/www.carlton-international.com\/es\/compra\/cap-dantibes-antibes-juan-les-pins\/cap-dantibes\/","og_site_name":"Carlton International","article_publisher":"https:\/\/www.facebook.com\/CarltonInternationalRealEstate\/","article_modified_time":"2025-06-20T08:18:07+00:00","twitter_card":"summary_large_image","twitter_site":"@CarltonInter","twitter_misc":{"Tiempo de lectura":"5 minutos"},"schema":{"@context":"https:\/\/schema.org","@graph":[{"@type":"WebPage","@id":"https:\/\/www.carlton-international.com\/es\/compra\/cap-dantibes-antibes-juan-les-pins\/cap-dantibes\/","url":"https:\/\/www.carlton-international.com\/es\/compra\/cap-dantibes-antibes-juan-les-pins\/cap-dantibes\/","name":"Villas \u00e0 vendre Antibes, Juan-les-Pins et environs.","isPartOf":{"@id":"https:\/\/www.carlton-international.com\/es\/#website"},"datePublished":"2025-05-20T03:01:59+00:00","dateModified":"2025-06-20T08:18:07+00:00","description":"Trouvez facilement la propri\u00e9t\u00e9 id\u00e9ale \u00e0 Antibes, au Cap d'Antibes et \u00e0 Juan Les Pins. Faites confiance \u00e0 Carlton International pour vous fournir la meilleure s\u00e9lection de villas.","breadcrumb":{"@id":"https:\/\/www.carlton-international.com\/es\/compra\/cap-dantibes-antibes-juan-les-pins\/cap-dantibes\/#breadcrumb"},"inLanguage":"es","potentialAction":[{"@type":"ReadAction","target":["https:\/\/www.carlton-international.com\/es\/compra\/cap-dantibes-antibes-juan-les-pins\/cap-dantibes\/"]}]},{"@type":"BreadcrumbList","@id":"https:\/\/www.carlton-international.com\/es\/compra\/cap-dantibes-antibes-juan-les-pins\/cap-dantibes\/#breadcrumb","itemListElement":[{"@type":"ListItem","position":1,"name":"Accueil","item":"https:\/\/www.carlton-international.com\/es\/"},{"@type":"ListItem","position":2,"name":"Compra","item":"https:\/\/www.carlton-international.com\/es\/compra\/"},{"@type":"ListItem","position":3,"name":"Cap d\u2019Antibes \u2013 Antibes \u2013 Juan-les-pins","item":"https:\/\/www.carlton-international.com\/es\/compra\/cap-dantibes-antibes-juan-les-pins\/"},{"@type":"ListItem","position":4,"name":"Cap d\u2019Antibes"}]},{"@type":"WebSite","@id":"https:\/\/www.carlton-international.com\/es\/#website","url":"https:\/\/www.carlton-international.com\/es\/","name":"Carlton International","description":"Luxury Real Estate in France and Internationally","publisher":{"@id":"https:\/\/www.carlton-international.com\/es\/#organization"},"alternateName":"Carlton","potentialAction":[{"@type":"SearchAction","target":{"@type":"EntryPoint","urlTemplate":"https:\/\/www.carlton-international.com\/es\/?s={search_term_string}"},"query-input":{"@type":"PropertyValueSpecification","valueRequired":true,"valueName":"search_term_string"}}],"inLanguage":"es"},{"@type":"Organization","@id":"https:\/\/www.carlton-international.com\/es\/#organization","name":"Carlton International","alternateName":"Carlton","url":"https:\/\/www.carlton-international.com\/es\/","logo":{"@type":"ImageObject","inLanguage":"es","@id":"https:\/\/www.carlton-international.com\/es\/#\/schema\/logo\/image\/","url":"https:\/\/www.carlton-international.com\/wp-content\/uploads\/2024\/10\/logo-square-1.jpg","contentUrl":"https:\/\/www.carlton-international.com\/wp-content\/uploads\/2024\/10\/logo-square-1.jpg","width":240,"height":240,"caption":"Carlton International"},"image":{"@id":"https:\/\/www.carlton-international.com\/es\/#\/schema\/logo\/image\/"},"sameAs":["https:\/\/www.facebook.com\/CarltonInternationalRealEstate\/","https:\/\/x.com\/CarltonInter","https:\/\/www.instagram.com\/carlton.international\/","https:\/\/www.linkedin.com\/company\/carlton-international\/mycompany\/","https:\/\/www.youtube.com\/channel\/UC45DFaSawRRikZFLqr2C_XQ"]}]}},"jetpack_sharing_enabled":true,"_links":{"self":[{"href":"https:\/\/www.carlton-international.com\/es\/wp-json\/wp\/v2\/pages\/3502106","targetHints":{"allow":["GET"]}}],"collection":[{"href":"https:\/\/www.carlton-international.com\/es\/wp-json\/wp\/v2\/pages"}],"about":[{"href":"https:\/\/www.carlton-international.com\/es\/wp-json\/wp\/v2\/types\/page"}],"author":[{"embeddable":true,"href":"https:\/\/www.carlton-international.com\/es\/wp-json\/wp\/v2\/users\/9"}],"replies":[{"embeddable":true,"href":"https:\/\/www.carlton-international.com\/es\/wp-json\/wp\/v2\/comments?post=3502106"}],"version-history":[{"count":0,"href":"https:\/\/www.carlton-international.com\/es\/wp-json\/wp\/v2\/pages\/3502106\/revisions"}],"up":[{"embeddable":true,"href":"https:\/\/www.carlton-international.com\/es\/wp-json\/wp\/v2\/pages\/2457544"}],"wp:attachment":[{"href":"https:\/\/www.carlton-international.com\/es\/wp-json\/wp\/v2\/media?parent=3502106"}],"curies":[{"name":"wp","href":"https:\/\/api.w.org\/{rel}","templated":true}]}}