{"id":3493559,"date":"2025-05-22T09:26:45","date_gmt":"2025-05-22T07:26:45","guid":{"rendered":"https:\/\/www.carlton-international.com\/alquiler\/cote-dazur\/alquiler-vacacional\/saint-tropez-environs\/rayol-canadel-sur-mer\/"},"modified":"2026-03-12T03:43:42","modified_gmt":"2026-03-12T02:43:42","slug":"rayol-canadel-sur-mer","status":"publish","type":"page","link":"https:\/\/www.carlton-international.com\/es\/alquiler\/cote-dazur\/alquiler-por-temporada\/saint-tropez-environs\/rayol-canadel-sur-mer\/","title":{"rendered":"Rayol-Canadel-sur-Mer"},"content":{"rendered":"\t\t<div data-elementor-type=\"wp-page\" data-elementor-id=\"3493559\" class=\"elementor elementor-3493559 elementor-3334231\" data-elementor-post-type=\"page\">\n\t\t\t\t<div class=\"elementor-element elementor-element-7a9634d contentpd30 e-flex e-con-boxed e-con e-parent\" data-id=\"7a9634d\" data-element_type=\"container\" data-settings=\"{&quot;background_background&quot;:&quot;classic&quot;,&quot;jet_parallax_layout_list&quot;:[]}\">\n\t\t\t\t\t<div class=\"e-con-inner\">\n\t\t\t\t<div data-dce-title-color=\"#BFA473\" class=\"elementor-element elementor-element-eb0326c elementor-widget elementor-widget-heading\" data-id=\"eb0326c\" data-element_type=\"widget\" data-widget_type=\"heading.default\">\n\t\t\t\t\t<h1 class=\"elementor-heading-title elementor-size-default\">Rayol-Canadel-sur-Mer<\/h1>\t\t\t\t<\/div>\n\t\t\t\t\t<\/div>\n\t\t\t\t<\/div>\n\t\t\t\t<section class=\"elementor-section elementor-top-section elementor-element elementor-element-792e6aa7 contentpd20 elementor-section-boxed elementor-section-height-default elementor-section-height-default\" data-id=\"792e6aa7\" data-element_type=\"section\" data-settings=\"{&quot;jet_parallax_layout_list&quot;:[]}\">\n\t\t\t\t\t\t<div class=\"elementor-container elementor-column-gap-default\">\n\t\t\t\t\t<div class=\"elementor-column elementor-col-100 elementor-top-column elementor-element elementor-element-4ab2cffd\" data-id=\"4ab2cffd\" data-element_type=\"column\">\n\t\t\t<div class=\"elementor-widget-wrap elementor-element-populated\">\n\t\t\t\t\t\t<div class=\"elementor-element elementor-element-3f80d67 elementor-widget elementor-widget-shortcode\" data-id=\"3f80d67\" data-element_type=\"widget\" data-widget_type=\"shortcode.default\">\n\t\t\t\t\t\t\t<div class=\"elementor-shortcode\">    <div class=\"ci-dis-ads_wrapper\" data-id-page=\"3493559\" id=\"ci-ads-results\">\n                <!-- TOTAL RESULTS -->\n        <div class=\"ci-dis-ads_total_results aa\">\n            <div class=\"ci-dis-description_contact_results a2345 3493559\">\n            \n                <p>\n                <a href=\"https:\/\/www.carlton-international.com\/es\/alquiler\/\">alquiler<\/a> &gt; <a href=\"https:\/\/www.carlton-international.com\/es\/alquiler\/cote-dazur\/\">c\u00f4te d&#8217;azur<\/a> &gt; <a href=\"https:\/\/www.carlton-international.com\/es\/alquiler\/cote-dazur\/alquiler-por-temporada\/\">alquiler por temporada<\/a> &gt; <a href=\"https:\/\/www.carlton-international.com\/es\/alquiler\/cote-dazur\/alquiler-por-temporada\/saint-tropez-environs\/\">saint-tropez &#038; environs<\/a> &gt; <a href=\"https:\/\/www.carlton-international.com\/es\/alquiler\/cote-dazur\/alquiler-por-temporada\/saint-tropez-environs\/rayol-canadel-sur-mer\/\">rayol-canadel-sur-mer<\/a> &gt; <span data-id=\"3493559\">0 r\u00e9sultat<\/span>                <\/p>\n                            <\/div>\n        <\/div>\n                    <!-- HEADER -->\n            <div class=\"ci-dis-ads_header\">\n                <!-- PAGINATION -->\n                <div class=\"ci-dis-ads_pagination\">\n                                    <\/div>\n                <!-- SORT -->\n\n                                    <div class=\"ci-dis-ads_sort\">\n                                            <\/div>\n                    <!-- DISPLAY -->\n                    <div class=\"ci-dis-ads_disp\">\n                                            <\/div>\n                            <\/div>\n                <!-- CONTENT -->\n        <div class=\"ci-dis-ads_content ci-disp-grid\">\n                                                                    <div class=\"ci-dis-ads_content-empty s1\" style=\"display: flex;\">\n                                        <p class=\"ci-dis-ads_content-empty_text\"><\/p>\n                                        <div><div>\n<div>Numerosas propiedades que coinciden con su b\u00fasqueda se comercializan de manera estrictamente confidencial, en formato offmarket, directamente por nuestros equipos.<\/div>\n<div>Le invitamos a contactar con la agencia Carlton International correspondiente a la direcci\u00f3n buscada para acceder a estas oportunidades exclusivas :\u00a0<a href=\"https:\/\/www.carlton-international.com\/es\/contactenos\/\">https:\/\/www.carlton-international.com\/es\/contactenos\/<\/a><\/div>\n<\/div>\n<\/div>\n                                    <\/div>\n                                                            \n                                                <\/div>\n        <!-- FOOTER -->\n        <div class=\"ci-dis-ads_footer\">\n            <!-- PAGINATION -->\n            <div class=\"ci-dis-ads_pagination\">\n                            <\/div>\n        <\/div>\n    <\/div>\n<\/div>\n\t\t\t\t\t\t<\/div>\n\t\t\t\t<div class=\"elementor-element elementor-element-7fb9e81 description elementor-widget elementor-widget-text-editor\" data-id=\"7fb9e81\" data-element_type=\"widget\" data-widget_type=\"text-editor.default\">\n\t\t\t\t\t\t\t\t\t<h2 style=\"font-size:22px\">ALQUILER DE TEMPORADA DE VILLAS DE LUJO EN EL GOLFO DE SAINT-TROPEZ<\/h2>\n<p><strong>Estancias excepcionales entre el mar, la naturaleza y el arte de vivir mediterr\u00e1neo<\/strong><br \/>\nDestino emblem\u00e1tico de la Costa Azul, el Golfo de Saint-Tropez es una de las direcciones m\u00e1s buscadas para el alquiler de temporada de villas de alta gama. Entre playas m\u00edticas, pueblos con encanto y paisajes preservados, ofrece un entorno incomparable para vacaciones de lujo que combinan elegancia, discreci\u00f3n y calidad de vida. Alquilar una villa de prestigio en el Golfo de Saint-Tropez significa disfrutar de un entorno \u00fanico donde se encuentran el mar Mediterr\u00e1neo, los vi\u00f1edos, las colinas verdes y direcciones ic\u00f3nicas, benefici\u00e1ndose al mismo tiempo de un alto nivel de confort y servicios.<\/p>\n<p><strong>Un mercado excepcional para el alquiler de villas de lujo<\/strong><br \/>\nEl alquiler de villas de lujo en el Golfo de Saint-Tropez se distingue por la rareza y la calidad de sus propiedades. Las villas ofrecidas cuentan con servicios de alta gama: piscinas, vistas al mar, amplios jardines paisaj\u00edsticos, espacios exteriores dedicados al descanso y un alto nivel de privacidad, respondiendo a las expectativas de una exigente clientela internacional. Estas propiedades son ideales para estancias en familia o entre amigos, en un ambiente de confidencialidad y refinamiento, cerca de las playas y pueblos emblem\u00e1ticos.<\/p>\n<p><strong>Destinos emblem\u00e1ticos para vacaciones a medida<\/strong><br \/>\nEl Golfo de Saint-Tropez re\u00fane varios pueblos con identidades fuertes, cada uno ofreciendo una experiencia diferente:<\/p>\n<ul>\n<li>Saint-Tropez: efervescencia ic\u00f3nica, el puerto legendario y playas discretas<\/li>\n<li>Ramatuelle: naturaleza preservada y acceso a las legendarias playas de Pampelonne<\/li>\n<li>Gassin: panoramas excepcionales y tranquilidad residencial<\/li>\n<li>Grimaud: diversidad de paisajes y proximidad a Port Grimaud<\/li>\n<li>La Croix-Valmer: litoral preservado y estilo de vida relajado<\/li>\n<\/ul>\n<p>Esta diversidad permite ofrecer alquileres de temporada a medida, adaptados a cada estilo de estancia.<\/p>\n<p><strong>Alquilar una villa en el Golfo de Saint-Tropez con Carlton International<\/strong><br \/>\nImplantada en el Golfo de Saint-Tropez desde 2008, Carlton International selecciona alquileres de temporada de villas de prestigio con un conocimiento perfecto del mercado local y de las propiedades m\u00e1s confidenciales, incluidas las oportunidades off-market. Acompa\u00f1amos a nuestros clientes con discreci\u00f3n, exigencia y experiencia, ofreciendo villas cuidadosamente seleccionadas y un servicio personalizado para brindar una experiencia de estancia a la altura de las expectativas m\u00e1s altas. Consulte nuestra selecci\u00f3n de propiedades en l\u00ednea o contacte directamente con nuestro equipo.<\/p>\n<p>Estamos a su disposici\u00f3n para asesorarle, organizar visitas confidenciales y ofrecerle soluciones a medida.<br \/>\n\ud83d\udcde +33 (0)4 98 12 13 63<br \/>\n\ud83d\udce7 saint-tropez@carlton-group.com<br \/>\n\ud83d\udccd 3 place Garezzio, Ch\u00e2teau de Suffren, 83990 Saint-Tropez<\/p>\n\t\t\t\t\t\t\t\t<\/div>\n\t\t\t\t\t<\/div>\n\t\t<\/div>\n\t\t\t\t\t<\/div>\n\t\t<\/section>\n\t\t\t\t<\/div>\n\t\t","protected":false},"excerpt":{"rendered":"<p>Rayol-Canadel-sur-Mer<\/p>\n","protected":false},"author":9,"featured_media":2457565,"parent":2457429,"menu_order":0,"comment_status":"closed","ping_status":"closed","template":"","meta":{"_acf_changed":false,"footnotes":"","_wp_rev_ctl_limit":""},"class_list":["post-3493559","page","type-page","status-publish","has-post-thumbnail","hentry"],"acf":[],"yoast_head":"<!-- This site is optimized with the Yoast SEO Premium plugin v20.11 (Yoast SEO v26.5) - https:\/\/yoast.com\/wordpress\/plugins\/seo\/ -->\n<title>Propri\u00e9t\u00e9s \u00e0 vendre Arri\u00e8re-pays Cannois. Carlton International<\/title>\n<meta name=\"description\" content=\"D\u00e9couvrez notre s\u00e9lection de propri\u00e9t\u00e9s de luxe \u00e0 vendre dans l&#039;arri\u00e8re-pays cannois et profitez de la tranquillit\u00e9 de cette r\u00e9gion pris\u00e9e.\" \/>\n<meta name=\"robots\" content=\"index, follow, max-snippet:-1, max-image-preview:large, max-video-preview:-1\" \/>\n<link rel=\"canonical\" href=\"https:\/\/www.carlton-international.com\/es\/alquiler\/cote-dazur\/alquiler-por-temporada\/saint-tropez-environs\/rayol-canadel-sur-mer\/\" \/>\n<meta property=\"og:locale\" content=\"es_ES\" \/>\n<meta property=\"og:type\" content=\"article\" \/>\n<meta property=\"og:title\" content=\"Rayol-Canadel-sur-Mer\" \/>\n<meta property=\"og:description\" content=\"D\u00e9couvrez notre s\u00e9lection de propri\u00e9t\u00e9s de luxe \u00e0 vendre dans l&#039;arri\u00e8re-pays cannois et profitez de la tranquillit\u00e9 de cette r\u00e9gion pris\u00e9e.\" \/>\n<meta property=\"og:url\" content=\"https:\/\/www.carlton-international.com\/es\/alquiler\/cote-dazur\/alquiler-por-temporada\/saint-tropez-environs\/rayol-canadel-sur-mer\/\" \/>\n<meta property=\"og:site_name\" content=\"Carlton International\" \/>\n<meta property=\"article:publisher\" content=\"https:\/\/www.facebook.com\/CarltonInternationalRealEstate\/\" \/>\n<meta property=\"article:modified_time\" content=\"2026-03-12T02:43:42+00:00\" \/>\n<meta property=\"og:image\" content=\"https:\/\/www.carlton-international.com\/wp-content\/uploads\/2023\/07\/arriere-pays3_65815.jpeg\" \/>\n\t<meta property=\"og:image:width\" content=\"649\" \/>\n\t<meta property=\"og:image:height\" content=\"487\" \/>\n\t<meta property=\"og:image:type\" content=\"image\/jpeg\" \/>\n<meta name=\"twitter:card\" content=\"summary_large_image\" \/>\n<meta name=\"twitter:site\" content=\"@CarltonInter\" \/>\n<meta name=\"twitter:label1\" content=\"Tiempo de lectura\" \/>\n\t<meta name=\"twitter:data1\" content=\"3 minutos\" \/>\n<script type=\"application\/ld+json\" class=\"yoast-schema-graph\">{\"@context\":\"https:\/\/schema.org\",\"@graph\":[{\"@type\":\"WebPage\",\"@id\":\"https:\/\/www.carlton-international.com\/es\/alquiler\/cote-dazur\/alquiler-por-temporada\/saint-tropez-environs\/rayol-canadel-sur-mer\/\",\"url\":\"https:\/\/www.carlton-international.com\/es\/alquiler\/cote-dazur\/alquiler-por-temporada\/saint-tropez-environs\/rayol-canadel-sur-mer\/\",\"name\":\"Propri\u00e9t\u00e9s \u00e0 vendre Arri\u00e8re-pays Cannois. Carlton International\",\"isPartOf\":{\"@id\":\"https:\/\/www.carlton-international.com\/es\/#website\"},\"primaryImageOfPage\":{\"@id\":\"https:\/\/www.carlton-international.com\/es\/alquiler\/cote-dazur\/alquiler-por-temporada\/saint-tropez-environs\/rayol-canadel-sur-mer\/#primaryimage\"},\"image\":{\"@id\":\"https:\/\/www.carlton-international.com\/es\/alquiler\/cote-dazur\/alquiler-por-temporada\/saint-tropez-environs\/rayol-canadel-sur-mer\/#primaryimage\"},\"thumbnailUrl\":\"https:\/\/www.carlton-international.com\/wp-content\/uploads\/2023\/07\/arriere-pays3_65815.jpeg\",\"datePublished\":\"2025-05-22T07:26:45+00:00\",\"dateModified\":\"2026-03-12T02:43:42+00:00\",\"description\":\"D\u00e9couvrez notre s\u00e9lection de propri\u00e9t\u00e9s de luxe \u00e0 vendre dans l'arri\u00e8re-pays cannois et profitez de la tranquillit\u00e9 de cette r\u00e9gion pris\u00e9e.\",\"breadcrumb\":{\"@id\":\"https:\/\/www.carlton-international.com\/es\/alquiler\/cote-dazur\/alquiler-por-temporada\/saint-tropez-environs\/rayol-canadel-sur-mer\/#breadcrumb\"},\"inLanguage\":\"es\",\"potentialAction\":[{\"@type\":\"ReadAction\",\"target\":[\"https:\/\/www.carlton-international.com\/es\/alquiler\/cote-dazur\/alquiler-por-temporada\/saint-tropez-environs\/rayol-canadel-sur-mer\/\"]}]},{\"@type\":\"ImageObject\",\"inLanguage\":\"es\",\"@id\":\"https:\/\/www.carlton-international.com\/es\/alquiler\/cote-dazur\/alquiler-por-temporada\/saint-tropez-environs\/rayol-canadel-sur-mer\/#primaryimage\",\"url\":\"https:\/\/www.carlton-international.com\/wp-content\/uploads\/2023\/07\/arriere-pays3_65815.jpeg\",\"contentUrl\":\"https:\/\/www.carlton-international.com\/wp-content\/uploads\/2023\/07\/arriere-pays3_65815.jpeg\",\"width\":649,\"height\":487,\"caption\":\"Luxury Villas In Cannes Countryside\"},{\"@type\":\"BreadcrumbList\",\"@id\":\"https:\/\/www.carlton-international.com\/es\/alquiler\/cote-dazur\/alquiler-por-temporada\/saint-tropez-environs\/rayol-canadel-sur-mer\/#breadcrumb\",\"itemListElement\":[{\"@type\":\"ListItem\",\"position\":1,\"name\":\"Accueil\",\"item\":\"https:\/\/www.carlton-international.com\/es\/\"},{\"@type\":\"ListItem\",\"position\":2,\"name\":\"Alquiler\",\"item\":\"https:\/\/www.carlton-international.com\/es\/alquiler\/\"},{\"@type\":\"ListItem\",\"position\":3,\"name\":\"C\u00f4te d&#8217;Azur\",\"item\":\"https:\/\/www.carlton-international.com\/es\/alquiler\/cote-dazur\/\"},{\"@type\":\"ListItem\",\"position\":4,\"name\":\"Alquiler por temporada\",\"item\":\"https:\/\/www.carlton-international.com\/es\/alquiler\/cote-dazur\/alquiler-por-temporada\/\"},{\"@type\":\"ListItem\",\"position\":5,\"name\":\"Saint-Tropez &#038; Environs\",\"item\":\"https:\/\/www.carlton-international.com\/es\/alquiler\/cote-dazur\/alquiler-por-temporada\/saint-tropez-environs\/\"},{\"@type\":\"ListItem\",\"position\":6,\"name\":\"Rayol-Canadel-sur-Mer\"}]},{\"@type\":\"WebSite\",\"@id\":\"https:\/\/www.carlton-international.com\/es\/#website\",\"url\":\"https:\/\/www.carlton-international.com\/es\/\",\"name\":\"Carlton International\",\"description\":\"Luxury Real Estate in France and Internationally\",\"publisher\":{\"@id\":\"https:\/\/www.carlton-international.com\/es\/#organization\"},\"alternateName\":\"Carlton\",\"potentialAction\":[{\"@type\":\"SearchAction\",\"target\":{\"@type\":\"EntryPoint\",\"urlTemplate\":\"https:\/\/www.carlton-international.com\/es\/?s={search_term_string}\"},\"query-input\":{\"@type\":\"PropertyValueSpecification\",\"valueRequired\":true,\"valueName\":\"search_term_string\"}}],\"inLanguage\":\"es\"},{\"@type\":\"Organization\",\"@id\":\"https:\/\/www.carlton-international.com\/es\/#organization\",\"name\":\"Carlton International\",\"alternateName\":\"Carlton\",\"url\":\"https:\/\/www.carlton-international.com\/es\/\",\"logo\":{\"@type\":\"ImageObject\",\"inLanguage\":\"es\",\"@id\":\"https:\/\/www.carlton-international.com\/es\/#\/schema\/logo\/image\/\",\"url\":\"https:\/\/www.carlton-international.com\/wp-content\/uploads\/2024\/10\/logo-square-1.jpg\",\"contentUrl\":\"https:\/\/www.carlton-international.com\/wp-content\/uploads\/2024\/10\/logo-square-1.jpg\",\"width\":240,\"height\":240,\"caption\":\"Carlton International\"},\"image\":{\"@id\":\"https:\/\/www.carlton-international.com\/es\/#\/schema\/logo\/image\/\"},\"sameAs\":[\"https:\/\/www.facebook.com\/CarltonInternationalRealEstate\/\",\"https:\/\/x.com\/CarltonInter\",\"https:\/\/www.instagram.com\/carlton.international\/\",\"https:\/\/www.linkedin.com\/company\/carlton-international\/mycompany\/\",\"https:\/\/www.youtube.com\/channel\/UC45DFaSawRRikZFLqr2C_XQ\"]}]}<\/script>\n<!-- \/ Yoast SEO Premium plugin. -->","yoast_head_json":{"title":"Propri\u00e9t\u00e9s \u00e0 vendre Arri\u00e8re-pays Cannois. Carlton International","description":"D\u00e9couvrez notre s\u00e9lection de propri\u00e9t\u00e9s de luxe \u00e0 vendre dans l'arri\u00e8re-pays cannois et profitez de la tranquillit\u00e9 de cette r\u00e9gion pris\u00e9e.","robots":{"index":"index","follow":"follow","max-snippet":"max-snippet:-1","max-image-preview":"max-image-preview:large","max-video-preview":"max-video-preview:-1"},"canonical":"https:\/\/www.carlton-international.com\/es\/alquiler\/cote-dazur\/alquiler-por-temporada\/saint-tropez-environs\/rayol-canadel-sur-mer\/","og_locale":"es_ES","og_type":"article","og_title":"Rayol-Canadel-sur-Mer","og_description":"D\u00e9couvrez notre s\u00e9lection de propri\u00e9t\u00e9s de luxe \u00e0 vendre dans l'arri\u00e8re-pays cannois et profitez de la tranquillit\u00e9 de cette r\u00e9gion pris\u00e9e.","og_url":"https:\/\/www.carlton-international.com\/es\/alquiler\/cote-dazur\/alquiler-por-temporada\/saint-tropez-environs\/rayol-canadel-sur-mer\/","og_site_name":"Carlton International","article_publisher":"https:\/\/www.facebook.com\/CarltonInternationalRealEstate\/","article_modified_time":"2026-03-12T02:43:42+00:00","og_image":[{"width":649,"height":487,"url":"https:\/\/www.carlton-international.com\/wp-content\/uploads\/2023\/07\/arriere-pays3_65815.jpeg","type":"image\/jpeg"}],"twitter_card":"summary_large_image","twitter_site":"@CarltonInter","twitter_misc":{"Tiempo de lectura":"3 minutos"},"schema":{"@context":"https:\/\/schema.org","@graph":[{"@type":"WebPage","@id":"https:\/\/www.carlton-international.com\/es\/alquiler\/cote-dazur\/alquiler-por-temporada\/saint-tropez-environs\/rayol-canadel-sur-mer\/","url":"https:\/\/www.carlton-international.com\/es\/alquiler\/cote-dazur\/alquiler-por-temporada\/saint-tropez-environs\/rayol-canadel-sur-mer\/","name":"Propri\u00e9t\u00e9s \u00e0 vendre Arri\u00e8re-pays Cannois. Carlton International","isPartOf":{"@id":"https:\/\/www.carlton-international.com\/es\/#website"},"primaryImageOfPage":{"@id":"https:\/\/www.carlton-international.com\/es\/alquiler\/cote-dazur\/alquiler-por-temporada\/saint-tropez-environs\/rayol-canadel-sur-mer\/#primaryimage"},"image":{"@id":"https:\/\/www.carlton-international.com\/es\/alquiler\/cote-dazur\/alquiler-por-temporada\/saint-tropez-environs\/rayol-canadel-sur-mer\/#primaryimage"},"thumbnailUrl":"https:\/\/www.carlton-international.com\/wp-content\/uploads\/2023\/07\/arriere-pays3_65815.jpeg","datePublished":"2025-05-22T07:26:45+00:00","dateModified":"2026-03-12T02:43:42+00:00","description":"D\u00e9couvrez notre s\u00e9lection de propri\u00e9t\u00e9s de luxe \u00e0 vendre dans l'arri\u00e8re-pays cannois et profitez de la tranquillit\u00e9 de cette r\u00e9gion pris\u00e9e.","breadcrumb":{"@id":"https:\/\/www.carlton-international.com\/es\/alquiler\/cote-dazur\/alquiler-por-temporada\/saint-tropez-environs\/rayol-canadel-sur-mer\/#breadcrumb"},"inLanguage":"es","potentialAction":[{"@type":"ReadAction","target":["https:\/\/www.carlton-international.com\/es\/alquiler\/cote-dazur\/alquiler-por-temporada\/saint-tropez-environs\/rayol-canadel-sur-mer\/"]}]},{"@type":"ImageObject","inLanguage":"es","@id":"https:\/\/www.carlton-international.com\/es\/alquiler\/cote-dazur\/alquiler-por-temporada\/saint-tropez-environs\/rayol-canadel-sur-mer\/#primaryimage","url":"https:\/\/www.carlton-international.com\/wp-content\/uploads\/2023\/07\/arriere-pays3_65815.jpeg","contentUrl":"https:\/\/www.carlton-international.com\/wp-content\/uploads\/2023\/07\/arriere-pays3_65815.jpeg","width":649,"height":487,"caption":"Luxury Villas In Cannes Countryside"},{"@type":"BreadcrumbList","@id":"https:\/\/www.carlton-international.com\/es\/alquiler\/cote-dazur\/alquiler-por-temporada\/saint-tropez-environs\/rayol-canadel-sur-mer\/#breadcrumb","itemListElement":[{"@type":"ListItem","position":1,"name":"Accueil","item":"https:\/\/www.carlton-international.com\/es\/"},{"@type":"ListItem","position":2,"name":"Alquiler","item":"https:\/\/www.carlton-international.com\/es\/alquiler\/"},{"@type":"ListItem","position":3,"name":"C\u00f4te d&#8217;Azur","item":"https:\/\/www.carlton-international.com\/es\/alquiler\/cote-dazur\/"},{"@type":"ListItem","position":4,"name":"Alquiler por temporada","item":"https:\/\/www.carlton-international.com\/es\/alquiler\/cote-dazur\/alquiler-por-temporada\/"},{"@type":"ListItem","position":5,"name":"Saint-Tropez &#038; Environs","item":"https:\/\/www.carlton-international.com\/es\/alquiler\/cote-dazur\/alquiler-por-temporada\/saint-tropez-environs\/"},{"@type":"ListItem","position":6,"name":"Rayol-Canadel-sur-Mer"}]},{"@type":"WebSite","@id":"https:\/\/www.carlton-international.com\/es\/#website","url":"https:\/\/www.carlton-international.com\/es\/","name":"Carlton International","description":"Luxury Real Estate in France and Internationally","publisher":{"@id":"https:\/\/www.carlton-international.com\/es\/#organization"},"alternateName":"Carlton","potentialAction":[{"@type":"SearchAction","target":{"@type":"EntryPoint","urlTemplate":"https:\/\/www.carlton-international.com\/es\/?s={search_term_string}"},"query-input":{"@type":"PropertyValueSpecification","valueRequired":true,"valueName":"search_term_string"}}],"inLanguage":"es"},{"@type":"Organization","@id":"https:\/\/www.carlton-international.com\/es\/#organization","name":"Carlton International","alternateName":"Carlton","url":"https:\/\/www.carlton-international.com\/es\/","logo":{"@type":"ImageObject","inLanguage":"es","@id":"https:\/\/www.carlton-international.com\/es\/#\/schema\/logo\/image\/","url":"https:\/\/www.carlton-international.com\/wp-content\/uploads\/2024\/10\/logo-square-1.jpg","contentUrl":"https:\/\/www.carlton-international.com\/wp-content\/uploads\/2024\/10\/logo-square-1.jpg","width":240,"height":240,"caption":"Carlton International"},"image":{"@id":"https:\/\/www.carlton-international.com\/es\/#\/schema\/logo\/image\/"},"sameAs":["https:\/\/www.facebook.com\/CarltonInternationalRealEstate\/","https:\/\/x.com\/CarltonInter","https:\/\/www.instagram.com\/carlton.international\/","https:\/\/www.linkedin.com\/company\/carlton-international\/mycompany\/","https:\/\/www.youtube.com\/channel\/UC45DFaSawRRikZFLqr2C_XQ"]}]}},"_links":{"self":[{"href":"https:\/\/www.carlton-international.com\/es\/wp-json\/wp\/v2\/pages\/3493559","targetHints":{"allow":["GET"]}}],"collection":[{"href":"https:\/\/www.carlton-international.com\/es\/wp-json\/wp\/v2\/pages"}],"about":[{"href":"https:\/\/www.carlton-international.com\/es\/wp-json\/wp\/v2\/types\/page"}],"author":[{"embeddable":true,"href":"https:\/\/www.carlton-international.com\/es\/wp-json\/wp\/v2\/users\/9"}],"replies":[{"embeddable":true,"href":"https:\/\/www.carlton-international.com\/es\/wp-json\/wp\/v2\/comments?post=3493559"}],"version-history":[{"count":2,"href":"https:\/\/www.carlton-international.com\/es\/wp-json\/wp\/v2\/pages\/3493559\/revisions"}],"predecessor-version":[{"id":4312769,"href":"https:\/\/www.carlton-international.com\/es\/wp-json\/wp\/v2\/pages\/3493559\/revisions\/4312769"}],"up":[{"embeddable":true,"href":"https:\/\/www.carlton-international.com\/es\/wp-json\/wp\/v2\/pages\/2457429"}],"wp:featuredmedia":[{"embeddable":true,"href":"https:\/\/www.carlton-international.com\/es\/wp-json\/wp\/v2\/media\/2457565"}],"wp:attachment":[{"href":"https:\/\/www.carlton-international.com\/es\/wp-json\/wp\/v2\/media?parent=3493559"}],"curies":[{"name":"wp","href":"https:\/\/api.w.org\/{rel}","templated":true}]}}