{"id":2457587,"date":"2023-04-11T15:00:14","date_gmt":"2023-04-11T13:00:14","guid":{"rendered":"https:\/\/www.carlton-international.com\/personal-data-policy\/"},"modified":"2025-06-18T12:55:46","modified_gmt":"2025-06-18T10:55:46","slug":"datos-personales","status":"publish","type":"page","link":"https:\/\/www.carlton-international.com\/es\/datos-personales\/","title":{"rendered":"Datos personales"},"content":{"rendered":"\t\t<div data-elementor-type=\"wp-page\" data-elementor-id=\"2457587\" class=\"elementor elementor-2457587 elementor-931338\" data-elementor-post-type=\"page\">\n\t\t\t\t<div data-dce-background-image-url=\"https:\/\/www.carlton-international.com\/wp-content\/uploads\/2023\/03\/Groupe-143.jpg\" class=\"elementor-element elementor-element-a035f88 e-flex e-con-boxed e-con e-parent\" data-id=\"a035f88\" data-element_type=\"container\" data-settings=\"{&quot;background_background&quot;:&quot;classic&quot;,&quot;jet_parallax_layout_list&quot;:[]}\">\n\t\t\t\t\t<div class=\"e-con-inner\">\n\t\t\t\t<div class=\"elementor-element elementor-element-e324656 elementor-widget elementor-widget-heading\" data-id=\"e324656\" data-element_type=\"widget\" data-widget_type=\"heading.default\">\n\t\t\t\t\t<h1 class=\"elementor-heading-title elementor-size-default\">Datos personales<\/h1>\t\t\t\t<\/div>\n\t\t\t\t\t<\/div>\n\t\t\t\t<\/div>\n\t\t<div class=\"elementor-element elementor-element-696fa40 e-con-full e-flex e-con e-parent\" data-id=\"696fa40\" data-element_type=\"container\" data-settings=\"{&quot;jet_parallax_layout_list&quot;:[]}\">\n\t\t\t\t<div class=\"elementor-element elementor-element-ecb1d17 elementor-widget elementor-widget-text-editor\" data-id=\"ecb1d17\" data-element_type=\"widget\" data-widget_type=\"text-editor.default\">\n\t\t\t\t\t\t\t\t\t<div class=\"modal-body\"><p>El uso del Sitio est\u00e1 sujeto al cumplimiento de las siguientes condiciones. El acceso y la navegaci\u00f3n por el sitio implican la aceptaci\u00f3n de dichas condiciones:<\/p><h2 class=\"mentionLegales\">Definiciones<\/h2><p>Sitio<strong data-start=\"39\" data-end=\"49\">:<\/strong> se refiere al sitio web al que accede desde su navegador de Internet.<br data-start=\"119\" data-end=\"122\" data-is-only-node=\"\" \/>La Agencia: se refiere a la(s) agencia(s) inmobiliaria(s) presente(s) en el sitio web, que publica(n) los anuncios y recopila(n) los datos introducidos por el usuario en los formularios de contacto.<\/p><h2 class=\"mentionLegales\">Datos personales<\/h2><p data-start=\"66\" data-end=\"145\">Los datos personales que pueden ser recopilados en el Sitio son los siguientes:<\/p><p data-start=\"147\" data-end=\"668\">Cookies: Las cookies se utilizan, en el marco del uso del Sitio, para recopilar cierta informaci\u00f3n (en particular, su direcci\u00f3n IP, informaci\u00f3n relativa al ordenador utilizado para la navegaci\u00f3n, el modo de conexi\u00f3n, el tipo y la versi\u00f3n del navegador de Internet, el sistema operativo y otros identificadores t\u00e9cnicos, as\u00ed como la URL de las conexiones, incluida la fecha y la hora, as\u00ed como el contenido al que se accede). Usted tiene la posibilidad de desactivar las cookies desde la configuraci\u00f3n de su navegador.<\/p><p data-start=\"670\" data-end=\"818\">Formulario de contacto: Al completar el formulario de contacto, se recopilan su nombre, apellidos, direcci\u00f3n de correo electr\u00f3nico y su mensaje.<\/p><p data-start=\"820\" data-end=\"884\">Los usos principales de sus datos personales son los siguientes:<\/p><p data-start=\"888\" data-end=\"923\">Gesti\u00f3n de la relaci\u00f3n con usted;<\/p><p data-start=\"926\" data-end=\"1058\">Provisi\u00f3n de contenidos y servicios personalizados, en funci\u00f3n de su historial de navegaci\u00f3n, sus preferencias y centros de inter\u00e9s.<\/p><p data-start=\"1060\" data-end=\"1409\">Cuando cierta informaci\u00f3n sea obligatoria para acceder a funcionalidades espec\u00edficas del Sitio, este car\u00e1cter obligatorio se indicar\u00e1 en el momento de la introducci\u00f3n de los datos. En caso de que usted se niegue a proporcionar dicha informaci\u00f3n obligatoria, es posible que no pueda acceder a ciertos servicios, funcionalidades o secciones del Sitio.<\/p><p data-start=\"1411\" data-end=\"1505\">Sus datos personales se conservar\u00e1n durante un per\u00edodo que no exceder\u00e1 de 36 meses, salvo que:<\/p><p data-start=\"1509\" data-end=\"1624\">Usted ejerza, en las condiciones previstas a continuaci\u00f3n, alguno de los derechos que le reconoce la legislaci\u00f3n;<\/p><p data-start=\"1627\" data-end=\"1744\">Un per\u00edodo de conservaci\u00f3n m\u00e1s largo est\u00e9 autorizado o impuesto en virtud de una disposici\u00f3n legal o reglamentaria;<\/p><p data-start=\"1747\" data-end=\"1816\">Este per\u00edodo pueda renovarse si usted contin\u00faa la relaci\u00f3n comercial.<\/p><p data-start=\"1818\" data-end=\"2099\" data-is-last-node=\"\" data-is-only-node=\"\">Durante este per\u00edodo, el Sitio implementa los medios organizativos, inform\u00e1ticos, legales, t\u00e9cnicos y f\u00edsicos adecuados para garantizar la confidencialidad y seguridad de sus datos personales, con el fin de evitar su da\u00f1o, eliminaci\u00f3n o acceso por parte de terceros no autorizados.<\/p><h2 class=\"mentionLegales\">Acceso a los datos personales<\/h2><p data-start=\"79\" data-end=\"892\">El acceso a sus datos personales est\u00e1 estrictamente limitado al personal y a los agentes comerciales de la Agencia, autorizados en raz\u00f3n de sus funciones y sometidos a una obligaci\u00f3n de confidencialidad. Sin embargo, los datos recogidos podr\u00e1n ser comunicados eventualmente a subcontratistas encargados contractualmente de la realizaci\u00f3n de las tareas necesarias para el correcto funcionamiento del Sitio y de sus servicios, as\u00ed como para la adecuada gesti\u00f3n de la relaci\u00f3n con usted, sin que sea necesario su consentimiento. Se especifica que, en el marco de la ejecuci\u00f3n de sus servicios, los subcontratistas solo tienen un acceso limitado a sus datos y est\u00e1n obligados contractualmente a utilizarlos en conformidad con las disposiciones de la legislaci\u00f3n aplicable en materia de protecci\u00f3n de datos personales.<\/p><p data-start=\"894\" data-end=\"1182\">Fuera de los casos mencionados anteriormente, la Agencia se compromete a no vender, alquilar, ceder ni dar acceso a terceros a sus datos sin su consentimiento previo, salvo obligaci\u00f3n legal (obligaci\u00f3n legal, lucha contra el fraude o el abuso, ejercicio de los derechos de defensa, etc.).<\/p><p data-start=\"1184\" data-end=\"1530\">De acuerdo con las disposiciones legales y reglamentarias aplicables, en particular la Ley n.\u00ba 78-17 de 6 de enero de 1978 modificada, relativa a la inform\u00e1tica, a los archivos y a las libertades, y el Reglamento Europeo n.\u00ba 2016\/679\/UE de 27 de abril de 2016 (aplicable a partir del 25 de mayo de 2018), usted dispone de los siguientes derechos:<\/p><ul data-start=\"1532\" data-end=\"2477\"><li data-start=\"1532\" data-end=\"1618\"><p data-start=\"1534\" data-end=\"1618\">Ejercer su derecho de acceso, para conocer los datos personales que le conciernen;<\/p><\/li><li data-start=\"1619\" data-end=\"1687\"><p data-start=\"1621\" data-end=\"1687\">Solicitar la actualizaci\u00f3n de sus datos, si estos son inexactos;<\/p><\/li><li data-start=\"1688\" data-end=\"1746\"><p data-start=\"1690\" data-end=\"1746\">Solicitar la portabilidad o la supresi\u00f3n de sus datos;<\/p><\/li><li data-start=\"1747\" data-end=\"1804\"><p data-start=\"1749\" data-end=\"1804\">Solicitar la limitaci\u00f3n del tratamiento de sus datos;<\/p><\/li><li data-start=\"1805\" data-end=\"1870\"><p data-start=\"1807\" data-end=\"1870\">Oponerse, por motivos leg\u00edtimos, al tratamiento de sus datos;<\/p><\/li><li data-start=\"1805\" data-end=\"1870\"><p data-start=\"1807\" data-end=\"1870\">Oponerse o retirar su consentimiento para el uso, por parte de nuestros servicios, de sus datos de contacto para el env\u00edo de promociones y solicitudes comerciales mediante correos electr\u00f3nicos, mensajes SMS, llamadas telef\u00f3nicas y correos postales. Este derecho sigue siendo v\u00e1lido tanto si la informaci\u00f3n nos ha sido transmitida directamente por usted como por terceros socios a quienes usted se las haya comunicado (en este caso, deber\u00e1 hacer clic en los enlaces de cancelaci\u00f3n de suscripci\u00f3n previstos en nuestros SMS o correos electr\u00f3nicos o contactarnos en las condiciones indicadas a continuaci\u00f3n).<\/p><\/li><\/ul><p data-start=\"2479\" data-end=\"2710\">Estos diferentes derechos pueden ejercerse modificando la configuraci\u00f3n de su cuenta, directamente en el Sitio en la secci\u00f3n \u00abContacto\u00bb, por correo postal o por correo electr\u00f3nico a la direcci\u00f3n indicada en el enlace \u00abAviso legal\u00bb.<\/p><p data-start=\"2712\" data-end=\"2935\">Por razones de seguridad y para evitar solicitudes fraudulentas, esta solicitud deber\u00e1 ir acompa\u00f1ada de un documento acreditativo de identidad. Dicho justificante ser\u00e1 destruido una vez que la solicitud haya sido tramitada.<\/p><p data-start=\"2937\" data-end=\"3101\" data-is-last-node=\"\" data-is-only-node=\"\">Para cualquier informaci\u00f3n adicional o reclamaci\u00f3n, puede ponerse en contacto con la Comisi\u00f3n Nacional de Inform\u00e1tica y Libertades (m\u00e1s informaci\u00f3n en www.cnil.fr).<\/p><\/div>\t\t\t\t\t\t\t\t<\/div>\n\t\t\t\t<\/div>\n\t\t\t\t<\/div>\n\t\t","protected":false},"excerpt":{"rendered":"<p>Datos personales El uso del Sitio est\u00e1 sujeto al cumplimiento de las siguientes condiciones. El acceso y la navegaci\u00f3n por el sitio implican la aceptaci\u00f3n de dichas condiciones: Definiciones Sitio: se refiere al sitio web al que accede desde su navegador de Internet.La Agencia: se refiere a la(s) agencia(s) inmobiliaria(s) presente(s) en el sitio web, [&hellip;]<\/p>\n","protected":false},"author":3,"featured_media":0,"parent":0,"menu_order":0,"comment_status":"closed","ping_status":"closed","template":"","meta":{"_acf_changed":false,"footnotes":"","_wp_rev_ctl_limit":""},"class_list":["post-2457587","page","type-page","status-publish","hentry"],"acf":[],"yoast_head":"<!-- This site is optimized with the Yoast SEO Premium plugin v20.11 (Yoast SEO v26.5) - https:\/\/yoast.com\/wordpress\/plugins\/seo\/ -->\n<title>Datos personales | Carlton International<\/title>\n<meta name=\"description\" content=\"Carlton International&#039;s personal data policy.\" \/>\n<meta name=\"robots\" content=\"index, follow, max-snippet:-1, max-image-preview:large, max-video-preview:-1\" \/>\n<link rel=\"canonical\" href=\"https:\/\/www.carlton-international.com\/es\/datos-personales\/\" \/>\n<meta property=\"og:locale\" content=\"es_ES\" \/>\n<meta property=\"og:type\" content=\"article\" \/>\n<meta property=\"og:title\" content=\"Datos personales\" \/>\n<meta property=\"og:description\" content=\"Carlton International&#039;s personal data policy.\" \/>\n<meta property=\"og:url\" content=\"https:\/\/www.carlton-international.com\/es\/datos-personales\/\" \/>\n<meta property=\"og:site_name\" content=\"Carlton International\" \/>\n<meta property=\"article:publisher\" content=\"https:\/\/www.facebook.com\/CarltonInternationalRealEstate\/\" \/>\n<meta property=\"article:modified_time\" content=\"2025-06-18T10:55:46+00:00\" \/>\n<meta name=\"twitter:card\" content=\"summary_large_image\" \/>\n<meta name=\"twitter:site\" content=\"@CarltonInter\" \/>\n<meta name=\"twitter:label1\" content=\"Tiempo de lectura\" \/>\n\t<meta name=\"twitter:data1\" content=\"6 minutos\" \/>\n<script type=\"application\/ld+json\" class=\"yoast-schema-graph\">{\"@context\":\"https:\/\/schema.org\",\"@graph\":[{\"@type\":\"WebPage\",\"@id\":\"https:\/\/www.carlton-international.com\/es\/datos-personales\/\",\"url\":\"https:\/\/www.carlton-international.com\/es\/datos-personales\/\",\"name\":\"Datos personales | Carlton International\",\"isPartOf\":{\"@id\":\"https:\/\/www.carlton-international.com\/es\/#website\"},\"datePublished\":\"2023-04-11T13:00:14+00:00\",\"dateModified\":\"2025-06-18T10:55:46+00:00\",\"description\":\"Carlton International's personal data policy.\",\"breadcrumb\":{\"@id\":\"https:\/\/www.carlton-international.com\/es\/datos-personales\/#breadcrumb\"},\"inLanguage\":\"es\",\"potentialAction\":[{\"@type\":\"ReadAction\",\"target\":[\"https:\/\/www.carlton-international.com\/es\/datos-personales\/\"]}]},{\"@type\":\"BreadcrumbList\",\"@id\":\"https:\/\/www.carlton-international.com\/es\/datos-personales\/#breadcrumb\",\"itemListElement\":[{\"@type\":\"ListItem\",\"position\":1,\"name\":\"Accueil\",\"item\":\"https:\/\/www.carlton-international.com\/es\/\"},{\"@type\":\"ListItem\",\"position\":2,\"name\":\"Datos personales\"}]},{\"@type\":\"WebSite\",\"@id\":\"https:\/\/www.carlton-international.com\/es\/#website\",\"url\":\"https:\/\/www.carlton-international.com\/es\/\",\"name\":\"Carlton International\",\"description\":\"Luxury Real Estate in France and Internationally\",\"publisher\":{\"@id\":\"https:\/\/www.carlton-international.com\/es\/#organization\"},\"alternateName\":\"Carlton\",\"potentialAction\":[{\"@type\":\"SearchAction\",\"target\":{\"@type\":\"EntryPoint\",\"urlTemplate\":\"https:\/\/www.carlton-international.com\/es\/?s={search_term_string}\"},\"query-input\":{\"@type\":\"PropertyValueSpecification\",\"valueRequired\":true,\"valueName\":\"search_term_string\"}}],\"inLanguage\":\"es\"},{\"@type\":\"Organization\",\"@id\":\"https:\/\/www.carlton-international.com\/es\/#organization\",\"name\":\"Carlton International\",\"alternateName\":\"Carlton\",\"url\":\"https:\/\/www.carlton-international.com\/es\/\",\"logo\":{\"@type\":\"ImageObject\",\"inLanguage\":\"es\",\"@id\":\"https:\/\/www.carlton-international.com\/es\/#\/schema\/logo\/image\/\",\"url\":\"https:\/\/www.carlton-international.com\/wp-content\/uploads\/2024\/10\/logo-square-1.jpg\",\"contentUrl\":\"https:\/\/www.carlton-international.com\/wp-content\/uploads\/2024\/10\/logo-square-1.jpg\",\"width\":240,\"height\":240,\"caption\":\"Carlton International\"},\"image\":{\"@id\":\"https:\/\/www.carlton-international.com\/es\/#\/schema\/logo\/image\/\"},\"sameAs\":[\"https:\/\/www.facebook.com\/CarltonInternationalRealEstate\/\",\"https:\/\/x.com\/CarltonInter\",\"https:\/\/www.instagram.com\/carlton.international\/\",\"https:\/\/www.linkedin.com\/company\/carlton-international\/mycompany\/\",\"https:\/\/www.youtube.com\/channel\/UC45DFaSawRRikZFLqr2C_XQ\"]}]}<\/script>\n<!-- \/ Yoast SEO Premium plugin. -->","yoast_head_json":{"title":"Datos personales | Carlton International","description":"Carlton International's personal data policy.","robots":{"index":"index","follow":"follow","max-snippet":"max-snippet:-1","max-image-preview":"max-image-preview:large","max-video-preview":"max-video-preview:-1"},"canonical":"https:\/\/www.carlton-international.com\/es\/datos-personales\/","og_locale":"es_ES","og_type":"article","og_title":"Datos personales","og_description":"Carlton International's personal data policy.","og_url":"https:\/\/www.carlton-international.com\/es\/datos-personales\/","og_site_name":"Carlton International","article_publisher":"https:\/\/www.facebook.com\/CarltonInternationalRealEstate\/","article_modified_time":"2025-06-18T10:55:46+00:00","twitter_card":"summary_large_image","twitter_site":"@CarltonInter","twitter_misc":{"Tiempo de lectura":"6 minutos"},"schema":{"@context":"https:\/\/schema.org","@graph":[{"@type":"WebPage","@id":"https:\/\/www.carlton-international.com\/es\/datos-personales\/","url":"https:\/\/www.carlton-international.com\/es\/datos-personales\/","name":"Datos personales | Carlton International","isPartOf":{"@id":"https:\/\/www.carlton-international.com\/es\/#website"},"datePublished":"2023-04-11T13:00:14+00:00","dateModified":"2025-06-18T10:55:46+00:00","description":"Carlton International's personal data policy.","breadcrumb":{"@id":"https:\/\/www.carlton-international.com\/es\/datos-personales\/#breadcrumb"},"inLanguage":"es","potentialAction":[{"@type":"ReadAction","target":["https:\/\/www.carlton-international.com\/es\/datos-personales\/"]}]},{"@type":"BreadcrumbList","@id":"https:\/\/www.carlton-international.com\/es\/datos-personales\/#breadcrumb","itemListElement":[{"@type":"ListItem","position":1,"name":"Accueil","item":"https:\/\/www.carlton-international.com\/es\/"},{"@type":"ListItem","position":2,"name":"Datos personales"}]},{"@type":"WebSite","@id":"https:\/\/www.carlton-international.com\/es\/#website","url":"https:\/\/www.carlton-international.com\/es\/","name":"Carlton International","description":"Luxury Real Estate in France and Internationally","publisher":{"@id":"https:\/\/www.carlton-international.com\/es\/#organization"},"alternateName":"Carlton","potentialAction":[{"@type":"SearchAction","target":{"@type":"EntryPoint","urlTemplate":"https:\/\/www.carlton-international.com\/es\/?s={search_term_string}"},"query-input":{"@type":"PropertyValueSpecification","valueRequired":true,"valueName":"search_term_string"}}],"inLanguage":"es"},{"@type":"Organization","@id":"https:\/\/www.carlton-international.com\/es\/#organization","name":"Carlton International","alternateName":"Carlton","url":"https:\/\/www.carlton-international.com\/es\/","logo":{"@type":"ImageObject","inLanguage":"es","@id":"https:\/\/www.carlton-international.com\/es\/#\/schema\/logo\/image\/","url":"https:\/\/www.carlton-international.com\/wp-content\/uploads\/2024\/10\/logo-square-1.jpg","contentUrl":"https:\/\/www.carlton-international.com\/wp-content\/uploads\/2024\/10\/logo-square-1.jpg","width":240,"height":240,"caption":"Carlton International"},"image":{"@id":"https:\/\/www.carlton-international.com\/es\/#\/schema\/logo\/image\/"},"sameAs":["https:\/\/www.facebook.com\/CarltonInternationalRealEstate\/","https:\/\/x.com\/CarltonInter","https:\/\/www.instagram.com\/carlton.international\/","https:\/\/www.linkedin.com\/company\/carlton-international\/mycompany\/","https:\/\/www.youtube.com\/channel\/UC45DFaSawRRikZFLqr2C_XQ"]}]}},"jetpack_sharing_enabled":true,"_links":{"self":[{"href":"https:\/\/www.carlton-international.com\/es\/wp-json\/wp\/v2\/pages\/2457587","targetHints":{"allow":["GET"]}}],"collection":[{"href":"https:\/\/www.carlton-international.com\/es\/wp-json\/wp\/v2\/pages"}],"about":[{"href":"https:\/\/www.carlton-international.com\/es\/wp-json\/wp\/v2\/types\/page"}],"author":[{"embeddable":true,"href":"https:\/\/www.carlton-international.com\/es\/wp-json\/wp\/v2\/users\/3"}],"replies":[{"embeddable":true,"href":"https:\/\/www.carlton-international.com\/es\/wp-json\/wp\/v2\/comments?post=2457587"}],"version-history":[{"count":0,"href":"https:\/\/www.carlton-international.com\/es\/wp-json\/wp\/v2\/pages\/2457587\/revisions"}],"wp:attachment":[{"href":"https:\/\/www.carlton-international.com\/es\/wp-json\/wp\/v2\/media?parent=2457587"}],"curies":[{"name":"wp","href":"https:\/\/api.w.org\/{rel}","templated":true}]}}