{"id":2457585,"date":"2023-04-11T15:00:25","date_gmt":"2023-04-11T13:00:25","guid":{"rendered":"https:\/\/www.carlton-international.com\/cookie-policy\/"},"modified":"2025-06-23T09:40:15","modified_gmt":"2025-06-23T07:40:15","slug":"cookies","status":"publish","type":"page","link":"https:\/\/www.carlton-international.com\/es\/cookies\/","title":{"rendered":"Cookies"},"content":{"rendered":"\t\t<div data-elementor-type=\"wp-page\" data-elementor-id=\"2457585\" class=\"elementor elementor-2457585 elementor-931339\" data-elementor-post-type=\"page\">\n\t\t\t\t<div data-dce-background-image-url=\"https:\/\/www.carlton-international.com\/wp-content\/uploads\/2023\/03\/Groupe-143.jpg\" class=\"elementor-element elementor-element-3192e16 e-flex e-con-boxed e-con e-parent\" data-id=\"3192e16\" data-element_type=\"container\" data-settings=\"{&quot;background_background&quot;:&quot;classic&quot;,&quot;jet_parallax_layout_list&quot;:[]}\">\n\t\t\t\t\t<div class=\"e-con-inner\">\n\t\t\t\t<div class=\"elementor-element elementor-element-0856a54 elementor-widget elementor-widget-heading\" data-id=\"0856a54\" data-element_type=\"widget\" data-widget_type=\"heading.default\">\n\t\t\t\t\t<h1 class=\"elementor-heading-title elementor-size-default\">Cookies<\/h1>\t\t\t\t<\/div>\n\t\t\t\t\t<\/div>\n\t\t\t\t<\/div>\n\t\t<div class=\"elementor-element elementor-element-a3c92aa e-con-full e-flex e-con e-parent\" data-id=\"a3c92aa\" data-element_type=\"container\" data-settings=\"{&quot;jet_parallax_layout_list&quot;:[]}\">\n\t\t\t\t<div class=\"elementor-element elementor-element-1692474 elementor-widget elementor-widget-text-editor\" data-id=\"1692474\" data-element_type=\"widget\" data-widget_type=\"text-editor.default\">\n\t\t\t\t\t\t\t\t\t<h2 class=\"mentionLegales\" style=\"margin-top: 0px;\">QU\u00c9 ES UNA COOKIE?<\/h2><p>Una cookie es un peque\u00f1o archivo de texto que los sitios web guardan en su ordenador o dispositivo m\u00f3vil cuando los visita. Permite a estos sitios recordar sus acciones y preferencias (nombre de usuario, idioma, tama\u00f1o de la fuente y otros par\u00e1metros de visualizaci\u00f3n) durante un per\u00edodo de tiempo determinado, para que no tenga que volver a introducir esta informaci\u00f3n cada vez que visite estos sitios o navegue de una p\u00e1gina a otra.<\/p><h2 class=\"mentionLegales\">C\u00d3MO PUEDO DESACTIVAR LAS COOKIES?<\/h2><p>Usted puede controlar y\/o eliminar las cookies como desee. Para obtener m\u00e1s informaci\u00f3n, consulte aboutcookies.org. Tiene la posibilidad de eliminar todas las cookies que ya est\u00e1n almacenadas en su ordenador y de configurar la mayor\u00eda de los navegadores para que las bloqueen. Sin embargo, en ese caso, es posible que tenga que ajustar manualmente algunas preferencias cada vez que visite un sitio web, y algunos servicios y funcionalidades podr\u00edan no estar disponibles.<\/p><h2 class=\"mentionLegales\">POR QU\u00c9 CARLTON UTILIZA COOKIES?<\/h2><p data-start=\"39\" data-end=\"88\">Carlton International utiliza cookies para:<\/p><ul><li data-start=\"39\" data-end=\"88\">Gestionar sus preferencias durante la navegaci\u00f3n por el sitio<\/li><li data-start=\"39\" data-end=\"88\">Mejorar nuestros servicios y permitir la medici\u00f3n de la audiencia<\/li><\/ul><p data-start=\"226\" data-end=\"340\" data-is-last-node=\"\" data-is-only-node=\"\">Otras cookies pueden ser a\u00f1adidas por aplicaciones de terceros, como los botones para compartir en redes sociales.<\/p>\t\t\t\t\t\t\t\t<\/div>\n\t\t\t\t<\/div>\n\t\t\t\t<\/div>\n\t\t","protected":false},"excerpt":{"rendered":"<p>Cookies QU\u00c9 ES UNA COOKIE? Una cookie es un peque\u00f1o archivo de texto que los sitios web guardan en su ordenador o dispositivo m\u00f3vil cuando los visita. Permite a estos sitios recordar sus acciones y preferencias (nombre de usuario, idioma, tama\u00f1o de la fuente y otros par\u00e1metros de visualizaci\u00f3n) durante un per\u00edodo de tiempo determinado, [&hellip;]<\/p>\n","protected":false},"author":3,"featured_media":0,"parent":0,"menu_order":0,"comment_status":"closed","ping_status":"closed","template":"","meta":{"_acf_changed":false,"footnotes":"","_wp_rev_ctl_limit":""},"class_list":["post-2457585","page","type-page","status-publish","hentry"],"acf":[],"yoast_head":"<!-- This site is optimized with the Yoast SEO Premium plugin v20.11 (Yoast SEO v26.5) - https:\/\/yoast.com\/wordpress\/plugins\/seo\/ -->\n<title>Cookies | Carlton International<\/title>\n<meta name=\"description\" content=\"Carlton Internationals cookie policy.\" \/>\n<meta name=\"robots\" content=\"index, follow, max-snippet:-1, max-image-preview:large, max-video-preview:-1\" \/>\n<link rel=\"canonical\" href=\"https:\/\/www.carlton-international.com\/es\/cookies\/\" \/>\n<meta property=\"og:locale\" content=\"es_ES\" \/>\n<meta property=\"og:type\" content=\"article\" \/>\n<meta property=\"og:title\" content=\"Cookies\" \/>\n<meta property=\"og:description\" content=\"Carlton Internationals cookie policy.\" \/>\n<meta property=\"og:url\" content=\"https:\/\/www.carlton-international.com\/es\/cookies\/\" \/>\n<meta property=\"og:site_name\" content=\"Carlton International\" \/>\n<meta property=\"article:publisher\" content=\"https:\/\/www.facebook.com\/CarltonInternationalRealEstate\/\" \/>\n<meta property=\"article:modified_time\" content=\"2025-06-23T07:40:15+00:00\" \/>\n<meta name=\"twitter:card\" content=\"summary_large_image\" \/>\n<meta name=\"twitter:site\" content=\"@CarltonInter\" \/>\n<meta name=\"twitter:label1\" content=\"Tiempo de lectura\" \/>\n\t<meta name=\"twitter:data1\" content=\"3 minutos\" \/>\n<script type=\"application\/ld+json\" class=\"yoast-schema-graph\">{\"@context\":\"https:\/\/schema.org\",\"@graph\":[{\"@type\":\"WebPage\",\"@id\":\"https:\/\/www.carlton-international.com\/es\/cookies\/\",\"url\":\"https:\/\/www.carlton-international.com\/es\/cookies\/\",\"name\":\"Cookies | Carlton International\",\"isPartOf\":{\"@id\":\"https:\/\/www.carlton-international.com\/es\/#website\"},\"datePublished\":\"2023-04-11T13:00:25+00:00\",\"dateModified\":\"2025-06-23T07:40:15+00:00\",\"description\":\"Carlton Internationals cookie policy.\",\"breadcrumb\":{\"@id\":\"https:\/\/www.carlton-international.com\/es\/cookies\/#breadcrumb\"},\"inLanguage\":\"es\",\"potentialAction\":[{\"@type\":\"ReadAction\",\"target\":[\"https:\/\/www.carlton-international.com\/es\/cookies\/\"]}]},{\"@type\":\"BreadcrumbList\",\"@id\":\"https:\/\/www.carlton-international.com\/es\/cookies\/#breadcrumb\",\"itemListElement\":[{\"@type\":\"ListItem\",\"position\":1,\"name\":\"Accueil\",\"item\":\"https:\/\/www.carlton-international.com\/es\/\"},{\"@type\":\"ListItem\",\"position\":2,\"name\":\"Cookies\"}]},{\"@type\":\"WebSite\",\"@id\":\"https:\/\/www.carlton-international.com\/es\/#website\",\"url\":\"https:\/\/www.carlton-international.com\/es\/\",\"name\":\"Carlton International\",\"description\":\"Luxury Real Estate in France and Internationally\",\"publisher\":{\"@id\":\"https:\/\/www.carlton-international.com\/es\/#organization\"},\"alternateName\":\"Carlton\",\"potentialAction\":[{\"@type\":\"SearchAction\",\"target\":{\"@type\":\"EntryPoint\",\"urlTemplate\":\"https:\/\/www.carlton-international.com\/es\/?s={search_term_string}\"},\"query-input\":{\"@type\":\"PropertyValueSpecification\",\"valueRequired\":true,\"valueName\":\"search_term_string\"}}],\"inLanguage\":\"es\"},{\"@type\":\"Organization\",\"@id\":\"https:\/\/www.carlton-international.com\/es\/#organization\",\"name\":\"Carlton International\",\"alternateName\":\"Carlton\",\"url\":\"https:\/\/www.carlton-international.com\/es\/\",\"logo\":{\"@type\":\"ImageObject\",\"inLanguage\":\"es\",\"@id\":\"https:\/\/www.carlton-international.com\/es\/#\/schema\/logo\/image\/\",\"url\":\"https:\/\/www.carlton-international.com\/wp-content\/uploads\/2024\/10\/logo-square-1.jpg\",\"contentUrl\":\"https:\/\/www.carlton-international.com\/wp-content\/uploads\/2024\/10\/logo-square-1.jpg\",\"width\":240,\"height\":240,\"caption\":\"Carlton International\"},\"image\":{\"@id\":\"https:\/\/www.carlton-international.com\/es\/#\/schema\/logo\/image\/\"},\"sameAs\":[\"https:\/\/www.facebook.com\/CarltonInternationalRealEstate\/\",\"https:\/\/x.com\/CarltonInter\",\"https:\/\/www.instagram.com\/carlton.international\/\",\"https:\/\/www.linkedin.com\/company\/carlton-international\/mycompany\/\",\"https:\/\/www.youtube.com\/channel\/UC45DFaSawRRikZFLqr2C_XQ\"]}]}<\/script>\n<!-- \/ Yoast SEO Premium plugin. -->","yoast_head_json":{"title":"Cookies | Carlton International","description":"Carlton Internationals cookie policy.","robots":{"index":"index","follow":"follow","max-snippet":"max-snippet:-1","max-image-preview":"max-image-preview:large","max-video-preview":"max-video-preview:-1"},"canonical":"https:\/\/www.carlton-international.com\/es\/cookies\/","og_locale":"es_ES","og_type":"article","og_title":"Cookies","og_description":"Carlton Internationals cookie policy.","og_url":"https:\/\/www.carlton-international.com\/es\/cookies\/","og_site_name":"Carlton International","article_publisher":"https:\/\/www.facebook.com\/CarltonInternationalRealEstate\/","article_modified_time":"2025-06-23T07:40:15+00:00","twitter_card":"summary_large_image","twitter_site":"@CarltonInter","twitter_misc":{"Tiempo de lectura":"3 minutos"},"schema":{"@context":"https:\/\/schema.org","@graph":[{"@type":"WebPage","@id":"https:\/\/www.carlton-international.com\/es\/cookies\/","url":"https:\/\/www.carlton-international.com\/es\/cookies\/","name":"Cookies | Carlton International","isPartOf":{"@id":"https:\/\/www.carlton-international.com\/es\/#website"},"datePublished":"2023-04-11T13:00:25+00:00","dateModified":"2025-06-23T07:40:15+00:00","description":"Carlton Internationals cookie policy.","breadcrumb":{"@id":"https:\/\/www.carlton-international.com\/es\/cookies\/#breadcrumb"},"inLanguage":"es","potentialAction":[{"@type":"ReadAction","target":["https:\/\/www.carlton-international.com\/es\/cookies\/"]}]},{"@type":"BreadcrumbList","@id":"https:\/\/www.carlton-international.com\/es\/cookies\/#breadcrumb","itemListElement":[{"@type":"ListItem","position":1,"name":"Accueil","item":"https:\/\/www.carlton-international.com\/es\/"},{"@type":"ListItem","position":2,"name":"Cookies"}]},{"@type":"WebSite","@id":"https:\/\/www.carlton-international.com\/es\/#website","url":"https:\/\/www.carlton-international.com\/es\/","name":"Carlton International","description":"Luxury Real Estate in France and Internationally","publisher":{"@id":"https:\/\/www.carlton-international.com\/es\/#organization"},"alternateName":"Carlton","potentialAction":[{"@type":"SearchAction","target":{"@type":"EntryPoint","urlTemplate":"https:\/\/www.carlton-international.com\/es\/?s={search_term_string}"},"query-input":{"@type":"PropertyValueSpecification","valueRequired":true,"valueName":"search_term_string"}}],"inLanguage":"es"},{"@type":"Organization","@id":"https:\/\/www.carlton-international.com\/es\/#organization","name":"Carlton International","alternateName":"Carlton","url":"https:\/\/www.carlton-international.com\/es\/","logo":{"@type":"ImageObject","inLanguage":"es","@id":"https:\/\/www.carlton-international.com\/es\/#\/schema\/logo\/image\/","url":"https:\/\/www.carlton-international.com\/wp-content\/uploads\/2024\/10\/logo-square-1.jpg","contentUrl":"https:\/\/www.carlton-international.com\/wp-content\/uploads\/2024\/10\/logo-square-1.jpg","width":240,"height":240,"caption":"Carlton International"},"image":{"@id":"https:\/\/www.carlton-international.com\/es\/#\/schema\/logo\/image\/"},"sameAs":["https:\/\/www.facebook.com\/CarltonInternationalRealEstate\/","https:\/\/x.com\/CarltonInter","https:\/\/www.instagram.com\/carlton.international\/","https:\/\/www.linkedin.com\/company\/carlton-international\/mycompany\/","https:\/\/www.youtube.com\/channel\/UC45DFaSawRRikZFLqr2C_XQ"]}]}},"jetpack_sharing_enabled":true,"_links":{"self":[{"href":"https:\/\/www.carlton-international.com\/es\/wp-json\/wp\/v2\/pages\/2457585","targetHints":{"allow":["GET"]}}],"collection":[{"href":"https:\/\/www.carlton-international.com\/es\/wp-json\/wp\/v2\/pages"}],"about":[{"href":"https:\/\/www.carlton-international.com\/es\/wp-json\/wp\/v2\/types\/page"}],"author":[{"embeddable":true,"href":"https:\/\/www.carlton-international.com\/es\/wp-json\/wp\/v2\/users\/3"}],"replies":[{"embeddable":true,"href":"https:\/\/www.carlton-international.com\/es\/wp-json\/wp\/v2\/comments?post=2457585"}],"version-history":[{"count":0,"href":"https:\/\/www.carlton-international.com\/es\/wp-json\/wp\/v2\/pages\/2457585\/revisions"}],"wp:attachment":[{"href":"https:\/\/www.carlton-international.com\/es\/wp-json\/wp\/v2\/media?parent=2457585"}],"curies":[{"name":"wp","href":"https:\/\/api.w.org\/{rel}","templated":true}]}}