{"id":2457489,"date":"2023-06-06T16:27:05","date_gmt":"2023-06-06T14:27:05","guid":{"rendered":"https:\/\/www.carlton-international.com\/buying-dream-homes-and-investment-opportunities-on-the-french-riviera\/international-luxury-real-estate\/"},"modified":"2025-06-20T10:44:54","modified_gmt":"2025-06-20T08:44:54","slug":"international","status":"publish","type":"page","link":"https:\/\/www.carlton-international.com\/es\/compra\/international\/","title":{"rendered":"International"},"content":{"rendered":"\t\t<div data-elementor-type=\"wp-page\" data-elementor-id=\"2457489\" class=\"elementor elementor-2457489 elementor-933089\" data-elementor-post-type=\"page\">\n\t\t\t\t<div class=\"elementor-element elementor-element-7a9634d e-flex e-con-boxed e-con e-parent\" data-id=\"7a9634d\" data-element_type=\"container\" data-settings=\"{&quot;background_background&quot;:&quot;classic&quot;,&quot;jet_parallax_layout_list&quot;:[]}\">\n\t\t\t\t\t<div class=\"e-con-inner\">\n\t\t\t\t<div class=\"elementor-element elementor-element-eb0326c elementor-widget elementor-widget-heading\" data-id=\"eb0326c\" data-element_type=\"widget\" data-widget_type=\"heading.default\">\n\t\t\t\t\t<h1 class=\"elementor-heading-title elementor-size-default\">International<\/h1>\t\t\t\t<\/div>\n\t\t\t\t\t<\/div>\n\t\t\t\t<\/div>\n\t\t<div class=\"elementor-element elementor-element-b7abb3a contentpd30 hidden_live e-flex e-con-boxed e-con e-parent\" data-id=\"b7abb3a\" data-element_type=\"container\" data-settings=\"{&quot;jet_parallax_layout_list&quot;:[]}\">\n\t\t\t\t\t<div class=\"e-con-inner\">\n\t\t\t\t<div class=\"elementor-element elementor-element-7f8ecc9 elementor-widget elementor-widget-text-editor\" data-id=\"7f8ecc9\" data-element_type=\"widget\" data-widget_type=\"text-editor.default\">\n\t\t\t\t\t\t\t\t\t<ul>\n \t<li><a href=\"\/es\/compra\/international\/ile-maurice\/\">\u00cele Maurice<\/a><\/li>\n<\/ul>\t\t\t\t\t\t\t\t<\/div>\n\t\t\t\t\t<\/div>\n\t\t\t\t<\/div>\n\t\t\t\t<section class=\"elementor-section elementor-top-section elementor-element elementor-element-792e6aa7 elementor-section-boxed elementor-section-height-default elementor-section-height-default\" data-id=\"792e6aa7\" data-element_type=\"section\" data-settings=\"{&quot;jet_parallax_layout_list&quot;:[]}\">\n\t\t\t\t\t\t<div class=\"elementor-container elementor-column-gap-default\">\n\t\t\t\t\t<div class=\"elementor-column elementor-col-100 elementor-top-column elementor-element elementor-element-4ab2cffd\" data-id=\"4ab2cffd\" data-element_type=\"column\">\n\t\t\t<div class=\"elementor-widget-wrap elementor-element-populated\">\n\t\t\t\t\t\t<div class=\"elementor-element elementor-element-3f80d67 elementor-widget elementor-widget-shortcode\" data-id=\"3f80d67\" data-element_type=\"widget\" data-widget_type=\"shortcode.default\">\n\t\t\t\t\t\t\t<div class=\"elementor-shortcode\">    <div class=\"ci-dis-ads_wrapper\" data-id-page=\"2457489\" id=\"ci-ads-results\">\n                <!-- TOTAL RESULTS -->\n        <div class=\"ci-dis-ads_total_results aa\">\n            <div class=\"ci-dis-description_contact_results a2345 2457489\">\n            \n                <p>\n                <a href=\"https:\/\/www.carlton-international.com\/es\/compra\/\">compra<\/a> &gt; <a href=\"https:\/\/www.carlton-international.com\/es\/compra\/international\/\">international<\/a> &gt; <span data-id=\"2457489\">0 r\u00e9sultat<\/span>                <\/p>\n                            <\/div>\n        <\/div>\n                    <!-- HEADER -->\n            <div class=\"ci-dis-ads_header\">\n                <!-- PAGINATION -->\n                <div class=\"ci-dis-ads_pagination\">\n                                    <\/div>\n                <!-- SORT -->\n\n                                    <div class=\"ci-dis-ads_sort\">\n                                            <\/div>\n                    <!-- DISPLAY -->\n                    <div class=\"ci-dis-ads_disp\">\n                                            <\/div>\n                            <\/div>\n                <!-- CONTENT -->\n        <div class=\"ci-dis-ads_content ci-disp-grid\">\n                                                                    <div class=\"ci-dis-ads_content-empty s1\" style=\"display: flex;\">\n                                        <p class=\"ci-dis-ads_content-empty_text\"><\/p>\n                                        <div><div>\n<div>Numerosas propiedades que coinciden con su b\u00fasqueda se comercializan de manera <strong>estrictamente confidencial, en formato offmarket, directamente por nuestros equipos.<\/strong><\/div>\n<div>Le invitamos a <strong>contactar con la agencia Carlton International correspondiente a la direcci\u00f3n buscada<\/strong> para acceder a estas oportunidades exclusivas :\u00a0<a href=\"https:\/\/www.carlton-international.com\/es\/contactenos\/\">https:\/\/www.carlton-international.com\/es\/contactenos\/<\/a><\/div>\n<\/div>\n<\/div>\n                                    <\/div>\n                                                            \n                                                <\/div>\n        <!-- FOOTER -->\n        <div class=\"ci-dis-ads_footer\">\n            <!-- PAGINATION -->\n            <div class=\"ci-dis-ads_pagination\">\n                            <\/div>\n        <\/div>\n                 <\/div>\n<\/div>\n\t\t\t\t\t\t<\/div>\n\t\t\t\t<div class=\"elementor-element elementor-element-8141f63 description elementor-widget elementor-widget-text-editor\" data-id=\"8141f63\" data-element_type=\"widget\" data-widget_type=\"text-editor.default\">\n\t\t\t\t\t\t\t\t\t<h2 style=\"text-align: center\">Propiedades en venta a nivel internacional<\/h2>\n<p style=\"text-align: center\">Descubra nuestra exclusiva selecci\u00f3n de propiedades de lujo en venta a nivel internacional con Carlton International. Explore destinos prestigiosos en todo el mundo y encuentre la residencia de sus sue\u00f1os. Conf\u00ede en nuestra experiencia en inmobiliaria de lujo para hacer realidad su proyecto inmobiliario a escala internacional.<\/p>\n<p style=\"text-align: center\">Descubra nuestra exclusiva selecci\u00f3n de propiedades de lujo en venta a nivel internacional con Carlton International. Ya sea que est\u00e9 buscando una villa suntuosa, un apartamento de prestigio o una propiedad \u00fanica, contamos con opciones excepcionales en destinos codiciados alrededor del mundo.<\/p>\n<h3 style=\"text-align: center\">Explore destinos prestigiosos en todo el mundo<\/h3>\n<p style=\"text-align: center\">Sum\u00e9rjase en los destinos prestigiosos que le ofrecemos a nivel mundial. Desde las playas paradis\u00edacas del Caribe hasta las din\u00e1micas metr\u00f3polis de Am\u00e9rica del Norte, desde la refinada Europa hasta el exotismo de Asia, nuestro portafolio de propiedades en venta le brinda una diversidad de opciones incomparable.<\/p>\n<h3 style=\"text-align: center\">Nuestra experiencia en inmobiliaria de lujo a su servicio<\/h3>\n<p style=\"text-align: center\">Conf\u00ede en Carlton International y en nuestra experiencia en inmobiliaria de lujo para acompa\u00f1arle en su proyecto inmobiliario internacional. Nuestro equipo dedicado posee un profundo conocimiento del mercado global de inmuebles de prestigio y le ofrecer\u00e1 asesoramiento experto para ayudarle a realizar su inversi\u00f3n con total confianza.<\/p>\n<h3 style=\"text-align: center\">Encuentre la residencia de sus sue\u00f1os<\/h3>\n<p style=\"text-align: center\">Explore ahora nuestra selecci\u00f3n de propiedades de lujo en venta a nivel internacional y encuentre la residencia de sus sue\u00f1os. Ya sea que est\u00e9 buscando una villa frente al mar, una elegante residencia urbana o un refugio tranquilo en el campo, contamos con opciones que cumplir\u00e1n sus aspiraciones m\u00e1s elevadas.<\/p>\n<p style=\"text-align: center\">No dude en aprovechar nuestra experiencia y descubrir las excepcionales oportunidades inmobiliarias a escala internacional con Carlton International, su socio de confianza en el sector de la inmobiliaria de lujo.<\/p>\n\t\t\t\t\t\t\t\t<\/div>\n\t\t\t\t\t<\/div>\n\t\t<\/div>\n\t\t\t\t\t<\/div>\n\t\t<\/section>\n\t\t\t\t<\/div>\n\t\t","protected":false},"excerpt":{"rendered":"<p>\u00cele Maurice<\/p>\n","protected":false},"author":3,"featured_media":2457473,"parent":2332567,"menu_order":0,"comment_status":"closed","ping_status":"closed","template":"","meta":{"_acf_changed":false,"footnotes":"","_wp_rev_ctl_limit":""},"class_list":["post-2457489","page","type-page","status-publish","has-post-thumbnail","hentry"],"acf":[],"yoast_head":"<!-- This site is optimized with the Yoast SEO Premium plugin v20.11 (Yoast SEO v26.5) - https:\/\/yoast.com\/wordpress\/plugins\/seo\/ -->\n<title>International | Carlton International<\/title>\n<meta name=\"description\" content=\"Carlton International has access to a magnificent selection of global luxury real estate and high-end rental properties.\" \/>\n<meta name=\"robots\" content=\"index, follow, max-snippet:-1, max-image-preview:large, max-video-preview:-1\" \/>\n<link rel=\"canonical\" href=\"https:\/\/www.carlton-international.com\/es\/compra\/international\/\" \/>\n<meta property=\"og:locale\" content=\"es_ES\" \/>\n<meta property=\"og:type\" content=\"article\" \/>\n<meta property=\"og:title\" content=\"International\" \/>\n<meta property=\"og:description\" content=\"Carlton International has access to a magnificent selection of global luxury real estate and high-end rental properties.\" \/>\n<meta property=\"og:url\" content=\"https:\/\/www.carlton-international.com\/es\/compra\/international\/\" \/>\n<meta property=\"og:site_name\" content=\"Carlton International\" \/>\n<meta property=\"article:publisher\" content=\"https:\/\/www.facebook.com\/CarltonInternationalRealEstate\/\" \/>\n<meta property=\"article:modified_time\" content=\"2025-06-20T08:44:54+00:00\" \/>\n<meta property=\"og:image\" content=\"https:\/\/www.carlton-international.com\/wp-content\/uploads\/2023\/07\/mauritius.jpeg\" \/>\n\t<meta property=\"og:image:width\" content=\"1668\" \/>\n\t<meta property=\"og:image:height\" content=\"1080\" \/>\n\t<meta property=\"og:image:type\" content=\"image\/jpeg\" \/>\n<meta name=\"twitter:card\" content=\"summary_large_image\" \/>\n<meta name=\"twitter:site\" content=\"@CarltonInter\" \/>\n<meta name=\"twitter:label1\" content=\"Tiempo de lectura\" \/>\n\t<meta name=\"twitter:data1\" content=\"2 minutos\" \/>\n<script type=\"application\/ld+json\" class=\"yoast-schema-graph\">{\"@context\":\"https:\/\/schema.org\",\"@graph\":[{\"@type\":\"WebPage\",\"@id\":\"https:\/\/www.carlton-international.com\/es\/compra\/international\/\",\"url\":\"https:\/\/www.carlton-international.com\/es\/compra\/international\/\",\"name\":\"International | Carlton International\",\"isPartOf\":{\"@id\":\"https:\/\/www.carlton-international.com\/es\/#website\"},\"primaryImageOfPage\":{\"@id\":\"https:\/\/www.carlton-international.com\/es\/compra\/international\/#primaryimage\"},\"image\":{\"@id\":\"https:\/\/www.carlton-international.com\/es\/compra\/international\/#primaryimage\"},\"thumbnailUrl\":\"https:\/\/www.carlton-international.com\/wp-content\/uploads\/2023\/07\/mauritius.jpeg\",\"datePublished\":\"2023-06-06T14:27:05+00:00\",\"dateModified\":\"2025-06-20T08:44:54+00:00\",\"description\":\"Carlton International has access to a magnificent selection of global luxury real estate and high-end rental properties.\",\"breadcrumb\":{\"@id\":\"https:\/\/www.carlton-international.com\/es\/compra\/international\/#breadcrumb\"},\"inLanguage\":\"es\",\"potentialAction\":[{\"@type\":\"ReadAction\",\"target\":[\"https:\/\/www.carlton-international.com\/es\/compra\/international\/\"]}]},{\"@type\":\"ImageObject\",\"inLanguage\":\"es\",\"@id\":\"https:\/\/www.carlton-international.com\/es\/compra\/international\/#primaryimage\",\"url\":\"https:\/\/www.carlton-international.com\/wp-content\/uploads\/2023\/07\/mauritius.jpeg\",\"contentUrl\":\"https:\/\/www.carlton-international.com\/wp-content\/uploads\/2023\/07\/mauritius.jpeg\",\"width\":1668,\"height\":1080},{\"@type\":\"BreadcrumbList\",\"@id\":\"https:\/\/www.carlton-international.com\/es\/compra\/international\/#breadcrumb\",\"itemListElement\":[{\"@type\":\"ListItem\",\"position\":1,\"name\":\"Accueil\",\"item\":\"https:\/\/www.carlton-international.com\/es\/\"},{\"@type\":\"ListItem\",\"position\":2,\"name\":\"Compra\",\"item\":\"https:\/\/www.carlton-international.com\/es\/compra\/\"},{\"@type\":\"ListItem\",\"position\":3,\"name\":\"International\"}]},{\"@type\":\"WebSite\",\"@id\":\"https:\/\/www.carlton-international.com\/es\/#website\",\"url\":\"https:\/\/www.carlton-international.com\/es\/\",\"name\":\"Carlton International\",\"description\":\"Luxury Real Estate in France and Internationally\",\"publisher\":{\"@id\":\"https:\/\/www.carlton-international.com\/es\/#organization\"},\"alternateName\":\"Carlton\",\"potentialAction\":[{\"@type\":\"SearchAction\",\"target\":{\"@type\":\"EntryPoint\",\"urlTemplate\":\"https:\/\/www.carlton-international.com\/es\/?s={search_term_string}\"},\"query-input\":{\"@type\":\"PropertyValueSpecification\",\"valueRequired\":true,\"valueName\":\"search_term_string\"}}],\"inLanguage\":\"es\"},{\"@type\":\"Organization\",\"@id\":\"https:\/\/www.carlton-international.com\/es\/#organization\",\"name\":\"Carlton International\",\"alternateName\":\"Carlton\",\"url\":\"https:\/\/www.carlton-international.com\/es\/\",\"logo\":{\"@type\":\"ImageObject\",\"inLanguage\":\"es\",\"@id\":\"https:\/\/www.carlton-international.com\/es\/#\/schema\/logo\/image\/\",\"url\":\"https:\/\/www.carlton-international.com\/wp-content\/uploads\/2024\/10\/logo-square-1.jpg\",\"contentUrl\":\"https:\/\/www.carlton-international.com\/wp-content\/uploads\/2024\/10\/logo-square-1.jpg\",\"width\":240,\"height\":240,\"caption\":\"Carlton International\"},\"image\":{\"@id\":\"https:\/\/www.carlton-international.com\/es\/#\/schema\/logo\/image\/\"},\"sameAs\":[\"https:\/\/www.facebook.com\/CarltonInternationalRealEstate\/\",\"https:\/\/x.com\/CarltonInter\",\"https:\/\/www.instagram.com\/carlton.international\/\",\"https:\/\/www.linkedin.com\/company\/carlton-international\/mycompany\/\",\"https:\/\/www.youtube.com\/channel\/UC45DFaSawRRikZFLqr2C_XQ\"]}]}<\/script>\n<!-- \/ Yoast SEO Premium plugin. -->","yoast_head_json":{"title":"International | Carlton International","description":"Carlton International has access to a magnificent selection of global luxury real estate and high-end rental properties.","robots":{"index":"index","follow":"follow","max-snippet":"max-snippet:-1","max-image-preview":"max-image-preview:large","max-video-preview":"max-video-preview:-1"},"canonical":"https:\/\/www.carlton-international.com\/es\/compra\/international\/","og_locale":"es_ES","og_type":"article","og_title":"International","og_description":"Carlton International has access to a magnificent selection of global luxury real estate and high-end rental properties.","og_url":"https:\/\/www.carlton-international.com\/es\/compra\/international\/","og_site_name":"Carlton International","article_publisher":"https:\/\/www.facebook.com\/CarltonInternationalRealEstate\/","article_modified_time":"2025-06-20T08:44:54+00:00","og_image":[{"width":1668,"height":1080,"url":"https:\/\/www.carlton-international.com\/wp-content\/uploads\/2023\/07\/mauritius.jpeg","type":"image\/jpeg"}],"twitter_card":"summary_large_image","twitter_site":"@CarltonInter","twitter_misc":{"Tiempo de lectura":"2 minutos"},"schema":{"@context":"https:\/\/schema.org","@graph":[{"@type":"WebPage","@id":"https:\/\/www.carlton-international.com\/es\/compra\/international\/","url":"https:\/\/www.carlton-international.com\/es\/compra\/international\/","name":"International | Carlton International","isPartOf":{"@id":"https:\/\/www.carlton-international.com\/es\/#website"},"primaryImageOfPage":{"@id":"https:\/\/www.carlton-international.com\/es\/compra\/international\/#primaryimage"},"image":{"@id":"https:\/\/www.carlton-international.com\/es\/compra\/international\/#primaryimage"},"thumbnailUrl":"https:\/\/www.carlton-international.com\/wp-content\/uploads\/2023\/07\/mauritius.jpeg","datePublished":"2023-06-06T14:27:05+00:00","dateModified":"2025-06-20T08:44:54+00:00","description":"Carlton International has access to a magnificent selection of global luxury real estate and high-end rental properties.","breadcrumb":{"@id":"https:\/\/www.carlton-international.com\/es\/compra\/international\/#breadcrumb"},"inLanguage":"es","potentialAction":[{"@type":"ReadAction","target":["https:\/\/www.carlton-international.com\/es\/compra\/international\/"]}]},{"@type":"ImageObject","inLanguage":"es","@id":"https:\/\/www.carlton-international.com\/es\/compra\/international\/#primaryimage","url":"https:\/\/www.carlton-international.com\/wp-content\/uploads\/2023\/07\/mauritius.jpeg","contentUrl":"https:\/\/www.carlton-international.com\/wp-content\/uploads\/2023\/07\/mauritius.jpeg","width":1668,"height":1080},{"@type":"BreadcrumbList","@id":"https:\/\/www.carlton-international.com\/es\/compra\/international\/#breadcrumb","itemListElement":[{"@type":"ListItem","position":1,"name":"Accueil","item":"https:\/\/www.carlton-international.com\/es\/"},{"@type":"ListItem","position":2,"name":"Compra","item":"https:\/\/www.carlton-international.com\/es\/compra\/"},{"@type":"ListItem","position":3,"name":"International"}]},{"@type":"WebSite","@id":"https:\/\/www.carlton-international.com\/es\/#website","url":"https:\/\/www.carlton-international.com\/es\/","name":"Carlton International","description":"Luxury Real Estate in France and Internationally","publisher":{"@id":"https:\/\/www.carlton-international.com\/es\/#organization"},"alternateName":"Carlton","potentialAction":[{"@type":"SearchAction","target":{"@type":"EntryPoint","urlTemplate":"https:\/\/www.carlton-international.com\/es\/?s={search_term_string}"},"query-input":{"@type":"PropertyValueSpecification","valueRequired":true,"valueName":"search_term_string"}}],"inLanguage":"es"},{"@type":"Organization","@id":"https:\/\/www.carlton-international.com\/es\/#organization","name":"Carlton International","alternateName":"Carlton","url":"https:\/\/www.carlton-international.com\/es\/","logo":{"@type":"ImageObject","inLanguage":"es","@id":"https:\/\/www.carlton-international.com\/es\/#\/schema\/logo\/image\/","url":"https:\/\/www.carlton-international.com\/wp-content\/uploads\/2024\/10\/logo-square-1.jpg","contentUrl":"https:\/\/www.carlton-international.com\/wp-content\/uploads\/2024\/10\/logo-square-1.jpg","width":240,"height":240,"caption":"Carlton International"},"image":{"@id":"https:\/\/www.carlton-international.com\/es\/#\/schema\/logo\/image\/"},"sameAs":["https:\/\/www.facebook.com\/CarltonInternationalRealEstate\/","https:\/\/x.com\/CarltonInter","https:\/\/www.instagram.com\/carlton.international\/","https:\/\/www.linkedin.com\/company\/carlton-international\/mycompany\/","https:\/\/www.youtube.com\/channel\/UC45DFaSawRRikZFLqr2C_XQ"]}]}},"jetpack_sharing_enabled":true,"_links":{"self":[{"href":"https:\/\/www.carlton-international.com\/es\/wp-json\/wp\/v2\/pages\/2457489","targetHints":{"allow":["GET"]}}],"collection":[{"href":"https:\/\/www.carlton-international.com\/es\/wp-json\/wp\/v2\/pages"}],"about":[{"href":"https:\/\/www.carlton-international.com\/es\/wp-json\/wp\/v2\/types\/page"}],"author":[{"embeddable":true,"href":"https:\/\/www.carlton-international.com\/es\/wp-json\/wp\/v2\/users\/3"}],"replies":[{"embeddable":true,"href":"https:\/\/www.carlton-international.com\/es\/wp-json\/wp\/v2\/comments?post=2457489"}],"version-history":[{"count":0,"href":"https:\/\/www.carlton-international.com\/es\/wp-json\/wp\/v2\/pages\/2457489\/revisions"}],"up":[{"embeddable":true,"href":"https:\/\/www.carlton-international.com\/es\/wp-json\/wp\/v2\/pages\/2332567"}],"wp:featuredmedia":[{"embeddable":true,"href":"https:\/\/www.carlton-international.com\/es\/wp-json\/wp\/v2\/media\/2457473"}],"wp:attachment":[{"href":"https:\/\/www.carlton-international.com\/es\/wp-json\/wp\/v2\/media?parent=2457489"}],"curies":[{"name":"wp","href":"https:\/\/api.w.org\/{rel}","templated":true}]}}