{"id":3281071,"date":"2025-05-07T08:46:45","date_gmt":"2025-05-07T06:46:45","guid":{"rendered":"https:\/\/www.carlton-international.com\/?page_id=3281071"},"modified":"2025-05-27T04:11:53","modified_gmt":"2025-05-27T02:11:53","slug":"other-regions","status":"publish","type":"page","link":"https:\/\/www.carlton-international.com\/en\/luxury-rental-villas-on-the-french-riviera\/luxury-rental-properties-on-the-cote-dazur\/luxury-rentals-in-the-south-of-france\/other-regions\/","title":{"rendered":"Other Regions"},"content":{"rendered":"\t\t<div data-elementor-type=\"wp-page\" data-elementor-id=\"3281071\" class=\"elementor elementor-3281071 elementor-3281065\" data-elementor-post-type=\"page\">\n\t\t\t\t<div class=\"elementor-element elementor-element-7a9634d contentpd30 e-flex e-con-boxed e-con e-parent\" data-id=\"7a9634d\" data-element_type=\"container\" data-settings=\"{&quot;background_background&quot;:&quot;classic&quot;,&quot;jet_parallax_layout_list&quot;:[]}\">\n\t\t\t\t\t<div class=\"e-con-inner\">\n\t\t\t\t<div data-dce-title-color=\"#BCA579\" class=\"elementor-element elementor-element-eb0326c elementor-widget elementor-widget-heading\" data-id=\"eb0326c\" data-element_type=\"widget\" data-widget_type=\"heading.default\">\n\t\t\t\t\t<h1 class=\"elementor-heading-title elementor-size-default\">Other Regions<\/h1>\t\t\t\t<\/div>\n\t\t\t\t\t<\/div>\n\t\t\t\t<\/div>\n\t\t<div class=\"elementor-element elementor-element-1ba7bd4f contentpd30 hidden_live e-flex e-con-boxed e-con e-parent\" data-id=\"1ba7bd4f\" data-element_type=\"container\" data-settings=\"{&quot;jet_parallax_layout_list&quot;:[]}\">\n\t\t\t\t\t<div class=\"e-con-inner\">\n\t\t\t\t<div class=\"elementor-element elementor-element-63e72980 elementor-widget elementor-widget-text-editor\" data-id=\"63e72980\" data-element_type=\"widget\" data-widget_type=\"text-editor.default\">\n\t\t\t\t\t\t\t\t\t<ul><li><a href=\"\/en\/luxury-rentals-in-the-south-of-france\/other-regions\/grez-neuville\/\">Grez-Neuville<\/a><\/li><li><a href=\"\/en\/luxury-rentals-in-the-south-of-france\/other-regions\/montagnac\/\">Montagnac<\/a><\/li><li><a href=\"\/en\/luxury-rentals-in-the-south-of-france\/other-regions\/paris\/\">Paris<\/a><\/li><li><a href=\"\/en\/luxury-rentals-in-the-south-of-france\/other-regions\/pezenas\/\">P\u00e9zenas<\/a><\/li><\/ul>\t\t\t\t\t\t\t\t<\/div>\n\t\t\t\t\t<\/div>\n\t\t\t\t<\/div>\n\t\t\t\t<section class=\"elementor-section elementor-top-section elementor-element elementor-element-792e6aa7 contentpd20 elementor-section-boxed elementor-section-height-default elementor-section-height-default\" data-id=\"792e6aa7\" data-element_type=\"section\" data-settings=\"{&quot;jet_parallax_layout_list&quot;:[]}\">\n\t\t\t\t\t\t<div class=\"elementor-container elementor-column-gap-default\">\n\t\t\t\t\t<div class=\"elementor-column elementor-col-100 elementor-top-column elementor-element elementor-element-4ab2cffd\" data-id=\"4ab2cffd\" data-element_type=\"column\">\n\t\t\t<div class=\"elementor-widget-wrap elementor-element-populated\">\n\t\t\t\t\t\t<div class=\"elementor-element elementor-element-3f80d67 elementor-widget elementor-widget-shortcode\" data-id=\"3f80d67\" data-element_type=\"widget\" data-widget_type=\"shortcode.default\">\n\t\t\t\t\t\t\t<div class=\"elementor-shortcode\">    <div class=\"ci-dis-ads_wrapper\" data-id-page=\"3281071\" id=\"ci-ads-results\">\n                <!-- TOTAL RESULTS -->\n        <div class=\"ci-dis-ads_total_results aa\">\n            <div class=\"ci-dis-description_contact_results a2345 3281071\">\n            \n                <p>\n                <a href=\"https:\/\/www.carlton-international.com\/en\/luxury-rental-villas-on-the-french-riviera\/\">carlton international luxury villa collection<\/a> &gt; <a href=\"https:\/\/www.carlton-international.com\/en\/luxury-rental-villas-on-the-french-riviera\/luxury-rental-properties-on-the-cote-dazur\/\">luxury rental properties on the c\u00f4te d&#8217;azur<\/a> &gt; <a href=\"https:\/\/www.carlton-international.com\/en\/luxury-rental-villas-on-the-french-riviera\/luxury-rental-properties-on-the-cote-dazur\/luxury-rentals-in-the-south-of-france\/\">luxury rentals in the south of france<\/a> &gt; <a href=\"https:\/\/www.carlton-international.com\/en\/luxury-rental-villas-on-the-french-riviera\/luxury-rental-properties-on-the-cote-dazur\/luxury-rentals-in-the-south-of-france\/other-regions\/\">other regions<\/a> &gt; <span data-id=\"3281071\">0 r\u00e9sultat<\/span>                <\/p>\n                            <\/div>\n        <\/div>\n                    <!-- HEADER -->\n            <div class=\"ci-dis-ads_header\">\n                <!-- PAGINATION -->\n                <div class=\"ci-dis-ads_pagination\">\n                                    <\/div>\n                <!-- SORT -->\n\n                                    <div class=\"ci-dis-ads_sort\">\n                                            <\/div>\n                    <!-- DISPLAY -->\n                    <div class=\"ci-dis-ads_disp\">\n                                            <\/div>\n                            <\/div>\n                <!-- CONTENT -->\n        <div class=\"ci-dis-ads_content ci-disp-grid\">\n                                                                    <div class=\"ci-dis-ads_content-empty s1\" style=\"display: flex;\">\n                                        <p class=\"ci-dis-ads_content-empty_text\"><\/p>\n                                        <div><div>\n<div>Many properties matching your search are marketed in a <strong>strictly confidential off-market framework, directly by our teams.<\/strong><\/div>\n<div>We invite you to contact the <strong>Carlton International agency corresponding to the address you are seeking<\/strong> in order to access these exclusive opportunities : <a href=\"https:\/\/www.carlton-international.com\/en\/contact-us\/\">https:\/\/www.carlton-international.com\/en\/contact-us\/<\/a><\/div>\n<\/div>\n<\/div>\n                                    <\/div>\n                                                            \n                                                <\/div>\n        <!-- FOOTER -->\n        <div class=\"ci-dis-ads_footer\">\n            <!-- PAGINATION -->\n            <div class=\"ci-dis-ads_pagination\">\n                            <\/div>\n        <\/div>\n                 <\/div>\n<\/div>\n\t\t\t\t\t\t<\/div>\n\t\t\t\t\t<\/div>\n\t\t<\/div>\n\t\t\t\t\t<\/div>\n\t\t<\/section>\n\t\t<div class=\"elementor-element elementor-element-61d0c5f contentpd30 e-flex e-con-boxed e-con e-parent\" data-id=\"61d0c5f\" data-element_type=\"container\" data-settings=\"{&quot;jet_parallax_layout_list&quot;:[]}\">\n\t\t\t\t\t<div class=\"e-con-inner\">\n\t\t\t\t<div class=\"elementor-element elementor-element-be58e31 elementor-widget elementor-widget-text-editor\" data-id=\"be58e31\" data-element_type=\"widget\" data-widget_type=\"text-editor.default\">\n\t\t\t\t\t\t\t\t\t<p><strong>Des Joyaux Immobiliers dans les Endroits les Plus \u00c9minents<\/strong><\/p><p>Imaginez-vous dans une villa de r\u00eave, nich\u00e9e dans des lieux embl\u00e9matiques \u00e0 travers le globe. De la C\u00f4te d&#8217;Azur aux Cara\u00efbes, des somptueuses \u00eeles grecques aux destinations exotiques, nos villas incarnent la quintessence du raffinement. Avec des panoramas \u00e0 couper le souffle, des espaces de vie \u00e9l\u00e9gants et des services d&#8217;exception, elles sont con\u00e7ues pour vous offrir une exp\u00e9rience de s\u00e9jour m\u00e9morable.<\/p><p><strong>Choisissez la Dur\u00e9e qui Convient \u00e0 Votre \u00c9vasion<\/strong><\/p><p>Que vous planifiiez vos vacances ou que vous d\u00e9siriez vous \u00e9tablir pour une p\u00e9riode prolong\u00e9e, nos villas sont disponibles en <strong>location courte<\/strong> ou <strong>longue dur\u00e9e<\/strong> pour r\u00e9pondre \u00e0 toutes vos aspirations. Les locations \u00e0 court terme permettent des escapades inoubliables, tandis que les s\u00e9jours \u00e0 long terme vous ouvrent les portes d&#8217;un style de vie de luxe sans pr\u00e9c\u00e9dent dans les <strong>destinations les plus prestigieuses<\/strong> de la plan\u00e8te.<\/p><p><strong>Votre Porte d&#8217;Entr\u00e9e vers la Libert\u00e9 de l&#8217;\u00c9vasion<\/strong><\/p><p>Nos villas \u00e0 louer \u00e0 l&#8217;international repr\u00e9sentent votre porte d&#8217;entr\u00e9e vers une <strong>\u00e9vasion de luxe<\/strong>. Que vous cherchiez la tranquillit\u00e9 au c\u0153ur de la nature ou que vous pr\u00e9f\u00e9riez vous immerger dans la vie urbaine tr\u00e9pidante, notre collection de villas est con\u00e7ue pour r\u00e9pondre aux exigences des voyageurs les plus exigeants.<\/p><p><strong>Contactez-nous D\u00e8s Aujourd&#8217;hui<\/strong><\/p><p>Ne manquez pas l&#8217;occasion de vivre une <strong>exp\u00e9rience de location de villa de luxe<\/strong> \u00e0 l&#8217;\u00e9chelle internationale. Contactez-nous d\u00e8s aujourd&#8217;hui pour explorer nos destinations prestigieuses, nos propri\u00e9t\u00e9s exceptionnelles et entamez votre voyage vers une \u00e9vasion inoubliable.<\/p>\t\t\t\t\t\t\t\t<\/div>\n\t\t\t\t\t<\/div>\n\t\t\t\t<\/div>\n\t\t\t\t<\/div>\n\t\t","protected":false},"excerpt":{"rendered":"<p>Grez-Neuville Montagnac Paris P\u00e9zenas Des Joyaux Immobiliers dans les Endroits les Plus \u00c9minents Imaginez-vous dans une villa de r\u00eave, nich\u00e9e dans des lieux embl\u00e9matiques \u00e0 travers le globe. De la C\u00f4te d&#8217;Azur aux Cara\u00efbes, des somptueuses \u00eeles grecques aux destinations exotiques, nos villas incarnent la quintessence du raffinement. Avec des panoramas \u00e0 couper le souffle, [&hellip;]<\/p>\n","protected":false},"author":9,"featured_media":0,"parent":961105,"menu_order":0,"comment_status":"closed","ping_status":"closed","template":"","meta":{"_acf_changed":false,"footnotes":"","_wp_rev_ctl_limit":""},"class_list":["post-3281071","page","type-page","status-publish","hentry"],"acf":[],"yoast_head":"<!-- This site is optimized with the Yoast SEO Premium plugin v20.11 (Yoast SEO v26.5) - https:\/\/yoast.com\/wordpress\/plugins\/seo\/ -->\n<title>Other Regions - Carlton International<\/title>\n<meta name=\"robots\" content=\"index, follow, max-snippet:-1, max-image-preview:large, max-video-preview:-1\" \/>\n<link rel=\"canonical\" href=\"https:\/\/www.carlton-international.com\/en\/luxury-rental-villas-on-the-french-riviera\/luxury-rental-properties-on-the-cote-dazur\/luxury-rentals-in-the-south-of-france\/other-regions\/\" \/>\n<meta property=\"og:locale\" content=\"en_US\" \/>\n<meta property=\"og:type\" content=\"article\" \/>\n<meta property=\"og:title\" content=\"Other Regions\" \/>\n<meta property=\"og:url\" content=\"https:\/\/www.carlton-international.com\/en\/luxury-rental-villas-on-the-french-riviera\/luxury-rental-properties-on-the-cote-dazur\/luxury-rentals-in-the-south-of-france\/other-regions\/\" \/>\n<meta property=\"og:site_name\" content=\"Carlton International\" \/>\n<meta property=\"article:publisher\" content=\"https:\/\/www.facebook.com\/CarltonInternationalRealEstate\/\" \/>\n<meta property=\"article:modified_time\" content=\"2025-05-27T02:11:53+00:00\" \/>\n<meta name=\"twitter:card\" content=\"summary_large_image\" \/>\n<meta name=\"twitter:site\" content=\"@CarltonInter\" \/>\n<meta name=\"twitter:label1\" content=\"Est. reading time\" \/>\n\t<meta name=\"twitter:data1\" content=\"2 minutes\" \/>\n<script type=\"application\/ld+json\" class=\"yoast-schema-graph\">{\"@context\":\"https:\/\/schema.org\",\"@graph\":[{\"@type\":\"WebPage\",\"@id\":\"https:\/\/www.carlton-international.com\/en\/luxury-rental-villas-on-the-french-riviera\/luxury-rental-properties-on-the-cote-dazur\/luxury-rentals-in-the-south-of-france\/other-regions\/\",\"url\":\"https:\/\/www.carlton-international.com\/en\/luxury-rental-villas-on-the-french-riviera\/luxury-rental-properties-on-the-cote-dazur\/luxury-rentals-in-the-south-of-france\/other-regions\/\",\"name\":\"Other Regions - Carlton International\",\"isPartOf\":{\"@id\":\"https:\/\/www.carlton-international.com\/en\/#website\"},\"datePublished\":\"2025-05-07T06:46:45+00:00\",\"dateModified\":\"2025-05-27T02:11:53+00:00\",\"breadcrumb\":{\"@id\":\"https:\/\/www.carlton-international.com\/en\/luxury-rental-villas-on-the-french-riviera\/luxury-rental-properties-on-the-cote-dazur\/luxury-rentals-in-the-south-of-france\/other-regions\/#breadcrumb\"},\"inLanguage\":\"en-US\",\"potentialAction\":[{\"@type\":\"ReadAction\",\"target\":[\"https:\/\/www.carlton-international.com\/en\/luxury-rental-villas-on-the-french-riviera\/luxury-rental-properties-on-the-cote-dazur\/luxury-rentals-in-the-south-of-france\/other-regions\/\"]}]},{\"@type\":\"BreadcrumbList\",\"@id\":\"https:\/\/www.carlton-international.com\/en\/luxury-rental-villas-on-the-french-riviera\/luxury-rental-properties-on-the-cote-dazur\/luxury-rentals-in-the-south-of-france\/other-regions\/#breadcrumb\",\"itemListElement\":[{\"@type\":\"ListItem\",\"position\":1,\"name\":\"Accueil\",\"item\":\"https:\/\/www.carlton-international.com\/en\/\"},{\"@type\":\"ListItem\",\"position\":2,\"name\":\"Carlton International Luxury Villa Collection\",\"item\":\"https:\/\/www.carlton-international.com\/en\/luxury-rental-villas-on-the-french-riviera\/\"},{\"@type\":\"ListItem\",\"position\":3,\"name\":\"Luxury Rental Properties On The C\u00f4te d&#8217;Azur\",\"item\":\"https:\/\/www.carlton-international.com\/en\/luxury-rental-villas-on-the-french-riviera\/luxury-rental-properties-on-the-cote-dazur\/\"},{\"@type\":\"ListItem\",\"position\":4,\"name\":\"Luxury Rentals In the South of France\",\"item\":\"https:\/\/www.carlton-international.com\/en\/luxury-rental-villas-on-the-french-riviera\/luxury-rental-properties-on-the-cote-dazur\/luxury-rentals-in-the-south-of-france\/\"},{\"@type\":\"ListItem\",\"position\":5,\"name\":\"Other Regions\"}]},{\"@type\":\"WebSite\",\"@id\":\"https:\/\/www.carlton-international.com\/en\/#website\",\"url\":\"https:\/\/www.carlton-international.com\/en\/\",\"name\":\"Carlton International\",\"description\":\"Luxury Real Estate in France and Internationally\",\"publisher\":{\"@id\":\"https:\/\/www.carlton-international.com\/en\/#organization\"},\"alternateName\":\"Carlton\",\"potentialAction\":[{\"@type\":\"SearchAction\",\"target\":{\"@type\":\"EntryPoint\",\"urlTemplate\":\"https:\/\/www.carlton-international.com\/en\/?s={search_term_string}\"},\"query-input\":{\"@type\":\"PropertyValueSpecification\",\"valueRequired\":true,\"valueName\":\"search_term_string\"}}],\"inLanguage\":\"en-US\"},{\"@type\":\"Organization\",\"@id\":\"https:\/\/www.carlton-international.com\/en\/#organization\",\"name\":\"Carlton International\",\"alternateName\":\"Carlton\",\"url\":\"https:\/\/www.carlton-international.com\/en\/\",\"logo\":{\"@type\":\"ImageObject\",\"inLanguage\":\"en-US\",\"@id\":\"https:\/\/www.carlton-international.com\/en\/#\/schema\/logo\/image\/\",\"url\":\"https:\/\/www.carlton-international.com\/wp-content\/uploads\/2024\/10\/logo-square-1.jpg\",\"contentUrl\":\"https:\/\/www.carlton-international.com\/wp-content\/uploads\/2024\/10\/logo-square-1.jpg\",\"width\":240,\"height\":240,\"caption\":\"Carlton International\"},\"image\":{\"@id\":\"https:\/\/www.carlton-international.com\/en\/#\/schema\/logo\/image\/\"},\"sameAs\":[\"https:\/\/www.facebook.com\/CarltonInternationalRealEstate\/\",\"https:\/\/x.com\/CarltonInter\",\"https:\/\/www.instagram.com\/carlton.international\/\",\"https:\/\/www.linkedin.com\/company\/carlton-international\/mycompany\/\",\"https:\/\/www.youtube.com\/channel\/UC45DFaSawRRikZFLqr2C_XQ\"]}]}<\/script>\n<!-- \/ Yoast SEO Premium plugin. -->","yoast_head_json":{"title":"Other Regions - Carlton International","robots":{"index":"index","follow":"follow","max-snippet":"max-snippet:-1","max-image-preview":"max-image-preview:large","max-video-preview":"max-video-preview:-1"},"canonical":"https:\/\/www.carlton-international.com\/en\/luxury-rental-villas-on-the-french-riviera\/luxury-rental-properties-on-the-cote-dazur\/luxury-rentals-in-the-south-of-france\/other-regions\/","og_locale":"en_US","og_type":"article","og_title":"Other Regions","og_url":"https:\/\/www.carlton-international.com\/en\/luxury-rental-villas-on-the-french-riviera\/luxury-rental-properties-on-the-cote-dazur\/luxury-rentals-in-the-south-of-france\/other-regions\/","og_site_name":"Carlton International","article_publisher":"https:\/\/www.facebook.com\/CarltonInternationalRealEstate\/","article_modified_time":"2025-05-27T02:11:53+00:00","twitter_card":"summary_large_image","twitter_site":"@CarltonInter","twitter_misc":{"Est. reading time":"2 minutes"},"schema":{"@context":"https:\/\/schema.org","@graph":[{"@type":"WebPage","@id":"https:\/\/www.carlton-international.com\/en\/luxury-rental-villas-on-the-french-riviera\/luxury-rental-properties-on-the-cote-dazur\/luxury-rentals-in-the-south-of-france\/other-regions\/","url":"https:\/\/www.carlton-international.com\/en\/luxury-rental-villas-on-the-french-riviera\/luxury-rental-properties-on-the-cote-dazur\/luxury-rentals-in-the-south-of-france\/other-regions\/","name":"Other Regions - Carlton International","isPartOf":{"@id":"https:\/\/www.carlton-international.com\/en\/#website"},"datePublished":"2025-05-07T06:46:45+00:00","dateModified":"2025-05-27T02:11:53+00:00","breadcrumb":{"@id":"https:\/\/www.carlton-international.com\/en\/luxury-rental-villas-on-the-french-riviera\/luxury-rental-properties-on-the-cote-dazur\/luxury-rentals-in-the-south-of-france\/other-regions\/#breadcrumb"},"inLanguage":"en-US","potentialAction":[{"@type":"ReadAction","target":["https:\/\/www.carlton-international.com\/en\/luxury-rental-villas-on-the-french-riviera\/luxury-rental-properties-on-the-cote-dazur\/luxury-rentals-in-the-south-of-france\/other-regions\/"]}]},{"@type":"BreadcrumbList","@id":"https:\/\/www.carlton-international.com\/en\/luxury-rental-villas-on-the-french-riviera\/luxury-rental-properties-on-the-cote-dazur\/luxury-rentals-in-the-south-of-france\/other-regions\/#breadcrumb","itemListElement":[{"@type":"ListItem","position":1,"name":"Accueil","item":"https:\/\/www.carlton-international.com\/en\/"},{"@type":"ListItem","position":2,"name":"Carlton International Luxury Villa Collection","item":"https:\/\/www.carlton-international.com\/en\/luxury-rental-villas-on-the-french-riviera\/"},{"@type":"ListItem","position":3,"name":"Luxury Rental Properties On The C\u00f4te d&#8217;Azur","item":"https:\/\/www.carlton-international.com\/en\/luxury-rental-villas-on-the-french-riviera\/luxury-rental-properties-on-the-cote-dazur\/"},{"@type":"ListItem","position":4,"name":"Luxury Rentals In the South of France","item":"https:\/\/www.carlton-international.com\/en\/luxury-rental-villas-on-the-french-riviera\/luxury-rental-properties-on-the-cote-dazur\/luxury-rentals-in-the-south-of-france\/"},{"@type":"ListItem","position":5,"name":"Other Regions"}]},{"@type":"WebSite","@id":"https:\/\/www.carlton-international.com\/en\/#website","url":"https:\/\/www.carlton-international.com\/en\/","name":"Carlton International","description":"Luxury Real Estate in France and Internationally","publisher":{"@id":"https:\/\/www.carlton-international.com\/en\/#organization"},"alternateName":"Carlton","potentialAction":[{"@type":"SearchAction","target":{"@type":"EntryPoint","urlTemplate":"https:\/\/www.carlton-international.com\/en\/?s={search_term_string}"},"query-input":{"@type":"PropertyValueSpecification","valueRequired":true,"valueName":"search_term_string"}}],"inLanguage":"en-US"},{"@type":"Organization","@id":"https:\/\/www.carlton-international.com\/en\/#organization","name":"Carlton International","alternateName":"Carlton","url":"https:\/\/www.carlton-international.com\/en\/","logo":{"@type":"ImageObject","inLanguage":"en-US","@id":"https:\/\/www.carlton-international.com\/en\/#\/schema\/logo\/image\/","url":"https:\/\/www.carlton-international.com\/wp-content\/uploads\/2024\/10\/logo-square-1.jpg","contentUrl":"https:\/\/www.carlton-international.com\/wp-content\/uploads\/2024\/10\/logo-square-1.jpg","width":240,"height":240,"caption":"Carlton International"},"image":{"@id":"https:\/\/www.carlton-international.com\/en\/#\/schema\/logo\/image\/"},"sameAs":["https:\/\/www.facebook.com\/CarltonInternationalRealEstate\/","https:\/\/x.com\/CarltonInter","https:\/\/www.instagram.com\/carlton.international\/","https:\/\/www.linkedin.com\/company\/carlton-international\/mycompany\/","https:\/\/www.youtube.com\/channel\/UC45DFaSawRRikZFLqr2C_XQ"]}]}},"jetpack_sharing_enabled":true,"_links":{"self":[{"href":"https:\/\/www.carlton-international.com\/en\/wp-json\/wp\/v2\/pages\/3281071","targetHints":{"allow":["GET"]}}],"collection":[{"href":"https:\/\/www.carlton-international.com\/en\/wp-json\/wp\/v2\/pages"}],"about":[{"href":"https:\/\/www.carlton-international.com\/en\/wp-json\/wp\/v2\/types\/page"}],"author":[{"embeddable":true,"href":"https:\/\/www.carlton-international.com\/en\/wp-json\/wp\/v2\/users\/9"}],"replies":[{"embeddable":true,"href":"https:\/\/www.carlton-international.com\/en\/wp-json\/wp\/v2\/comments?post=3281071"}],"version-history":[{"count":0,"href":"https:\/\/www.carlton-international.com\/en\/wp-json\/wp\/v2\/pages\/3281071\/revisions"}],"up":[{"embeddable":true,"href":"https:\/\/www.carlton-international.com\/en\/wp-json\/wp\/v2\/pages\/961105"}],"wp:attachment":[{"href":"https:\/\/www.carlton-international.com\/en\/wp-json\/wp\/v2\/media?parent=3281071"}],"curies":[{"name":"wp","href":"https:\/\/api.w.org\/{rel}","templated":true}]}}