{"id":3029613,"date":"2025-03-18T11:08:37","date_gmt":"2025-03-18T10:08:37","guid":{"rendered":"https:\/\/www.carlton-international.com\/long-term-rental\/international\/"},"modified":"2026-03-02T05:13:34","modified_gmt":"2026-03-02T04:13:34","slug":"international","status":"publish","type":"page","link":"https:\/\/www.carlton-international.com\/en\/luxury-rental-villas-on-the-french-riviera\/international\/","title":{"rendered":"International"},"content":{"rendered":"\t\t<div data-elementor-type=\"wp-page\" data-elementor-id=\"3029613\" class=\"elementor elementor-3029613 elementor-3020388\" data-elementor-post-type=\"page\">\n\t\t\t\t<div class=\"elementor-element elementor-element-7a9634d contentpd30 e-flex e-con-boxed e-con e-parent\" data-id=\"7a9634d\" data-element_type=\"container\" data-settings=\"{&quot;background_background&quot;:&quot;classic&quot;,&quot;jet_parallax_layout_list&quot;:[]}\">\n\t\t\t\t\t<div class=\"e-con-inner\">\n\t\t\t\t<div data-dce-title-color=\"#B29F6B\" class=\"elementor-element elementor-element-eb0326c elementor-widget elementor-widget-heading\" data-id=\"eb0326c\" data-element_type=\"widget\" data-widget_type=\"heading.default\">\n\t\t\t\t\t<h1 class=\"elementor-heading-title elementor-size-default\">International<\/h1>\t\t\t\t<\/div>\n\t\t\t\t\t<\/div>\n\t\t\t\t<\/div>\n\t\t<div class=\"elementor-element elementor-element-355c011 hidden e-flex e-con-boxed e-con e-parent\" data-id=\"355c011\" data-element_type=\"container\" data-settings=\"{&quot;jet_parallax_layout_list&quot;:[]}\">\n\t\t\t\t\t<div class=\"e-con-inner\">\n\t\t\t\t<div class=\"elementor-element elementor-element-1bed453 elementor-widget elementor-widget-text-editor\" data-id=\"1bed453\" data-element_type=\"widget\" data-widget_type=\"text-editor.default\">\n\t\t\t\t\t\t\t\t\t<ul><li><a href=\"\/en\/buying-dream-homes-and-investment-opportunities-on-the-french-riviera\/cote-dazur\/\">C\u00f4te d\u2019azur<\/a><\/li><li><a href=\"\/en\/buying-dream-homes-and-investment-opportunities-on-the-french-riviera\/espagne\/costa-del-sol\/\">Costa del Sol<\/a><\/li><li><a href=\"\/en\/buying-dream-homes-and-investment-opportunities-on-the-french-riviera\/allemagne-du-sud\/\">Germany<\/a><\/li><li><a href=\"\/en\/buying-dream-homes-and-investment-opportunities-on-the-french-riviera\/autres-destinations\/\">More destinations<\/a><\/li><\/ul>\t\t\t\t\t\t\t\t<\/div>\n\t\t\t\t\t<\/div>\n\t\t\t\t<\/div>\n\t\t\t\t<section class=\"elementor-section elementor-top-section elementor-element elementor-element-792e6aa7 contentpd20 elementor-section-boxed elementor-section-height-default elementor-section-height-default\" data-id=\"792e6aa7\" data-element_type=\"section\" data-settings=\"{&quot;jet_parallax_layout_list&quot;:[]}\">\n\t\t\t\t\t\t<div class=\"elementor-container elementor-column-gap-default\">\n\t\t\t\t\t<div class=\"elementor-column elementor-col-100 elementor-top-column elementor-element elementor-element-4ab2cffd\" data-id=\"4ab2cffd\" data-element_type=\"column\">\n\t\t\t<div class=\"elementor-widget-wrap elementor-element-populated\">\n\t\t\t\t\t\t<div class=\"elementor-element elementor-element-3f80d67 elementor-widget elementor-widget-shortcode\" data-id=\"3f80d67\" data-element_type=\"widget\" data-widget_type=\"shortcode.default\">\n\t\t\t\t\t\t\t<div class=\"elementor-shortcode\">    <div class=\"ci-dis-ads_wrapper\" data-id-page=\"3029613\" id=\"ci-ads-results\">\n                <!-- TOTAL RESULTS -->\n        <div class=\"ci-dis-ads_total_results aa\">\n            <div class=\"ci-dis-description_contact_results a2345 3029613\">\n            \n                <p>\n                <a href=\"https:\/\/www.carlton-international.com\/en\/luxury-rental-villas-on-the-french-riviera\/\">carlton international luxury villa collection<\/a> &gt; <a href=\"https:\/\/www.carlton-international.com\/en\/luxury-rental-villas-on-the-french-riviera\/international\/\">international<\/a> &gt; <span data-id=\"3029613\">1 r\u00e9sultat<\/span>                <\/p>\n                            <\/div>\n        <\/div>\n                    <!-- HEADER -->\n            <div class=\"ci-dis-ads_header\">\n                <!-- PAGINATION -->\n                <div class=\"ci-dis-ads_pagination\">\n                                    <\/div>\n                <!-- SORT -->\n\n                                    <div class=\"ci-dis-ads_sort\">\n                                                    <select class=\"ci-dis-ads_price-filter\" name=\"ci-dis-ads_price-filter\" id=\"ci-dis-ads_price-filter\">\n                                <option value=\"\">Sort by price<\/option>\n                                <option value=\"low_to_hight\"> &#8593 Price ascending<\/option>\n                                <option value=\"hight_to_low\"> &#8595 Price descending<\/option>\n                            <\/select>\n                                            <\/div>\n                    <!-- DISPLAY -->\n                    <div class=\"ci-dis-ads_disp\">\n                                                    <button class=\"ci-dis-ads_btn-filter \" data-display=\"list\">Listing<\/button>\n                            <button class=\"ci-dis-ads_btn-filter ci-dis-ads_btn-active\" data-display=\"grid\">Mosaic<\/button>\n                                            <\/div>\n                            <\/div>\n                <!-- CONTENT -->\n        <div class=\"ci-dis-ads_content ci-disp-grid\">\n            <div class=\"ci-sdia_ad-item \" data-title=\"An Outstanding 6 Bedroom Villa In Mauritius\" data-ref=\"MU426\">\n    <div class=\"cifi-item cifi-item_compact cifi-empty\"\n    id=\"cifi-item-7564531\"\n    data-id=\"7564531\"\n    data-title=\"Exceptionnelle propri\u00e9t\u00e9 de 6 chambres \u00e0 l&#039;\u00eele Maurice\"\n    data-titleen=\"An Outstanding 6 Bedroom Villa In Mauritius\"\n    data-titlept=\"An Outstanding 6 Bedroom Villa In Mauritius\"\n    data-titlede=\"An Outstanding 6 Bedroom Villa In Mauritius\"\n    data-titlees=\"An Outstanding 6 Bedroom Villa In Mauritius\"\n    data-url=\"https:\/\/www.carlton-international.com\/annonce\/exceptionnelle-propriete-de-6-chambres-a-lile-maurice\/\"\n    data-urlen=\"https:\/\/www.carlton-international.com\/en\/annonce\/an-outstanding-6-bedroom-villa-in-mauritius\/\"\n    data-urlpt=\"https:\/\/www.carlton-international.com\/pt-pt\/annonce\/an-outstanding-6-bedroom-villa-in-mauritius\/\"\n    data-urlde=\"https:\/\/www.carlton-international.com\/de\/annonce\/an-outstanding-6-bedroom-villa-in-mauritius\/\"\n    data-urles=\"https:\/\/www.carlton-international.com\/es\/annonce\/an-outstanding-6-bedroom-villa-in-mauritius\/\"\n    data-thumb=\"https:\/\/media.apimo.pro\/cache\/bd5281394f86eeac97e7dd33cb2ba4db_72d61f2bb2_1920-original.jpg\"\n    data-city=\"Grande Rivi\u00e8re Sud Est\"\n    data-surface=\"904 m\u00b2\"\n    data-stats=\"Terrain: 4220 m\u00b2 | 6 chambres\"\n    data-statsen=\"Land: 4220 m\u00b2 | 6 bedrooms\"\n    data-statspt=\"Terreno: 4220 m\u00b2 | 6 quartos\"\n    data-statsde=\"Grundst\u00fcck: 4220 m\u00b2 | 6 Schlafzimmer\"\n    data-statses=\"Terreno: 4220 m\u00b2 | 6 dormitorios\"\n    data-price=\"de 21,000 \u00e0 100,000 \u20ac \/ Semaine\"\n    data-priceen=\"from \u20ac21,000 to \u20ac100,000 \/ Week\"\n    data-pricept=\"de \u20ac21,000 a \u20ac100,000 \/ Semana\"\n    data-pricede=\"von \u20ac21,000 bis \u20ac100,000 \/ Woche\"\n    data-pricees=\"de \u20ac21,000 a \u20ac100,000 \/ Semana\">\n    <a href=\"javascript:void(0);\" class=\"cifi_btn\">\n        <span class=\"cifi_btn-icon\"><\/span>\n        <span class=\"cifi_btn-text\">Add to favorite<\/span>\n    <\/a>\n<\/div>\n    <div class=\"ci-sdia_ad-item_img ab\">\n        \n        \n                                    <div class=\"slick-inner-sdia_ad-item\">\n                                                <div class=\"slide-sdia_ad-item\">\n                                <a href=\"https:\/\/www.carlton-international.com\/en\/annonce\/an-outstanding-6-bedroom-villa-in-mauritius\/\">\n                                    <img decoding=\"async\" \n                                        loading=\"lazy\"\n                                        src=\"https:\/\/media.apimo.pro\/cache\/bd5281394f86eeac97e7dd33cb2ba4db_72d61f2bb2_1920-original.jpg\" \n                                        alt=\"\"\n                                    \/>\n                                    <p class=\"title-slide-sdia_ad-item \">Discover the property<\/p>\n                                <\/a>\n                            <\/div>\n                                                    <div class=\"slide-sdia_ad-item\">\n                                <a href=\"https:\/\/www.carlton-international.com\/en\/annonce\/an-outstanding-6-bedroom-villa-in-mauritius\/\">\n                                    <img decoding=\"async\" \n                                        loading=\"lazy\"\n                                        src=\"https:\/\/media.apimo.pro\/cache\/d9c7bc9cbf80bafcaae9703f1dbd2c0f_f30d7cbd47_1920-original.jpg\" \n                                        alt=\"\"\n                                    \/>\n                                    <p class=\"title-slide-sdia_ad-item \">Discover the property<\/p>\n                                <\/a>\n                            <\/div>\n                                                    <div class=\"slide-sdia_ad-item\">\n                                <a href=\"https:\/\/www.carlton-international.com\/en\/annonce\/an-outstanding-6-bedroom-villa-in-mauritius\/\">\n                                    <img decoding=\"async\" \n                                        loading=\"lazy\"\n                                        src=\"https:\/\/media.apimo.pro\/cache\/8a046d8becc0efaf887a1d130d3259c6_ec45c0baa1_1920-original.jpg\" \n                                        alt=\"\"\n                                    \/>\n                                    <p class=\"title-slide-sdia_ad-item \">Discover the property<\/p>\n                                <\/a>\n                            <\/div>\n                                        <\/div>\n                        <\/div>\n    <div class=\"ci-sdia_ad-item_datas\">\n        <div class=\"ci-sdia_ad-item_metas\">\n                            <a class=\"ci-sdia_ad-item_title\" href=\"https:\/\/www.carlton-international.com\/en\/annonce\/an-outstanding-6-bedroom-villa-in-mauritius\/\">Grande Rivi\u00e8re Sud Est <\/a>\n                        <div class=\"ci-sdia_ad-item_metas-wrap\">\n                <div class=\"ci-sdia_ad-item_metas-loc\"><div>Maurice<\/div><\/div>                                    <div class=\"ci-sdia_ad-item_metas-map\">\n                        <a target=\"_blank\" class=\"ci-sdia_ad-item_btn-icon ci-sdia_ad-item_btn-icon_map\"><span class=\"ci-sdia_hide\">Map<\/span><\/a>\n                    <\/div>\n                            <\/div>\n        <\/div>\n        <div class=\"ci-sdia_ad-item_stats \">6 bedrooms | <span class=\"ci-surface\">904 m\u00b2<\/span><\/div>\n        <div class=\"ci-sdia_ad-item_comp\">\n            <div class=\"ci-sdia_ad-item_footer-ref\">\n                <span><strong>Ref.<\/strong> MU426<\/span>\n            <\/div>\n            <div class=\"wrap-item-price\">\n                                                                                        <div class=\"ci-sdia_ad-item_price ci-price\" data-4 data-pricemin=\"21000\" data-pricemax=\"100000\">from \u20ac21,000 to \u20ac100,000<\/div>\n                                                                            <span class=\"prix-period\" data=\"DayWeekMonthYear\"> \/ Week<\/span>            <\/div>\n\n        <\/div>\n\n                                                        <div class=\"popup_contact_bien_div\"><\/div>\n                                    \n        <div class=\"ci-sdia_ad-item_footer-wrap\">\n            <p class=\"ci-sdia_ad-item_footer\"><a href=\"https:\/\/www.carlton-international.com\/en\/annonce\/an-outstanding-6-bedroom-villa-in-mauritius\/\">View details<\/a><\/p>\n            <div class=\"ci-sdia_ad-item_footer-btns\">\n                <a href=\"tel:\" class=\"ci-sdia_ad-item_footer-btn ci-sdia_ad-item_btn-icon ci-sdia_ad-item_btn-icon_phone\"><span class=\"ci-sdia_hide\">Phone<\/span><\/a>\n                <a href=\"javascript:;\" data-unique-id=\"7564531\" data-properties-id=\"1986519\" data-email=\"\" class=\"ci-sdia_ad-item_footer-btn ci-sdia_ad-item_btn-icon ci-sdia_ad-item_btn-icon_mail popup_contact_bien\"><span class=\"ci-sdia_hide\">Email<\/span><\/a>\n            <\/div>\n        <\/div>\n    <\/div>\n<\/div>\n        <\/div>\n        <!-- FOOTER -->\n        <div class=\"ci-dis-ads_footer\">\n            <!-- PAGINATION -->\n            <div class=\"ci-dis-ads_pagination\">\n                            <\/div>\n        <\/div>\n                 <\/div>\n<\/div>\n\t\t\t\t\t\t<\/div>\n\t\t\t\t\t<\/div>\n\t\t<\/div>\n\t\t\t\t\t<\/div>\n\t\t<\/section>\n\t\t<div class=\"elementor-element elementor-element-61d0c5f contentpd30 e-flex e-con-boxed e-con e-parent\" data-id=\"61d0c5f\" data-element_type=\"container\" data-settings=\"{&quot;jet_parallax_layout_list&quot;:[]}\">\n\t\t\t\t\t<div class=\"e-con-inner\">\n\t\t\t\t<div class=\"elementor-element elementor-element-be58e31 elementor-widget elementor-widget-text-editor\" data-id=\"be58e31\" data-element_type=\"widget\" data-widget_type=\"text-editor.default\">\n\t\t\t\t\t\t\t\t\t<p><strong>Des Joyaux Immobiliers dans les Endroits les Plus \u00c9minents<\/strong><\/p><p>Imaginez-vous dans une villa de r\u00eave, nich\u00e9e dans des lieux embl\u00e9matiques \u00e0 travers le globe. De la C\u00f4te d&#8217;Azur aux Cara\u00efbes, des somptueuses \u00eeles grecques aux destinations exotiques, nos villas incarnent la quintessence du raffinement. Avec des panoramas \u00e0 couper le souffle, des espaces de vie \u00e9l\u00e9gants et des services d&#8217;exception, elles sont con\u00e7ues pour vous offrir une exp\u00e9rience de s\u00e9jour m\u00e9morable.<\/p><p><strong>Choisissez la Dur\u00e9e qui Convient \u00e0 Votre \u00c9vasion<\/strong><\/p><p>Que vous planifiiez vos vacances ou que vous d\u00e9siriez vous \u00e9tablir pour une p\u00e9riode prolong\u00e9e, nos villas sont disponibles en <strong>location courte<\/strong> ou <strong>longue dur\u00e9e<\/strong> pour r\u00e9pondre \u00e0 toutes vos aspirations. Les locations \u00e0 court terme permettent des escapades inoubliables, tandis que les s\u00e9jours \u00e0 long terme vous ouvrent les portes d&#8217;un style de vie de luxe sans pr\u00e9c\u00e9dent dans les <strong>destinations les plus prestigieuses<\/strong> de la plan\u00e8te.<\/p><p><strong>Votre Porte d&#8217;Entr\u00e9e vers la Libert\u00e9 de l&#8217;\u00c9vasion<\/strong><\/p><p>Nos villas \u00e0 louer \u00e0 l&#8217;international repr\u00e9sentent votre porte d&#8217;entr\u00e9e vers une <strong>\u00e9vasion de luxe<\/strong>. Que vous cherchiez la tranquillit\u00e9 au c\u0153ur de la nature ou que vous pr\u00e9f\u00e9riez vous immerger dans la vie urbaine tr\u00e9pidante, notre collection de villas est con\u00e7ue pour r\u00e9pondre aux exigences des voyageurs les plus exigeants.<\/p><p><strong>Contactez-nous D\u00e8s Aujourd&#8217;hui<\/strong><\/p><p>Ne manquez pas l&#8217;occasion de vivre une <strong>exp\u00e9rience de location de villa de luxe<\/strong> \u00e0 l&#8217;\u00e9chelle internationale. Contactez-nous d\u00e8s aujourd&#8217;hui pour explorer nos destinations prestigieuses, nos propri\u00e9t\u00e9s exceptionnelles et entamez votre voyage vers une \u00e9vasion inoubliable.<\/p>\t\t\t\t\t\t\t\t<\/div>\n\t\t\t\t\t<\/div>\n\t\t\t\t<\/div>\n\t\t\t\t<\/div>\n\t\t","protected":false},"excerpt":{"rendered":"<p>C\u00f4te d\u2019azur Costa del Sol Germany More destinations Des Joyaux Immobiliers dans les Endroits les Plus \u00c9minents Imaginez-vous dans une villa de r\u00eave, nich\u00e9e dans des lieux embl\u00e9matiques \u00e0 travers le globe. De la C\u00f4te d&#8217;Azur aux Cara\u00efbes, des somptueuses \u00eeles grecques aux destinations exotiques, nos villas incarnent la quintessence du raffinement. Avec des panoramas [&hellip;]<\/p>\n","protected":false},"author":9,"featured_media":0,"parent":944861,"menu_order":0,"comment_status":"closed","ping_status":"closed","template":"","meta":{"_acf_changed":false,"footnotes":"","_wp_rev_ctl_limit":""},"class_list":["post-3029613","page","type-page","status-publish","hentry"],"acf":[],"yoast_head":"<!-- This site is optimized with the Yoast SEO Premium plugin v20.11 (Yoast SEO v26.5) - https:\/\/yoast.com\/wordpress\/plugins\/seo\/ -->\n<title>Villas \u00e0 louer \u00e0 l&#039;International. Carlton International<\/title>\n<meta name=\"robots\" content=\"index, follow, max-snippet:-1, max-image-preview:large, max-video-preview:-1\" \/>\n<link rel=\"canonical\" href=\"https:\/\/www.carlton-international.com\/en\/luxury-rental-villas-on-the-french-riviera\/international\/\" \/>\n<meta property=\"og:locale\" content=\"en_US\" \/>\n<meta property=\"og:type\" content=\"article\" \/>\n<meta property=\"og:title\" content=\"International\" \/>\n<meta property=\"og:url\" content=\"https:\/\/www.carlton-international.com\/en\/luxury-rental-villas-on-the-french-riviera\/international\/\" \/>\n<meta property=\"og:site_name\" content=\"Carlton International\" \/>\n<meta property=\"article:publisher\" content=\"https:\/\/www.facebook.com\/CarltonInternationalRealEstate\/\" \/>\n<meta property=\"article:modified_time\" content=\"2026-03-02T04:13:34+00:00\" \/>\n<meta name=\"twitter:card\" content=\"summary_large_image\" \/>\n<meta name=\"twitter:site\" content=\"@CarltonInter\" \/>\n<meta name=\"twitter:label1\" content=\"Est. reading time\" \/>\n\t<meta name=\"twitter:data1\" content=\"2 minutes\" \/>\n<script type=\"application\/ld+json\" class=\"yoast-schema-graph\">{\"@context\":\"https:\/\/schema.org\",\"@graph\":[{\"@type\":\"WebPage\",\"@id\":\"https:\/\/www.carlton-international.com\/en\/luxury-rental-villas-on-the-french-riviera\/international\/\",\"url\":\"https:\/\/www.carlton-international.com\/en\/luxury-rental-villas-on-the-french-riviera\/international\/\",\"name\":\"Villas \u00e0 louer \u00e0 l'International. Carlton International\",\"isPartOf\":{\"@id\":\"https:\/\/www.carlton-international.com\/en\/#website\"},\"datePublished\":\"2025-03-18T10:08:37+00:00\",\"dateModified\":\"2026-03-02T04:13:34+00:00\",\"breadcrumb\":{\"@id\":\"https:\/\/www.carlton-international.com\/en\/luxury-rental-villas-on-the-french-riviera\/international\/#breadcrumb\"},\"inLanguage\":\"en-US\",\"potentialAction\":[{\"@type\":\"ReadAction\",\"target\":[\"https:\/\/www.carlton-international.com\/en\/luxury-rental-villas-on-the-french-riviera\/international\/\"]}]},{\"@type\":\"BreadcrumbList\",\"@id\":\"https:\/\/www.carlton-international.com\/en\/luxury-rental-villas-on-the-french-riviera\/international\/#breadcrumb\",\"itemListElement\":[{\"@type\":\"ListItem\",\"position\":1,\"name\":\"Accueil\",\"item\":\"https:\/\/www.carlton-international.com\/en\/\"},{\"@type\":\"ListItem\",\"position\":2,\"name\":\"Carlton International Luxury Villa Collection\",\"item\":\"https:\/\/www.carlton-international.com\/en\/luxury-rental-villas-on-the-french-riviera\/\"},{\"@type\":\"ListItem\",\"position\":3,\"name\":\"International\"}]},{\"@type\":\"WebSite\",\"@id\":\"https:\/\/www.carlton-international.com\/en\/#website\",\"url\":\"https:\/\/www.carlton-international.com\/en\/\",\"name\":\"Carlton International\",\"description\":\"Luxury Real Estate in France and Internationally\",\"publisher\":{\"@id\":\"https:\/\/www.carlton-international.com\/en\/#organization\"},\"alternateName\":\"Carlton\",\"potentialAction\":[{\"@type\":\"SearchAction\",\"target\":{\"@type\":\"EntryPoint\",\"urlTemplate\":\"https:\/\/www.carlton-international.com\/en\/?s={search_term_string}\"},\"query-input\":{\"@type\":\"PropertyValueSpecification\",\"valueRequired\":true,\"valueName\":\"search_term_string\"}}],\"inLanguage\":\"en-US\"},{\"@type\":\"Organization\",\"@id\":\"https:\/\/www.carlton-international.com\/en\/#organization\",\"name\":\"Carlton International\",\"alternateName\":\"Carlton\",\"url\":\"https:\/\/www.carlton-international.com\/en\/\",\"logo\":{\"@type\":\"ImageObject\",\"inLanguage\":\"en-US\",\"@id\":\"https:\/\/www.carlton-international.com\/en\/#\/schema\/logo\/image\/\",\"url\":\"https:\/\/www.carlton-international.com\/wp-content\/uploads\/2024\/10\/logo-square-1.jpg\",\"contentUrl\":\"https:\/\/www.carlton-international.com\/wp-content\/uploads\/2024\/10\/logo-square-1.jpg\",\"width\":240,\"height\":240,\"caption\":\"Carlton International\"},\"image\":{\"@id\":\"https:\/\/www.carlton-international.com\/en\/#\/schema\/logo\/image\/\"},\"sameAs\":[\"https:\/\/www.facebook.com\/CarltonInternationalRealEstate\/\",\"https:\/\/x.com\/CarltonInter\",\"https:\/\/www.instagram.com\/carlton.international\/\",\"https:\/\/www.linkedin.com\/company\/carlton-international\/mycompany\/\",\"https:\/\/www.youtube.com\/channel\/UC45DFaSawRRikZFLqr2C_XQ\"]}]}<\/script>\n<!-- \/ Yoast SEO Premium plugin. -->","yoast_head_json":{"title":"Villas \u00e0 louer \u00e0 l'International. Carlton International","robots":{"index":"index","follow":"follow","max-snippet":"max-snippet:-1","max-image-preview":"max-image-preview:large","max-video-preview":"max-video-preview:-1"},"canonical":"https:\/\/www.carlton-international.com\/en\/luxury-rental-villas-on-the-french-riviera\/international\/","og_locale":"en_US","og_type":"article","og_title":"International","og_url":"https:\/\/www.carlton-international.com\/en\/luxury-rental-villas-on-the-french-riviera\/international\/","og_site_name":"Carlton International","article_publisher":"https:\/\/www.facebook.com\/CarltonInternationalRealEstate\/","article_modified_time":"2026-03-02T04:13:34+00:00","twitter_card":"summary_large_image","twitter_site":"@CarltonInter","twitter_misc":{"Est. reading time":"2 minutes"},"schema":{"@context":"https:\/\/schema.org","@graph":[{"@type":"WebPage","@id":"https:\/\/www.carlton-international.com\/en\/luxury-rental-villas-on-the-french-riviera\/international\/","url":"https:\/\/www.carlton-international.com\/en\/luxury-rental-villas-on-the-french-riviera\/international\/","name":"Villas \u00e0 louer \u00e0 l'International. Carlton International","isPartOf":{"@id":"https:\/\/www.carlton-international.com\/en\/#website"},"datePublished":"2025-03-18T10:08:37+00:00","dateModified":"2026-03-02T04:13:34+00:00","breadcrumb":{"@id":"https:\/\/www.carlton-international.com\/en\/luxury-rental-villas-on-the-french-riviera\/international\/#breadcrumb"},"inLanguage":"en-US","potentialAction":[{"@type":"ReadAction","target":["https:\/\/www.carlton-international.com\/en\/luxury-rental-villas-on-the-french-riviera\/international\/"]}]},{"@type":"BreadcrumbList","@id":"https:\/\/www.carlton-international.com\/en\/luxury-rental-villas-on-the-french-riviera\/international\/#breadcrumb","itemListElement":[{"@type":"ListItem","position":1,"name":"Accueil","item":"https:\/\/www.carlton-international.com\/en\/"},{"@type":"ListItem","position":2,"name":"Carlton International Luxury Villa Collection","item":"https:\/\/www.carlton-international.com\/en\/luxury-rental-villas-on-the-french-riviera\/"},{"@type":"ListItem","position":3,"name":"International"}]},{"@type":"WebSite","@id":"https:\/\/www.carlton-international.com\/en\/#website","url":"https:\/\/www.carlton-international.com\/en\/","name":"Carlton International","description":"Luxury Real Estate in France and Internationally","publisher":{"@id":"https:\/\/www.carlton-international.com\/en\/#organization"},"alternateName":"Carlton","potentialAction":[{"@type":"SearchAction","target":{"@type":"EntryPoint","urlTemplate":"https:\/\/www.carlton-international.com\/en\/?s={search_term_string}"},"query-input":{"@type":"PropertyValueSpecification","valueRequired":true,"valueName":"search_term_string"}}],"inLanguage":"en-US"},{"@type":"Organization","@id":"https:\/\/www.carlton-international.com\/en\/#organization","name":"Carlton International","alternateName":"Carlton","url":"https:\/\/www.carlton-international.com\/en\/","logo":{"@type":"ImageObject","inLanguage":"en-US","@id":"https:\/\/www.carlton-international.com\/en\/#\/schema\/logo\/image\/","url":"https:\/\/www.carlton-international.com\/wp-content\/uploads\/2024\/10\/logo-square-1.jpg","contentUrl":"https:\/\/www.carlton-international.com\/wp-content\/uploads\/2024\/10\/logo-square-1.jpg","width":240,"height":240,"caption":"Carlton International"},"image":{"@id":"https:\/\/www.carlton-international.com\/en\/#\/schema\/logo\/image\/"},"sameAs":["https:\/\/www.facebook.com\/CarltonInternationalRealEstate\/","https:\/\/x.com\/CarltonInter","https:\/\/www.instagram.com\/carlton.international\/","https:\/\/www.linkedin.com\/company\/carlton-international\/mycompany\/","https:\/\/www.youtube.com\/channel\/UC45DFaSawRRikZFLqr2C_XQ"]}]}},"jetpack_sharing_enabled":true,"_links":{"self":[{"href":"https:\/\/www.carlton-international.com\/en\/wp-json\/wp\/v2\/pages\/3029613","targetHints":{"allow":["GET"]}}],"collection":[{"href":"https:\/\/www.carlton-international.com\/en\/wp-json\/wp\/v2\/pages"}],"about":[{"href":"https:\/\/www.carlton-international.com\/en\/wp-json\/wp\/v2\/types\/page"}],"author":[{"embeddable":true,"href":"https:\/\/www.carlton-international.com\/en\/wp-json\/wp\/v2\/users\/9"}],"replies":[{"embeddable":true,"href":"https:\/\/www.carlton-international.com\/en\/wp-json\/wp\/v2\/comments?post=3029613"}],"version-history":[{"count":4,"href":"https:\/\/www.carlton-international.com\/en\/wp-json\/wp\/v2\/pages\/3029613\/revisions"}],"predecessor-version":[{"id":4309077,"href":"https:\/\/www.carlton-international.com\/en\/wp-json\/wp\/v2\/pages\/3029613\/revisions\/4309077"}],"up":[{"embeddable":true,"href":"https:\/\/www.carlton-international.com\/en\/wp-json\/wp\/v2\/pages\/944861"}],"wp:attachment":[{"href":"https:\/\/www.carlton-international.com\/en\/wp-json\/wp\/v2\/media?parent=3029613"}],"curies":[{"name":"wp","href":"https:\/\/api.w.org\/{rel}","templated":true}]}}