{"id":4237069,"date":"2025-10-17T03:36:12","date_gmt":"2025-10-17T01:36:12","guid":{"rendered":"https:\/\/www.carlton-international.com\/?page_id=4237069"},"modified":"2026-03-13T07:59:11","modified_gmt":"2026-03-13T06:59:11","slug":"andere-reiseziele","status":"publish","type":"page","link":"https:\/\/www.carlton-international.com\/de\/kauf\/andere-reiseziele\/","title":{"rendered":"Andere Reiseziele"},"content":{"rendered":"\t\t<div data-elementor-type=\"wp-page\" data-elementor-id=\"4237069\" class=\"elementor elementor-4237069 elementor-4237030\" data-elementor-post-type=\"page\">\n\t\t\t\t<div class=\"elementor-element elementor-element-7a9634d contentpd20 e-flex e-con-boxed e-con e-parent\" data-id=\"7a9634d\" data-element_type=\"container\" data-settings=\"{&quot;jet_parallax_layout_list&quot;:[]}\">\n\t\t\t\t\t<div class=\"e-con-inner\">\n\t\t\t\t<div class=\"elementor-element elementor-element-eb0326c elementor-widget elementor-widget-heading\" data-id=\"eb0326c\" data-element_type=\"widget\" data-widget_type=\"heading.default\">\n\t\t\t\t\t<h1 class=\"elementor-heading-title elementor-size-default\">Andere Reiseziele<\/h1>\t\t\t\t<\/div>\n\t\t\t\t\t<\/div>\n\t\t\t\t<\/div>\n\t\t<div class=\"elementor-element elementor-element-7194f0b hidden e-flex e-con-boxed e-con e-parent\" data-id=\"7194f0b\" data-element_type=\"container\" data-settings=\"{&quot;jet_parallax_layout_list&quot;:[]}\">\n\t\t\t\t\t<div class=\"e-con-inner\">\n\t\t\t\t<div class=\"elementor-element elementor-element-1177aba elementor-widget elementor-widget-text-editor\" data-id=\"1177aba\" data-element_type=\"widget\" data-widget_type=\"text-editor.default\">\n\t\t\t\t\t\t\t\t\t<ul><li><a href=\"\/en\/buying-dream-homes-and-investment-opportunities-on-the-french-riviera\/cote-dazur\/\">C\u00f4te d\u2019azur<\/a><\/li><li><a href=\"\/en\/buying-dream-homes-and-investment-opportunities-on-the-french-riviera\/espagne\/costa-del-sol\/\">Costa del Sol<\/a><\/li><li><a href=\"\/en\/buying-dream-homes-and-investment-opportunities-on-the-french-riviera\/allemagne-du-sud\/\">Germany<\/a><\/li><li><a href=\"\/en\/buying-dream-homes-and-investment-opportunities-on-the-french-riviera\/autres-destinations\/\">More destinations<\/a><\/li><\/ul>\t\t\t\t\t\t\t\t<\/div>\n\t\t\t\t\t<\/div>\n\t\t\t\t<\/div>\n\t\t\t\t<section class=\"elementor-section elementor-top-section elementor-element elementor-element-792e6aa7 contentpd20 elementor-section-boxed elementor-section-height-default elementor-section-height-default\" data-id=\"792e6aa7\" data-element_type=\"section\" data-settings=\"{&quot;jet_parallax_layout_list&quot;:[]}\">\n\t\t\t\t\t\t<div class=\"elementor-container elementor-column-gap-default\">\n\t\t\t\t\t<div class=\"elementor-column elementor-col-100 elementor-top-column elementor-element elementor-element-4ab2cffd\" data-id=\"4ab2cffd\" data-element_type=\"column\">\n\t\t\t<div class=\"elementor-widget-wrap elementor-element-populated\">\n\t\t\t\t\t\t<div class=\"elementor-element elementor-element-3f80d67 elementor-widget elementor-widget-shortcode\" data-id=\"3f80d67\" data-element_type=\"widget\" data-widget_type=\"shortcode.default\">\n\t\t\t\t\t\t\t<div class=\"elementor-shortcode\">    <div class=\"ci-dis-ads_wrapper\" data-id-page=\"4237069\" id=\"ci-ads-results\">\n                <!-- TOTAL RESULTS -->\n        <div class=\"ci-dis-ads_total_results aa\">\n            <div class=\"ci-dis-description_contact_results a2345 4237069\">\n            \n                <p>\n                <a href=\"https:\/\/www.carlton-international.com\/de\/kauf\/\">kauf<\/a> &gt; <a href=\"https:\/\/www.carlton-international.com\/de\/kauf\/andere-reiseziele\/\">andere reiseziele<\/a> &gt; <span data-id=\"4237069\">1 r\u00e9sultat<\/span>                <\/p>\n                            <\/div>\n        <\/div>\n                    <!-- HEADER -->\n            <div class=\"ci-dis-ads_header\">\n                <!-- PAGINATION -->\n                <div class=\"ci-dis-ads_pagination\">\n                                    <\/div>\n                <!-- SORT -->\n\n                                    <div class=\"ci-dis-ads_sort\">\n                                                    <select class=\"ci-dis-ads_price-filter\" name=\"ci-dis-ads_price-filter\" id=\"ci-dis-ads_price-filter\">\n                                <option value=\"\">Nach Preis sortieren<\/option>\n                                <option value=\"low_to_hight\"> &#8593 Aufsteigend nach Preis<\/option>\n                                <option value=\"hight_to_low\"> &#8595 Absteigend nach Preis<\/option>\n                            <\/select>\n                                            <\/div>\n                    <!-- DISPLAY -->\n                    <div class=\"ci-dis-ads_disp\">\n                                                    <button class=\"ci-dis-ads_btn-filter \" data-display=\"list\">Liste<\/button>\n                            <button class=\"ci-dis-ads_btn-filter ci-dis-ads_btn-active\" data-display=\"grid\">Mosaik<\/button>\n                                            <\/div>\n                            <\/div>\n                <!-- CONTENT -->\n        <div class=\"ci-dis-ads_content ci-disp-grid\">\n            <div class=\"ci-sdia_ad-item \" data-title=\"Private Inseln im Norden von Brasilien\" data-ref=\"86357746\">\n    <div class=\"cifi-item cifi-item_compact cifi-empty\"\n     id=\"cifi-item-4236415\"\n     data-id=\"4236415\"\n     data-title=\"Private Inseln im Norden von Brasilien\"\n     data-url=\"https:\/\/www.carlton-international.com\/de\/annonce\/private-inseln-im-norden-von-brasilien\/\"\n     data-thumb22=\"\"\n     data-thumb=\"https:\/\/media.apimo.pro\/cache\/9bff56d606dcbf9d7a4a74489181941d_a619087eba_1280-original.jpg\"\n     data-city=\"S\u00e3o Lu\u00eds\"\n     data-price=\"\u20ac9.600.000\"\n     data-surface=\"\"\n     data-stats=\"\"\n     data-object=\"{&quot;id&quot;:4236415,&quot;title&quot;:&quot;Private Inseln im Norden von Brasilien&quot;,&quot;url&quot;:&quot;https:\\\/\\\/www.carlton-international.com\\\/de\\\/annonce\\\/private-inseln-im-norden-von-brasilien\\\/&quot;,&quot;thumb2&quot;:false,&quot;thumb&quot;:&quot;https:\\\/\\\/media.apimo.pro\\\/cache\\\/9bff56d606dcbf9d7a4a74489181941d_a619087eba_1280-original.jpg&quot;,&quot;city&quot;:&quot;S\\u00e3o Lu\\u00eds&quot;,&quot;price&quot;:&quot;\\u20ac9.600.000&quot;,&quot;surface&quot;:&quot;&quot;,&quot;stats&quot;:&quot;&quot;}\">\n    <a href=\"javascript:void(0);\" class=\"cifi_btn\">\n        <span class=\"cifi_btn-icon\"><\/span>\n        <span class=\"cifi_btn-text\">Zu meiner Auswahl hinzuf\u00fcgen<\/span>\n    <\/a>\n<\/div>\n    <div class=\"ci-sdia_ad-item_img ab\">\n        \n        \n                                    <div class=\"slick-inner-sdia_ad-item\">\n                                                <div class=\"slide-sdia_ad-item\">\n                                <a href=\"https:\/\/www.carlton-international.com\/de\/annonce\/private-inseln-im-norden-von-brasilien\/\">\n                                    <img decoding=\"async\" \n                                        loading=\"lazy\"\n                                        src=\"https:\/\/media.apimo.pro\/cache\/9bff56d606dcbf9d7a4a74489181941d_a619087eba_1280-original.jpg\" \n                                        alt=\"\"\n                                    \/>\n                                    <p class=\"title-slide-sdia_ad-item \">Immobilie entdecken<\/p>\n                                <\/a>\n                            <\/div>\n                                                    <div class=\"slide-sdia_ad-item\">\n                                <a href=\"https:\/\/www.carlton-international.com\/de\/annonce\/private-inseln-im-norden-von-brasilien\/\">\n                                    <img decoding=\"async\" \n                                        loading=\"lazy\"\n                                        src=\"https:\/\/media.apimo.pro\/cache\/617038228941fb04092ab1bcb9d2dbc5_171b48b22e_1280-original.jpg\" \n                                        alt=\"\"\n                                    \/>\n                                    <p class=\"title-slide-sdia_ad-item \">Immobilie entdecken<\/p>\n                                <\/a>\n                            <\/div>\n                                                    <div class=\"slide-sdia_ad-item\">\n                                <a href=\"https:\/\/www.carlton-international.com\/de\/annonce\/private-inseln-im-norden-von-brasilien\/\">\n                                    <img decoding=\"async\" \n                                        loading=\"lazy\"\n                                        src=\"https:\/\/media.apimo.pro\/cache\/14f3de2b30f5518e709a52e04a6bbf78_8b326b48f6_1280-original.jpg\" \n                                        alt=\"\"\n                                    \/>\n                                    <p class=\"title-slide-sdia_ad-item \">Immobilie entdecken<\/p>\n                                <\/a>\n                            <\/div>\n                                        <\/div>\n                        <\/div>\n    <div class=\"ci-sdia_ad-item_datas\">\n        <div class=\"ci-sdia_ad-item_metas\">\n                            <a class=\"ci-sdia_ad-item_title\" href=\"https:\/\/www.carlton-international.com\/de\/annonce\/private-inseln-im-norden-von-brasilien\/\">S\u00e3o Lu\u00eds <\/a>\n                        <div class=\"ci-sdia_ad-item_metas-wrap\">\n                <div class=\"ci-sdia_ad-item_metas-loc\"><div>Brasilien<\/div><\/div>                                    <div class=\"ci-sdia_ad-item_metas-map\">\n                        <a target=\"_blank\" class=\"ci-sdia_ad-item_btn-icon ci-sdia_ad-item_btn-icon_map\"><span class=\"ci-sdia_hide\">Map<\/span><\/a>\n                    <\/div>\n                            <\/div>\n        <\/div>\n        <div class=\"ci-sdia_ad-item_stats \"><\/div>\n        <div class=\"ci-sdia_ad-item_comp\">\n            <div class=\"ci-sdia_ad-item_footer-ref\">\n                <span><strong>Ref.<\/strong> 86357746<\/span>\n            <\/div>\n            <div class=\"wrap-item-price\">\n                                                                                        <div class=\"ci-sdia_ad-item_price ci-price\" data-7 data-price=\"9600000\">\u20ac9.600.000<\/div>\n                                                                                        <\/div>\n\n        <\/div>\n\n                                                        <div class=\"popup_contact_bien_div\"><\/div>\n                                    \n        <div class=\"ci-sdia_ad-item_footer-wrap\">\n            <p class=\"ci-sdia_ad-item_footer\"><a href=\"https:\/\/www.carlton-international.com\/de\/annonce\/private-inseln-im-norden-von-brasilien\/\">Details anzeigen<\/a><\/p>\n            <div class=\"ci-sdia_ad-item_footer-btns\">\n                <a href=\"tel:\" class=\"ci-sdia_ad-item_footer-btn ci-sdia_ad-item_btn-icon ci-sdia_ad-item_btn-icon_phone\"><span class=\"ci-sdia_hide\">Phone<\/span><\/a>\n                <a href=\"javascript:;\" data-unique-id=\"86357746\" data-properties-id=\"4236415\" data-email=\"\" class=\"ci-sdia_ad-item_footer-btn ci-sdia_ad-item_btn-icon ci-sdia_ad-item_btn-icon_mail popup_contact_bien\"><span class=\"ci-sdia_hide\">Email<\/span><\/a>\n            <\/div>\n        <\/div>\n    <\/div>\n<\/div>\n        <\/div>\n        <!-- FOOTER -->\n        <div class=\"ci-dis-ads_footer\">\n            <!-- PAGINATION -->\n            <div class=\"ci-dis-ads_pagination\">\n                            <\/div>\n        <\/div>\n                 <\/div>\n<\/div>\n\t\t\t\t\t\t<\/div>\n\t\t\t\t\t<\/div>\n\t\t<\/div>\n\t\t\t\t\t<\/div>\n\t\t<\/section>\n\t\t\t\t<\/div>\n\t\t","protected":false},"excerpt":{"rendered":"<p>C\u00f4te d\u2019azur Costa del Sol Germany More destinations<\/p>\n","protected":false},"author":9,"featured_media":0,"parent":3408085,"menu_order":0,"comment_status":"closed","ping_status":"closed","template":"","meta":{"_acf_changed":false,"footnotes":"","_wp_rev_ctl_limit":""},"class_list":["post-4237069","page","type-page","status-publish","hentry"],"acf":[],"yoast_head":"<!-- This site is optimized with the Yoast SEO Premium plugin v20.11 (Yoast SEO v26.5) - https:\/\/yoast.com\/wordpress\/plugins\/seo\/ -->\n<title>Internationales Luxusimmobilien | Private Inseln, Anwesen &amp; Au\u00dfergew\u00f6hnliche Immobilien | Carlton International<\/title>\n<meta name=\"description\" content=\"Entdecken Sie prestigetr\u00e4chtige Immobilien weltweit mit Carlton International: private Inseln, Anwesen und Luxusvillen in Lateinamerika, der Karibik, im Indischen Ozean und in Europa. Exklusiver Off-Market-Zugang.\" \/>\n<meta name=\"robots\" content=\"index, follow, max-snippet:-1, max-image-preview:large, max-video-preview:-1\" \/>\n<link rel=\"canonical\" href=\"https:\/\/www.carlton-international.com\/de\/kauf\/andere-reiseziele\/\" \/>\n<meta property=\"og:locale\" content=\"de_DE\" \/>\n<meta property=\"og:type\" content=\"article\" \/>\n<meta property=\"og:title\" content=\"Andere Reiseziele\" \/>\n<meta property=\"og:description\" content=\"Entdecken Sie prestigetr\u00e4chtige Immobilien weltweit mit Carlton International: private Inseln, Anwesen und Luxusvillen in Lateinamerika, der Karibik, im Indischen Ozean und in Europa. Exklusiver Off-Market-Zugang.\" \/>\n<meta property=\"og:url\" content=\"https:\/\/www.carlton-international.com\/de\/kauf\/andere-reiseziele\/\" \/>\n<meta property=\"og:site_name\" content=\"Carlton International\" \/>\n<meta property=\"article:publisher\" content=\"https:\/\/www.facebook.com\/CarltonInternationalRealEstate\/\" \/>\n<meta property=\"article:modified_time\" content=\"2026-03-13T06:59:11+00:00\" \/>\n<meta name=\"twitter:card\" content=\"summary_large_image\" \/>\n<meta name=\"twitter:site\" content=\"@CarltonInter\" \/>\n<meta name=\"twitter:label1\" content=\"Gesch\u00e4tzte Lesezeit\" \/>\n\t<meta name=\"twitter:data1\" content=\"4\u00a0Minuten\" \/>\n<script type=\"application\/ld+json\" class=\"yoast-schema-graph\">{\"@context\":\"https:\/\/schema.org\",\"@graph\":[{\"@type\":\"WebPage\",\"@id\":\"https:\/\/www.carlton-international.com\/de\/kauf\/andere-reiseziele\/\",\"url\":\"https:\/\/www.carlton-international.com\/de\/kauf\/andere-reiseziele\/\",\"name\":\"Internationales Luxusimmobilien | Private Inseln, Anwesen & Au\u00dfergew\u00f6hnliche Immobilien | Carlton International\",\"isPartOf\":{\"@id\":\"https:\/\/www.carlton-international.com\/de\/#website\"},\"datePublished\":\"2025-10-17T01:36:12+00:00\",\"dateModified\":\"2026-03-13T06:59:11+00:00\",\"description\":\"Entdecken Sie prestigetr\u00e4chtige Immobilien weltweit mit Carlton International: private Inseln, Anwesen und Luxusvillen in Lateinamerika, der Karibik, im Indischen Ozean und in Europa. Exklusiver Off-Market-Zugang.\",\"breadcrumb\":{\"@id\":\"https:\/\/www.carlton-international.com\/de\/kauf\/andere-reiseziele\/#breadcrumb\"},\"inLanguage\":\"de\",\"potentialAction\":[{\"@type\":\"ReadAction\",\"target\":[\"https:\/\/www.carlton-international.com\/de\/kauf\/andere-reiseziele\/\"]}]},{\"@type\":\"BreadcrumbList\",\"@id\":\"https:\/\/www.carlton-international.com\/de\/kauf\/andere-reiseziele\/#breadcrumb\",\"itemListElement\":[{\"@type\":\"ListItem\",\"position\":1,\"name\":\"Accueil\",\"item\":\"https:\/\/www.carlton-international.com\/de\/\"},{\"@type\":\"ListItem\",\"position\":2,\"name\":\"Kauf\",\"item\":\"https:\/\/www.carlton-international.com\/de\/kauf\/\"},{\"@type\":\"ListItem\",\"position\":3,\"name\":\"Andere Reiseziele\"}]},{\"@type\":\"WebSite\",\"@id\":\"https:\/\/www.carlton-international.com\/de\/#website\",\"url\":\"https:\/\/www.carlton-international.com\/de\/\",\"name\":\"Carlton International\",\"description\":\"Luxury Real Estate in France and Internationally\",\"publisher\":{\"@id\":\"https:\/\/www.carlton-international.com\/de\/#organization\"},\"alternateName\":\"Carlton\",\"potentialAction\":[{\"@type\":\"SearchAction\",\"target\":{\"@type\":\"EntryPoint\",\"urlTemplate\":\"https:\/\/www.carlton-international.com\/de\/?s={search_term_string}\"},\"query-input\":{\"@type\":\"PropertyValueSpecification\",\"valueRequired\":true,\"valueName\":\"search_term_string\"}}],\"inLanguage\":\"de\"},{\"@type\":\"Organization\",\"@id\":\"https:\/\/www.carlton-international.com\/de\/#organization\",\"name\":\"Carlton International\",\"alternateName\":\"Carlton\",\"url\":\"https:\/\/www.carlton-international.com\/de\/\",\"logo\":{\"@type\":\"ImageObject\",\"inLanguage\":\"de\",\"@id\":\"https:\/\/www.carlton-international.com\/de\/#\/schema\/logo\/image\/\",\"url\":\"https:\/\/www.carlton-international.com\/wp-content\/uploads\/2024\/10\/logo-square-1.jpg\",\"contentUrl\":\"https:\/\/www.carlton-international.com\/wp-content\/uploads\/2024\/10\/logo-square-1.jpg\",\"width\":240,\"height\":240,\"caption\":\"Carlton International\"},\"image\":{\"@id\":\"https:\/\/www.carlton-international.com\/de\/#\/schema\/logo\/image\/\"},\"sameAs\":[\"https:\/\/www.facebook.com\/CarltonInternationalRealEstate\/\",\"https:\/\/x.com\/CarltonInter\",\"https:\/\/www.instagram.com\/carlton.international\/\",\"https:\/\/www.linkedin.com\/company\/carlton-international\/mycompany\/\",\"https:\/\/www.youtube.com\/channel\/UC45DFaSawRRikZFLqr2C_XQ\"]}]}<\/script>\n<!-- \/ Yoast SEO Premium plugin. -->","yoast_head_json":{"title":"Internationales Luxusimmobilien | Private Inseln, Anwesen & Au\u00dfergew\u00f6hnliche Immobilien | Carlton International","description":"Entdecken Sie prestigetr\u00e4chtige Immobilien weltweit mit Carlton International: private Inseln, Anwesen und Luxusvillen in Lateinamerika, der Karibik, im Indischen Ozean und in Europa. Exklusiver Off-Market-Zugang.","robots":{"index":"index","follow":"follow","max-snippet":"max-snippet:-1","max-image-preview":"max-image-preview:large","max-video-preview":"max-video-preview:-1"},"canonical":"https:\/\/www.carlton-international.com\/de\/kauf\/andere-reiseziele\/","og_locale":"de_DE","og_type":"article","og_title":"Andere Reiseziele","og_description":"Entdecken Sie prestigetr\u00e4chtige Immobilien weltweit mit Carlton International: private Inseln, Anwesen und Luxusvillen in Lateinamerika, der Karibik, im Indischen Ozean und in Europa. Exklusiver Off-Market-Zugang.","og_url":"https:\/\/www.carlton-international.com\/de\/kauf\/andere-reiseziele\/","og_site_name":"Carlton International","article_publisher":"https:\/\/www.facebook.com\/CarltonInternationalRealEstate\/","article_modified_time":"2026-03-13T06:59:11+00:00","twitter_card":"summary_large_image","twitter_site":"@CarltonInter","twitter_misc":{"Gesch\u00e4tzte Lesezeit":"4\u00a0Minuten"},"schema":{"@context":"https:\/\/schema.org","@graph":[{"@type":"WebPage","@id":"https:\/\/www.carlton-international.com\/de\/kauf\/andere-reiseziele\/","url":"https:\/\/www.carlton-international.com\/de\/kauf\/andere-reiseziele\/","name":"Internationales Luxusimmobilien | Private Inseln, Anwesen & Au\u00dfergew\u00f6hnliche Immobilien | Carlton International","isPartOf":{"@id":"https:\/\/www.carlton-international.com\/de\/#website"},"datePublished":"2025-10-17T01:36:12+00:00","dateModified":"2026-03-13T06:59:11+00:00","description":"Entdecken Sie prestigetr\u00e4chtige Immobilien weltweit mit Carlton International: private Inseln, Anwesen und Luxusvillen in Lateinamerika, der Karibik, im Indischen Ozean und in Europa. Exklusiver Off-Market-Zugang.","breadcrumb":{"@id":"https:\/\/www.carlton-international.com\/de\/kauf\/andere-reiseziele\/#breadcrumb"},"inLanguage":"de","potentialAction":[{"@type":"ReadAction","target":["https:\/\/www.carlton-international.com\/de\/kauf\/andere-reiseziele\/"]}]},{"@type":"BreadcrumbList","@id":"https:\/\/www.carlton-international.com\/de\/kauf\/andere-reiseziele\/#breadcrumb","itemListElement":[{"@type":"ListItem","position":1,"name":"Accueil","item":"https:\/\/www.carlton-international.com\/de\/"},{"@type":"ListItem","position":2,"name":"Kauf","item":"https:\/\/www.carlton-international.com\/de\/kauf\/"},{"@type":"ListItem","position":3,"name":"Andere Reiseziele"}]},{"@type":"WebSite","@id":"https:\/\/www.carlton-international.com\/de\/#website","url":"https:\/\/www.carlton-international.com\/de\/","name":"Carlton International","description":"Luxury Real Estate in France and Internationally","publisher":{"@id":"https:\/\/www.carlton-international.com\/de\/#organization"},"alternateName":"Carlton","potentialAction":[{"@type":"SearchAction","target":{"@type":"EntryPoint","urlTemplate":"https:\/\/www.carlton-international.com\/de\/?s={search_term_string}"},"query-input":{"@type":"PropertyValueSpecification","valueRequired":true,"valueName":"search_term_string"}}],"inLanguage":"de"},{"@type":"Organization","@id":"https:\/\/www.carlton-international.com\/de\/#organization","name":"Carlton International","alternateName":"Carlton","url":"https:\/\/www.carlton-international.com\/de\/","logo":{"@type":"ImageObject","inLanguage":"de","@id":"https:\/\/www.carlton-international.com\/de\/#\/schema\/logo\/image\/","url":"https:\/\/www.carlton-international.com\/wp-content\/uploads\/2024\/10\/logo-square-1.jpg","contentUrl":"https:\/\/www.carlton-international.com\/wp-content\/uploads\/2024\/10\/logo-square-1.jpg","width":240,"height":240,"caption":"Carlton International"},"image":{"@id":"https:\/\/www.carlton-international.com\/de\/#\/schema\/logo\/image\/"},"sameAs":["https:\/\/www.facebook.com\/CarltonInternationalRealEstate\/","https:\/\/x.com\/CarltonInter","https:\/\/www.instagram.com\/carlton.international\/","https:\/\/www.linkedin.com\/company\/carlton-international\/mycompany\/","https:\/\/www.youtube.com\/channel\/UC45DFaSawRRikZFLqr2C_XQ"]}]}},"jetpack_sharing_enabled":true,"_links":{"self":[{"href":"https:\/\/www.carlton-international.com\/de\/wp-json\/wp\/v2\/pages\/4237069","targetHints":{"allow":["GET"]}}],"collection":[{"href":"https:\/\/www.carlton-international.com\/de\/wp-json\/wp\/v2\/pages"}],"about":[{"href":"https:\/\/www.carlton-international.com\/de\/wp-json\/wp\/v2\/types\/page"}],"author":[{"embeddable":true,"href":"https:\/\/www.carlton-international.com\/de\/wp-json\/wp\/v2\/users\/9"}],"replies":[{"embeddable":true,"href":"https:\/\/www.carlton-international.com\/de\/wp-json\/wp\/v2\/comments?post=4237069"}],"version-history":[{"count":6,"href":"https:\/\/www.carlton-international.com\/de\/wp-json\/wp\/v2\/pages\/4237069\/revisions"}],"predecessor-version":[{"id":4312918,"href":"https:\/\/www.carlton-international.com\/de\/wp-json\/wp\/v2\/pages\/4237069\/revisions\/4312918"}],"up":[{"embeddable":true,"href":"https:\/\/www.carlton-international.com\/de\/wp-json\/wp\/v2\/pages\/3408085"}],"wp:attachment":[{"href":"https:\/\/www.carlton-international.com\/de\/wp-json\/wp\/v2\/media?parent=4237069"}],"curies":[{"name":"wp","href":"https:\/\/api.w.org\/{rel}","templated":true}]}}