{"id":3408609,"date":"2025-05-22T04:06:51","date_gmt":"2025-05-22T02:06:51","guid":{"rendered":"https:\/\/www.carlton-international.com\/?page_id=3408609"},"modified":"2026-03-12T03:00:01","modified_gmt":"2026-03-12T02:00:01","slug":"cogolin","status":"publish","type":"page","link":"https:\/\/www.carlton-international.com\/de\/kauf\/saint-tropez-umgebung\/cogolin\/","title":{"rendered":"Cogolin"},"content":{"rendered":"\t\t<div data-elementor-type=\"wp-page\" data-elementor-id=\"3408609\" class=\"elementor elementor-3408609 elementor-3333412\" data-elementor-post-type=\"page\">\n\t\t\t\t<div class=\"elementor-element elementor-element-7a9634d contentpd30 e-flex e-con-boxed e-con e-parent\" data-id=\"7a9634d\" data-element_type=\"container\" data-settings=\"{&quot;background_background&quot;:&quot;classic&quot;,&quot;jet_parallax_layout_list&quot;:[]}\">\n\t\t\t\t\t<div class=\"e-con-inner\">\n\t\t\t\t<div data-dce-title-color=\"#BFA473\" class=\"elementor-element elementor-element-eb0326c elementor-widget elementor-widget-heading\" data-id=\"eb0326c\" data-element_type=\"widget\" data-widget_type=\"heading.default\">\n\t\t\t\t\t<h1 class=\"elementor-heading-title elementor-size-default\">Cogolin<\/h1>\t\t\t\t<\/div>\n\t\t\t\t\t<\/div>\n\t\t\t\t<\/div>\n\t\t\t\t<section class=\"elementor-section elementor-top-section elementor-element elementor-element-792e6aa7 contentpd20 elementor-section-boxed elementor-section-height-default elementor-section-height-default\" data-id=\"792e6aa7\" data-element_type=\"section\" data-settings=\"{&quot;jet_parallax_layout_list&quot;:[]}\">\n\t\t\t\t\t\t<div class=\"elementor-container elementor-column-gap-default\">\n\t\t\t\t\t<div class=\"elementor-column elementor-col-100 elementor-top-column elementor-element elementor-element-4ab2cffd\" data-id=\"4ab2cffd\" data-element_type=\"column\">\n\t\t\t<div class=\"elementor-widget-wrap elementor-element-populated\">\n\t\t\t\t\t\t<div class=\"elementor-element elementor-element-3f80d67 elementor-widget elementor-widget-shortcode\" data-id=\"3f80d67\" data-element_type=\"widget\" data-widget_type=\"shortcode.default\">\n\t\t\t\t\t\t\t<div class=\"elementor-shortcode\">    <div class=\"ci-dis-ads_wrapper\" data-id-page=\"3408609\" id=\"ci-ads-results\">\n                <!-- TOTAL RESULTS -->\n        <div class=\"ci-dis-ads_total_results aa\">\n            <div class=\"ci-dis-description_contact_results a2345 3408609\">\n            \n                <p>\n                <a href=\"https:\/\/www.carlton-international.com\/de\/kauf\/\">kauf<\/a> &gt; <a href=\"https:\/\/www.carlton-international.com\/de\/kauf\/saint-tropez-umgebung\/\">saint-tropez &#038; umgebung<\/a> &gt; <a href=\"https:\/\/www.carlton-international.com\/de\/kauf\/saint-tropez-umgebung\/cogolin\/\">cogolin<\/a> &gt; <span data-id=\"3408609\">0 r\u00e9sultat<\/span>                <\/p>\n                            <\/div>\n        <\/div>\n                    <!-- HEADER -->\n            <div class=\"ci-dis-ads_header\">\n                <!-- PAGINATION -->\n                <div class=\"ci-dis-ads_pagination\">\n                                    <\/div>\n                <!-- SORT -->\n\n                                    <div class=\"ci-dis-ads_sort\">\n                                            <\/div>\n                    <!-- DISPLAY -->\n                    <div class=\"ci-dis-ads_disp\">\n                                            <\/div>\n                            <\/div>\n                <!-- CONTENT -->\n        <div class=\"ci-dis-ads_content ci-disp-grid\">\n                                                                    <div class=\"ci-dis-ads_content-empty s1\" style=\"display: flex;\">\n                                        <p class=\"ci-dis-ads_content-empty_text\"><\/p>\n                                        <div><div>\n<div>Viele Immobilien, die Ihrer Suche entsprechen, werden streng vertraulich im Off-Market-Bereich direkt durch unsere Teams vermarktet.<\/div>\n<div>Wir laden Sie ein, die Carlton International Agentur zu kontaktieren, die der gesuchten Adresse entspricht, um Zugang zu diesen exklusiven M\u00f6glichkeiten zu erhalten : <a href=\"https:\/\/www.carlton-international.com\/de\/kontaktieren-sie-uns\/\">https:\/\/www.carlton-international.com\/de\/kontaktieren-sie-uns\/<\/a><\/div>\n<\/div>\n<\/div>\n                                    <\/div>\n                                                            \n                                                <\/div>\n        <!-- FOOTER -->\n        <div class=\"ci-dis-ads_footer\">\n            <!-- PAGINATION -->\n            <div class=\"ci-dis-ads_pagination\">\n                            <\/div>\n        <\/div>\n    <\/div>\n<\/div>\n\t\t\t\t\t\t<\/div>\n\t\t\t\t<div class=\"elementor-element elementor-element-7fb9e81 description elementor-widget elementor-widget-text-editor\" data-id=\"7fb9e81\" data-element_type=\"widget\" data-widget_type=\"text-editor.default\">\n\t\t\t\t\t\t\t\t\t<h2 style=\"font-size: 22px\">FINDEN SIE IHRE TRAUMVILLA IN SAINT-TROPEZ MIT CARLTON INTERNATIONAL<\/h2>\n<p><strong>Immobilien-Exzellenz im Herzen der C\u00f4te d\u2019Azur<\/strong><br \/>\nM\u00f6chten Sie Eigent\u00fcmer einer au\u00dfergew\u00f6hnlichen Villa in Saint-Tropez werden, einem der ikonischsten Orte des Mittelmeers? Carlton International er\u00f6ffnet Ihnen den Zugang zu einem einzigartigen Portfolio prestigetr\u00e4chtiger Immobilien, die sorgf\u00e4ltig aufgrund ihrer Architektur, ihrer erstklassigen Lage und ihrer zeitlosen Eleganz ausgew\u00e4hlt wurden.<br \/>\nMit anerkannter Expertise und einem ma\u00dfgeschneiderten Service begleitet Sie unser Team in jeder Phase Ihres Projekts, um Ihnen ein reibungsloses, sicheres und personalisiertes Kauferlebnis zu bieten.<\/p>\n<p><strong>Warum Carlton International f\u00fcr Ihr Immobilienprojekt in Saint-Tropez w\u00e4hlen?<\/strong><br \/>\nEine Kollektion au\u00dfergew\u00f6hnlicher Immobilien<br \/>\nUnser Portfolio umfasst eine Auswahl zeitgen\u00f6ssischer Villen, provenzalischer Bastiden und Wassergrundst\u00fccke in den begehrtesten Gegenden des Golfs von Saint-Tropez: Les Parcs, Le Capon, Les Canebiers, Pampelonne, Tahiti\u2026<br \/>\nUnsere Immobilien erf\u00fcllen h\u00f6chste Qualit\u00e4tsstandards: raffiniertes Design, hochwertige Ausstattung, Panoramablicke und gesch\u00fctzte Umgebungen. Wir bieten Ihnen Immobilien, die Raffinesse, Diskretion und die Lebensart von Saint-Tropez verk\u00f6rpern.<\/p>\n<p><strong>Strategische und ma\u00dfgeschneiderte Begleitung<\/strong><br \/>\nDer Kauf einer Villa in Saint-Tropez ist weit mehr als eine einfache Transaktion: Es ist eine strategische und pers\u00f6nliche Investition. Unsere mehrsprachigen Berater stellen Ihnen ihr fundiertes Wissen \u00fcber den lokalen Markt, die franz\u00f6sischen Vorschriften und die rechtlichen Besonderheiten beim Immobilienerwerb in Frankreich zur Verf\u00fcgung.<br \/>\nWir beraten Sie mit voller Transparenz \u2013 von der Auswahl der Immobilie bis zur finalen Unterzeichnung \u2013 mit dem Ziel, Ihre Interessen zu sch\u00fctzen, die Abl\u00e4ufe zu vereinfachen und Ihnen w\u00e4hrend des gesamten Erwerbsprozesses Sicherheit zu gew\u00e4hrleisten.<\/p>\n<p><strong>Privilegierter Zugang zu vertraulichen Immobilien<\/strong><br \/>\nDank unseres exklusiven Netzwerks aus Eigent\u00fcmern, Entwicklern und internationalen Partnern bieten wir Ihnen Zugang zu Off-Market-Gelegenheiten, die auf \u00f6ffentlichen Plattformen nicht verf\u00fcgbar sind.<br \/>\nAls Kunde von Carlton International profitieren Sie von privilegiertem Zugang zu seltenen Immobilien, die h\u00e4ufig vertraulich vermittelt werden und perfekt Ihren anspruchsvollsten Kaufkriterien entsprechen.<\/p>\n<p><strong>Leben in Saint-Tropez: ein unvergleichlicher Lebensstil<\/strong><br \/>\nVon der Geselligkeit des Alten Hafens bis zur Sch\u00f6nheit der Str\u00e4nde von Pampelonne, von Sterne-Restaurants \u00fcber Luxus-Boutiquen bis hin zu Kunstgalerien und legend\u00e4ren N\u00e4chten \u2013 Saint-Tropez bietet einen unvergleichlichen Lebensstil.<br \/>\nEine Villa hier zu besitzen bedeutet, in eine Welt einzutauchen, in der Luxus auf Authentizit\u00e4t trifft \u2013 zwischen unber\u00fchrter Natur, architektonischer Eleganz und kultureller Dynamik.<\/p>\n<p><strong>Kontaktieren Sie uns und verwirklichen Sie Ihr Projekt<\/strong><br \/>\nBeginnen Sie noch heute Ihren Weg zum Erwerb einer Villa in Saint-Tropez mit Carlton International.<br \/>\nDurchsuchen Sie unsere Auswahl an Immobilien online oder kontaktieren Sie direkt unser Team. Wir stehen Ihnen zur Verf\u00fcgung, um Sie zu beraten, vertrauliche Besichtigungen zu organisieren und ma\u00dfgeschneiderte L\u00f6sungen anzubieten.<br \/>\n\ud83d\udcde +33 (0)4 98 12 13 63<br \/>\n\ud83d\udce7 saint-tropez@carlton-group.com<br \/>\n\ud83d\udccd 3 place Garezzio, Ch\u00e2teau de Suffren, 83990 Saint-Tropez<br \/>\nCarlton International \u2013 Luxusimmobilien, mit vollem Vertrauen<\/p>\n\t\t\t\t\t\t\t\t<\/div>\n\t\t\t\t\t<\/div>\n\t\t<\/div>\n\t\t\t\t\t<\/div>\n\t\t<\/section>\n\t\t\t\t<\/div>\n\t\t","protected":false},"excerpt":{"rendered":"<p>Cogolin<\/p>\n","protected":false},"author":9,"featured_media":2457562,"parent":3408165,"menu_order":0,"comment_status":"closed","ping_status":"closed","template":"","meta":{"_acf_changed":false,"footnotes":"","_wp_rev_ctl_limit":""},"class_list":["post-3408609","page","type-page","status-publish","has-post-thumbnail","hentry"],"acf":[],"yoast_head":"<!-- This site is optimized with the Yoast SEO Premium plugin v20.11 (Yoast SEO v26.5) - https:\/\/yoast.com\/wordpress\/plugins\/seo\/ -->\n<title>Cogolin - Carlton International<\/title>\n<meta name=\"robots\" content=\"index, follow, max-snippet:-1, max-image-preview:large, max-video-preview:-1\" \/>\n<link rel=\"canonical\" href=\"https:\/\/www.carlton-international.com\/de\/kauf\/saint-tropez-umgebung\/cogolin\/\" \/>\n<meta property=\"og:locale\" content=\"de_DE\" \/>\n<meta property=\"og:type\" content=\"article\" \/>\n<meta property=\"og:title\" content=\"Cogolin\" \/>\n<meta property=\"og:url\" content=\"https:\/\/www.carlton-international.com\/de\/kauf\/saint-tropez-umgebung\/cogolin\/\" \/>\n<meta property=\"og:site_name\" content=\"Carlton International\" \/>\n<meta property=\"article:publisher\" content=\"https:\/\/www.facebook.com\/CarltonInternationalRealEstate\/\" \/>\n<meta property=\"article:modified_time\" content=\"2026-03-12T02:00:01+00:00\" \/>\n<meta property=\"og:image\" content=\"https:\/\/www.carlton-international.com\/wp-content\/uploads\/2023\/07\/arriere-pays3_65815.jpeg\" \/>\n\t<meta property=\"og:image:width\" content=\"649\" \/>\n\t<meta property=\"og:image:height\" content=\"487\" \/>\n\t<meta property=\"og:image:type\" content=\"image\/jpeg\" \/>\n<meta name=\"twitter:card\" content=\"summary_large_image\" \/>\n<meta name=\"twitter:site\" content=\"@CarltonInter\" \/>\n<meta name=\"twitter:label1\" content=\"Gesch\u00e4tzte Lesezeit\" \/>\n\t<meta name=\"twitter:data1\" content=\"3\u00a0Minuten\" \/>\n<script type=\"application\/ld+json\" class=\"yoast-schema-graph\">{\"@context\":\"https:\/\/schema.org\",\"@graph\":[{\"@type\":\"WebPage\",\"@id\":\"https:\/\/www.carlton-international.com\/de\/kauf\/saint-tropez-umgebung\/cogolin\/\",\"url\":\"https:\/\/www.carlton-international.com\/de\/kauf\/saint-tropez-umgebung\/cogolin\/\",\"name\":\"Cogolin - Carlton International\",\"isPartOf\":{\"@id\":\"https:\/\/www.carlton-international.com\/de\/#website\"},\"primaryImageOfPage\":{\"@id\":\"https:\/\/www.carlton-international.com\/de\/kauf\/saint-tropez-umgebung\/cogolin\/#primaryimage\"},\"image\":{\"@id\":\"https:\/\/www.carlton-international.com\/de\/kauf\/saint-tropez-umgebung\/cogolin\/#primaryimage\"},\"thumbnailUrl\":\"https:\/\/www.carlton-international.com\/wp-content\/uploads\/2023\/07\/arriere-pays3_65815.jpeg\",\"datePublished\":\"2025-05-22T02:06:51+00:00\",\"dateModified\":\"2026-03-12T02:00:01+00:00\",\"breadcrumb\":{\"@id\":\"https:\/\/www.carlton-international.com\/de\/kauf\/saint-tropez-umgebung\/cogolin\/#breadcrumb\"},\"inLanguage\":\"de\",\"potentialAction\":[{\"@type\":\"ReadAction\",\"target\":[\"https:\/\/www.carlton-international.com\/de\/kauf\/saint-tropez-umgebung\/cogolin\/\"]}]},{\"@type\":\"ImageObject\",\"inLanguage\":\"de\",\"@id\":\"https:\/\/www.carlton-international.com\/de\/kauf\/saint-tropez-umgebung\/cogolin\/#primaryimage\",\"url\":\"https:\/\/www.carlton-international.com\/wp-content\/uploads\/2023\/07\/arriere-pays3_65815.jpeg\",\"contentUrl\":\"https:\/\/www.carlton-international.com\/wp-content\/uploads\/2023\/07\/arriere-pays3_65815.jpeg\",\"width\":649,\"height\":487,\"caption\":\"Luxury Villas In Cannes Countryside\"},{\"@type\":\"BreadcrumbList\",\"@id\":\"https:\/\/www.carlton-international.com\/de\/kauf\/saint-tropez-umgebung\/cogolin\/#breadcrumb\",\"itemListElement\":[{\"@type\":\"ListItem\",\"position\":1,\"name\":\"Accueil\",\"item\":\"https:\/\/www.carlton-international.com\/de\/\"},{\"@type\":\"ListItem\",\"position\":2,\"name\":\"Kauf\",\"item\":\"https:\/\/www.carlton-international.com\/de\/kauf\/\"},{\"@type\":\"ListItem\",\"position\":3,\"name\":\"Saint-Tropez &#038; Umgebung\",\"item\":\"https:\/\/www.carlton-international.com\/de\/kauf\/saint-tropez-umgebung\/\"},{\"@type\":\"ListItem\",\"position\":4,\"name\":\"Cogolin\"}]},{\"@type\":\"WebSite\",\"@id\":\"https:\/\/www.carlton-international.com\/de\/#website\",\"url\":\"https:\/\/www.carlton-international.com\/de\/\",\"name\":\"Carlton International\",\"description\":\"Luxury Real Estate in France and Internationally\",\"publisher\":{\"@id\":\"https:\/\/www.carlton-international.com\/de\/#organization\"},\"alternateName\":\"Carlton\",\"potentialAction\":[{\"@type\":\"SearchAction\",\"target\":{\"@type\":\"EntryPoint\",\"urlTemplate\":\"https:\/\/www.carlton-international.com\/de\/?s={search_term_string}\"},\"query-input\":{\"@type\":\"PropertyValueSpecification\",\"valueRequired\":true,\"valueName\":\"search_term_string\"}}],\"inLanguage\":\"de\"},{\"@type\":\"Organization\",\"@id\":\"https:\/\/www.carlton-international.com\/de\/#organization\",\"name\":\"Carlton International\",\"alternateName\":\"Carlton\",\"url\":\"https:\/\/www.carlton-international.com\/de\/\",\"logo\":{\"@type\":\"ImageObject\",\"inLanguage\":\"de\",\"@id\":\"https:\/\/www.carlton-international.com\/de\/#\/schema\/logo\/image\/\",\"url\":\"https:\/\/www.carlton-international.com\/wp-content\/uploads\/2024\/10\/logo-square-1.jpg\",\"contentUrl\":\"https:\/\/www.carlton-international.com\/wp-content\/uploads\/2024\/10\/logo-square-1.jpg\",\"width\":240,\"height\":240,\"caption\":\"Carlton International\"},\"image\":{\"@id\":\"https:\/\/www.carlton-international.com\/de\/#\/schema\/logo\/image\/\"},\"sameAs\":[\"https:\/\/www.facebook.com\/CarltonInternationalRealEstate\/\",\"https:\/\/x.com\/CarltonInter\",\"https:\/\/www.instagram.com\/carlton.international\/\",\"https:\/\/www.linkedin.com\/company\/carlton-international\/mycompany\/\",\"https:\/\/www.youtube.com\/channel\/UC45DFaSawRRikZFLqr2C_XQ\"]}]}<\/script>\n<!-- \/ Yoast SEO Premium plugin. -->","yoast_head_json":{"title":"Cogolin - Carlton International","robots":{"index":"index","follow":"follow","max-snippet":"max-snippet:-1","max-image-preview":"max-image-preview:large","max-video-preview":"max-video-preview:-1"},"canonical":"https:\/\/www.carlton-international.com\/de\/kauf\/saint-tropez-umgebung\/cogolin\/","og_locale":"de_DE","og_type":"article","og_title":"Cogolin","og_url":"https:\/\/www.carlton-international.com\/de\/kauf\/saint-tropez-umgebung\/cogolin\/","og_site_name":"Carlton International","article_publisher":"https:\/\/www.facebook.com\/CarltonInternationalRealEstate\/","article_modified_time":"2026-03-12T02:00:01+00:00","og_image":[{"width":649,"height":487,"url":"https:\/\/www.carlton-international.com\/wp-content\/uploads\/2023\/07\/arriere-pays3_65815.jpeg","type":"image\/jpeg"}],"twitter_card":"summary_large_image","twitter_site":"@CarltonInter","twitter_misc":{"Gesch\u00e4tzte Lesezeit":"3\u00a0Minuten"},"schema":{"@context":"https:\/\/schema.org","@graph":[{"@type":"WebPage","@id":"https:\/\/www.carlton-international.com\/de\/kauf\/saint-tropez-umgebung\/cogolin\/","url":"https:\/\/www.carlton-international.com\/de\/kauf\/saint-tropez-umgebung\/cogolin\/","name":"Cogolin - Carlton International","isPartOf":{"@id":"https:\/\/www.carlton-international.com\/de\/#website"},"primaryImageOfPage":{"@id":"https:\/\/www.carlton-international.com\/de\/kauf\/saint-tropez-umgebung\/cogolin\/#primaryimage"},"image":{"@id":"https:\/\/www.carlton-international.com\/de\/kauf\/saint-tropez-umgebung\/cogolin\/#primaryimage"},"thumbnailUrl":"https:\/\/www.carlton-international.com\/wp-content\/uploads\/2023\/07\/arriere-pays3_65815.jpeg","datePublished":"2025-05-22T02:06:51+00:00","dateModified":"2026-03-12T02:00:01+00:00","breadcrumb":{"@id":"https:\/\/www.carlton-international.com\/de\/kauf\/saint-tropez-umgebung\/cogolin\/#breadcrumb"},"inLanguage":"de","potentialAction":[{"@type":"ReadAction","target":["https:\/\/www.carlton-international.com\/de\/kauf\/saint-tropez-umgebung\/cogolin\/"]}]},{"@type":"ImageObject","inLanguage":"de","@id":"https:\/\/www.carlton-international.com\/de\/kauf\/saint-tropez-umgebung\/cogolin\/#primaryimage","url":"https:\/\/www.carlton-international.com\/wp-content\/uploads\/2023\/07\/arriere-pays3_65815.jpeg","contentUrl":"https:\/\/www.carlton-international.com\/wp-content\/uploads\/2023\/07\/arriere-pays3_65815.jpeg","width":649,"height":487,"caption":"Luxury Villas In Cannes Countryside"},{"@type":"BreadcrumbList","@id":"https:\/\/www.carlton-international.com\/de\/kauf\/saint-tropez-umgebung\/cogolin\/#breadcrumb","itemListElement":[{"@type":"ListItem","position":1,"name":"Accueil","item":"https:\/\/www.carlton-international.com\/de\/"},{"@type":"ListItem","position":2,"name":"Kauf","item":"https:\/\/www.carlton-international.com\/de\/kauf\/"},{"@type":"ListItem","position":3,"name":"Saint-Tropez &#038; Umgebung","item":"https:\/\/www.carlton-international.com\/de\/kauf\/saint-tropez-umgebung\/"},{"@type":"ListItem","position":4,"name":"Cogolin"}]},{"@type":"WebSite","@id":"https:\/\/www.carlton-international.com\/de\/#website","url":"https:\/\/www.carlton-international.com\/de\/","name":"Carlton International","description":"Luxury Real Estate in France and Internationally","publisher":{"@id":"https:\/\/www.carlton-international.com\/de\/#organization"},"alternateName":"Carlton","potentialAction":[{"@type":"SearchAction","target":{"@type":"EntryPoint","urlTemplate":"https:\/\/www.carlton-international.com\/de\/?s={search_term_string}"},"query-input":{"@type":"PropertyValueSpecification","valueRequired":true,"valueName":"search_term_string"}}],"inLanguage":"de"},{"@type":"Organization","@id":"https:\/\/www.carlton-international.com\/de\/#organization","name":"Carlton International","alternateName":"Carlton","url":"https:\/\/www.carlton-international.com\/de\/","logo":{"@type":"ImageObject","inLanguage":"de","@id":"https:\/\/www.carlton-international.com\/de\/#\/schema\/logo\/image\/","url":"https:\/\/www.carlton-international.com\/wp-content\/uploads\/2024\/10\/logo-square-1.jpg","contentUrl":"https:\/\/www.carlton-international.com\/wp-content\/uploads\/2024\/10\/logo-square-1.jpg","width":240,"height":240,"caption":"Carlton International"},"image":{"@id":"https:\/\/www.carlton-international.com\/de\/#\/schema\/logo\/image\/"},"sameAs":["https:\/\/www.facebook.com\/CarltonInternationalRealEstate\/","https:\/\/x.com\/CarltonInter","https:\/\/www.instagram.com\/carlton.international\/","https:\/\/www.linkedin.com\/company\/carlton-international\/mycompany\/","https:\/\/www.youtube.com\/channel\/UC45DFaSawRRikZFLqr2C_XQ"]}]}},"_links":{"self":[{"href":"https:\/\/www.carlton-international.com\/de\/wp-json\/wp\/v2\/pages\/3408609","targetHints":{"allow":["GET"]}}],"collection":[{"href":"https:\/\/www.carlton-international.com\/de\/wp-json\/wp\/v2\/pages"}],"about":[{"href":"https:\/\/www.carlton-international.com\/de\/wp-json\/wp\/v2\/types\/page"}],"author":[{"embeddable":true,"href":"https:\/\/www.carlton-international.com\/de\/wp-json\/wp\/v2\/users\/9"}],"replies":[{"embeddable":true,"href":"https:\/\/www.carlton-international.com\/de\/wp-json\/wp\/v2\/comments?post=3408609"}],"version-history":[{"count":1,"href":"https:\/\/www.carlton-international.com\/de\/wp-json\/wp\/v2\/pages\/3408609\/revisions"}],"predecessor-version":[{"id":4312701,"href":"https:\/\/www.carlton-international.com\/de\/wp-json\/wp\/v2\/pages\/3408609\/revisions\/4312701"}],"up":[{"embeddable":true,"href":"https:\/\/www.carlton-international.com\/de\/wp-json\/wp\/v2\/pages\/3408165"}],"wp:featuredmedia":[{"embeddable":true,"href":"https:\/\/www.carlton-international.com\/de\/wp-json\/wp\/v2\/media\/2457562"}],"wp:attachment":[{"href":"https:\/\/www.carlton-international.com\/de\/wp-json\/wp\/v2\/media?parent=3408609"}],"curies":[{"name":"wp","href":"https:\/\/api.w.org\/{rel}","templated":true}]}}