{"id":3408180,"date":"2023-06-06T16:27:05","date_gmt":"2023-06-06T14:27:05","guid":{"rendered":"https:\/\/www.carlton-international.com\/?page_id=3408180"},"modified":"2025-11-03T08:11:54","modified_gmt":"2025-11-03T07:11:54","slug":"international","status":"publish","type":"page","link":"https:\/\/www.carlton-international.com\/de\/kauf\/international\/","title":{"rendered":"International"},"content":{"rendered":"\t\t<div data-elementor-type=\"wp-page\" data-elementor-id=\"3408180\" class=\"elementor elementor-3408180 elementor-933089\" data-elementor-post-type=\"page\">\n\t\t\t\t<div class=\"elementor-element elementor-element-7a9634d e-flex e-con-boxed e-con e-parent\" data-id=\"7a9634d\" data-element_type=\"container\" data-settings=\"{&quot;background_background&quot;:&quot;classic&quot;,&quot;jet_parallax_layout_list&quot;:[]}\">\n\t\t\t\t\t<div class=\"e-con-inner\">\n\t\t\t\t<div class=\"elementor-element elementor-element-eb0326c elementor-widget elementor-widget-heading\" data-id=\"eb0326c\" data-element_type=\"widget\" data-widget_type=\"heading.default\">\n\t\t\t\t\t<h1 class=\"elementor-heading-title elementor-size-default\">International<\/h1>\t\t\t\t<\/div>\n\t\t\t\t\t<\/div>\n\t\t\t\t<\/div>\n\t\t<div class=\"elementor-element elementor-element-3f94235 contentpd30 hidden_live e-flex e-con-boxed e-con e-parent\" data-id=\"3f94235\" data-element_type=\"container\" data-settings=\"{&quot;jet_parallax_layout_list&quot;:[]}\">\n\t\t\t\t\t<div class=\"e-con-inner\">\n\t\t\t\t<div class=\"elementor-element elementor-element-fc687a1 elementor-widget elementor-widget-text-editor\" data-id=\"fc687a1\" data-element_type=\"widget\" data-widget_type=\"text-editor.default\">\n\t\t\t\t\t\t\t\t\t<ul><li><a href=\"\/de\/kauf\/international\/ile-maurice\/\">\u00cele Maurice<\/a><\/li><\/ul>\t\t\t\t\t\t\t\t<\/div>\n\t\t\t\t\t<\/div>\n\t\t\t\t<\/div>\n\t\t\t\t<section class=\"elementor-section elementor-top-section elementor-element elementor-element-792e6aa7 elementor-section-boxed elementor-section-height-default elementor-section-height-default\" data-id=\"792e6aa7\" data-element_type=\"section\" data-settings=\"{&quot;jet_parallax_layout_list&quot;:[]}\">\n\t\t\t\t\t\t<div class=\"elementor-container elementor-column-gap-default\">\n\t\t\t\t\t<div class=\"elementor-column elementor-col-100 elementor-top-column elementor-element elementor-element-4ab2cffd\" data-id=\"4ab2cffd\" data-element_type=\"column\">\n\t\t\t<div class=\"elementor-widget-wrap elementor-element-populated\">\n\t\t\t\t\t\t<div class=\"elementor-element elementor-element-3f80d67 elementor-widget elementor-widget-shortcode\" data-id=\"3f80d67\" data-element_type=\"widget\" data-widget_type=\"shortcode.default\">\n\t\t\t\t\t\t\t<div class=\"elementor-shortcode\">    <div class=\"ci-dis-ads_wrapper\" data-id-page=\"3408180\" id=\"ci-ads-results\">\n                <!-- TOTAL RESULTS -->\n        <div class=\"ci-dis-ads_total_results aa\">\n            <div class=\"ci-dis-description_contact_results a2345 3408180\">\n            \n                <p>\n                <a href=\"https:\/\/www.carlton-international.com\/de\/kauf\/\">kauf<\/a> &gt; <a href=\"https:\/\/www.carlton-international.com\/de\/kauf\/international\/\">international<\/a> &gt; <span data-id=\"3408180\">0 r\u00e9sultat<\/span>                <\/p>\n                            <\/div>\n        <\/div>\n                    <!-- HEADER -->\n            <div class=\"ci-dis-ads_header\">\n                <!-- PAGINATION -->\n                <div class=\"ci-dis-ads_pagination\">\n                                    <\/div>\n                <!-- SORT -->\n\n                                    <div class=\"ci-dis-ads_sort\">\n                                            <\/div>\n                    <!-- DISPLAY -->\n                    <div class=\"ci-dis-ads_disp\">\n                                            <\/div>\n                            <\/div>\n                <!-- CONTENT -->\n        <div class=\"ci-dis-ads_content ci-disp-grid\">\n                                                                    <div class=\"ci-dis-ads_content-empty s1\" style=\"display: flex;\">\n                                        <p class=\"ci-dis-ads_content-empty_text\"><\/p>\n                                        <div><div>\n<div>Viele Immobilien, die Ihrer Suche entsprechen, werden <strong>streng vertraulich im Off-Market-Bereich direkt durch unsere Teams vermarktet.<\/strong><\/div>\n<div>Wir laden Sie ein, <strong>die Carlton International Agentur zu kontaktieren, die der gesuchten Adresse entsprich<\/strong>t, um Zugang zu diesen exklusiven M\u00f6glichkeiten zu erhalten : <a href=\"https:\/\/www.carlton-international.com\/de\/kontaktieren-sie-uns\/\">https:\/\/www.carlton-international.com\/de\/kontaktieren-sie-uns\/<\/a><\/div>\n<\/div>\n<\/div>\n                                    <\/div>\n                                                            \n                                                <\/div>\n        <!-- FOOTER -->\n        <div class=\"ci-dis-ads_footer\">\n            <!-- PAGINATION -->\n            <div class=\"ci-dis-ads_pagination\">\n                            <\/div>\n        <\/div>\n                 <\/div>\n<\/div>\n\t\t\t\t\t\t<\/div>\n\t\t\t\t<div class=\"elementor-element elementor-element-8141f63 description elementor-widget elementor-widget-text-editor\" data-id=\"8141f63\" data-element_type=\"widget\" data-widget_type=\"text-editor.default\">\n\t\t\t\t\t\t\t\t\t<h2 style=\"text-align: left\">Immobilien zum Verkauf weltweit<\/h2>\n<p>Entdecken Sie unsere exklusive Auswahl an Luxusimmobilien zum Verkauf weltweit mit Carlton International. Erkunden Sie prestigetr\u00e4chtige Reiseziele auf der ganzen Welt und finden Sie die Residenz Ihrer Tr\u00e4ume. Vertrauen Sie auf unsere Expertise im Bereich Luxusimmobilien, um Ihr internationales Immobilienprojekt erfolgreich zu verwirklichen.<\/p>\n<p>Ob Sie eine prachtvolle Villa, ein exklusives Apartment oder eine einzigartige Immobilie suchen \u2013 wir bieten au\u00dfergew\u00f6hnliche Optionen an begehrten Standorten rund um den Globus.<\/p>\n<h3>Erkunden Sie prestigetr\u00e4chtige Reiseziele weltweit<\/h3>\n<p>Tauchen Sie ein in die prestigetr\u00e4chtigen Reiseziele, die wir weltweit anbieten. Von den paradiesischen Str\u00e4nden der Karibik \u00fcber die pulsierenden Metropolen Nordamerikas, das elegante Europa bis hin zur Exotik Asiens \u2013 unser Portfolio an Immobilien zum Verkauf bietet Ihnen eine unvergleichliche Vielfalt an Auswahlm\u00f6glichkeiten.<\/p>\n<h3>Unsere Expertise im Bereich Luxusimmobilien zu Ihren Diensten<\/h3>\n<p>Vertrauen Sie Carlton International und unserer Expertise im Bereich Luxusimmobilien, um Sie bei Ihrem internationalen Immobilienprojekt zu begleiten. Unser engagiertes Team verf\u00fcgt \u00fcber ein fundiertes Wissen des globalen Luxusimmobilienmarktes und bietet Ihnen kompetente Beratung, damit Sie Ihre Investition mit Vertrauen und Sicherheit t\u00e4tigen k\u00f6nnen.<\/p>\n<h3>Finden Sie die Residenz Ihrer Tr\u00e4ume<\/h3>\n<p>Entdecken Sie jetzt unsere Auswahl an Luxusimmobilien zum Verkauf weltweit und finden Sie die Residenz Ihrer Tr\u00e4ume. Ob Sie eine Villa am Meer, eine elegante Stadtresidenz oder ein ruhiges Refugium auf dem Land suchen \u2013 wir haben exklusive Angebote, die Ihren h\u00f6chsten Anspr\u00fcchen gerecht werden.<\/p>\n<p>Nutzen Sie unsere Expertise und entdecken Sie die au\u00dfergew\u00f6hnlichen Immobilienm\u00f6glichkeiten weltweit mit Carlton International \u2013 Ihrem vertrauensw\u00fcrdigen Partner im Bereich Luxusimmobilien.<\/p>\n\t\t\t\t\t\t\t\t<\/div>\n\t\t\t\t\t<\/div>\n\t\t<\/div>\n\t\t\t\t\t<\/div>\n\t\t<\/section>\n\t\t\t\t<\/div>\n\t\t","protected":false},"excerpt":{"rendered":"<p>\u00cele Maurice<\/p>\n","protected":false},"author":9,"featured_media":0,"parent":3408085,"menu_order":0,"comment_status":"closed","ping_status":"closed","template":"","meta":{"_acf_changed":false,"footnotes":"","_wp_rev_ctl_limit":""},"class_list":["post-3408180","page","type-page","status-publish","hentry"],"acf":[],"yoast_head":"<!-- This site is optimized with the Yoast SEO Premium plugin v20.11 (Yoast SEO v26.5) - https:\/\/yoast.com\/wordpress\/plugins\/seo\/ -->\n<title>International - Carlton International<\/title>\n<meta name=\"robots\" content=\"index, follow, max-snippet:-1, max-image-preview:large, max-video-preview:-1\" \/>\n<link rel=\"canonical\" href=\"https:\/\/www.carlton-international.com\/de\/kauf\/international\/\" \/>\n<meta property=\"og:locale\" content=\"de_DE\" \/>\n<meta property=\"og:type\" content=\"article\" \/>\n<meta property=\"og:title\" content=\"International\" \/>\n<meta property=\"og:url\" content=\"https:\/\/www.carlton-international.com\/de\/kauf\/international\/\" \/>\n<meta property=\"og:site_name\" content=\"Carlton International\" \/>\n<meta property=\"article:publisher\" content=\"https:\/\/www.facebook.com\/CarltonInternationalRealEstate\/\" \/>\n<meta property=\"article:modified_time\" content=\"2025-11-03T07:11:54+00:00\" \/>\n<meta name=\"twitter:card\" content=\"summary_large_image\" \/>\n<meta name=\"twitter:site\" content=\"@CarltonInter\" \/>\n<meta name=\"twitter:label1\" content=\"Gesch\u00e4tzte Lesezeit\" \/>\n\t<meta name=\"twitter:data1\" content=\"2\u00a0Minuten\" \/>\n<script type=\"application\/ld+json\" class=\"yoast-schema-graph\">{\"@context\":\"https:\/\/schema.org\",\"@graph\":[{\"@type\":\"WebPage\",\"@id\":\"https:\/\/www.carlton-international.com\/de\/kauf\/international\/\",\"url\":\"https:\/\/www.carlton-international.com\/de\/kauf\/international\/\",\"name\":\"International - Carlton International\",\"isPartOf\":{\"@id\":\"https:\/\/www.carlton-international.com\/de\/#website\"},\"datePublished\":\"2023-06-06T14:27:05+00:00\",\"dateModified\":\"2025-11-03T07:11:54+00:00\",\"breadcrumb\":{\"@id\":\"https:\/\/www.carlton-international.com\/de\/kauf\/international\/#breadcrumb\"},\"inLanguage\":\"de\",\"potentialAction\":[{\"@type\":\"ReadAction\",\"target\":[\"https:\/\/www.carlton-international.com\/de\/kauf\/international\/\"]}]},{\"@type\":\"BreadcrumbList\",\"@id\":\"https:\/\/www.carlton-international.com\/de\/kauf\/international\/#breadcrumb\",\"itemListElement\":[{\"@type\":\"ListItem\",\"position\":1,\"name\":\"Accueil\",\"item\":\"https:\/\/www.carlton-international.com\/de\/\"},{\"@type\":\"ListItem\",\"position\":2,\"name\":\"Kauf\",\"item\":\"https:\/\/www.carlton-international.com\/de\/kauf\/\"},{\"@type\":\"ListItem\",\"position\":3,\"name\":\"International\"}]},{\"@type\":\"WebSite\",\"@id\":\"https:\/\/www.carlton-international.com\/de\/#website\",\"url\":\"https:\/\/www.carlton-international.com\/de\/\",\"name\":\"Carlton International\",\"description\":\"Luxury Real Estate in France and Internationally\",\"publisher\":{\"@id\":\"https:\/\/www.carlton-international.com\/de\/#organization\"},\"alternateName\":\"Carlton\",\"potentialAction\":[{\"@type\":\"SearchAction\",\"target\":{\"@type\":\"EntryPoint\",\"urlTemplate\":\"https:\/\/www.carlton-international.com\/de\/?s={search_term_string}\"},\"query-input\":{\"@type\":\"PropertyValueSpecification\",\"valueRequired\":true,\"valueName\":\"search_term_string\"}}],\"inLanguage\":\"de\"},{\"@type\":\"Organization\",\"@id\":\"https:\/\/www.carlton-international.com\/de\/#organization\",\"name\":\"Carlton International\",\"alternateName\":\"Carlton\",\"url\":\"https:\/\/www.carlton-international.com\/de\/\",\"logo\":{\"@type\":\"ImageObject\",\"inLanguage\":\"de\",\"@id\":\"https:\/\/www.carlton-international.com\/de\/#\/schema\/logo\/image\/\",\"url\":\"https:\/\/www.carlton-international.com\/wp-content\/uploads\/2024\/10\/logo-square-1.jpg\",\"contentUrl\":\"https:\/\/www.carlton-international.com\/wp-content\/uploads\/2024\/10\/logo-square-1.jpg\",\"width\":240,\"height\":240,\"caption\":\"Carlton International\"},\"image\":{\"@id\":\"https:\/\/www.carlton-international.com\/de\/#\/schema\/logo\/image\/\"},\"sameAs\":[\"https:\/\/www.facebook.com\/CarltonInternationalRealEstate\/\",\"https:\/\/x.com\/CarltonInter\",\"https:\/\/www.instagram.com\/carlton.international\/\",\"https:\/\/www.linkedin.com\/company\/carlton-international\/mycompany\/\",\"https:\/\/www.youtube.com\/channel\/UC45DFaSawRRikZFLqr2C_XQ\"]}]}<\/script>\n<!-- \/ Yoast SEO Premium plugin. -->","yoast_head_json":{"title":"International - Carlton International","robots":{"index":"index","follow":"follow","max-snippet":"max-snippet:-1","max-image-preview":"max-image-preview:large","max-video-preview":"max-video-preview:-1"},"canonical":"https:\/\/www.carlton-international.com\/de\/kauf\/international\/","og_locale":"de_DE","og_type":"article","og_title":"International","og_url":"https:\/\/www.carlton-international.com\/de\/kauf\/international\/","og_site_name":"Carlton International","article_publisher":"https:\/\/www.facebook.com\/CarltonInternationalRealEstate\/","article_modified_time":"2025-11-03T07:11:54+00:00","twitter_card":"summary_large_image","twitter_site":"@CarltonInter","twitter_misc":{"Gesch\u00e4tzte Lesezeit":"2\u00a0Minuten"},"schema":{"@context":"https:\/\/schema.org","@graph":[{"@type":"WebPage","@id":"https:\/\/www.carlton-international.com\/de\/kauf\/international\/","url":"https:\/\/www.carlton-international.com\/de\/kauf\/international\/","name":"International - Carlton International","isPartOf":{"@id":"https:\/\/www.carlton-international.com\/de\/#website"},"datePublished":"2023-06-06T14:27:05+00:00","dateModified":"2025-11-03T07:11:54+00:00","breadcrumb":{"@id":"https:\/\/www.carlton-international.com\/de\/kauf\/international\/#breadcrumb"},"inLanguage":"de","potentialAction":[{"@type":"ReadAction","target":["https:\/\/www.carlton-international.com\/de\/kauf\/international\/"]}]},{"@type":"BreadcrumbList","@id":"https:\/\/www.carlton-international.com\/de\/kauf\/international\/#breadcrumb","itemListElement":[{"@type":"ListItem","position":1,"name":"Accueil","item":"https:\/\/www.carlton-international.com\/de\/"},{"@type":"ListItem","position":2,"name":"Kauf","item":"https:\/\/www.carlton-international.com\/de\/kauf\/"},{"@type":"ListItem","position":3,"name":"International"}]},{"@type":"WebSite","@id":"https:\/\/www.carlton-international.com\/de\/#website","url":"https:\/\/www.carlton-international.com\/de\/","name":"Carlton International","description":"Luxury Real Estate in France and Internationally","publisher":{"@id":"https:\/\/www.carlton-international.com\/de\/#organization"},"alternateName":"Carlton","potentialAction":[{"@type":"SearchAction","target":{"@type":"EntryPoint","urlTemplate":"https:\/\/www.carlton-international.com\/de\/?s={search_term_string}"},"query-input":{"@type":"PropertyValueSpecification","valueRequired":true,"valueName":"search_term_string"}}],"inLanguage":"de"},{"@type":"Organization","@id":"https:\/\/www.carlton-international.com\/de\/#organization","name":"Carlton International","alternateName":"Carlton","url":"https:\/\/www.carlton-international.com\/de\/","logo":{"@type":"ImageObject","inLanguage":"de","@id":"https:\/\/www.carlton-international.com\/de\/#\/schema\/logo\/image\/","url":"https:\/\/www.carlton-international.com\/wp-content\/uploads\/2024\/10\/logo-square-1.jpg","contentUrl":"https:\/\/www.carlton-international.com\/wp-content\/uploads\/2024\/10\/logo-square-1.jpg","width":240,"height":240,"caption":"Carlton International"},"image":{"@id":"https:\/\/www.carlton-international.com\/de\/#\/schema\/logo\/image\/"},"sameAs":["https:\/\/www.facebook.com\/CarltonInternationalRealEstate\/","https:\/\/x.com\/CarltonInter","https:\/\/www.instagram.com\/carlton.international\/","https:\/\/www.linkedin.com\/company\/carlton-international\/mycompany\/","https:\/\/www.youtube.com\/channel\/UC45DFaSawRRikZFLqr2C_XQ"]}]}},"jetpack_sharing_enabled":true,"_links":{"self":[{"href":"https:\/\/www.carlton-international.com\/de\/wp-json\/wp\/v2\/pages\/3408180","targetHints":{"allow":["GET"]}}],"collection":[{"href":"https:\/\/www.carlton-international.com\/de\/wp-json\/wp\/v2\/pages"}],"about":[{"href":"https:\/\/www.carlton-international.com\/de\/wp-json\/wp\/v2\/types\/page"}],"author":[{"embeddable":true,"href":"https:\/\/www.carlton-international.com\/de\/wp-json\/wp\/v2\/users\/9"}],"replies":[{"embeddable":true,"href":"https:\/\/www.carlton-international.com\/de\/wp-json\/wp\/v2\/comments?post=3408180"}],"version-history":[{"count":0,"href":"https:\/\/www.carlton-international.com\/de\/wp-json\/wp\/v2\/pages\/3408180\/revisions"}],"up":[{"embeddable":true,"href":"https:\/\/www.carlton-international.com\/de\/wp-json\/wp\/v2\/pages\/3408085"}],"wp:attachment":[{"href":"https:\/\/www.carlton-international.com\/de\/wp-json\/wp\/v2\/media?parent=3408180"}],"curies":[{"name":"wp","href":"https:\/\/api.w.org\/{rel}","templated":true}]}}