{"id":3408177,"date":"2023-11-16T15:16:57","date_gmt":"2023-11-16T14:16:57","guid":{"rendered":"https:\/\/www.carlton-international.com\/?page_id=3408177"},"modified":"2025-11-03T08:07:43","modified_gmt":"2025-11-03T07:07:43","slug":"andere-regionen","status":"publish","type":"page","link":"https:\/\/www.carlton-international.com\/de\/kauf\/andere-regionen\/","title":{"rendered":"Andere Regionen"},"content":{"rendered":"\t\t<div data-elementor-type=\"wp-page\" data-elementor-id=\"3408177\" class=\"elementor elementor-3408177 elementor-1239240\" data-elementor-post-type=\"page\">\n\t\t\t\t<div class=\"elementor-element elementor-element-7a9634d e-flex e-con-boxed e-con e-parent\" data-id=\"7a9634d\" data-element_type=\"container\" data-settings=\"{&quot;background_background&quot;:&quot;classic&quot;,&quot;jet_parallax_layout_list&quot;:[]}\">\n\t\t\t\t\t<div class=\"e-con-inner\">\n\t\t\t\t<div class=\"elementor-element elementor-element-eb0326c elementor-widget elementor-widget-heading\" data-id=\"eb0326c\" data-element_type=\"widget\" data-widget_type=\"heading.default\">\n\t\t\t\t\t<h1 class=\"elementor-heading-title elementor-size-default\">Andere Regionen<\/h1>\t\t\t\t<\/div>\n\t\t\t\t\t<\/div>\n\t\t\t\t<\/div>\n\t\t<div class=\"elementor-element elementor-element-8454b14 contentpd30 hidden_live e-flex e-con-boxed e-con e-parent\" data-id=\"8454b14\" data-element_type=\"container\" data-settings=\"{&quot;jet_parallax_layout_list&quot;:[]}\">\n\t\t\t\t\t<div class=\"e-con-inner\">\n\t\t\t\t<div class=\"elementor-element elementor-element-bdc389d elementor-widget elementor-widget-text-editor\" data-id=\"bdc389d\" data-element_type=\"widget\" data-widget_type=\"text-editor.default\">\n\t\t\t\t\t\t\t\t\t<ul><li><a href=\"\/de\/kauf\/andere-regionen\/grez-neuville\/\">Grez-Neuville<\/a><\/li><li><a href=\"\/de\/kauf\/andere-regionen\/montagnac\/\">Montagnac<\/a><\/li><li><a href=\"\/de\/kauf\/andere-regionen\/paris\/\">Paris<\/a><\/li><li><a href=\"\/de\/kauf\/andere-regionen\/pezenas\/\">P\u00e9zenas<\/a><\/li><\/ul>\t\t\t\t\t\t\t\t<\/div>\n\t\t\t\t\t<\/div>\n\t\t\t\t<\/div>\n\t\t\t\t<section class=\"elementor-section elementor-top-section elementor-element elementor-element-792e6aa7 elementor-section-boxed elementor-section-height-default elementor-section-height-default\" data-id=\"792e6aa7\" data-element_type=\"section\" data-settings=\"{&quot;jet_parallax_layout_list&quot;:[]}\">\n\t\t\t\t\t\t<div class=\"elementor-container elementor-column-gap-default\">\n\t\t\t\t\t<div class=\"elementor-column elementor-col-100 elementor-top-column elementor-element elementor-element-4ab2cffd\" data-id=\"4ab2cffd\" data-element_type=\"column\">\n\t\t\t<div class=\"elementor-widget-wrap elementor-element-populated\">\n\t\t\t\t\t\t<div class=\"elementor-element elementor-element-3f80d67 elementor-widget elementor-widget-shortcode\" data-id=\"3f80d67\" data-element_type=\"widget\" data-widget_type=\"shortcode.default\">\n\t\t\t\t\t\t\t<div class=\"elementor-shortcode\">    <div class=\"ci-dis-ads_wrapper\" data-id-page=\"3408177\" id=\"ci-ads-results\">\n                <!-- TOTAL RESULTS -->\n        <div class=\"ci-dis-ads_total_results aa\">\n            <div class=\"ci-dis-description_contact_results a2345 3408177\">\n            \n                <p>\n                <a href=\"https:\/\/www.carlton-international.com\/de\/kauf\/\">kauf<\/a> &gt; <a href=\"https:\/\/www.carlton-international.com\/de\/kauf\/andere-regionen\/\">andere regionen<\/a> &gt; <span data-id=\"3408177\">0 r\u00e9sultat<\/span>                <\/p>\n                            <\/div>\n        <\/div>\n                    <!-- HEADER -->\n            <div class=\"ci-dis-ads_header\">\n                <!-- PAGINATION -->\n                <div class=\"ci-dis-ads_pagination\">\n                                    <\/div>\n                <!-- SORT -->\n\n                                    <div class=\"ci-dis-ads_sort\">\n                                            <\/div>\n                    <!-- DISPLAY -->\n                    <div class=\"ci-dis-ads_disp\">\n                                            <\/div>\n                            <\/div>\n                <!-- CONTENT -->\n        <div class=\"ci-dis-ads_content ci-disp-grid\">\n                                                                    <div class=\"ci-dis-ads_content-empty s1\" style=\"display: flex;\">\n                                        <p class=\"ci-dis-ads_content-empty_text\"><\/p>\n                                        <div><div>\n<div>Viele Immobilien, die Ihrer Suche entsprechen, werden <strong>streng vertraulich im Off-Market-Bereich direkt durch unsere Teams vermarktet.<\/strong><\/div>\n<div>Wir laden Sie ein, <strong>die Carlton International Agentur zu kontaktieren, die der gesuchten Adresse entsprich<\/strong>t, um Zugang zu diesen exklusiven M\u00f6glichkeiten zu erhalten : <a href=\"https:\/\/www.carlton-international.com\/de\/kontaktieren-sie-uns\/\">https:\/\/www.carlton-international.com\/de\/kontaktieren-sie-uns\/<\/a><\/div>\n<\/div>\n<\/div>\n                                    <\/div>\n                                                            \n                                                <\/div>\n        <!-- FOOTER -->\n        <div class=\"ci-dis-ads_footer\">\n            <!-- PAGINATION -->\n            <div class=\"ci-dis-ads_pagination\">\n                            <\/div>\n        <\/div>\n                 <\/div>\n<\/div>\n\t\t\t\t\t\t<\/div>\n\t\t\t\t<div class=\"elementor-element elementor-element-e28f4e3 description elementor-widget elementor-widget-text-editor\" data-id=\"e28f4e3\" data-element_type=\"widget\" data-widget_type=\"text-editor.default\">\n\t\t\t\t\t\t\t\t\t<p>Entdecken Sie unsere exklusive Auswahl an <strong>Luxusimmobilien zum Verkauf in Nizza und Umgebung<\/strong> mit Carlton International. Erkunden Sie die <strong>renommierten Stadtviertel<\/strong> und finden Sie Ihre ideale Residenz. Vertrauen Sie auf unsere Expertise im Bereich <strong>Luxusimmobilien<\/strong>, um Ihr Immobilienprojekt in dieser begehrten Region zu verwirklichen.<\/p>\n<h2>Luxusimmobilien zum Verkauf in Nizza und Umgebung<\/h2>\n<p> Entdecken Sie unsere exklusive Auswahl an <strong>Luxusimmobilien zum Verkauf<\/strong> in Nizza und Umgebung mit Carlton International. Ob Sie eine Villa mit Meerblick, eine Wohnung im Stadtzentrum oder eine prestigetr\u00e4chtige Residenz suchen \u2013 wir bieten au\u00dfergew\u00f6hnliche Objekte in den <strong>begehrtesten Vierteln von Nizza<\/strong> und seiner Umgebung. <\/p>\n<h2>Erkunden Sie die renommierten Viertel von Nizza und Umgebung<\/h2>\n<p> Tauchen Sie ein in die <strong>renommierten Viertel<\/strong> von Nizza und Umgebung. Von der Promenade des Anglais bis zum Mont Boron, \u00fcber die eleganten Wohngegenden wie Cimiez und Fabron \u2013 diese Region ist reich an gefragten Orten, die einen eleganten und raffinierten Lebensstil bieten. <\/p>\n<h2>Unsere Expertise im Bereich Luxusimmobilien zu Ihren Diensten<\/h2>\n<p> Vertrauen Sie Carlton International und unserer Expertise im Bereich <strong>Luxusimmobilien<\/strong>, um Sie w\u00e4hrend Ihres gesamten Immobilienprojekts in Nizza und Umgebung zu begleiten. Unser engagiertes Team verf\u00fcgt \u00fcber ein tiefes Verst\u00e4ndnis des lokalen Marktes und begleitet Sie mit Professionalit\u00e4t, indem es Ihnen ma\u00dfgeschneiderte Beratung bietet, um die Immobilie zu finden, die perfekt zu Ihren Erwartungen passt. <\/p>\n<h2>Finden Sie Ihre ideale Residenz<\/h2>\n<p> Entdecken Sie jetzt unsere au\u00dfergew\u00f6hnliche Auswahl an Luxusimmobilien zum Verkauf in Nizza und Umgebung und finden Sie die ideale Residenz, die Ihrem Lebensstil und Ihren Vorstellungen entspricht. Ob Sie einen Panoramablick auf das Mittelmeer genie\u00dfen, in der N\u00e4he von Gesch\u00e4ften und Restaurants wohnen oder eine ruhige Umgebung in den umliegenden H\u00fcgeln bevorzugen m\u00f6chten \u2013 wir haben exklusive Angebote, die selbst die h\u00f6chsten Anspr\u00fcche erf\u00fcllen.<\/p>\n<p>Nutzen Sie unsere anerkannte Expertise und entdecken Sie die au\u00dfergew\u00f6hnlichen Immobilienm\u00f6glichkeiten in Nizza und Umgebung mit Carlton International \u2013 Ihrem vertrauensw\u00fcrdigen Partner im Bereich Luxusimmobilien.<\/p>\n\t\t\t\t\t\t\t\t<\/div>\n\t\t\t\t\t<\/div>\n\t\t<\/div>\n\t\t\t\t\t<\/div>\n\t\t<\/section>\n\t\t\t\t<\/div>\n\t\t","protected":false},"excerpt":{"rendered":"<p>Grez-Neuville Montagnac Paris P\u00e9zenas<\/p>\n","protected":false},"author":9,"featured_media":2332846,"parent":3408085,"menu_order":0,"comment_status":"closed","ping_status":"closed","template":"","meta":{"_acf_changed":false,"footnotes":"","_wp_rev_ctl_limit":""},"class_list":["post-3408177","page","type-page","status-publish","has-post-thumbnail","hentry"],"acf":[],"yoast_head":"<!-- This site is optimized with the Yoast SEO Premium plugin v20.11 (Yoast SEO v26.5) - https:\/\/yoast.com\/wordpress\/plugins\/seo\/ -->\n<title>Andere Regionen - Carlton International<\/title>\n<meta name=\"robots\" content=\"index, follow, max-snippet:-1, max-image-preview:large, max-video-preview:-1\" \/>\n<link rel=\"canonical\" href=\"https:\/\/www.carlton-international.com\/de\/kauf\/andere-regionen\/\" \/>\n<meta property=\"og:locale\" content=\"de_DE\" \/>\n<meta property=\"og:type\" content=\"article\" \/>\n<meta property=\"og:title\" content=\"Andere Regionen\" \/>\n<meta property=\"og:url\" content=\"https:\/\/www.carlton-international.com\/de\/kauf\/andere-regionen\/\" \/>\n<meta property=\"og:site_name\" content=\"Carlton International\" \/>\n<meta property=\"article:publisher\" content=\"https:\/\/www.facebook.com\/CarltonInternationalRealEstate\/\" \/>\n<meta property=\"article:modified_time\" content=\"2025-11-03T07:07:43+00:00\" \/>\n<meta property=\"og:image\" content=\"https:\/\/www.carlton-international.com\/wp-content\/uploads\/2023\/07\/nice-paca-credit-fotolia-1-1920x960-1.jpeg\" \/>\n\t<meta property=\"og:image:width\" content=\"1920\" \/>\n\t<meta property=\"og:image:height\" content=\"960\" \/>\n\t<meta property=\"og:image:type\" content=\"image\/jpeg\" \/>\n<meta name=\"twitter:card\" content=\"summary_large_image\" \/>\n<meta name=\"twitter:site\" content=\"@CarltonInter\" \/>\n<meta name=\"twitter:label1\" content=\"Gesch\u00e4tzte Lesezeit\" \/>\n\t<meta name=\"twitter:data1\" content=\"2\u00a0Minuten\" \/>\n<script type=\"application\/ld+json\" class=\"yoast-schema-graph\">{\"@context\":\"https:\/\/schema.org\",\"@graph\":[{\"@type\":\"WebPage\",\"@id\":\"https:\/\/www.carlton-international.com\/de\/kauf\/andere-regionen\/\",\"url\":\"https:\/\/www.carlton-international.com\/de\/kauf\/andere-regionen\/\",\"name\":\"Andere Regionen - Carlton International\",\"isPartOf\":{\"@id\":\"https:\/\/www.carlton-international.com\/de\/#website\"},\"primaryImageOfPage\":{\"@id\":\"https:\/\/www.carlton-international.com\/de\/kauf\/andere-regionen\/#primaryimage\"},\"image\":{\"@id\":\"https:\/\/www.carlton-international.com\/de\/kauf\/andere-regionen\/#primaryimage\"},\"thumbnailUrl\":\"https:\/\/www.carlton-international.com\/wp-content\/uploads\/2023\/07\/nice-paca-credit-fotolia-1-1920x960-1.jpeg\",\"datePublished\":\"2023-11-16T14:16:57+00:00\",\"dateModified\":\"2025-11-03T07:07:43+00:00\",\"breadcrumb\":{\"@id\":\"https:\/\/www.carlton-international.com\/de\/kauf\/andere-regionen\/#breadcrumb\"},\"inLanguage\":\"de\",\"potentialAction\":[{\"@type\":\"ReadAction\",\"target\":[\"https:\/\/www.carlton-international.com\/de\/kauf\/andere-regionen\/\"]}]},{\"@type\":\"ImageObject\",\"inLanguage\":\"de\",\"@id\":\"https:\/\/www.carlton-international.com\/de\/kauf\/andere-regionen\/#primaryimage\",\"url\":\"https:\/\/www.carlton-international.com\/wp-content\/uploads\/2023\/07\/nice-paca-credit-fotolia-1-1920x960-1.jpeg\",\"contentUrl\":\"https:\/\/www.carlton-international.com\/wp-content\/uploads\/2023\/07\/nice-paca-credit-fotolia-1-1920x960-1.jpeg\",\"width\":1920,\"height\":960,\"caption\":\"prori\u00e9t\u00e9 \u00e0 vendre sur la c\u00f4te d'azur\"},{\"@type\":\"BreadcrumbList\",\"@id\":\"https:\/\/www.carlton-international.com\/de\/kauf\/andere-regionen\/#breadcrumb\",\"itemListElement\":[{\"@type\":\"ListItem\",\"position\":1,\"name\":\"Accueil\",\"item\":\"https:\/\/www.carlton-international.com\/de\/\"},{\"@type\":\"ListItem\",\"position\":2,\"name\":\"Kauf\",\"item\":\"https:\/\/www.carlton-international.com\/de\/kauf\/\"},{\"@type\":\"ListItem\",\"position\":3,\"name\":\"Andere Regionen\"}]},{\"@type\":\"WebSite\",\"@id\":\"https:\/\/www.carlton-international.com\/de\/#website\",\"url\":\"https:\/\/www.carlton-international.com\/de\/\",\"name\":\"Carlton International\",\"description\":\"Luxury Real Estate in France and Internationally\",\"publisher\":{\"@id\":\"https:\/\/www.carlton-international.com\/de\/#organization\"},\"alternateName\":\"Carlton\",\"potentialAction\":[{\"@type\":\"SearchAction\",\"target\":{\"@type\":\"EntryPoint\",\"urlTemplate\":\"https:\/\/www.carlton-international.com\/de\/?s={search_term_string}\"},\"query-input\":{\"@type\":\"PropertyValueSpecification\",\"valueRequired\":true,\"valueName\":\"search_term_string\"}}],\"inLanguage\":\"de\"},{\"@type\":\"Organization\",\"@id\":\"https:\/\/www.carlton-international.com\/de\/#organization\",\"name\":\"Carlton International\",\"alternateName\":\"Carlton\",\"url\":\"https:\/\/www.carlton-international.com\/de\/\",\"logo\":{\"@type\":\"ImageObject\",\"inLanguage\":\"de\",\"@id\":\"https:\/\/www.carlton-international.com\/de\/#\/schema\/logo\/image\/\",\"url\":\"https:\/\/www.carlton-international.com\/wp-content\/uploads\/2024\/10\/logo-square-1.jpg\",\"contentUrl\":\"https:\/\/www.carlton-international.com\/wp-content\/uploads\/2024\/10\/logo-square-1.jpg\",\"width\":240,\"height\":240,\"caption\":\"Carlton International\"},\"image\":{\"@id\":\"https:\/\/www.carlton-international.com\/de\/#\/schema\/logo\/image\/\"},\"sameAs\":[\"https:\/\/www.facebook.com\/CarltonInternationalRealEstate\/\",\"https:\/\/x.com\/CarltonInter\",\"https:\/\/www.instagram.com\/carlton.international\/\",\"https:\/\/www.linkedin.com\/company\/carlton-international\/mycompany\/\",\"https:\/\/www.youtube.com\/channel\/UC45DFaSawRRikZFLqr2C_XQ\"]}]}<\/script>\n<!-- \/ Yoast SEO Premium plugin. -->","yoast_head_json":{"title":"Andere Regionen - Carlton International","robots":{"index":"index","follow":"follow","max-snippet":"max-snippet:-1","max-image-preview":"max-image-preview:large","max-video-preview":"max-video-preview:-1"},"canonical":"https:\/\/www.carlton-international.com\/de\/kauf\/andere-regionen\/","og_locale":"de_DE","og_type":"article","og_title":"Andere Regionen","og_url":"https:\/\/www.carlton-international.com\/de\/kauf\/andere-regionen\/","og_site_name":"Carlton International","article_publisher":"https:\/\/www.facebook.com\/CarltonInternationalRealEstate\/","article_modified_time":"2025-11-03T07:07:43+00:00","og_image":[{"width":1920,"height":960,"url":"https:\/\/www.carlton-international.com\/wp-content\/uploads\/2023\/07\/nice-paca-credit-fotolia-1-1920x960-1.jpeg","type":"image\/jpeg"}],"twitter_card":"summary_large_image","twitter_site":"@CarltonInter","twitter_misc":{"Gesch\u00e4tzte Lesezeit":"2\u00a0Minuten"},"schema":{"@context":"https:\/\/schema.org","@graph":[{"@type":"WebPage","@id":"https:\/\/www.carlton-international.com\/de\/kauf\/andere-regionen\/","url":"https:\/\/www.carlton-international.com\/de\/kauf\/andere-regionen\/","name":"Andere Regionen - Carlton International","isPartOf":{"@id":"https:\/\/www.carlton-international.com\/de\/#website"},"primaryImageOfPage":{"@id":"https:\/\/www.carlton-international.com\/de\/kauf\/andere-regionen\/#primaryimage"},"image":{"@id":"https:\/\/www.carlton-international.com\/de\/kauf\/andere-regionen\/#primaryimage"},"thumbnailUrl":"https:\/\/www.carlton-international.com\/wp-content\/uploads\/2023\/07\/nice-paca-credit-fotolia-1-1920x960-1.jpeg","datePublished":"2023-11-16T14:16:57+00:00","dateModified":"2025-11-03T07:07:43+00:00","breadcrumb":{"@id":"https:\/\/www.carlton-international.com\/de\/kauf\/andere-regionen\/#breadcrumb"},"inLanguage":"de","potentialAction":[{"@type":"ReadAction","target":["https:\/\/www.carlton-international.com\/de\/kauf\/andere-regionen\/"]}]},{"@type":"ImageObject","inLanguage":"de","@id":"https:\/\/www.carlton-international.com\/de\/kauf\/andere-regionen\/#primaryimage","url":"https:\/\/www.carlton-international.com\/wp-content\/uploads\/2023\/07\/nice-paca-credit-fotolia-1-1920x960-1.jpeg","contentUrl":"https:\/\/www.carlton-international.com\/wp-content\/uploads\/2023\/07\/nice-paca-credit-fotolia-1-1920x960-1.jpeg","width":1920,"height":960,"caption":"prori\u00e9t\u00e9 \u00e0 vendre sur la c\u00f4te d'azur"},{"@type":"BreadcrumbList","@id":"https:\/\/www.carlton-international.com\/de\/kauf\/andere-regionen\/#breadcrumb","itemListElement":[{"@type":"ListItem","position":1,"name":"Accueil","item":"https:\/\/www.carlton-international.com\/de\/"},{"@type":"ListItem","position":2,"name":"Kauf","item":"https:\/\/www.carlton-international.com\/de\/kauf\/"},{"@type":"ListItem","position":3,"name":"Andere Regionen"}]},{"@type":"WebSite","@id":"https:\/\/www.carlton-international.com\/de\/#website","url":"https:\/\/www.carlton-international.com\/de\/","name":"Carlton International","description":"Luxury Real Estate in France and Internationally","publisher":{"@id":"https:\/\/www.carlton-international.com\/de\/#organization"},"alternateName":"Carlton","potentialAction":[{"@type":"SearchAction","target":{"@type":"EntryPoint","urlTemplate":"https:\/\/www.carlton-international.com\/de\/?s={search_term_string}"},"query-input":{"@type":"PropertyValueSpecification","valueRequired":true,"valueName":"search_term_string"}}],"inLanguage":"de"},{"@type":"Organization","@id":"https:\/\/www.carlton-international.com\/de\/#organization","name":"Carlton International","alternateName":"Carlton","url":"https:\/\/www.carlton-international.com\/de\/","logo":{"@type":"ImageObject","inLanguage":"de","@id":"https:\/\/www.carlton-international.com\/de\/#\/schema\/logo\/image\/","url":"https:\/\/www.carlton-international.com\/wp-content\/uploads\/2024\/10\/logo-square-1.jpg","contentUrl":"https:\/\/www.carlton-international.com\/wp-content\/uploads\/2024\/10\/logo-square-1.jpg","width":240,"height":240,"caption":"Carlton International"},"image":{"@id":"https:\/\/www.carlton-international.com\/de\/#\/schema\/logo\/image\/"},"sameAs":["https:\/\/www.facebook.com\/CarltonInternationalRealEstate\/","https:\/\/x.com\/CarltonInter","https:\/\/www.instagram.com\/carlton.international\/","https:\/\/www.linkedin.com\/company\/carlton-international\/mycompany\/","https:\/\/www.youtube.com\/channel\/UC45DFaSawRRikZFLqr2C_XQ"]}]}},"jetpack_sharing_enabled":true,"_links":{"self":[{"href":"https:\/\/www.carlton-international.com\/de\/wp-json\/wp\/v2\/pages\/3408177","targetHints":{"allow":["GET"]}}],"collection":[{"href":"https:\/\/www.carlton-international.com\/de\/wp-json\/wp\/v2\/pages"}],"about":[{"href":"https:\/\/www.carlton-international.com\/de\/wp-json\/wp\/v2\/types\/page"}],"author":[{"embeddable":true,"href":"https:\/\/www.carlton-international.com\/de\/wp-json\/wp\/v2\/users\/9"}],"replies":[{"embeddable":true,"href":"https:\/\/www.carlton-international.com\/de\/wp-json\/wp\/v2\/comments?post=3408177"}],"version-history":[{"count":0,"href":"https:\/\/www.carlton-international.com\/de\/wp-json\/wp\/v2\/pages\/3408177\/revisions"}],"up":[{"embeddable":true,"href":"https:\/\/www.carlton-international.com\/de\/wp-json\/wp\/v2\/pages\/3408085"}],"wp:featuredmedia":[{"embeddable":true,"href":"https:\/\/www.carlton-international.com\/de\/wp-json\/wp\/v2\/media\/2332846"}],"wp:attachment":[{"href":"https:\/\/www.carlton-international.com\/de\/wp-json\/wp\/v2\/media?parent=3408177"}],"curies":[{"name":"wp","href":"https:\/\/api.w.org\/{rel}","templated":true}]}}