{"id":3408099,"date":"2023-06-06T14:21:13","date_gmt":"2023-06-06T12:21:13","guid":{"rendered":"https:\/\/www.carlton-international.com\/?page_id=3408099"},"modified":"2025-08-15T09:02:30","modified_gmt":"2025-08-15T07:02:30","slug":"alpes-francaises","status":"publish","type":"page","link":"https:\/\/www.carlton-international.com\/de\/kauf\/alpes-francaises\/","title":{"rendered":"Alpes Fran\u00e7aises"},"content":{"rendered":"\t\t<div data-elementor-type=\"wp-page\" data-elementor-id=\"3408099\" class=\"elementor elementor-3408099 elementor-932944\" data-elementor-post-type=\"page\">\n\t\t\t\t<div class=\"elementor-element elementor-element-7a9634d contentpd20 e-flex e-con-boxed e-con e-parent\" data-id=\"7a9634d\" data-element_type=\"container\" data-settings=\"{&quot;jet_parallax_layout_list&quot;:[]}\">\n\t\t\t\t\t<div class=\"e-con-inner\">\n\t\t\t\t<div class=\"elementor-element elementor-element-eb0326c elementor-widget__width-initial elementor-widget elementor-widget-heading\" data-id=\"eb0326c\" data-element_type=\"widget\" data-widget_type=\"heading.default\">\n\t\t\t\t\t<h1 class=\"elementor-heading-title elementor-size-default\">Franz\u00f6sische Alpen<\/h1>\t\t\t\t<\/div>\n\t\t\t\t\t<\/div>\n\t\t\t\t<\/div>\n\t\t\t\t<section class=\"elementor-section elementor-top-section elementor-element elementor-element-792e6aa7 contentpd20 elementor-section-boxed elementor-section-height-default elementor-section-height-default\" data-id=\"792e6aa7\" data-element_type=\"section\" data-settings=\"{&quot;jet_parallax_layout_list&quot;:[]}\">\n\t\t\t\t\t\t<div class=\"elementor-container elementor-column-gap-default\">\n\t\t\t\t\t<div class=\"elementor-column elementor-col-100 elementor-top-column elementor-element elementor-element-4ab2cffd\" data-id=\"4ab2cffd\" data-element_type=\"column\">\n\t\t\t<div class=\"elementor-widget-wrap elementor-element-populated\">\n\t\t\t\t\t\t<div class=\"elementor-element elementor-element-3f80d67 elementor-widget elementor-widget-shortcode\" data-id=\"3f80d67\" data-element_type=\"widget\" data-widget_type=\"shortcode.default\">\n\t\t\t\t\t\t\t<div class=\"elementor-shortcode\">    <div class=\"ci-dis-ads_wrapper\" data-id-page=\"3408099\" id=\"ci-ads-results\">\n                <!-- TOTAL RESULTS -->\n        <div class=\"ci-dis-ads_total_results aa\">\n            <div class=\"ci-dis-description_contact_results a2345 3408099\">\n            \n                <p>\n                <a href=\"https:\/\/www.carlton-international.com\/de\/kauf\/\">kauf<\/a> &gt; <a href=\"https:\/\/www.carlton-international.com\/de\/kauf\/alpes-francaises\/\">alpes fran\u00e7aises<\/a> &gt; <span data-id=\"3408099\">0 r\u00e9sultat<\/span>                <\/p>\n                            <\/div>\n        <\/div>\n                    <!-- HEADER -->\n            <div class=\"ci-dis-ads_header\">\n                <!-- PAGINATION -->\n                <div class=\"ci-dis-ads_pagination\">\n                                    <\/div>\n                <!-- SORT -->\n\n                                    <div class=\"ci-dis-ads_sort\">\n                                            <\/div>\n                    <!-- DISPLAY -->\n                    <div class=\"ci-dis-ads_disp\">\n                                            <\/div>\n                            <\/div>\n                <!-- CONTENT -->\n        <div class=\"ci-dis-ads_content ci-disp-grid\">\n                                                                    <div class=\"ci-dis-ads_content-empty s1\" style=\"display: flex;\">\n                                        <p class=\"ci-dis-ads_content-empty_text\"><\/p>\n                                        <div><div>\n<div>Viele Immobilien, die Ihrer Suche entsprechen, werden <strong>streng vertraulich im Off-Market-Bereich direkt durch unsere Teams vermarktet.<\/strong><\/div>\n<div>Wir laden Sie ein, <strong>die Carlton International Agentur zu kontaktieren, die der gesuchten Adresse entsprich<\/strong>t, um Zugang zu diesen exklusiven M\u00f6glichkeiten zu erhalten : <a href=\"https:\/\/www.carlton-international.com\/de\/kontaktieren-sie-uns\/\">https:\/\/www.carlton-international.com\/de\/kontaktieren-sie-uns\/<\/a><\/div>\n<\/div>\n<\/div>\n                                    <\/div>\n                                                            \n                                                <\/div>\n        <!-- FOOTER -->\n        <div class=\"ci-dis-ads_footer\">\n            <!-- PAGINATION -->\n            <div class=\"ci-dis-ads_pagination\">\n                            <\/div>\n        <\/div>\n                 <\/div>\n<\/div>\n\t\t\t\t\t\t<\/div>\n\t\t\t\t<div class=\"elementor-element elementor-element-0bac22f description elementor-widget elementor-widget-text-editor\" data-id=\"0bac22f\" data-element_type=\"widget\" data-widget_type=\"text-editor.default\">\n\t\t\t\t\t\t\t\t\t<p style=\"text-align: justify\">Die majest\u00e4tischen franz\u00f6sischen Alpen bieten einen unvergleichlichen Rahmen f\u00fcr alle, die eine perfekte Verbindung von Luxus und Natur suchen. Eingebettet in diese atemberaubenden Landschaften laden unsere Immobilien Sie zu einem au\u00dfergew\u00f6hnlichen Erlebnis ein.<\/p>\n<p style=\"text-align: justify\">Entdecken Sie unsere umfangreiche Auswahl an alpinen Chalets, Bergh\u00fctten und Prestige-Immobilien in den franz\u00f6sischen Alpen. Ob Sie Wintersport lieben, alpine Wanderungen bevorzugen oder einfach nur in einer friedlichen Umgebung neue Energie tanken m\u00f6chten \u2013 unsere Immobilien sind darauf ausgelegt, all Ihre W\u00fcnsche zu erf\u00fcllen.<\/p>\n<p style=\"text-align: justify\">Lassen Sie sich von den Experten von Carlton International bei der Suche nach der perfekten Immobilie in den franz\u00f6sischen Alpen begleiten. Kontaktieren Sie uns noch heute, um mehr \u00fcber unsere au\u00dfergew\u00f6hnlichen Immobilienangebote zu erfahren und Ihr alpines Abenteuer jetzt zu beginnen.<\/p>\n\t\t\t\t\t\t\t\t<\/div>\n\t\t\t\t\t<\/div>\n\t\t<\/div>\n\t\t\t\t\t<\/div>\n\t\t<\/section>\n\t\t\t\t<\/div>\n\t\t","protected":false},"excerpt":{"rendered":"<p>Franz\u00f6sische Alpen<\/p>\n","protected":false},"author":9,"featured_media":2652626,"parent":3408085,"menu_order":0,"comment_status":"closed","ping_status":"closed","template":"","meta":{"_acf_changed":false,"footnotes":"","_wp_rev_ctl_limit":""},"class_list":["post-3408099","page","type-page","status-publish","has-post-thumbnail","hentry"],"acf":[],"yoast_head":"<!-- This site is optimized with the Yoast SEO Premium plugin v20.11 (Yoast SEO v26.5) - https:\/\/yoast.com\/wordpress\/plugins\/seo\/ -->\n<title>Alpes Fran\u00e7aises - Carlton International<\/title>\n<meta name=\"robots\" content=\"index, follow, max-snippet:-1, max-image-preview:large, max-video-preview:-1\" \/>\n<link rel=\"canonical\" href=\"https:\/\/www.carlton-international.com\/de\/kauf\/alpes-francaises\/\" \/>\n<meta property=\"og:locale\" content=\"de_DE\" \/>\n<meta property=\"og:type\" content=\"article\" \/>\n<meta property=\"og:title\" content=\"Alpes Fran\u00e7aises\" \/>\n<meta property=\"og:url\" content=\"https:\/\/www.carlton-international.com\/de\/kauf\/alpes-francaises\/\" \/>\n<meta property=\"og:site_name\" content=\"Carlton International\" \/>\n<meta property=\"article:publisher\" content=\"https:\/\/www.facebook.com\/CarltonInternationalRealEstate\/\" \/>\n<meta property=\"article:modified_time\" content=\"2025-08-15T07:02:30+00:00\" \/>\n<meta property=\"og:image\" content=\"https:\/\/www.carlton-international.com\/wp-content\/uploads\/2024\/07\/destinations.jpg\" \/>\n\t<meta property=\"og:image:width\" content=\"1924\" \/>\n\t<meta property=\"og:image:height\" content=\"381\" \/>\n\t<meta property=\"og:image:type\" content=\"image\/jpeg\" \/>\n<meta name=\"twitter:card\" content=\"summary_large_image\" \/>\n<meta name=\"twitter:site\" content=\"@CarltonInter\" \/>\n<meta name=\"twitter:label1\" content=\"Gesch\u00e4tzte Lesezeit\" \/>\n\t<meta name=\"twitter:data1\" content=\"1\u00a0Minute\" \/>\n<script type=\"application\/ld+json\" class=\"yoast-schema-graph\">{\"@context\":\"https:\/\/schema.org\",\"@graph\":[{\"@type\":\"WebPage\",\"@id\":\"https:\/\/www.carlton-international.com\/de\/kauf\/alpes-francaises\/\",\"url\":\"https:\/\/www.carlton-international.com\/de\/kauf\/alpes-francaises\/\",\"name\":\"Alpes Fran\u00e7aises - Carlton International\",\"isPartOf\":{\"@id\":\"https:\/\/www.carlton-international.com\/de\/#website\"},\"primaryImageOfPage\":{\"@id\":\"https:\/\/www.carlton-international.com\/de\/kauf\/alpes-francaises\/#primaryimage\"},\"image\":{\"@id\":\"https:\/\/www.carlton-international.com\/de\/kauf\/alpes-francaises\/#primaryimage\"},\"thumbnailUrl\":\"https:\/\/www.carlton-international.com\/wp-content\/uploads\/2024\/07\/destinations.jpg\",\"datePublished\":\"2023-06-06T12:21:13+00:00\",\"dateModified\":\"2025-08-15T07:02:30+00:00\",\"breadcrumb\":{\"@id\":\"https:\/\/www.carlton-international.com\/de\/kauf\/alpes-francaises\/#breadcrumb\"},\"inLanguage\":\"de\",\"potentialAction\":[{\"@type\":\"ReadAction\",\"target\":[\"https:\/\/www.carlton-international.com\/de\/kauf\/alpes-francaises\/\"]}]},{\"@type\":\"ImageObject\",\"inLanguage\":\"de\",\"@id\":\"https:\/\/www.carlton-international.com\/de\/kauf\/alpes-francaises\/#primaryimage\",\"url\":\"https:\/\/www.carlton-international.com\/wp-content\/uploads\/2024\/07\/destinations.jpg\",\"contentUrl\":\"https:\/\/www.carlton-international.com\/wp-content\/uploads\/2024\/07\/destinations.jpg\",\"width\":1924,\"height\":381},{\"@type\":\"BreadcrumbList\",\"@id\":\"https:\/\/www.carlton-international.com\/de\/kauf\/alpes-francaises\/#breadcrumb\",\"itemListElement\":[{\"@type\":\"ListItem\",\"position\":1,\"name\":\"Accueil\",\"item\":\"https:\/\/www.carlton-international.com\/de\/\"},{\"@type\":\"ListItem\",\"position\":2,\"name\":\"Kauf\",\"item\":\"https:\/\/www.carlton-international.com\/de\/kauf\/\"},{\"@type\":\"ListItem\",\"position\":3,\"name\":\"Alpes Fran\u00e7aises\"}]},{\"@type\":\"WebSite\",\"@id\":\"https:\/\/www.carlton-international.com\/de\/#website\",\"url\":\"https:\/\/www.carlton-international.com\/de\/\",\"name\":\"Carlton International\",\"description\":\"Luxury Real Estate in France and Internationally\",\"publisher\":{\"@id\":\"https:\/\/www.carlton-international.com\/de\/#organization\"},\"alternateName\":\"Carlton\",\"potentialAction\":[{\"@type\":\"SearchAction\",\"target\":{\"@type\":\"EntryPoint\",\"urlTemplate\":\"https:\/\/www.carlton-international.com\/de\/?s={search_term_string}\"},\"query-input\":{\"@type\":\"PropertyValueSpecification\",\"valueRequired\":true,\"valueName\":\"search_term_string\"}}],\"inLanguage\":\"de\"},{\"@type\":\"Organization\",\"@id\":\"https:\/\/www.carlton-international.com\/de\/#organization\",\"name\":\"Carlton International\",\"alternateName\":\"Carlton\",\"url\":\"https:\/\/www.carlton-international.com\/de\/\",\"logo\":{\"@type\":\"ImageObject\",\"inLanguage\":\"de\",\"@id\":\"https:\/\/www.carlton-international.com\/de\/#\/schema\/logo\/image\/\",\"url\":\"https:\/\/www.carlton-international.com\/wp-content\/uploads\/2024\/10\/logo-square-1.jpg\",\"contentUrl\":\"https:\/\/www.carlton-international.com\/wp-content\/uploads\/2024\/10\/logo-square-1.jpg\",\"width\":240,\"height\":240,\"caption\":\"Carlton International\"},\"image\":{\"@id\":\"https:\/\/www.carlton-international.com\/de\/#\/schema\/logo\/image\/\"},\"sameAs\":[\"https:\/\/www.facebook.com\/CarltonInternationalRealEstate\/\",\"https:\/\/x.com\/CarltonInter\",\"https:\/\/www.instagram.com\/carlton.international\/\",\"https:\/\/www.linkedin.com\/company\/carlton-international\/mycompany\/\",\"https:\/\/www.youtube.com\/channel\/UC45DFaSawRRikZFLqr2C_XQ\"]}]}<\/script>\n<!-- \/ Yoast SEO Premium plugin. -->","yoast_head_json":{"title":"Alpes Fran\u00e7aises - Carlton International","robots":{"index":"index","follow":"follow","max-snippet":"max-snippet:-1","max-image-preview":"max-image-preview:large","max-video-preview":"max-video-preview:-1"},"canonical":"https:\/\/www.carlton-international.com\/de\/kauf\/alpes-francaises\/","og_locale":"de_DE","og_type":"article","og_title":"Alpes Fran\u00e7aises","og_url":"https:\/\/www.carlton-international.com\/de\/kauf\/alpes-francaises\/","og_site_name":"Carlton International","article_publisher":"https:\/\/www.facebook.com\/CarltonInternationalRealEstate\/","article_modified_time":"2025-08-15T07:02:30+00:00","og_image":[{"width":1924,"height":381,"url":"https:\/\/www.carlton-international.com\/wp-content\/uploads\/2024\/07\/destinations.jpg","type":"image\/jpeg"}],"twitter_card":"summary_large_image","twitter_site":"@CarltonInter","twitter_misc":{"Gesch\u00e4tzte Lesezeit":"1\u00a0Minute"},"schema":{"@context":"https:\/\/schema.org","@graph":[{"@type":"WebPage","@id":"https:\/\/www.carlton-international.com\/de\/kauf\/alpes-francaises\/","url":"https:\/\/www.carlton-international.com\/de\/kauf\/alpes-francaises\/","name":"Alpes Fran\u00e7aises - Carlton International","isPartOf":{"@id":"https:\/\/www.carlton-international.com\/de\/#website"},"primaryImageOfPage":{"@id":"https:\/\/www.carlton-international.com\/de\/kauf\/alpes-francaises\/#primaryimage"},"image":{"@id":"https:\/\/www.carlton-international.com\/de\/kauf\/alpes-francaises\/#primaryimage"},"thumbnailUrl":"https:\/\/www.carlton-international.com\/wp-content\/uploads\/2024\/07\/destinations.jpg","datePublished":"2023-06-06T12:21:13+00:00","dateModified":"2025-08-15T07:02:30+00:00","breadcrumb":{"@id":"https:\/\/www.carlton-international.com\/de\/kauf\/alpes-francaises\/#breadcrumb"},"inLanguage":"de","potentialAction":[{"@type":"ReadAction","target":["https:\/\/www.carlton-international.com\/de\/kauf\/alpes-francaises\/"]}]},{"@type":"ImageObject","inLanguage":"de","@id":"https:\/\/www.carlton-international.com\/de\/kauf\/alpes-francaises\/#primaryimage","url":"https:\/\/www.carlton-international.com\/wp-content\/uploads\/2024\/07\/destinations.jpg","contentUrl":"https:\/\/www.carlton-international.com\/wp-content\/uploads\/2024\/07\/destinations.jpg","width":1924,"height":381},{"@type":"BreadcrumbList","@id":"https:\/\/www.carlton-international.com\/de\/kauf\/alpes-francaises\/#breadcrumb","itemListElement":[{"@type":"ListItem","position":1,"name":"Accueil","item":"https:\/\/www.carlton-international.com\/de\/"},{"@type":"ListItem","position":2,"name":"Kauf","item":"https:\/\/www.carlton-international.com\/de\/kauf\/"},{"@type":"ListItem","position":3,"name":"Alpes Fran\u00e7aises"}]},{"@type":"WebSite","@id":"https:\/\/www.carlton-international.com\/de\/#website","url":"https:\/\/www.carlton-international.com\/de\/","name":"Carlton International","description":"Luxury Real Estate in France and Internationally","publisher":{"@id":"https:\/\/www.carlton-international.com\/de\/#organization"},"alternateName":"Carlton","potentialAction":[{"@type":"SearchAction","target":{"@type":"EntryPoint","urlTemplate":"https:\/\/www.carlton-international.com\/de\/?s={search_term_string}"},"query-input":{"@type":"PropertyValueSpecification","valueRequired":true,"valueName":"search_term_string"}}],"inLanguage":"de"},{"@type":"Organization","@id":"https:\/\/www.carlton-international.com\/de\/#organization","name":"Carlton International","alternateName":"Carlton","url":"https:\/\/www.carlton-international.com\/de\/","logo":{"@type":"ImageObject","inLanguage":"de","@id":"https:\/\/www.carlton-international.com\/de\/#\/schema\/logo\/image\/","url":"https:\/\/www.carlton-international.com\/wp-content\/uploads\/2024\/10\/logo-square-1.jpg","contentUrl":"https:\/\/www.carlton-international.com\/wp-content\/uploads\/2024\/10\/logo-square-1.jpg","width":240,"height":240,"caption":"Carlton International"},"image":{"@id":"https:\/\/www.carlton-international.com\/de\/#\/schema\/logo\/image\/"},"sameAs":["https:\/\/www.facebook.com\/CarltonInternationalRealEstate\/","https:\/\/x.com\/CarltonInter","https:\/\/www.instagram.com\/carlton.international\/","https:\/\/www.linkedin.com\/company\/carlton-international\/mycompany\/","https:\/\/www.youtube.com\/channel\/UC45DFaSawRRikZFLqr2C_XQ"]}]}},"jetpack_sharing_enabled":true,"_links":{"self":[{"href":"https:\/\/www.carlton-international.com\/de\/wp-json\/wp\/v2\/pages\/3408099","targetHints":{"allow":["GET"]}}],"collection":[{"href":"https:\/\/www.carlton-international.com\/de\/wp-json\/wp\/v2\/pages"}],"about":[{"href":"https:\/\/www.carlton-international.com\/de\/wp-json\/wp\/v2\/types\/page"}],"author":[{"embeddable":true,"href":"https:\/\/www.carlton-international.com\/de\/wp-json\/wp\/v2\/users\/9"}],"replies":[{"embeddable":true,"href":"https:\/\/www.carlton-international.com\/de\/wp-json\/wp\/v2\/comments?post=3408099"}],"version-history":[{"count":0,"href":"https:\/\/www.carlton-international.com\/de\/wp-json\/wp\/v2\/pages\/3408099\/revisions"}],"up":[{"embeddable":true,"href":"https:\/\/www.carlton-international.com\/de\/wp-json\/wp\/v2\/pages\/3408085"}],"wp:featuredmedia":[{"embeddable":true,"href":"https:\/\/www.carlton-international.com\/de\/wp-json\/wp\/v2\/media\/2652626"}],"wp:attachment":[{"href":"https:\/\/www.carlton-international.com\/de\/wp-json\/wp\/v2\/media?parent=3408099"}],"curies":[{"name":"wp","href":"https:\/\/api.w.org\/{rel}","templated":true}]}}