{"id":3408001,"date":"2025-05-23T04:06:00","date_gmt":"2025-05-23T02:06:00","guid":{"rendered":"https:\/\/www.carlton-international.com\/?page_id=3408001"},"modified":"2025-06-06T03:48:26","modified_gmt":"2025-06-06T01:48:26","slug":"grimaud","status":"publish","type":"page","link":"https:\/\/www.carlton-international.com\/de\/vermietung\/ferienvermietung-an-der-cote-dazur\/langfristige-vermietung\/saint-tropez-umgebung\/grimaud\/","title":{"rendered":"Grimaud"},"content":{"rendered":"\t\t<div data-elementor-type=\"wp-page\" data-elementor-id=\"3408001\" class=\"elementor elementor-3408001 elementor-3339453\" data-elementor-post-type=\"page\">\n\t\t\t\t<div class=\"elementor-element elementor-element-7a9634d contentpd30 e-flex e-con-boxed e-con e-parent\" data-id=\"7a9634d\" data-element_type=\"container\" data-settings=\"{&quot;background_background&quot;:&quot;classic&quot;,&quot;jet_parallax_layout_list&quot;:[]}\">\n\t\t\t\t\t<div class=\"e-con-inner\">\n\t\t\t\t<div data-dce-title-color=\"#BFA473\" class=\"elementor-element elementor-element-eb0326c elementor-widget elementor-widget-heading\" data-id=\"eb0326c\" data-element_type=\"widget\" data-widget_type=\"heading.default\">\n\t\t\t\t\t<h1 class=\"elementor-heading-title elementor-size-default\">Grimaud<\/h1>\t\t\t\t<\/div>\n\t\t\t\t\t<\/div>\n\t\t\t\t<\/div>\n\t\t\t\t<section class=\"elementor-section elementor-top-section elementor-element elementor-element-792e6aa7 contentpd20 elementor-section-boxed elementor-section-height-default elementor-section-height-default\" data-id=\"792e6aa7\" data-element_type=\"section\" data-settings=\"{&quot;jet_parallax_layout_list&quot;:[]}\">\n\t\t\t\t\t\t<div class=\"elementor-container elementor-column-gap-default\">\n\t\t\t\t\t<div class=\"elementor-column elementor-col-100 elementor-top-column elementor-element elementor-element-4ab2cffd\" data-id=\"4ab2cffd\" data-element_type=\"column\">\n\t\t\t<div class=\"elementor-widget-wrap elementor-element-populated\">\n\t\t\t\t\t\t<div class=\"elementor-element elementor-element-3f80d67 elementor-widget elementor-widget-shortcode\" data-id=\"3f80d67\" data-element_type=\"widget\" data-widget_type=\"shortcode.default\">\n\t\t\t\t\t\t\t<div class=\"elementor-shortcode\">    <div class=\"ci-dis-ads_wrapper\" data-id-page=\"3408001\" id=\"ci-ads-results\">\n                <!-- TOTAL RESULTS -->\n        <div class=\"ci-dis-ads_total_results aa\">\n            <div class=\"ci-dis-description_contact_results a2345 3408001\">\n            \n                <p>\n                <a href=\"https:\/\/www.carlton-international.com\/de\/vermietung\/\">vermietung<\/a> &gt; <a href=\"https:\/\/www.carlton-international.com\/de\/vermietung\/ferienvermietung-an-der-cote-dazur\/\">ferienvermietung an der c\u00f4te d\u2019azur<\/a> &gt; <a href=\"https:\/\/www.carlton-international.com\/de\/vermietung\/ferienvermietung-an-der-cote-dazur\/langfristige-vermietung\/\">langfristige vermietung<\/a> &gt; <a href=\"https:\/\/www.carlton-international.com\/de\/vermietung\/ferienvermietung-an-der-cote-dazur\/langfristige-vermietung\/saint-tropez-umgebung\/\">saint-tropez &#038; umgebung<\/a> &gt; <a href=\"https:\/\/www.carlton-international.com\/de\/vermietung\/ferienvermietung-an-der-cote-dazur\/langfristige-vermietung\/saint-tropez-umgebung\/grimaud\/\">grimaud<\/a> &gt; <span data-id=\"3408001\">0 r\u00e9sultat<\/span>                <\/p>\n                            <\/div>\n        <\/div>\n                    <!-- HEADER -->\n            <div class=\"ci-dis-ads_header\">\n                <!-- PAGINATION -->\n                <div class=\"ci-dis-ads_pagination\">\n                                    <\/div>\n                <!-- SORT -->\n\n                                    <div class=\"ci-dis-ads_sort\">\n                                            <\/div>\n                    <!-- DISPLAY -->\n                    <div class=\"ci-dis-ads_disp\">\n                                            <\/div>\n                            <\/div>\n                <!-- CONTENT -->\n        <div class=\"ci-dis-ads_content ci-disp-grid\">\n                                                                    <div class=\"ci-dis-ads_content-empty s1\" style=\"display: flex;\">\n                                        <p class=\"ci-dis-ads_content-empty_text\"><\/p>\n                                        <div><div>\n<div>Viele Immobilien, die Ihrer Suche entsprechen, werden streng vertraulich im Off-Market-Bereich direkt durch unsere Teams vermarktet.<\/div>\n<div>Wir laden Sie ein, die Carlton International Agentur zu kontaktieren, die der gesuchten Adresse entspricht, um Zugang zu diesen exklusiven M\u00f6glichkeiten zu erhalten : <a href=\"https:\/\/www.carlton-international.com\/de\/kontaktieren-sie-uns\/\">https:\/\/www.carlton-international.com\/de\/kontaktieren-sie-uns\/<\/a><\/div>\n<\/div>\n<\/div>\n                                    <\/div>\n                                                            \n                                                <\/div>\n        <!-- FOOTER -->\n        <div class=\"ci-dis-ads_footer\">\n            <!-- PAGINATION -->\n            <div class=\"ci-dis-ads_pagination\">\n                            <\/div>\n        <\/div>\n    <\/div>\n<\/div>\n\t\t\t\t\t\t<\/div>\n\t\t\t\t<div class=\"elementor-element elementor-element-7fb9e81 description elementor-widget elementor-widget-text-editor\" data-id=\"7fb9e81\" data-element_type=\"widget\" data-widget_type=\"text-editor.default\">\n\t\t\t\t\t\t\t\t\t<h1>Entdecken Sie Luxusimmobilien in Antibes, Cap d&#8217;Antibes und Juan Les Pins<\/h1>\n<p>Suchen Sie <strong>Luxusimmobilien in Antibes, Cap d&#8217;Antibes, Juan Les Pins und Umgebung<\/strong>? Dann sind Sie bei Carlton International genau richtig, der f\u00fchrenden Immobilienagentur, die sich auf hochwertige Immobilien in dieser wundersch\u00f6nen Region der C\u00f4te d&#8217;Azur spezialisiert hat.<\/p>\n<h2><strong>Antibes, das Juwel der C\u00f4te d&#8217;Azur<\/strong><\/h2>\n<p>Antibes, eingebettet zwischen Nizza und Cannes, bietet eine einzigartige Mischung aus Geschichte, Charme und nat\u00fcrlicher Sch\u00f6nheit. Von seiner <strong>wundersch\u00f6nen K\u00fcste<\/strong> bis zur lebhaften Altstadt bietet <strong>Antibes<\/strong> einen unvergleichlichen Lebensstil f\u00fcr anspruchsvolle Menschen, die das Wesentliche des luxuri\u00f6sen Lebens suchen.<\/p>\n<h2><strong>Der Prestige des Cap d&#8217;Antibes<\/strong><\/h2>\n<p>Das benachbarte Cap d&#8217;Antibes steht f\u00fcr Prestige und Opulenz. Bekannt f\u00fcr seine glamour\u00f6sen Villen und unvergleichlichen Meerblick zieht diese <strong>exklusive Halbinsel<\/strong> die anspruchsvollsten K\u00e4ufer aus aller Welt an.<\/p>\n<h2><strong>Juan Les Pins: Die einzigartige Mischung aus Entspannung und Unterhaltung<\/strong><\/h2>\n<p>Juan Les Pins, ein <strong>dynamischer Badeort<\/strong>, ist ein weiteres Juwel der C\u00f4te d&#8217;Azur. Mit seinen feinen Sandstr\u00e4nden, dem lebhaften Nachtleben und der pulsierenden Atmosph\u00e4re bietet Juan Les Pins eine einzigartige Kombination aus Erholung und Unterhaltung.<\/p>\n<h2><strong>Fachwissen und au\u00dfergew\u00f6hnlicher Zugang<\/strong><\/h2>\n<p>Dank der Expertise von <strong>Carlton International<\/strong> auf dem lokalen Immobilienmarkt k\u00f6nnen Sie sicher sein, dass ihr erfahrenes Team Sie bei jedem Schritt begleitet. Ob Sie eine gro\u00dfartige Villa mit Blick auf das azurblaue Mittelmeer, eine elegante Wohnung im Herzen von Antibes oder einen abgelegenen R\u00fcckzugsort in der \u00fcppigen Landschaft suchen, ihre engagierten Makler helfen Ihnen, die Immobilie zu finden, die Ihren W\u00fcnschen entspricht.<\/p>\n<h2><strong>Ein Netzwerk von vertrauensw\u00fcrdigen Kontakten und Dienstleistungen<\/strong><\/h2>\n<p>Wenn Sie sich f\u00fcr die Zusammenarbeit mit <strong>Carlton International<\/strong> entscheiden, erhalten Sie Zugang zu ihrem umfangreichen Netzwerk von vertrauensw\u00fcrdigen Architekten, Designern und Rechtsberatern, was einen reibungslosen Kaufprozess von Anfang bis Ende garantiert. Ihr Engagement f\u00fcr Exzellenz und ihren pers\u00f6nlichen Service hebt sie hervor und sorgt daf\u00fcr, dass Ihr Erlebnis beim Kauf einer <strong>Luxusimmobilie<\/strong> in Antibes und Umgebung Ihre Erwartungen \u00fcbertrifft.<\/p>\n\t\t\t\t\t\t\t\t<\/div>\n\t\t\t\t\t<\/div>\n\t\t<\/div>\n\t\t\t\t\t<\/div>\n\t\t<\/section>\n\t\t\t\t<\/div>\n\t\t","protected":false},"excerpt":{"rendered":"<p>Grimaud<\/p>\n","protected":false},"author":9,"featured_media":2457562,"parent":3407591,"menu_order":0,"comment_status":"closed","ping_status":"closed","template":"","meta":{"_acf_changed":false,"footnotes":"","_wp_rev_ctl_limit":""},"class_list":["post-3408001","page","type-page","status-publish","has-post-thumbnail","hentry"],"acf":[],"yoast_head":"<!-- This site is optimized with the Yoast SEO Premium plugin v20.11 (Yoast SEO v26.5) - https:\/\/yoast.com\/wordpress\/plugins\/seo\/ -->\n<title>Grimaud - Carlton International<\/title>\n<meta name=\"robots\" content=\"index, follow, max-snippet:-1, max-image-preview:large, max-video-preview:-1\" \/>\n<link rel=\"canonical\" href=\"https:\/\/www.carlton-international.com\/de\/vermietung\/ferienvermietung-an-der-cote-dazur\/langfristige-vermietung\/saint-tropez-umgebung\/grimaud\/\" \/>\n<meta property=\"og:locale\" content=\"de_DE\" \/>\n<meta property=\"og:type\" content=\"article\" \/>\n<meta property=\"og:title\" content=\"Grimaud\" \/>\n<meta property=\"og:url\" content=\"https:\/\/www.carlton-international.com\/de\/vermietung\/ferienvermietung-an-der-cote-dazur\/langfristige-vermietung\/saint-tropez-umgebung\/grimaud\/\" \/>\n<meta property=\"og:site_name\" content=\"Carlton International\" \/>\n<meta property=\"article:publisher\" content=\"https:\/\/www.facebook.com\/CarltonInternationalRealEstate\/\" \/>\n<meta property=\"article:modified_time\" content=\"2025-06-06T01:48:26+00:00\" \/>\n<meta property=\"og:image\" content=\"https:\/\/www.carlton-international.com\/wp-content\/uploads\/2023\/07\/arriere-pays3_65815.jpeg\" \/>\n\t<meta property=\"og:image:width\" content=\"649\" \/>\n\t<meta property=\"og:image:height\" content=\"487\" \/>\n\t<meta property=\"og:image:type\" content=\"image\/jpeg\" \/>\n<meta name=\"twitter:card\" content=\"summary_large_image\" \/>\n<meta name=\"twitter:site\" content=\"@CarltonInter\" \/>\n<meta name=\"twitter:label1\" content=\"Gesch\u00e4tzte Lesezeit\" \/>\n\t<meta name=\"twitter:data1\" content=\"1\u00a0Minute\" \/>\n<script type=\"application\/ld+json\" class=\"yoast-schema-graph\">{\"@context\":\"https:\/\/schema.org\",\"@graph\":[{\"@type\":\"WebPage\",\"@id\":\"https:\/\/www.carlton-international.com\/de\/vermietung\/ferienvermietung-an-der-cote-dazur\/langfristige-vermietung\/saint-tropez-umgebung\/grimaud\/\",\"url\":\"https:\/\/www.carlton-international.com\/de\/vermietung\/ferienvermietung-an-der-cote-dazur\/langfristige-vermietung\/saint-tropez-umgebung\/grimaud\/\",\"name\":\"Grimaud - Carlton International\",\"isPartOf\":{\"@id\":\"https:\/\/www.carlton-international.com\/de\/#website\"},\"primaryImageOfPage\":{\"@id\":\"https:\/\/www.carlton-international.com\/de\/vermietung\/ferienvermietung-an-der-cote-dazur\/langfristige-vermietung\/saint-tropez-umgebung\/grimaud\/#primaryimage\"},\"image\":{\"@id\":\"https:\/\/www.carlton-international.com\/de\/vermietung\/ferienvermietung-an-der-cote-dazur\/langfristige-vermietung\/saint-tropez-umgebung\/grimaud\/#primaryimage\"},\"thumbnailUrl\":\"https:\/\/www.carlton-international.com\/wp-content\/uploads\/2023\/07\/arriere-pays3_65815.jpeg\",\"datePublished\":\"2025-05-23T02:06:00+00:00\",\"dateModified\":\"2025-06-06T01:48:26+00:00\",\"breadcrumb\":{\"@id\":\"https:\/\/www.carlton-international.com\/de\/vermietung\/ferienvermietung-an-der-cote-dazur\/langfristige-vermietung\/saint-tropez-umgebung\/grimaud\/#breadcrumb\"},\"inLanguage\":\"de\",\"potentialAction\":[{\"@type\":\"ReadAction\",\"target\":[\"https:\/\/www.carlton-international.com\/de\/vermietung\/ferienvermietung-an-der-cote-dazur\/langfristige-vermietung\/saint-tropez-umgebung\/grimaud\/\"]}]},{\"@type\":\"ImageObject\",\"inLanguage\":\"de\",\"@id\":\"https:\/\/www.carlton-international.com\/de\/vermietung\/ferienvermietung-an-der-cote-dazur\/langfristige-vermietung\/saint-tropez-umgebung\/grimaud\/#primaryimage\",\"url\":\"https:\/\/www.carlton-international.com\/wp-content\/uploads\/2023\/07\/arriere-pays3_65815.jpeg\",\"contentUrl\":\"https:\/\/www.carlton-international.com\/wp-content\/uploads\/2023\/07\/arriere-pays3_65815.jpeg\",\"width\":649,\"height\":487,\"caption\":\"Luxury Villas In Cannes Countryside\"},{\"@type\":\"BreadcrumbList\",\"@id\":\"https:\/\/www.carlton-international.com\/de\/vermietung\/ferienvermietung-an-der-cote-dazur\/langfristige-vermietung\/saint-tropez-umgebung\/grimaud\/#breadcrumb\",\"itemListElement\":[{\"@type\":\"ListItem\",\"position\":1,\"name\":\"Accueil\",\"item\":\"https:\/\/www.carlton-international.com\/de\/\"},{\"@type\":\"ListItem\",\"position\":2,\"name\":\"Vermietung\",\"item\":\"https:\/\/www.carlton-international.com\/de\/vermietung\/\"},{\"@type\":\"ListItem\",\"position\":3,\"name\":\"Ferienvermietung an der C\u00f4te d\u2019Azur\",\"item\":\"https:\/\/www.carlton-international.com\/de\/vermietung\/ferienvermietung-an-der-cote-dazur\/\"},{\"@type\":\"ListItem\",\"position\":4,\"name\":\"Langfristige Vermietung\",\"item\":\"https:\/\/www.carlton-international.com\/de\/vermietung\/ferienvermietung-an-der-cote-dazur\/langfristige-vermietung\/\"},{\"@type\":\"ListItem\",\"position\":5,\"name\":\"Saint-Tropez &#038; Umgebung\",\"item\":\"https:\/\/www.carlton-international.com\/de\/vermietung\/ferienvermietung-an-der-cote-dazur\/langfristige-vermietung\/saint-tropez-umgebung\/\"},{\"@type\":\"ListItem\",\"position\":6,\"name\":\"Grimaud\"}]},{\"@type\":\"WebSite\",\"@id\":\"https:\/\/www.carlton-international.com\/de\/#website\",\"url\":\"https:\/\/www.carlton-international.com\/de\/\",\"name\":\"Carlton International\",\"description\":\"Luxury Real Estate in France and Internationally\",\"publisher\":{\"@id\":\"https:\/\/www.carlton-international.com\/de\/#organization\"},\"alternateName\":\"Carlton\",\"potentialAction\":[{\"@type\":\"SearchAction\",\"target\":{\"@type\":\"EntryPoint\",\"urlTemplate\":\"https:\/\/www.carlton-international.com\/de\/?s={search_term_string}\"},\"query-input\":{\"@type\":\"PropertyValueSpecification\",\"valueRequired\":true,\"valueName\":\"search_term_string\"}}],\"inLanguage\":\"de\"},{\"@type\":\"Organization\",\"@id\":\"https:\/\/www.carlton-international.com\/de\/#organization\",\"name\":\"Carlton International\",\"alternateName\":\"Carlton\",\"url\":\"https:\/\/www.carlton-international.com\/de\/\",\"logo\":{\"@type\":\"ImageObject\",\"inLanguage\":\"de\",\"@id\":\"https:\/\/www.carlton-international.com\/de\/#\/schema\/logo\/image\/\",\"url\":\"https:\/\/www.carlton-international.com\/wp-content\/uploads\/2024\/10\/logo-square-1.jpg\",\"contentUrl\":\"https:\/\/www.carlton-international.com\/wp-content\/uploads\/2024\/10\/logo-square-1.jpg\",\"width\":240,\"height\":240,\"caption\":\"Carlton International\"},\"image\":{\"@id\":\"https:\/\/www.carlton-international.com\/de\/#\/schema\/logo\/image\/\"},\"sameAs\":[\"https:\/\/www.facebook.com\/CarltonInternationalRealEstate\/\",\"https:\/\/x.com\/CarltonInter\",\"https:\/\/www.instagram.com\/carlton.international\/\",\"https:\/\/www.linkedin.com\/company\/carlton-international\/mycompany\/\",\"https:\/\/www.youtube.com\/channel\/UC45DFaSawRRikZFLqr2C_XQ\"]}]}<\/script>\n<!-- \/ Yoast SEO Premium plugin. -->","yoast_head_json":{"title":"Grimaud - Carlton International","robots":{"index":"index","follow":"follow","max-snippet":"max-snippet:-1","max-image-preview":"max-image-preview:large","max-video-preview":"max-video-preview:-1"},"canonical":"https:\/\/www.carlton-international.com\/de\/vermietung\/ferienvermietung-an-der-cote-dazur\/langfristige-vermietung\/saint-tropez-umgebung\/grimaud\/","og_locale":"de_DE","og_type":"article","og_title":"Grimaud","og_url":"https:\/\/www.carlton-international.com\/de\/vermietung\/ferienvermietung-an-der-cote-dazur\/langfristige-vermietung\/saint-tropez-umgebung\/grimaud\/","og_site_name":"Carlton International","article_publisher":"https:\/\/www.facebook.com\/CarltonInternationalRealEstate\/","article_modified_time":"2025-06-06T01:48:26+00:00","og_image":[{"width":649,"height":487,"url":"https:\/\/www.carlton-international.com\/wp-content\/uploads\/2023\/07\/arriere-pays3_65815.jpeg","type":"image\/jpeg"}],"twitter_card":"summary_large_image","twitter_site":"@CarltonInter","twitter_misc":{"Gesch\u00e4tzte Lesezeit":"1\u00a0Minute"},"schema":{"@context":"https:\/\/schema.org","@graph":[{"@type":"WebPage","@id":"https:\/\/www.carlton-international.com\/de\/vermietung\/ferienvermietung-an-der-cote-dazur\/langfristige-vermietung\/saint-tropez-umgebung\/grimaud\/","url":"https:\/\/www.carlton-international.com\/de\/vermietung\/ferienvermietung-an-der-cote-dazur\/langfristige-vermietung\/saint-tropez-umgebung\/grimaud\/","name":"Grimaud - Carlton International","isPartOf":{"@id":"https:\/\/www.carlton-international.com\/de\/#website"},"primaryImageOfPage":{"@id":"https:\/\/www.carlton-international.com\/de\/vermietung\/ferienvermietung-an-der-cote-dazur\/langfristige-vermietung\/saint-tropez-umgebung\/grimaud\/#primaryimage"},"image":{"@id":"https:\/\/www.carlton-international.com\/de\/vermietung\/ferienvermietung-an-der-cote-dazur\/langfristige-vermietung\/saint-tropez-umgebung\/grimaud\/#primaryimage"},"thumbnailUrl":"https:\/\/www.carlton-international.com\/wp-content\/uploads\/2023\/07\/arriere-pays3_65815.jpeg","datePublished":"2025-05-23T02:06:00+00:00","dateModified":"2025-06-06T01:48:26+00:00","breadcrumb":{"@id":"https:\/\/www.carlton-international.com\/de\/vermietung\/ferienvermietung-an-der-cote-dazur\/langfristige-vermietung\/saint-tropez-umgebung\/grimaud\/#breadcrumb"},"inLanguage":"de","potentialAction":[{"@type":"ReadAction","target":["https:\/\/www.carlton-international.com\/de\/vermietung\/ferienvermietung-an-der-cote-dazur\/langfristige-vermietung\/saint-tropez-umgebung\/grimaud\/"]}]},{"@type":"ImageObject","inLanguage":"de","@id":"https:\/\/www.carlton-international.com\/de\/vermietung\/ferienvermietung-an-der-cote-dazur\/langfristige-vermietung\/saint-tropez-umgebung\/grimaud\/#primaryimage","url":"https:\/\/www.carlton-international.com\/wp-content\/uploads\/2023\/07\/arriere-pays3_65815.jpeg","contentUrl":"https:\/\/www.carlton-international.com\/wp-content\/uploads\/2023\/07\/arriere-pays3_65815.jpeg","width":649,"height":487,"caption":"Luxury Villas In Cannes Countryside"},{"@type":"BreadcrumbList","@id":"https:\/\/www.carlton-international.com\/de\/vermietung\/ferienvermietung-an-der-cote-dazur\/langfristige-vermietung\/saint-tropez-umgebung\/grimaud\/#breadcrumb","itemListElement":[{"@type":"ListItem","position":1,"name":"Accueil","item":"https:\/\/www.carlton-international.com\/de\/"},{"@type":"ListItem","position":2,"name":"Vermietung","item":"https:\/\/www.carlton-international.com\/de\/vermietung\/"},{"@type":"ListItem","position":3,"name":"Ferienvermietung an der C\u00f4te d\u2019Azur","item":"https:\/\/www.carlton-international.com\/de\/vermietung\/ferienvermietung-an-der-cote-dazur\/"},{"@type":"ListItem","position":4,"name":"Langfristige Vermietung","item":"https:\/\/www.carlton-international.com\/de\/vermietung\/ferienvermietung-an-der-cote-dazur\/langfristige-vermietung\/"},{"@type":"ListItem","position":5,"name":"Saint-Tropez &#038; Umgebung","item":"https:\/\/www.carlton-international.com\/de\/vermietung\/ferienvermietung-an-der-cote-dazur\/langfristige-vermietung\/saint-tropez-umgebung\/"},{"@type":"ListItem","position":6,"name":"Grimaud"}]},{"@type":"WebSite","@id":"https:\/\/www.carlton-international.com\/de\/#website","url":"https:\/\/www.carlton-international.com\/de\/","name":"Carlton International","description":"Luxury Real Estate in France and Internationally","publisher":{"@id":"https:\/\/www.carlton-international.com\/de\/#organization"},"alternateName":"Carlton","potentialAction":[{"@type":"SearchAction","target":{"@type":"EntryPoint","urlTemplate":"https:\/\/www.carlton-international.com\/de\/?s={search_term_string}"},"query-input":{"@type":"PropertyValueSpecification","valueRequired":true,"valueName":"search_term_string"}}],"inLanguage":"de"},{"@type":"Organization","@id":"https:\/\/www.carlton-international.com\/de\/#organization","name":"Carlton International","alternateName":"Carlton","url":"https:\/\/www.carlton-international.com\/de\/","logo":{"@type":"ImageObject","inLanguage":"de","@id":"https:\/\/www.carlton-international.com\/de\/#\/schema\/logo\/image\/","url":"https:\/\/www.carlton-international.com\/wp-content\/uploads\/2024\/10\/logo-square-1.jpg","contentUrl":"https:\/\/www.carlton-international.com\/wp-content\/uploads\/2024\/10\/logo-square-1.jpg","width":240,"height":240,"caption":"Carlton International"},"image":{"@id":"https:\/\/www.carlton-international.com\/de\/#\/schema\/logo\/image\/"},"sameAs":["https:\/\/www.facebook.com\/CarltonInternationalRealEstate\/","https:\/\/x.com\/CarltonInter","https:\/\/www.instagram.com\/carlton.international\/","https:\/\/www.linkedin.com\/company\/carlton-international\/mycompany\/","https:\/\/www.youtube.com\/channel\/UC45DFaSawRRikZFLqr2C_XQ"]}]}},"_links":{"self":[{"href":"https:\/\/www.carlton-international.com\/de\/wp-json\/wp\/v2\/pages\/3408001","targetHints":{"allow":["GET"]}}],"collection":[{"href":"https:\/\/www.carlton-international.com\/de\/wp-json\/wp\/v2\/pages"}],"about":[{"href":"https:\/\/www.carlton-international.com\/de\/wp-json\/wp\/v2\/types\/page"}],"author":[{"embeddable":true,"href":"https:\/\/www.carlton-international.com\/de\/wp-json\/wp\/v2\/users\/9"}],"replies":[{"embeddable":true,"href":"https:\/\/www.carlton-international.com\/de\/wp-json\/wp\/v2\/comments?post=3408001"}],"version-history":[{"count":0,"href":"https:\/\/www.carlton-international.com\/de\/wp-json\/wp\/v2\/pages\/3408001\/revisions"}],"up":[{"embeddable":true,"href":"https:\/\/www.carlton-international.com\/de\/wp-json\/wp\/v2\/pages\/3407591"}],"wp:featuredmedia":[{"embeddable":true,"href":"https:\/\/www.carlton-international.com\/de\/wp-json\/wp\/v2\/media\/2457562"}],"wp:attachment":[{"href":"https:\/\/www.carlton-international.com\/de\/wp-json\/wp\/v2\/media?parent=3408001"}],"curies":[{"name":"wp","href":"https:\/\/api.w.org\/{rel}","templated":true}]}}