{"id":3407480,"date":"2025-05-22T09:26:45","date_gmt":"2025-05-22T07:26:45","guid":{"rendered":"https:\/\/www.carlton-international.com\/?page_id=3407480"},"modified":"2026-03-12T03:37:17","modified_gmt":"2026-03-12T02:37:17","slug":"rayol-canadel-sur-mer","status":"publish","type":"page","link":"https:\/\/www.carlton-international.com\/de\/vermietung\/ferienvermietung-an-der-cote-dazur\/saison-vermietung\/saint-tropez-umgebung\/rayol-canadel-sur-mer\/","title":{"rendered":"Rayol-Canadel-sur-Mer"},"content":{"rendered":"\t\t<div data-elementor-type=\"wp-page\" data-elementor-id=\"3407480\" class=\"elementor elementor-3407480 elementor-3334231\" data-elementor-post-type=\"page\">\n\t\t\t\t<div class=\"elementor-element elementor-element-7a9634d contentpd30 e-flex e-con-boxed e-con e-parent\" data-id=\"7a9634d\" data-element_type=\"container\" data-settings=\"{&quot;background_background&quot;:&quot;classic&quot;,&quot;jet_parallax_layout_list&quot;:[]}\">\n\t\t\t\t\t<div class=\"e-con-inner\">\n\t\t\t\t<div data-dce-title-color=\"#BFA473\" class=\"elementor-element elementor-element-eb0326c elementor-widget elementor-widget-heading\" data-id=\"eb0326c\" data-element_type=\"widget\" data-widget_type=\"heading.default\">\n\t\t\t\t\t<h1 class=\"elementor-heading-title elementor-size-default\">Rayol-Canadel-sur-Mer<\/h1>\t\t\t\t<\/div>\n\t\t\t\t\t<\/div>\n\t\t\t\t<\/div>\n\t\t\t\t<section class=\"elementor-section elementor-top-section elementor-element elementor-element-792e6aa7 contentpd20 elementor-section-boxed elementor-section-height-default elementor-section-height-default\" data-id=\"792e6aa7\" data-element_type=\"section\" data-settings=\"{&quot;jet_parallax_layout_list&quot;:[]}\">\n\t\t\t\t\t\t<div class=\"elementor-container elementor-column-gap-default\">\n\t\t\t\t\t<div class=\"elementor-column elementor-col-100 elementor-top-column elementor-element elementor-element-4ab2cffd\" data-id=\"4ab2cffd\" data-element_type=\"column\">\n\t\t\t<div class=\"elementor-widget-wrap elementor-element-populated\">\n\t\t\t\t\t\t<div class=\"elementor-element elementor-element-3f80d67 elementor-widget elementor-widget-shortcode\" data-id=\"3f80d67\" data-element_type=\"widget\" data-widget_type=\"shortcode.default\">\n\t\t\t\t\t\t\t<div class=\"elementor-shortcode\">    <div class=\"ci-dis-ads_wrapper\" data-id-page=\"3407480\" id=\"ci-ads-results\">\n                <!-- TOTAL RESULTS -->\n        <div class=\"ci-dis-ads_total_results aa\">\n            <div class=\"ci-dis-description_contact_results a2345 3407480\">\n            \n                <p>\n                <a href=\"https:\/\/www.carlton-international.com\/de\/vermietung\/\">vermietung<\/a> &gt; <a href=\"https:\/\/www.carlton-international.com\/de\/vermietung\/ferienvermietung-an-der-cote-dazur\/\">ferienvermietung an der c\u00f4te d\u2019azur<\/a> &gt; <a href=\"https:\/\/www.carlton-international.com\/de\/vermietung\/ferienvermietung-an-der-cote-dazur\/saison-vermietung\/\">saison vermietung<\/a> &gt; <a href=\"https:\/\/www.carlton-international.com\/de\/vermietung\/ferienvermietung-an-der-cote-dazur\/saison-vermietung\/saint-tropez-umgebung\/\">saint-tropez &#038; umgebung<\/a> &gt; <a href=\"https:\/\/www.carlton-international.com\/de\/vermietung\/ferienvermietung-an-der-cote-dazur\/saison-vermietung\/saint-tropez-umgebung\/rayol-canadel-sur-mer\/\">rayol-canadel-sur-mer<\/a> &gt; <span data-id=\"3407480\">0 r\u00e9sultat<\/span>                <\/p>\n                            <\/div>\n        <\/div>\n                    <!-- HEADER -->\n            <div class=\"ci-dis-ads_header\">\n                <!-- PAGINATION -->\n                <div class=\"ci-dis-ads_pagination\">\n                                    <\/div>\n                <!-- SORT -->\n\n                                    <div class=\"ci-dis-ads_sort\">\n                                            <\/div>\n                    <!-- DISPLAY -->\n                    <div class=\"ci-dis-ads_disp\">\n                                            <\/div>\n                            <\/div>\n                <!-- CONTENT -->\n        <div class=\"ci-dis-ads_content ci-disp-grid\">\n                                                                    <div class=\"ci-dis-ads_content-empty s1\" style=\"display: flex;\">\n                                        <p class=\"ci-dis-ads_content-empty_text\"><\/p>\n                                        <div><div>\n<div>Viele Immobilien, die Ihrer Suche entsprechen, werden streng vertraulich im Off-Market-Bereich direkt durch unsere Teams vermarktet.<\/div>\n<div>Wir laden Sie ein, die Carlton International Agentur zu kontaktieren, die der gesuchten Adresse entspricht, um Zugang zu diesen exklusiven M\u00f6glichkeiten zu erhalten : <a href=\"https:\/\/www.carlton-international.com\/de\/kontaktieren-sie-uns\/\">https:\/\/www.carlton-international.com\/de\/kontaktieren-sie-uns\/<\/a><\/div>\n<\/div>\n<\/div>\n                                    <\/div>\n                                                            \n                                                <\/div>\n        <!-- FOOTER -->\n        <div class=\"ci-dis-ads_footer\">\n            <!-- PAGINATION -->\n            <div class=\"ci-dis-ads_pagination\">\n                            <\/div>\n        <\/div>\n    <\/div>\n<\/div>\n\t\t\t\t\t\t<\/div>\n\t\t\t\t<div class=\"elementor-element elementor-element-7fb9e81 description elementor-widget elementor-widget-text-editor\" data-id=\"7fb9e81\" data-element_type=\"widget\" data-widget_type=\"text-editor.default\">\n\t\t\t\t\t\t\t\t\t<h2 style=\"font-size:22px\">SAISONALE VERMIETUNG VON LUXUSVILLEN IM GOLF VON SAINT-TROPEZ<\/h2>\n<p><strong>Au\u00dfergew\u00f6hnliche Aufenthalte zwischen Meer, Natur und mediterraner Lebensart<\/strong><br \/>\nAls ikonisches Reiseziel der C\u00f4te d\u2019Azur z\u00e4hlt der Golf von Saint-Tropez zu den gefragtesten Adressen f\u00fcr die saisonale Vermietung hochwertiger Villen. Zwischen legend\u00e4ren Str\u00e4nden, charmanten D\u00f6rfern und gesch\u00fctzten Landschaften bietet er einen unvergleichlichen Rahmen f\u00fcr luxuri\u00f6se Ferien, die Eleganz, Diskretion und Lebensqualit\u00e4t vereinen. Eine prestigetr\u00e4chtige Villa im Golf von Saint-Tropez zu mieten bedeutet, eine einzigartige Umgebung zu genie\u00dfen, in der das Mittelmeer, Weinberge, gr\u00fcne H\u00fcgel und ikonische Orte aufeinandertreffen \u2013 verbunden mit h\u00f6chstem Komfort und erstklassigen Dienstleistungen.<\/p>\n<p><strong>Ein au\u00dfergew\u00f6hnlicher Markt f\u00fcr die Vermietung von Luxusvillen<\/strong><br \/>\nDie Vermietung von Luxusvillen im Golf von Saint-Tropez zeichnet sich durch die Seltenheit und Qualit\u00e4t ihrer Immobilien aus. Die angebotenen Villen verf\u00fcgen \u00fcber hochwertige Ausstattungen: Swimmingpools, Meerblick, weitl\u00e4ufige Landschaftsg\u00e4rten, Au\u00dfenbereiche zur Entspannung sowie ein hohes Ma\u00df an Privatsph\u00e4re, das den Erwartungen einer anspruchsvollen internationalen Kundschaft entspricht. Diese Immobilien sind ideal f\u00fcr Aufenthalte mit Familie oder Freunden, in einem Umfeld von Diskretion und Raffinesse, in der N\u00e4he der Str\u00e4nde und der emblematischen D\u00f6rfer.<\/p>\n<p><strong>Ikonische Destinationen f\u00fcr ma\u00dfgeschneiderte Ferien<\/strong><br \/>\nDer Golf von Saint-Tropez vereint mehrere D\u00f6rfer mit starkem Charakter, von denen jedes eine andere Urlaubserfahrung bietet:<\/p>\n<ul>\n<li>Saint-Tropez: ikonische Lebendigkeit, der legend\u00e4re Hafen und diskrete Str\u00e4nde<\/li>\n<li>Ramatuelle: unber\u00fchrte Natur und Zugang zu den legend\u00e4ren Str\u00e4nden von Pampelonne<\/li>\n<li>Gassin: au\u00dfergew\u00f6hnliche Panoramen und ruhiges Wohnumfeld<\/li>\n<li>Grimaud: vielf\u00e4ltige Landschaften und N\u00e4he zu Port Grimaud<\/li>\n<li>La Croix-Valmer: gesch\u00fctzte K\u00fcste und hohe Lebensqualit\u00e4t<\/li>\n<\/ul>\n<p>Diese Vielfalt erm\u00f6glicht ma\u00dfgeschneiderte saisonale Vermietungen, die auf jeden Aufenthaltsstil abgestimmt sind.<\/p>\n<p><strong>Eine Villa im Golf von Saint-Tropez mit Carlton International mieten<\/strong><br \/>\nSeit 2008 im Golf von Saint-Tropez ans\u00e4ssig, w\u00e4hlt Carlton International prestigetr\u00e4chtige saisonale Villenvermietungen aus und verf\u00fcgt \u00fcber eine perfekte Kenntnis des lokalen Marktes sowie der vertraulichsten Immobilien, einschlie\u00dflich Off-Market-Angeboten. Wir begleiten unsere Kunden mit Diskretion, Anspruch und Expertise, indem wir sorgf\u00e4ltig ausgew\u00e4hlte Villen und einen personalisierten Service anbieten, um ein Aufenthaltserlebnis auf h\u00f6chstem Niveau zu gew\u00e4hrleisten. Entdecken Sie unsere Auswahl an Immobilien online oder kontaktieren Sie direkt unser Team.<\/p>\n<p>Wir stehen Ihnen zur Verf\u00fcgung, um Sie zu beraten, vertrauliche Besichtigungen zu organisieren und ma\u00dfgeschneiderte L\u00f6sungen anzubieten.<br \/>\n\ud83d\udcde +33 (0)4 98 12 13 63<br \/>\n\ud83d\udce7 saint-tropez@carlton-group.com<br \/>\n\ud83d\udccd 3 place Garezzio, Ch\u00e2teau de Suffren, 83990 Saint-Tropez<\/p>\n\t\t\t\t\t\t\t\t<\/div>\n\t\t\t\t\t<\/div>\n\t\t<\/div>\n\t\t\t\t\t<\/div>\n\t\t<\/section>\n\t\t\t\t<\/div>\n\t\t","protected":false},"excerpt":{"rendered":"<p>Rayol-Canadel-sur-Mer<\/p>\n","protected":false},"author":9,"featured_media":2457562,"parent":3407161,"menu_order":0,"comment_status":"closed","ping_status":"closed","template":"","meta":{"_acf_changed":false,"footnotes":"","_wp_rev_ctl_limit":""},"class_list":["post-3407480","page","type-page","status-publish","has-post-thumbnail","hentry"],"acf":[],"yoast_head":"<!-- This site is optimized with the Yoast SEO Premium plugin v20.11 (Yoast SEO v26.5) - https:\/\/yoast.com\/wordpress\/plugins\/seo\/ -->\n<title>Rayol-Canadel-sur-Mer - Carlton International<\/title>\n<meta name=\"robots\" content=\"index, follow, max-snippet:-1, max-image-preview:large, max-video-preview:-1\" \/>\n<link rel=\"canonical\" href=\"https:\/\/www.carlton-international.com\/de\/vermietung\/ferienvermietung-an-der-cote-dazur\/saison-vermietung\/saint-tropez-umgebung\/rayol-canadel-sur-mer\/\" \/>\n<meta property=\"og:locale\" content=\"de_DE\" \/>\n<meta property=\"og:type\" content=\"article\" \/>\n<meta property=\"og:title\" content=\"Rayol-Canadel-sur-Mer\" \/>\n<meta property=\"og:url\" content=\"https:\/\/www.carlton-international.com\/de\/vermietung\/ferienvermietung-an-der-cote-dazur\/saison-vermietung\/saint-tropez-umgebung\/rayol-canadel-sur-mer\/\" \/>\n<meta property=\"og:site_name\" content=\"Carlton International\" \/>\n<meta property=\"article:publisher\" content=\"https:\/\/www.facebook.com\/CarltonInternationalRealEstate\/\" \/>\n<meta property=\"article:modified_time\" content=\"2026-03-12T02:37:17+00:00\" \/>\n<meta property=\"og:image\" content=\"https:\/\/www.carlton-international.com\/wp-content\/uploads\/2023\/07\/arriere-pays3_65815.jpeg\" \/>\n\t<meta property=\"og:image:width\" content=\"649\" \/>\n\t<meta property=\"og:image:height\" content=\"487\" \/>\n\t<meta property=\"og:image:type\" content=\"image\/jpeg\" \/>\n<meta name=\"twitter:card\" content=\"summary_large_image\" \/>\n<meta name=\"twitter:site\" content=\"@CarltonInter\" \/>\n<meta name=\"twitter:label1\" content=\"Gesch\u00e4tzte Lesezeit\" \/>\n\t<meta name=\"twitter:data1\" content=\"2\u00a0Minuten\" \/>\n<script type=\"application\/ld+json\" class=\"yoast-schema-graph\">{\"@context\":\"https:\/\/schema.org\",\"@graph\":[{\"@type\":\"WebPage\",\"@id\":\"https:\/\/www.carlton-international.com\/de\/vermietung\/ferienvermietung-an-der-cote-dazur\/saison-vermietung\/saint-tropez-umgebung\/rayol-canadel-sur-mer\/\",\"url\":\"https:\/\/www.carlton-international.com\/de\/vermietung\/ferienvermietung-an-der-cote-dazur\/saison-vermietung\/saint-tropez-umgebung\/rayol-canadel-sur-mer\/\",\"name\":\"Rayol-Canadel-sur-Mer - Carlton International\",\"isPartOf\":{\"@id\":\"https:\/\/www.carlton-international.com\/de\/#website\"},\"primaryImageOfPage\":{\"@id\":\"https:\/\/www.carlton-international.com\/de\/vermietung\/ferienvermietung-an-der-cote-dazur\/saison-vermietung\/saint-tropez-umgebung\/rayol-canadel-sur-mer\/#primaryimage\"},\"image\":{\"@id\":\"https:\/\/www.carlton-international.com\/de\/vermietung\/ferienvermietung-an-der-cote-dazur\/saison-vermietung\/saint-tropez-umgebung\/rayol-canadel-sur-mer\/#primaryimage\"},\"thumbnailUrl\":\"https:\/\/www.carlton-international.com\/wp-content\/uploads\/2023\/07\/arriere-pays3_65815.jpeg\",\"datePublished\":\"2025-05-22T07:26:45+00:00\",\"dateModified\":\"2026-03-12T02:37:17+00:00\",\"breadcrumb\":{\"@id\":\"https:\/\/www.carlton-international.com\/de\/vermietung\/ferienvermietung-an-der-cote-dazur\/saison-vermietung\/saint-tropez-umgebung\/rayol-canadel-sur-mer\/#breadcrumb\"},\"inLanguage\":\"de\",\"potentialAction\":[{\"@type\":\"ReadAction\",\"target\":[\"https:\/\/www.carlton-international.com\/de\/vermietung\/ferienvermietung-an-der-cote-dazur\/saison-vermietung\/saint-tropez-umgebung\/rayol-canadel-sur-mer\/\"]}]},{\"@type\":\"ImageObject\",\"inLanguage\":\"de\",\"@id\":\"https:\/\/www.carlton-international.com\/de\/vermietung\/ferienvermietung-an-der-cote-dazur\/saison-vermietung\/saint-tropez-umgebung\/rayol-canadel-sur-mer\/#primaryimage\",\"url\":\"https:\/\/www.carlton-international.com\/wp-content\/uploads\/2023\/07\/arriere-pays3_65815.jpeg\",\"contentUrl\":\"https:\/\/www.carlton-international.com\/wp-content\/uploads\/2023\/07\/arriere-pays3_65815.jpeg\",\"width\":649,\"height\":487,\"caption\":\"Luxury Villas In Cannes Countryside\"},{\"@type\":\"BreadcrumbList\",\"@id\":\"https:\/\/www.carlton-international.com\/de\/vermietung\/ferienvermietung-an-der-cote-dazur\/saison-vermietung\/saint-tropez-umgebung\/rayol-canadel-sur-mer\/#breadcrumb\",\"itemListElement\":[{\"@type\":\"ListItem\",\"position\":1,\"name\":\"Accueil\",\"item\":\"https:\/\/www.carlton-international.com\/de\/\"},{\"@type\":\"ListItem\",\"position\":2,\"name\":\"Vermietung\",\"item\":\"https:\/\/www.carlton-international.com\/de\/vermietung\/\"},{\"@type\":\"ListItem\",\"position\":3,\"name\":\"Ferienvermietung an der C\u00f4te d\u2019Azur\",\"item\":\"https:\/\/www.carlton-international.com\/de\/vermietung\/ferienvermietung-an-der-cote-dazur\/\"},{\"@type\":\"ListItem\",\"position\":4,\"name\":\"Saison vermietung\",\"item\":\"https:\/\/www.carlton-international.com\/de\/vermietung\/ferienvermietung-an-der-cote-dazur\/saison-vermietung\/\"},{\"@type\":\"ListItem\",\"position\":5,\"name\":\"Saint-Tropez &#038; Umgebung\",\"item\":\"https:\/\/www.carlton-international.com\/de\/vermietung\/ferienvermietung-an-der-cote-dazur\/saison-vermietung\/saint-tropez-umgebung\/\"},{\"@type\":\"ListItem\",\"position\":6,\"name\":\"Rayol-Canadel-sur-Mer\"}]},{\"@type\":\"WebSite\",\"@id\":\"https:\/\/www.carlton-international.com\/de\/#website\",\"url\":\"https:\/\/www.carlton-international.com\/de\/\",\"name\":\"Carlton International\",\"description\":\"Luxury Real Estate in France and Internationally\",\"publisher\":{\"@id\":\"https:\/\/www.carlton-international.com\/de\/#organization\"},\"alternateName\":\"Carlton\",\"potentialAction\":[{\"@type\":\"SearchAction\",\"target\":{\"@type\":\"EntryPoint\",\"urlTemplate\":\"https:\/\/www.carlton-international.com\/de\/?s={search_term_string}\"},\"query-input\":{\"@type\":\"PropertyValueSpecification\",\"valueRequired\":true,\"valueName\":\"search_term_string\"}}],\"inLanguage\":\"de\"},{\"@type\":\"Organization\",\"@id\":\"https:\/\/www.carlton-international.com\/de\/#organization\",\"name\":\"Carlton International\",\"alternateName\":\"Carlton\",\"url\":\"https:\/\/www.carlton-international.com\/de\/\",\"logo\":{\"@type\":\"ImageObject\",\"inLanguage\":\"de\",\"@id\":\"https:\/\/www.carlton-international.com\/de\/#\/schema\/logo\/image\/\",\"url\":\"https:\/\/www.carlton-international.com\/wp-content\/uploads\/2024\/10\/logo-square-1.jpg\",\"contentUrl\":\"https:\/\/www.carlton-international.com\/wp-content\/uploads\/2024\/10\/logo-square-1.jpg\",\"width\":240,\"height\":240,\"caption\":\"Carlton International\"},\"image\":{\"@id\":\"https:\/\/www.carlton-international.com\/de\/#\/schema\/logo\/image\/\"},\"sameAs\":[\"https:\/\/www.facebook.com\/CarltonInternationalRealEstate\/\",\"https:\/\/x.com\/CarltonInter\",\"https:\/\/www.instagram.com\/carlton.international\/\",\"https:\/\/www.linkedin.com\/company\/carlton-international\/mycompany\/\",\"https:\/\/www.youtube.com\/channel\/UC45DFaSawRRikZFLqr2C_XQ\"]}]}<\/script>\n<!-- \/ Yoast SEO Premium plugin. -->","yoast_head_json":{"title":"Rayol-Canadel-sur-Mer - Carlton International","robots":{"index":"index","follow":"follow","max-snippet":"max-snippet:-1","max-image-preview":"max-image-preview:large","max-video-preview":"max-video-preview:-1"},"canonical":"https:\/\/www.carlton-international.com\/de\/vermietung\/ferienvermietung-an-der-cote-dazur\/saison-vermietung\/saint-tropez-umgebung\/rayol-canadel-sur-mer\/","og_locale":"de_DE","og_type":"article","og_title":"Rayol-Canadel-sur-Mer","og_url":"https:\/\/www.carlton-international.com\/de\/vermietung\/ferienvermietung-an-der-cote-dazur\/saison-vermietung\/saint-tropez-umgebung\/rayol-canadel-sur-mer\/","og_site_name":"Carlton International","article_publisher":"https:\/\/www.facebook.com\/CarltonInternationalRealEstate\/","article_modified_time":"2026-03-12T02:37:17+00:00","og_image":[{"width":649,"height":487,"url":"https:\/\/www.carlton-international.com\/wp-content\/uploads\/2023\/07\/arriere-pays3_65815.jpeg","type":"image\/jpeg"}],"twitter_card":"summary_large_image","twitter_site":"@CarltonInter","twitter_misc":{"Gesch\u00e4tzte Lesezeit":"2\u00a0Minuten"},"schema":{"@context":"https:\/\/schema.org","@graph":[{"@type":"WebPage","@id":"https:\/\/www.carlton-international.com\/de\/vermietung\/ferienvermietung-an-der-cote-dazur\/saison-vermietung\/saint-tropez-umgebung\/rayol-canadel-sur-mer\/","url":"https:\/\/www.carlton-international.com\/de\/vermietung\/ferienvermietung-an-der-cote-dazur\/saison-vermietung\/saint-tropez-umgebung\/rayol-canadel-sur-mer\/","name":"Rayol-Canadel-sur-Mer - Carlton International","isPartOf":{"@id":"https:\/\/www.carlton-international.com\/de\/#website"},"primaryImageOfPage":{"@id":"https:\/\/www.carlton-international.com\/de\/vermietung\/ferienvermietung-an-der-cote-dazur\/saison-vermietung\/saint-tropez-umgebung\/rayol-canadel-sur-mer\/#primaryimage"},"image":{"@id":"https:\/\/www.carlton-international.com\/de\/vermietung\/ferienvermietung-an-der-cote-dazur\/saison-vermietung\/saint-tropez-umgebung\/rayol-canadel-sur-mer\/#primaryimage"},"thumbnailUrl":"https:\/\/www.carlton-international.com\/wp-content\/uploads\/2023\/07\/arriere-pays3_65815.jpeg","datePublished":"2025-05-22T07:26:45+00:00","dateModified":"2026-03-12T02:37:17+00:00","breadcrumb":{"@id":"https:\/\/www.carlton-international.com\/de\/vermietung\/ferienvermietung-an-der-cote-dazur\/saison-vermietung\/saint-tropez-umgebung\/rayol-canadel-sur-mer\/#breadcrumb"},"inLanguage":"de","potentialAction":[{"@type":"ReadAction","target":["https:\/\/www.carlton-international.com\/de\/vermietung\/ferienvermietung-an-der-cote-dazur\/saison-vermietung\/saint-tropez-umgebung\/rayol-canadel-sur-mer\/"]}]},{"@type":"ImageObject","inLanguage":"de","@id":"https:\/\/www.carlton-international.com\/de\/vermietung\/ferienvermietung-an-der-cote-dazur\/saison-vermietung\/saint-tropez-umgebung\/rayol-canadel-sur-mer\/#primaryimage","url":"https:\/\/www.carlton-international.com\/wp-content\/uploads\/2023\/07\/arriere-pays3_65815.jpeg","contentUrl":"https:\/\/www.carlton-international.com\/wp-content\/uploads\/2023\/07\/arriere-pays3_65815.jpeg","width":649,"height":487,"caption":"Luxury Villas In Cannes Countryside"},{"@type":"BreadcrumbList","@id":"https:\/\/www.carlton-international.com\/de\/vermietung\/ferienvermietung-an-der-cote-dazur\/saison-vermietung\/saint-tropez-umgebung\/rayol-canadel-sur-mer\/#breadcrumb","itemListElement":[{"@type":"ListItem","position":1,"name":"Accueil","item":"https:\/\/www.carlton-international.com\/de\/"},{"@type":"ListItem","position":2,"name":"Vermietung","item":"https:\/\/www.carlton-international.com\/de\/vermietung\/"},{"@type":"ListItem","position":3,"name":"Ferienvermietung an der C\u00f4te d\u2019Azur","item":"https:\/\/www.carlton-international.com\/de\/vermietung\/ferienvermietung-an-der-cote-dazur\/"},{"@type":"ListItem","position":4,"name":"Saison vermietung","item":"https:\/\/www.carlton-international.com\/de\/vermietung\/ferienvermietung-an-der-cote-dazur\/saison-vermietung\/"},{"@type":"ListItem","position":5,"name":"Saint-Tropez &#038; Umgebung","item":"https:\/\/www.carlton-international.com\/de\/vermietung\/ferienvermietung-an-der-cote-dazur\/saison-vermietung\/saint-tropez-umgebung\/"},{"@type":"ListItem","position":6,"name":"Rayol-Canadel-sur-Mer"}]},{"@type":"WebSite","@id":"https:\/\/www.carlton-international.com\/de\/#website","url":"https:\/\/www.carlton-international.com\/de\/","name":"Carlton International","description":"Luxury Real Estate in France and Internationally","publisher":{"@id":"https:\/\/www.carlton-international.com\/de\/#organization"},"alternateName":"Carlton","potentialAction":[{"@type":"SearchAction","target":{"@type":"EntryPoint","urlTemplate":"https:\/\/www.carlton-international.com\/de\/?s={search_term_string}"},"query-input":{"@type":"PropertyValueSpecification","valueRequired":true,"valueName":"search_term_string"}}],"inLanguage":"de"},{"@type":"Organization","@id":"https:\/\/www.carlton-international.com\/de\/#organization","name":"Carlton International","alternateName":"Carlton","url":"https:\/\/www.carlton-international.com\/de\/","logo":{"@type":"ImageObject","inLanguage":"de","@id":"https:\/\/www.carlton-international.com\/de\/#\/schema\/logo\/image\/","url":"https:\/\/www.carlton-international.com\/wp-content\/uploads\/2024\/10\/logo-square-1.jpg","contentUrl":"https:\/\/www.carlton-international.com\/wp-content\/uploads\/2024\/10\/logo-square-1.jpg","width":240,"height":240,"caption":"Carlton International"},"image":{"@id":"https:\/\/www.carlton-international.com\/de\/#\/schema\/logo\/image\/"},"sameAs":["https:\/\/www.facebook.com\/CarltonInternationalRealEstate\/","https:\/\/x.com\/CarltonInter","https:\/\/www.instagram.com\/carlton.international\/","https:\/\/www.linkedin.com\/company\/carlton-international\/mycompany\/","https:\/\/www.youtube.com\/channel\/UC45DFaSawRRikZFLqr2C_XQ"]}]}},"_links":{"self":[{"href":"https:\/\/www.carlton-international.com\/de\/wp-json\/wp\/v2\/pages\/3407480","targetHints":{"allow":["GET"]}}],"collection":[{"href":"https:\/\/www.carlton-international.com\/de\/wp-json\/wp\/v2\/pages"}],"about":[{"href":"https:\/\/www.carlton-international.com\/de\/wp-json\/wp\/v2\/types\/page"}],"author":[{"embeddable":true,"href":"https:\/\/www.carlton-international.com\/de\/wp-json\/wp\/v2\/users\/9"}],"replies":[{"embeddable":true,"href":"https:\/\/www.carlton-international.com\/de\/wp-json\/wp\/v2\/comments?post=3407480"}],"version-history":[{"count":1,"href":"https:\/\/www.carlton-international.com\/de\/wp-json\/wp\/v2\/pages\/3407480\/revisions"}],"predecessor-version":[{"id":4312760,"href":"https:\/\/www.carlton-international.com\/de\/wp-json\/wp\/v2\/pages\/3407480\/revisions\/4312760"}],"up":[{"embeddable":true,"href":"https:\/\/www.carlton-international.com\/de\/wp-json\/wp\/v2\/pages\/3407161"}],"wp:featuredmedia":[{"embeddable":true,"href":"https:\/\/www.carlton-international.com\/de\/wp-json\/wp\/v2\/media\/2457562"}],"wp:attachment":[{"href":"https:\/\/www.carlton-international.com\/de\/wp-json\/wp\/v2\/media?parent=3407480"}],"curies":[{"name":"wp","href":"https:\/\/api.w.org\/{rel}","templated":true}]}}