{"id":2457590,"date":"2023-04-11T14:58:45","date_gmt":"2023-04-11T12:58:45","guid":{"rendered":"https:\/\/www.carlton-international.com\/our-fees\/"},"modified":"2025-07-17T10:39:29","modified_gmt":"2025-07-17T08:39:29","slug":"our-fees","status":"publish","type":"page","link":"https:\/\/www.carlton-international.com\/de\/our-fees\/","title":{"rendered":"Our Fees"},"content":{"rendered":"\t\t<div data-elementor-type=\"wp-page\" data-elementor-id=\"2457590\" class=\"elementor elementor-2457590 elementor-931335\" data-elementor-post-type=\"page\">\n\t\t\t\t<div data-dce-background-image-url=\"https:\/\/www.carlton-international.com\/wp-content\/uploads\/2023\/03\/Groupe-143.jpg\" class=\"elementor-element elementor-element-1ce4be8 e-flex e-con-boxed e-con e-parent\" data-id=\"1ce4be8\" data-element_type=\"container\" data-settings=\"{&quot;background_background&quot;:&quot;classic&quot;,&quot;jet_parallax_layout_list&quot;:[]}\">\n\t\t\t\t\t<div class=\"e-con-inner\">\n\t\t\t\t<div class=\"elementor-element elementor-element-737f6a1 elementor-widget elementor-widget-heading\" data-id=\"737f6a1\" data-element_type=\"widget\" data-widget_type=\"heading.default\">\n\t\t\t\t\t<h1 class=\"elementor-heading-title elementor-size-default\">Honorare<\/h1>\t\t\t\t<\/div>\n\t\t\t\t\t<\/div>\n\t\t\t\t<\/div>\n\t\t<div class=\"elementor-element elementor-element-4c9b35c e-con-full e-flex e-con e-parent\" data-id=\"4c9b35c\" data-element_type=\"container\" data-settings=\"{&quot;jet_parallax_layout_list&quot;:[]}\">\n\t\t\t\t<div class=\"elementor-element elementor-element-a42f441 elementor-widget elementor-widget-heading\" data-id=\"a42f441\" data-element_type=\"widget\" data-widget_type=\"heading.default\">\n\t\t\t\t\t<h2 class=\"elementor-heading-title elementor-size-default\">Unsere Honorare<\/h2>\t\t\t\t<\/div>\n\t\t\t\t<div class=\"elementor-element elementor-element-ef0fa10 elementor-widget elementor-widget-jet-table\" data-id=\"ef0fa10\" data-element_type=\"widget\" data-widget_type=\"jet-table.default\">\n\t\t\t\t<div class=\"elementor-widget-container\">\n\t\t\t\t\t<div class=\"elementor-jet-table jet-elements\">\n\t\t<div class=\"jet-table-wrapper\">\n\t\t\t<table class=\"jet-table jet-table--fa5-compat\">\n\t\t\t\t<thead class=\"jet-table__head\"><tr class=\"jet-table__head-row\"><th class=\"jet-table__cell elementor-repeater-item-4ec9e83 jet-table__head-cell\" scope=\"col\"><div class=\"jet-table__cell-inner\"><div class=\"jet-table__cell-content\"><div class=\"jet-table__cell-text\">Tipo de Transa\u00e7\u00e3o<\/div><\/div><\/div><\/th><th class=\"jet-table__cell elementor-repeater-item-e0b0705 jet-table__head-cell\" scope=\"col\"><div class=\"jet-table__cell-inner\"><div class=\"jet-table__cell-content\"><div class=\"jet-table__cell-text\">Pre\u00e7o<\/div><\/div><\/div><\/th><th class=\"jet-table__cell elementor-repeater-item-7600abd jet-table__head-cell\" scope=\"col\"><div class=\"jet-table__cell-inner\"><div class=\"jet-table__cell-content\"><div class=\"jet-table__cell-text\">Taxas Inclu\u00eddas<\/div><\/div><\/div><\/th><\/tr><\/thead>\n\t\t\t\t\t\t\t\t<tbody class=\"jet-table__body\"><tr class=\"jet-table__body-row elementor-repeater-item-801799c\"><td class=\"jet-table__cell elementor-repeater-item-1ee8d99 jet-table__body-cell\"><div class=\"jet-table__cell-inner\"><div class=\"jet-table__cell-content\"><div class=\"jet-table__cell-text\">Para Venda<\/div><\/div><\/div><\/td><td class=\"jet-table__cell elementor-repeater-item-7da7e5c jet-table__body-cell\"><div class=\"jet-table__cell-inner\"><div class=\"jet-table__cell-content\"><div class=\"jet-table__cell-text\">>0\u20ac<\/div><\/div><\/div><\/td><td class=\"jet-table__cell elementor-repeater-item-8c94741 jet-table__body-cell\"><div class=\"jet-table__cell-inner\"><div class=\"jet-table__cell-content\"><div class=\"jet-table__cell-text\">6,00% (Comiss\u00e3o a cargo do vendedor)<\/div><\/div><\/div><\/td><\/tr><\/tbody>\n\t\t\t<\/table>\n\t\t<\/div>\n\n\t\t<\/div>\t\t\t\t<\/div>\n\t\t\t\t<\/div>\n\t\t\t\t<\/div>\n\t\t\t\t<\/div>\n\t\t","protected":false},"excerpt":{"rendered":"<p>Honorare Unsere Honorare Tipo de Transa\u00e7\u00e3o Pre\u00e7o Taxas Inclu\u00eddas Para Venda >0\u20ac 6,00% (Comiss\u00e3o a cargo do vendedor)<\/p>\n","protected":false},"author":3,"featured_media":0,"parent":0,"menu_order":0,"comment_status":"closed","ping_status":"closed","template":"","meta":{"_acf_changed":false,"footnotes":"","_wp_rev_ctl_limit":""},"class_list":["post-2457590","page","type-page","status-publish","hentry"],"acf":[],"yoast_head":"<!-- This site is optimized with the Yoast SEO Premium plugin v20.11 (Yoast SEO v26.5) - https:\/\/yoast.com\/wordpress\/plugins\/seo\/ -->\n<title>Sales &amp; Rental Fees | Carlton International<\/title>\n<meta name=\"description\" content=\"Find out more about our fees. Carlton International charge fees for our professional real estate services on the French Riviera.\" \/>\n<meta name=\"robots\" content=\"index, follow, max-snippet:-1, max-image-preview:large, max-video-preview:-1\" \/>\n<link rel=\"canonical\" href=\"https:\/\/www.carlton-international.com\/de\/our-fees\/\" \/>\n<meta property=\"og:locale\" content=\"de_DE\" \/>\n<meta property=\"og:type\" content=\"article\" \/>\n<meta property=\"og:title\" content=\"Our Fees\" \/>\n<meta property=\"og:description\" content=\"Find out more about our fees. Carlton International charge fees for our professional real estate services on the French Riviera.\" \/>\n<meta property=\"og:url\" content=\"https:\/\/www.carlton-international.com\/de\/our-fees\/\" \/>\n<meta property=\"og:site_name\" content=\"Carlton International\" \/>\n<meta property=\"article:publisher\" content=\"https:\/\/www.facebook.com\/CarltonInternationalRealEstate\/\" \/>\n<meta property=\"article:modified_time\" content=\"2025-07-17T08:39:29+00:00\" \/>\n<meta name=\"twitter:card\" content=\"summary_large_image\" \/>\n<meta name=\"twitter:site\" content=\"@CarltonInter\" \/>\n<meta name=\"twitter:label1\" content=\"Gesch\u00e4tzte Lesezeit\" \/>\n\t<meta name=\"twitter:data1\" content=\"1\u00a0Minute\" \/>\n<script type=\"application\/ld+json\" class=\"yoast-schema-graph\">{\"@context\":\"https:\/\/schema.org\",\"@graph\":[{\"@type\":\"WebPage\",\"@id\":\"https:\/\/www.carlton-international.com\/de\/our-fees\/\",\"url\":\"https:\/\/www.carlton-international.com\/de\/our-fees\/\",\"name\":\"Sales & Rental Fees | Carlton International\",\"isPartOf\":{\"@id\":\"https:\/\/www.carlton-international.com\/de\/#website\"},\"datePublished\":\"2023-04-11T12:58:45+00:00\",\"dateModified\":\"2025-07-17T08:39:29+00:00\",\"description\":\"Find out more about our fees. Carlton International charge fees for our professional real estate services on the French Riviera.\",\"breadcrumb\":{\"@id\":\"https:\/\/www.carlton-international.com\/de\/our-fees\/#breadcrumb\"},\"inLanguage\":\"de\",\"potentialAction\":[{\"@type\":\"ReadAction\",\"target\":[\"https:\/\/www.carlton-international.com\/de\/our-fees\/\"]}]},{\"@type\":\"BreadcrumbList\",\"@id\":\"https:\/\/www.carlton-international.com\/de\/our-fees\/#breadcrumb\",\"itemListElement\":[{\"@type\":\"ListItem\",\"position\":1,\"name\":\"Accueil\",\"item\":\"https:\/\/www.carlton-international.com\/de\/\"},{\"@type\":\"ListItem\",\"position\":2,\"name\":\"Our Fees\"}]},{\"@type\":\"WebSite\",\"@id\":\"https:\/\/www.carlton-international.com\/de\/#website\",\"url\":\"https:\/\/www.carlton-international.com\/de\/\",\"name\":\"Carlton International\",\"description\":\"Luxury Real Estate in France and Internationally\",\"publisher\":{\"@id\":\"https:\/\/www.carlton-international.com\/de\/#organization\"},\"alternateName\":\"Carlton\",\"potentialAction\":[{\"@type\":\"SearchAction\",\"target\":{\"@type\":\"EntryPoint\",\"urlTemplate\":\"https:\/\/www.carlton-international.com\/de\/?s={search_term_string}\"},\"query-input\":{\"@type\":\"PropertyValueSpecification\",\"valueRequired\":true,\"valueName\":\"search_term_string\"}}],\"inLanguage\":\"de\"},{\"@type\":\"Organization\",\"@id\":\"https:\/\/www.carlton-international.com\/de\/#organization\",\"name\":\"Carlton International\",\"alternateName\":\"Carlton\",\"url\":\"https:\/\/www.carlton-international.com\/de\/\",\"logo\":{\"@type\":\"ImageObject\",\"inLanguage\":\"de\",\"@id\":\"https:\/\/www.carlton-international.com\/de\/#\/schema\/logo\/image\/\",\"url\":\"https:\/\/www.carlton-international.com\/wp-content\/uploads\/2024\/10\/logo-square-1.jpg\",\"contentUrl\":\"https:\/\/www.carlton-international.com\/wp-content\/uploads\/2024\/10\/logo-square-1.jpg\",\"width\":240,\"height\":240,\"caption\":\"Carlton International\"},\"image\":{\"@id\":\"https:\/\/www.carlton-international.com\/de\/#\/schema\/logo\/image\/\"},\"sameAs\":[\"https:\/\/www.facebook.com\/CarltonInternationalRealEstate\/\",\"https:\/\/x.com\/CarltonInter\",\"https:\/\/www.instagram.com\/carlton.international\/\",\"https:\/\/www.linkedin.com\/company\/carlton-international\/mycompany\/\",\"https:\/\/www.youtube.com\/channel\/UC45DFaSawRRikZFLqr2C_XQ\"]}]}<\/script>\n<!-- \/ Yoast SEO Premium plugin. -->","yoast_head_json":{"title":"Sales & Rental Fees | Carlton International","description":"Find out more about our fees. Carlton International charge fees for our professional real estate services on the French Riviera.","robots":{"index":"index","follow":"follow","max-snippet":"max-snippet:-1","max-image-preview":"max-image-preview:large","max-video-preview":"max-video-preview:-1"},"canonical":"https:\/\/www.carlton-international.com\/de\/our-fees\/","og_locale":"de_DE","og_type":"article","og_title":"Our Fees","og_description":"Find out more about our fees. Carlton International charge fees for our professional real estate services on the French Riviera.","og_url":"https:\/\/www.carlton-international.com\/de\/our-fees\/","og_site_name":"Carlton International","article_publisher":"https:\/\/www.facebook.com\/CarltonInternationalRealEstate\/","article_modified_time":"2025-07-17T08:39:29+00:00","twitter_card":"summary_large_image","twitter_site":"@CarltonInter","twitter_misc":{"Gesch\u00e4tzte Lesezeit":"1\u00a0Minute"},"schema":{"@context":"https:\/\/schema.org","@graph":[{"@type":"WebPage","@id":"https:\/\/www.carlton-international.com\/de\/our-fees\/","url":"https:\/\/www.carlton-international.com\/de\/our-fees\/","name":"Sales & Rental Fees | Carlton International","isPartOf":{"@id":"https:\/\/www.carlton-international.com\/de\/#website"},"datePublished":"2023-04-11T12:58:45+00:00","dateModified":"2025-07-17T08:39:29+00:00","description":"Find out more about our fees. Carlton International charge fees for our professional real estate services on the French Riviera.","breadcrumb":{"@id":"https:\/\/www.carlton-international.com\/de\/our-fees\/#breadcrumb"},"inLanguage":"de","potentialAction":[{"@type":"ReadAction","target":["https:\/\/www.carlton-international.com\/de\/our-fees\/"]}]},{"@type":"BreadcrumbList","@id":"https:\/\/www.carlton-international.com\/de\/our-fees\/#breadcrumb","itemListElement":[{"@type":"ListItem","position":1,"name":"Accueil","item":"https:\/\/www.carlton-international.com\/de\/"},{"@type":"ListItem","position":2,"name":"Our Fees"}]},{"@type":"WebSite","@id":"https:\/\/www.carlton-international.com\/de\/#website","url":"https:\/\/www.carlton-international.com\/de\/","name":"Carlton International","description":"Luxury Real Estate in France and Internationally","publisher":{"@id":"https:\/\/www.carlton-international.com\/de\/#organization"},"alternateName":"Carlton","potentialAction":[{"@type":"SearchAction","target":{"@type":"EntryPoint","urlTemplate":"https:\/\/www.carlton-international.com\/de\/?s={search_term_string}"},"query-input":{"@type":"PropertyValueSpecification","valueRequired":true,"valueName":"search_term_string"}}],"inLanguage":"de"},{"@type":"Organization","@id":"https:\/\/www.carlton-international.com\/de\/#organization","name":"Carlton International","alternateName":"Carlton","url":"https:\/\/www.carlton-international.com\/de\/","logo":{"@type":"ImageObject","inLanguage":"de","@id":"https:\/\/www.carlton-international.com\/de\/#\/schema\/logo\/image\/","url":"https:\/\/www.carlton-international.com\/wp-content\/uploads\/2024\/10\/logo-square-1.jpg","contentUrl":"https:\/\/www.carlton-international.com\/wp-content\/uploads\/2024\/10\/logo-square-1.jpg","width":240,"height":240,"caption":"Carlton International"},"image":{"@id":"https:\/\/www.carlton-international.com\/de\/#\/schema\/logo\/image\/"},"sameAs":["https:\/\/www.facebook.com\/CarltonInternationalRealEstate\/","https:\/\/x.com\/CarltonInter","https:\/\/www.instagram.com\/carlton.international\/","https:\/\/www.linkedin.com\/company\/carlton-international\/mycompany\/","https:\/\/www.youtube.com\/channel\/UC45DFaSawRRikZFLqr2C_XQ"]}]}},"jetpack_sharing_enabled":true,"_links":{"self":[{"href":"https:\/\/www.carlton-international.com\/de\/wp-json\/wp\/v2\/pages\/2457590","targetHints":{"allow":["GET"]}}],"collection":[{"href":"https:\/\/www.carlton-international.com\/de\/wp-json\/wp\/v2\/pages"}],"about":[{"href":"https:\/\/www.carlton-international.com\/de\/wp-json\/wp\/v2\/types\/page"}],"author":[{"embeddable":true,"href":"https:\/\/www.carlton-international.com\/de\/wp-json\/wp\/v2\/users\/3"}],"replies":[{"embeddable":true,"href":"https:\/\/www.carlton-international.com\/de\/wp-json\/wp\/v2\/comments?post=2457590"}],"version-history":[{"count":0,"href":"https:\/\/www.carlton-international.com\/de\/wp-json\/wp\/v2\/pages\/2457590\/revisions"}],"wp:attachment":[{"href":"https:\/\/www.carlton-international.com\/de\/wp-json\/wp\/v2\/media?parent=2457590"}],"curies":[{"name":"wp","href":"https:\/\/api.w.org\/{rel}","templated":true}]}}