{"id":2457586,"date":"2023-04-11T15:00:14","date_gmt":"2023-04-11T13:00:14","guid":{"rendered":"https:\/\/www.carlton-international.com\/personal-data-policy\/"},"modified":"2025-06-06T10:45:00","modified_gmt":"2025-06-06T08:45:00","slug":"personal-data-policy","status":"publish","type":"page","link":"https:\/\/www.carlton-international.com\/de\/personal-data-policy\/","title":{"rendered":"Personal Data Policy"},"content":{"rendered":"\t\t<div data-elementor-type=\"wp-page\" data-elementor-id=\"2457586\" class=\"elementor elementor-2457586 elementor-931338\" data-elementor-post-type=\"page\">\n\t\t\t\t<div data-dce-background-image-url=\"https:\/\/www.carlton-international.com\/wp-content\/uploads\/2023\/03\/Groupe-143.jpg\" class=\"elementor-element elementor-element-a035f88 e-flex e-con-boxed e-con e-parent\" data-id=\"a035f88\" data-element_type=\"container\" data-settings=\"{&quot;background_background&quot;:&quot;classic&quot;,&quot;jet_parallax_layout_list&quot;:[]}\">\n\t\t\t\t\t<div class=\"e-con-inner\">\n\t\t\t\t<div class=\"elementor-element elementor-element-e324656 elementor-widget elementor-widget-heading\" data-id=\"e324656\" data-element_type=\"widget\" data-widget_type=\"heading.default\">\n\t\t\t\t\t<h1 class=\"elementor-heading-title elementor-size-default\">Personenbezogene Daten<\/h1>\t\t\t\t<\/div>\n\t\t\t\t\t<\/div>\n\t\t\t\t<\/div>\n\t\t<div class=\"elementor-element elementor-element-696fa40 e-con-full e-flex e-con e-parent\" data-id=\"696fa40\" data-element_type=\"container\" data-settings=\"{&quot;jet_parallax_layout_list&quot;:[]}\">\n\t\t\t\t<div class=\"elementor-element elementor-element-ecb1d17 elementor-widget elementor-widget-text-editor\" data-id=\"ecb1d17\" data-element_type=\"widget\" data-widget_type=\"text-editor.default\">\n\t\t\t\t\t\t\t\t\t<div class=\"modal-body\"><p>Die Nutzung der Website unterliegt den folgenden Bedingungen. Der Zugriff auf die Website und das Navigieren darauf bedeuten die Annahme dieser Bedingungen:<\/p><h2 class=\"mentionLegales\">Begriffsbestimmungen<\/h2><p>Website: Bezeichnet die Internetseite, auf die Sie \u00fcber Ihren Internetbrowser zugreifen.<br data-start=\"135\" data-end=\"138\" \/>Agentur: Bezeichnet die auf der Website vertretene(n) Immobilienagentur(en), die die Anzeigen ver\u00f6ffentlicht\/ver\u00f6ffentlichen und die vom Nutzer in den Kontaktformularen eingegebenen Daten erfassen.<\/p><h2 class=\"mentionLegales\">Personenbezogene Daten<\/h2><p data-start=\"178\" data-end=\"253\">Die auf der Website erhobenen personenbezogenen Daten k\u00f6nnen folgende sein:<\/p><p data-start=\"255\" data-end=\"740\"><strong data-start=\"255\" data-end=\"267\">Cookies:<\/strong> Im Rahmen der Nutzung der Website werden Cookies verwendet, um bestimmte Informationen zu sammeln (insbesondere Ihre IP-Adresse, Informationen \u00fcber das zum Surfen verwendete Ger\u00e4t, die Art der Verbindung, Typ und Version des Internetbrowsers, Betriebssystem und andere technische Kennungen sowie die URL der Verbindungen, einschlie\u00dflich Datum und Uhrzeit sowie aufgerufene Inhalte). Sie haben die M\u00f6glichkeit, Cookies \u00fcber die Einstellungen Ihres Browsers zu deaktivieren.<\/p><p data-start=\"742\" data-end=\"878\"><strong data-start=\"742\" data-end=\"762\">Kontaktformular:<\/strong> Beim Ausf\u00fcllen des Kontaktformulars werden Ihr Vorname, Nachname, Ihre E-Mail-Adresse sowie Ihre Nachricht erfasst.<\/p><p data-start=\"880\" data-end=\"937\">Die Hauptverwendungen Ihrer personenbezogenen Daten sind:<\/p><p data-start=\"941\" data-end=\"977\">Verwaltung der Beziehung zu Ihnen;<\/p><p data-start=\"980\" data-end=\"1098\">Bereitstellung personalisierter Inhalte und Dienste basierend auf Ihrem Surfverlauf, Ihren Pr\u00e4ferenzen und Interessen.<\/p><p data-start=\"1100\" data-end=\"1445\">Wenn bestimmte Informationen erforderlich sind, um auf bestimmte Funktionen der Website zuzugreifen, wird dies zum Zeitpunkt der Dateneingabe ausdr\u00fccklich angegeben. Sollten Sie sich weigern, diese Pflichtangaben bereitzustellen, kann der Zugriff auf bestimmte Dienste, Funktionen oder Bereiche der Website eingeschr\u00e4nkt oder nicht m\u00f6glich sein.<\/p><p data-start=\"1447\" data-end=\"1552\">Ihre personenbezogenen Daten werden f\u00fcr einen Zeitraum von h\u00f6chstens 36 Monaten gespeichert, es sei denn:<\/p><p data-start=\"1556\" data-end=\"1660\">Sie machen eines der Ihnen gesetzlich zustehenden Rechte gem\u00e4\u00df den untenstehenden Bedingungen geltend;<\/p><p data-start=\"1663\" data-end=\"1754\">Eine l\u00e4ngere Speicherfrist ist gesetzlich oder regulatorisch erlaubt oder vorgeschrieben;<\/p><p data-start=\"1757\" data-end=\"1859\">Das Vertragsverh\u00e4ltnis wird fortgesetzt oder erneuert, etwa durch weitere gesch\u00e4ftliche Interaktionen.<\/p><p data-start=\"1757\" data-end=\"1859\">W\u00e4hrend dieses Zeitraums ergreift die Website organisatorische, softwaretechnische, rechtliche, technische und physische Ma\u00dfnahmen, um die Vertraulichkeit und Sicherheit Ihrer personenbezogenen Daten zu gew\u00e4hrleisten und insbesondere deren Besch\u00e4digung, L\u00f6schung oder den Zugriff durch unbefugte Dritte zu verhindern.<\/p><h2 class=\"mentionLegales\">Zugriff auf personenbezogene Daten<\/h2><p data-start=\"179\" data-end=\"741\">Der Zugriff auf Ihre personenbezogenen Daten ist streng auf das Personal und die Vertriebsmitarbeiter der Agentur beschr\u00e4nkt, die aufgrund ihrer Aufgaben hierzu befugt sind und einer Vertraulichkeitspflicht unterliegen. Die erhobenen Daten k\u00f6nnen jedoch gegebenenfalls an Auftragsverarbeiter weitergegeben werden, die vertraglich mit der Ausf\u00fchrung der f\u00fcr den ordnungsgem\u00e4\u00dfen Betrieb der Website und ihrer Dienste sowie f\u00fcr die Verwaltung der Kundenbeziehung notwendigen Aufgaben betraut sind \u2013 und dies ohne dass Ihre ausdr\u00fcckliche Zustimmung erforderlich ist.<\/p><p data-start=\"743\" data-end=\"975\">Es wird darauf hingewiesen, dass diese Auftragsverarbeiter im Rahmen ihrer T\u00e4tigkeit nur eingeschr\u00e4nkten Zugriff auf Ihre Daten haben und vertraglich verpflichtet sind, diese gem\u00e4\u00df den geltenden Datenschutzvorschriften zu verwenden.<\/p><p data-start=\"977\" data-end=\"1355\">Abgesehen von den oben genannten F\u00e4llen verpflichtet sich die Agentur, Ihre Daten nicht ohne Ihre vorherige Zustimmung zu verkaufen, zu vermieten, weiterzugeben oder Dritten zug\u00e4nglich zu machen, es sei denn, sie ist dazu aus berechtigten Gr\u00fcnden verpflichtet (z.\u202fB. gesetzliche Verpflichtung, Betrugsbek\u00e4mpfung, Missbrauchsverhinderung, Aus\u00fcbung von Verteidigungsrechten usw.).<\/p><p data-start=\"1362\" data-end=\"1672\">Gem\u00e4\u00df den geltenden gesetzlichen und regulatorischen Bestimmungen, insbesondere dem ge\u00e4nderten franz\u00f6sischen Datenschutzgesetz Nr. 78-17 vom 6. Januar 1978 sowie der Europ\u00e4ischen Datenschutz-Grundverordnung Nr. 2016\/679\/EU vom 27. April 2016 (g\u00fcltig seit dem 25. Mai 2018), stehen Ihnen folgende Rechte zu:<\/p><p data-start=\"69\" data-end=\"986\">Aus\u00fcbung Ihres Zugriffsrechts, um die personenbezogenen Daten, die Sie betreffen, einzusehen;<br data-start=\"166\" data-end=\"169\" \/>Anforderung der Aktualisierung Ihrer Daten, falls diese ungenau sind;<br data-start=\"242\" data-end=\"245\" \/>Anforderung der \u00dcbertragbarkeit oder L\u00f6schung Ihrer Daten;<br data-start=\"307\" data-end=\"310\" \/>Anforderung der Einschr\u00e4nkung der Verarbeitung Ihrer Daten;<br data-start=\"373\" data-end=\"376\" \/>Widerspruch aus berechtigten Gr\u00fcnden gegen die Verarbeitung Ihrer Daten;<br data-start=\"452\" data-end=\"455\" \/>Widerspruch oder Widerruf Ihrer Einwilligung zur Nutzung Ihrer Kontaktdaten durch unsere Dienste f\u00fcr den Versand unserer Werbeaktionen und Aufforderungen per E-Mail, SMS, Telefonanrufen und postalischer Post. Dieses Recht bleibt g\u00fcltig, unabh\u00e4ngig davon, ob die Informationen \u00fcber Sie direkt von Ihnen oder von Drittpartnern, denen Sie diese mitgeteilt haben, an uns \u00fcbermittelt wurden (in diesem Fall m\u00fcssen Sie die Abmeldelinks in unseren SMS oder E-Mails anklicken oder uns unter den nachstehenden Bedingungen kontaktieren).<\/p><p data-start=\"988\" data-end=\"1192\">Diese Rechte k\u00f6nnen Sie entweder durch \u00c4nderung der Einstellungen Ihres Kontos, direkt auf der Webseite unter der Rubrik \u201eKontakt\u201c, per Post oder per E-Mail an die im Impressum angegebene Adresse aus\u00fcben.<\/p><p data-start=\"1194\" data-end=\"1386\">Aus Sicherheitsgr\u00fcnden und zur Vermeidung betr\u00fcgerischer Anfragen muss dieser Antrag mit einem Identit\u00e4tsnachweis eingereicht werden. Der Nachweis wird nach Bearbeitung der Anfrage vernichtet.<\/p><p data-start=\"1388\" data-end=\"1620\">F\u00fcr weitere Informationen oder Beschwerden k\u00f6nnen Sie die Nationale Kommission f\u00fcr Informatik und Freiheitsrechte (Commission Nationale de l\u2019Informatique et des Libert\u00e9s, CNIL) kontaktieren (weitere Informationen unter www.cnil.fr).<\/p><\/div>\t\t\t\t\t\t\t\t<\/div>\n\t\t\t\t<\/div>\n\t\t\t\t<\/div>\n\t\t","protected":false},"excerpt":{"rendered":"<p>Personenbezogene Daten Die Nutzung der Website unterliegt den folgenden Bedingungen. Der Zugriff auf die Website und das Navigieren darauf bedeuten die Annahme dieser Bedingungen: Begriffsbestimmungen Website: Bezeichnet die Internetseite, auf die Sie \u00fcber Ihren Internetbrowser zugreifen.Agentur: Bezeichnet die auf der Website vertretene(n) Immobilienagentur(en), die die Anzeigen ver\u00f6ffentlicht\/ver\u00f6ffentlichen und die vom Nutzer in den Kontaktformularen eingegebenen [&hellip;]<\/p>\n","protected":false},"author":3,"featured_media":0,"parent":0,"menu_order":0,"comment_status":"closed","ping_status":"closed","template":"","meta":{"_acf_changed":false,"footnotes":"","_wp_rev_ctl_limit":""},"class_list":["post-2457586","page","type-page","status-publish","hentry"],"acf":[],"yoast_head":"<!-- This site is optimized with the Yoast SEO Premium plugin v20.11 (Yoast SEO v26.5) - https:\/\/yoast.com\/wordpress\/plugins\/seo\/ -->\n<title>Personal Data Policy | Carlton International<\/title>\n<meta name=\"description\" content=\"Carlton International&#039;s personal data policy.\" \/>\n<meta name=\"robots\" content=\"index, follow, max-snippet:-1, max-image-preview:large, max-video-preview:-1\" \/>\n<link rel=\"canonical\" href=\"https:\/\/www.carlton-international.com\/de\/personal-data-policy\/\" \/>\n<meta property=\"og:locale\" content=\"de_DE\" \/>\n<meta property=\"og:type\" content=\"article\" \/>\n<meta property=\"og:title\" content=\"Personal Data Policy\" \/>\n<meta property=\"og:description\" content=\"Carlton International&#039;s personal data policy.\" \/>\n<meta property=\"og:url\" content=\"https:\/\/www.carlton-international.com\/de\/personal-data-policy\/\" \/>\n<meta property=\"og:site_name\" content=\"Carlton International\" \/>\n<meta property=\"article:publisher\" content=\"https:\/\/www.facebook.com\/CarltonInternationalRealEstate\/\" \/>\n<meta property=\"article:modified_time\" content=\"2025-06-06T08:45:00+00:00\" \/>\n<meta name=\"twitter:card\" content=\"summary_large_image\" \/>\n<meta name=\"twitter:site\" content=\"@CarltonInter\" \/>\n<meta name=\"twitter:label1\" content=\"Gesch\u00e4tzte Lesezeit\" \/>\n\t<meta name=\"twitter:data1\" content=\"4\u00a0Minuten\" \/>\n<script type=\"application\/ld+json\" class=\"yoast-schema-graph\">{\"@context\":\"https:\/\/schema.org\",\"@graph\":[{\"@type\":\"WebPage\",\"@id\":\"https:\/\/www.carlton-international.com\/de\/personal-data-policy\/\",\"url\":\"https:\/\/www.carlton-international.com\/de\/personal-data-policy\/\",\"name\":\"Personal Data Policy | Carlton International\",\"isPartOf\":{\"@id\":\"https:\/\/www.carlton-international.com\/de\/#website\"},\"datePublished\":\"2023-04-11T13:00:14+00:00\",\"dateModified\":\"2025-06-06T08:45:00+00:00\",\"description\":\"Carlton International's personal data policy.\",\"breadcrumb\":{\"@id\":\"https:\/\/www.carlton-international.com\/de\/personal-data-policy\/#breadcrumb\"},\"inLanguage\":\"de\",\"potentialAction\":[{\"@type\":\"ReadAction\",\"target\":[\"https:\/\/www.carlton-international.com\/de\/personal-data-policy\/\"]}]},{\"@type\":\"BreadcrumbList\",\"@id\":\"https:\/\/www.carlton-international.com\/de\/personal-data-policy\/#breadcrumb\",\"itemListElement\":[{\"@type\":\"ListItem\",\"position\":1,\"name\":\"Accueil\",\"item\":\"https:\/\/www.carlton-international.com\/de\/\"},{\"@type\":\"ListItem\",\"position\":2,\"name\":\"Personal Data Policy\"}]},{\"@type\":\"WebSite\",\"@id\":\"https:\/\/www.carlton-international.com\/de\/#website\",\"url\":\"https:\/\/www.carlton-international.com\/de\/\",\"name\":\"Carlton International\",\"description\":\"Luxury Real Estate in France and Internationally\",\"publisher\":{\"@id\":\"https:\/\/www.carlton-international.com\/de\/#organization\"},\"alternateName\":\"Carlton\",\"potentialAction\":[{\"@type\":\"SearchAction\",\"target\":{\"@type\":\"EntryPoint\",\"urlTemplate\":\"https:\/\/www.carlton-international.com\/de\/?s={search_term_string}\"},\"query-input\":{\"@type\":\"PropertyValueSpecification\",\"valueRequired\":true,\"valueName\":\"search_term_string\"}}],\"inLanguage\":\"de\"},{\"@type\":\"Organization\",\"@id\":\"https:\/\/www.carlton-international.com\/de\/#organization\",\"name\":\"Carlton International\",\"alternateName\":\"Carlton\",\"url\":\"https:\/\/www.carlton-international.com\/de\/\",\"logo\":{\"@type\":\"ImageObject\",\"inLanguage\":\"de\",\"@id\":\"https:\/\/www.carlton-international.com\/de\/#\/schema\/logo\/image\/\",\"url\":\"https:\/\/www.carlton-international.com\/wp-content\/uploads\/2024\/10\/logo-square-1.jpg\",\"contentUrl\":\"https:\/\/www.carlton-international.com\/wp-content\/uploads\/2024\/10\/logo-square-1.jpg\",\"width\":240,\"height\":240,\"caption\":\"Carlton International\"},\"image\":{\"@id\":\"https:\/\/www.carlton-international.com\/de\/#\/schema\/logo\/image\/\"},\"sameAs\":[\"https:\/\/www.facebook.com\/CarltonInternationalRealEstate\/\",\"https:\/\/x.com\/CarltonInter\",\"https:\/\/www.instagram.com\/carlton.international\/\",\"https:\/\/www.linkedin.com\/company\/carlton-international\/mycompany\/\",\"https:\/\/www.youtube.com\/channel\/UC45DFaSawRRikZFLqr2C_XQ\"]}]}<\/script>\n<!-- \/ Yoast SEO Premium plugin. -->","yoast_head_json":{"title":"Personal Data Policy | Carlton International","description":"Carlton International's personal data policy.","robots":{"index":"index","follow":"follow","max-snippet":"max-snippet:-1","max-image-preview":"max-image-preview:large","max-video-preview":"max-video-preview:-1"},"canonical":"https:\/\/www.carlton-international.com\/de\/personal-data-policy\/","og_locale":"de_DE","og_type":"article","og_title":"Personal Data Policy","og_description":"Carlton International's personal data policy.","og_url":"https:\/\/www.carlton-international.com\/de\/personal-data-policy\/","og_site_name":"Carlton International","article_publisher":"https:\/\/www.facebook.com\/CarltonInternationalRealEstate\/","article_modified_time":"2025-06-06T08:45:00+00:00","twitter_card":"summary_large_image","twitter_site":"@CarltonInter","twitter_misc":{"Gesch\u00e4tzte Lesezeit":"4\u00a0Minuten"},"schema":{"@context":"https:\/\/schema.org","@graph":[{"@type":"WebPage","@id":"https:\/\/www.carlton-international.com\/de\/personal-data-policy\/","url":"https:\/\/www.carlton-international.com\/de\/personal-data-policy\/","name":"Personal Data Policy | Carlton International","isPartOf":{"@id":"https:\/\/www.carlton-international.com\/de\/#website"},"datePublished":"2023-04-11T13:00:14+00:00","dateModified":"2025-06-06T08:45:00+00:00","description":"Carlton International's personal data policy.","breadcrumb":{"@id":"https:\/\/www.carlton-international.com\/de\/personal-data-policy\/#breadcrumb"},"inLanguage":"de","potentialAction":[{"@type":"ReadAction","target":["https:\/\/www.carlton-international.com\/de\/personal-data-policy\/"]}]},{"@type":"BreadcrumbList","@id":"https:\/\/www.carlton-international.com\/de\/personal-data-policy\/#breadcrumb","itemListElement":[{"@type":"ListItem","position":1,"name":"Accueil","item":"https:\/\/www.carlton-international.com\/de\/"},{"@type":"ListItem","position":2,"name":"Personal Data Policy"}]},{"@type":"WebSite","@id":"https:\/\/www.carlton-international.com\/de\/#website","url":"https:\/\/www.carlton-international.com\/de\/","name":"Carlton International","description":"Luxury Real Estate in France and Internationally","publisher":{"@id":"https:\/\/www.carlton-international.com\/de\/#organization"},"alternateName":"Carlton","potentialAction":[{"@type":"SearchAction","target":{"@type":"EntryPoint","urlTemplate":"https:\/\/www.carlton-international.com\/de\/?s={search_term_string}"},"query-input":{"@type":"PropertyValueSpecification","valueRequired":true,"valueName":"search_term_string"}}],"inLanguage":"de"},{"@type":"Organization","@id":"https:\/\/www.carlton-international.com\/de\/#organization","name":"Carlton International","alternateName":"Carlton","url":"https:\/\/www.carlton-international.com\/de\/","logo":{"@type":"ImageObject","inLanguage":"de","@id":"https:\/\/www.carlton-international.com\/de\/#\/schema\/logo\/image\/","url":"https:\/\/www.carlton-international.com\/wp-content\/uploads\/2024\/10\/logo-square-1.jpg","contentUrl":"https:\/\/www.carlton-international.com\/wp-content\/uploads\/2024\/10\/logo-square-1.jpg","width":240,"height":240,"caption":"Carlton International"},"image":{"@id":"https:\/\/www.carlton-international.com\/de\/#\/schema\/logo\/image\/"},"sameAs":["https:\/\/www.facebook.com\/CarltonInternationalRealEstate\/","https:\/\/x.com\/CarltonInter","https:\/\/www.instagram.com\/carlton.international\/","https:\/\/www.linkedin.com\/company\/carlton-international\/mycompany\/","https:\/\/www.youtube.com\/channel\/UC45DFaSawRRikZFLqr2C_XQ"]}]}},"jetpack_sharing_enabled":true,"_links":{"self":[{"href":"https:\/\/www.carlton-international.com\/de\/wp-json\/wp\/v2\/pages\/2457586","targetHints":{"allow":["GET"]}}],"collection":[{"href":"https:\/\/www.carlton-international.com\/de\/wp-json\/wp\/v2\/pages"}],"about":[{"href":"https:\/\/www.carlton-international.com\/de\/wp-json\/wp\/v2\/types\/page"}],"author":[{"embeddable":true,"href":"https:\/\/www.carlton-international.com\/de\/wp-json\/wp\/v2\/users\/3"}],"replies":[{"embeddable":true,"href":"https:\/\/www.carlton-international.com\/de\/wp-json\/wp\/v2\/comments?post=2457586"}],"version-history":[{"count":0,"href":"https:\/\/www.carlton-international.com\/de\/wp-json\/wp\/v2\/pages\/2457586\/revisions"}],"wp:attachment":[{"href":"https:\/\/www.carlton-international.com\/de\/wp-json\/wp\/v2\/media?parent=2457586"}],"curies":[{"name":"wp","href":"https:\/\/api.w.org\/{rel}","templated":true}]}}