{"id":2457298,"date":"2023-07-17T14:36:36","date_gmt":"2023-07-17T12:36:36","guid":{"rendered":"https:\/\/www.carlton-international.com\/luxury-villas-to-rent-in-the-greek-islands\/"},"modified":"2025-11-03T08:24:34","modified_gmt":"2025-11-03T07:24:34","slug":"ferienhaeuser-in-griechenland","status":"publish","type":"page","link":"https:\/\/www.carlton-international.com\/de\/vermietung\/ferienhaeuser-in-griechenland\/","title":{"rendered":"Ferienh\u00e4user in Griechenland"},"content":{"rendered":"\t\t<div data-elementor-type=\"wp-page\" data-elementor-id=\"2457298\" class=\"elementor elementor-2457298 elementor-934556\" data-elementor-post-type=\"page\">\n\t\t\t\t<div data-dce-background-image-url=\"https:\/\/www.carlton-international.com\/wp-content\/uploads\/2023\/03\/destinations.jpg\" class=\"elementor-element elementor-element-7a9634d e-flex e-con-boxed e-con e-parent\" data-id=\"7a9634d\" data-element_type=\"container\" data-settings=\"{&quot;background_background&quot;:&quot;classic&quot;,&quot;jet_parallax_layout_list&quot;:[]}\">\n\t\t\t\t\t<div class=\"e-con-inner\">\n\t\t\t\t<div class=\"elementor-element elementor-element-eb0326c elementor-widget elementor-widget-heading\" data-id=\"eb0326c\" data-element_type=\"widget\" data-widget_type=\"heading.default\">\n\t\t\t\t\t<h1 class=\"elementor-heading-title elementor-size-default\">COLLECTION : Greece<\/h1>\t\t\t\t<\/div>\n\t\t\t\t\t<\/div>\n\t\t\t\t<\/div>\n\t\t\t\t<section class=\"elementor-section elementor-top-section elementor-element elementor-element-792e6aa7 elementor-section-boxed elementor-section-height-default elementor-section-height-default\" data-id=\"792e6aa7\" data-element_type=\"section\" data-settings=\"{&quot;jet_parallax_layout_list&quot;:[]}\">\n\t\t\t\t\t\t<div class=\"elementor-container elementor-column-gap-default\">\n\t\t\t\t\t<div class=\"elementor-column elementor-col-100 elementor-top-column elementor-element elementor-element-4ab2cffd\" data-id=\"4ab2cffd\" data-element_type=\"column\">\n\t\t\t<div class=\"elementor-widget-wrap elementor-element-populated\">\n\t\t\t\t\t\t<div class=\"elementor-element elementor-element-3f80d67 elementor-widget elementor-widget-shortcode\" data-id=\"3f80d67\" data-element_type=\"widget\" data-widget_type=\"shortcode.default\">\n\t\t\t\t\t\t\t<div class=\"elementor-shortcode\">    <div class=\"ci-dis-ads_wrapper\" data-id-page=\"2457298\" id=\"ci-ads-results\">\n                <!-- TOTAL RESULTS -->\n        <div class=\"ci-dis-ads_total_results aa\">\n            <div class=\"ci-dis-description_contact_results a2345 2457298\">\n            \n                <p>\n                <a href=\"https:\/\/www.carlton-international.com\/de\/vermietung\/\">vermietung<\/a> &gt; <a href=\"https:\/\/www.carlton-international.com\/de\/vermietung\/ferienhaeuser-in-griechenland\/\">ferienh\u00e4user in griechenland<\/a> &gt; <span data-id=\"2457298\">0 r\u00e9sultat<\/span>                <\/p>\n                            <\/div>\n        <\/div>\n                    <!-- HEADER -->\n            <div class=\"ci-dis-ads_header\">\n                <!-- PAGINATION -->\n                <div class=\"ci-dis-ads_pagination\">\n                                    <\/div>\n                <!-- SORT -->\n\n                                    <div class=\"ci-dis-ads_sort\">\n                                            <\/div>\n                    <!-- DISPLAY -->\n                    <div class=\"ci-dis-ads_disp\">\n                                            <\/div>\n                            <\/div>\n                <!-- CONTENT -->\n        <div class=\"ci-dis-ads_content ci-disp-grid\">\n                                                                    <div class=\"ci-dis-ads_content-empty s1\" style=\"display: flex;\">\n                                        <p class=\"ci-dis-ads_content-empty_text\"><\/p>\n                                        <div><div>\n<div>Viele Immobilien, die Ihrer Suche entsprechen, werden <strong>streng vertraulich im Off-Market-Bereich direkt durch unsere Teams vermarktet.<\/strong><\/div>\n<div>Wir laden Sie ein, <strong>die Carlton International Agentur zu kontaktieren, die der gesuchten Adresse entsprich<\/strong>t, um Zugang zu diesen exklusiven M\u00f6glichkeiten zu erhalten : <a href=\"https:\/\/www.carlton-international.com\/de\/kontaktieren-sie-uns\/\">https:\/\/www.carlton-international.com\/de\/kontaktieren-sie-uns\/<\/a><\/div>\n<\/div>\n<\/div>\n                                    <\/div>\n                                                            \n                                                <\/div>\n        <!-- FOOTER -->\n        <div class=\"ci-dis-ads_footer\">\n            <!-- PAGINATION -->\n            <div class=\"ci-dis-ads_pagination\">\n                            <\/div>\n        <\/div>\n                 <\/div>\n<\/div>\n\t\t\t\t\t\t<\/div>\n\t\t\t\t<div class=\"elementor-element elementor-element-4bdd926 description elementor-widget elementor-widget-text-editor\" data-id=\"4bdd926\" data-element_type=\"widget\" data-widget_type=\"text-editor.default\">\n\t\t\t\t\t\t\t\t\t<h2 style=\"text-align: center\"><strong><span style=\"vertical-align: inherit\"><span style=\"vertical-align: inherit\"> Entdecken Sie Luxusvillen auf Santorin und Mykonos mit Carlton International<\/span><\/span><\/strong><\/h2>\n<p style=\"text-align: center\"><span style=\"vertical-align: inherit\"><span style=\"vertical-align: inherit\">Genie\u00dfen Sie die bezaubernde Sch\u00f6nheit der ikonischen griechischen Inseln Santorin und Mykonos mit der exklusiven Auswahl an Luxusvillen von Carlton International. <\/span><span style=\"vertical-align: inherit\">Lassen Sie sich von atemberaubenden Ausblicken, exquisiter Architektur und erstklassigen Annehmlichkeiten verzaubern \u2013 all das zeichnet unsere sorgf\u00e4ltig kuratierte Kollektion aus. <\/span><span style=\"vertical-align: inherit\">Ob Sie die magischen Sonnenunterg\u00e4nge Santorins oder das pulsierende Nachtleben von Mykonos suchen, unsere Luxusvillen versprechen Ihnen eine au\u00dfergew\u00f6hnliche Auszeit wie keine andere.<\/span><\/span><\/p>\n<h3 style=\"text-align: center\"><strong><span style=\"vertical-align: inherit\"><span style=\"vertical-align: inherit\"> Luxusvillen in Griechenland \u2013 Santorin und Mykonos<\/span><\/span><\/strong><\/h3>\n<p style=\"text-align: center\"><span style=\"vertical-align: inherit\"><span style=\"vertical-align: inherit\">Carlton International l\u00e4dt Sie ein, unsere handverlesene Auswahl an Luxusvillen zu entdecken \u2013 jede einzelne geschaffen, um Ihnen ein unvergleichliches Erlebnis auf den griechischen Inseln zu bieten. <\/span><span style=\"vertical-align: inherit\">Die legend\u00e4ren, wei\u00df get\u00fcnchten Klippen von Santorin und die kosmopolitische Energie von Mykonos bilden die Kulisse f\u00fcr Ihren perfekten R\u00fcckzugsort \u2013 und schaffen Erinnerungen, die lange nach Ihrer Abreise fortbestehen werden.<\/span><\/span><\/p>\n<h3 style=\"text-align: center\"><strong><span style=\"vertical-align: inherit\"><span style=\"vertical-align: inherit\">Unvergessliche Ausblicke und Erlebnisse<\/span><\/span><\/strong><\/h3>\n<p style=\"text-align: center\"><span style=\"vertical-align: inherit\"><span style=\"vertical-align: inherit\">Tauchen Sie ein in die Romantik und Mystik Santorins, wo unsere Luxusvillen Ihnen einen Logenplatz mit Blick auf die weltber\u00fchmte Caldera bieten. <\/span><span style=\"vertical-align: inherit\">Von Infinity-Pools, die scheinbar mit der \u00c4g\u00e4is verschmelzen, bis hin zu eleganten Veranden, die den legend\u00e4ren Sonnenuntergang der Insel einrahmen \u2013 Ihr Aufenthalt auf Santorin erreicht neue H\u00f6hen des Luxus. <\/span><\/span><span style=\"vertical-align: inherit\"><span style=\"vertical-align: inherit\">Erleben Sie die pulsierende Energie von Mykonos und genie\u00dfen Sie gleichzeitig die Ruhe Ihrer privaten Luxusvilla. <\/span><span style=\"vertical-align: inherit\">Die traumhaften Str\u00e4nde, das lebhafte Nachtleben und die charmante Altstadt von Mykonos liegen in greifbarer N\u00e4he und garantieren eine harmonische Mischung aus Spannung und Entspannung. <\/span><span style=\"vertical-align: inherit\">Kehren Sie in Ihre Villa zur\u00fcck, um in luxuri\u00f6sem Ambiente zu entspannen und neue Energie f\u00fcr den n\u00e4chsten Tag zu tanken. <\/span><\/span><span style=\"vertical-align: inherit\"><span style=\"vertical-align: inherit\">Die Luxusvillen von Carlton International in Griechenland bieten mehr als nur spektakul\u00e4re Aussichten \u2013 <\/span><span style=\"vertical-align: inherit\">sie sind darauf ausgelegt, Ihre Erwartungen in jeder Hinsicht zu \u00fcbertreffen. <\/span><span style=\"vertical-align: inherit\">Erleben Sie h\u00f6chste Opulenz mit Infinity-Pools, gro\u00dfz\u00fcgigen Terrassen, \u00fcppigen G\u00e4rten und exquisiten Innenr\u00e4umen, die sich nahtlos in die umgebende Sch\u00f6nheit einf\u00fcgen.<\/span><\/span><\/p>\n<p style=\"text-align: center\"><strong><span style=\"vertical-align: inherit\"><span style=\"vertical-align: inherit\"> Ihr Traumurlaub auf den griechischen Inseln erwartet Sie \u2013 mit Carlton International<\/span><\/span><\/strong><\/p>\n<p style=\"text-align: center\"><span style=\"vertical-align: inherit\"><span style=\"vertical-align: inherit\">Buchen Sie Ihre Traumreise mit Carlton International und entdecken Sie Luxusvillen in Griechenland \u2013 an den ikonischsten Reisezielen. <\/span><span style=\"vertical-align: inherit\">Unsere Luxusvillen auf Santorin und Mykonos laden Sie ein, in eine Welt der Eleganz einzutauchen, in der das Beste des Mittelmeers auf Sie wartet. <\/span><span style=\"vertical-align: inherit\">Lassen Sie uns Ihre Reise perfekt gestalten \u2013 mit unvergesslichen Momenten, makellosem Service und bleibenden Erinnerungen. <\/span><span style=\"vertical-align: inherit\">Ihr Paradies auf den griechischen Inseln ist nur einen Klick entfernt.<\/span><\/span><\/p>\n\t\t\t\t\t\t\t\t<\/div>\n\t\t\t\t\t<\/div>\n\t\t<\/div>\n\t\t\t\t\t<\/div>\n\t\t<\/section>\n\t\t\t\t<\/div>\n\t\t","protected":false},"excerpt":{"rendered":"<p>COLLECTION : Greece<\/p>\n","protected":false},"author":3,"featured_media":2457299,"parent":2457380,"menu_order":0,"comment_status":"closed","ping_status":"closed","template":"","meta":{"_acf_changed":false,"footnotes":"","_wp_rev_ctl_limit":""},"class_list":["post-2457298","page","type-page","status-publish","has-post-thumbnail","hentry"],"acf":[],"yoast_head":"<!-- This site is optimized with the Yoast SEO Premium plugin v20.11 (Yoast SEO v26.5) - https:\/\/yoast.com\/wordpress\/plugins\/seo\/ -->\n<title>Ferienh\u00e4user in Griechenland - Carlton International<\/title>\n<meta name=\"description\" content=\"Rent Luxury Villas To Rent In The Greek Islands. Browse our collective of ultra privileged villas in Greece.\" \/>\n<meta name=\"robots\" content=\"index, follow, max-snippet:-1, max-image-preview:large, max-video-preview:-1\" \/>\n<link rel=\"canonical\" href=\"https:\/\/www.carlton-international.com\/de\/vermietung\/ferienhaeuser-in-griechenland\/\" \/>\n<meta property=\"og:locale\" content=\"de_DE\" \/>\n<meta property=\"og:type\" content=\"article\" \/>\n<meta property=\"og:title\" content=\"Ferienh\u00e4user in Griechenland\" \/>\n<meta property=\"og:description\" content=\"Rent Luxury Villas To Rent In The Greek Islands. Browse our collective of ultra privileged villas in Greece.\" \/>\n<meta property=\"og:url\" content=\"https:\/\/www.carlton-international.com\/de\/vermietung\/ferienhaeuser-in-griechenland\/\" \/>\n<meta property=\"og:site_name\" content=\"Carlton International\" \/>\n<meta property=\"article:publisher\" content=\"https:\/\/www.facebook.com\/CarltonInternationalRealEstate\/\" \/>\n<meta property=\"article:modified_time\" content=\"2025-11-03T07:24:34+00:00\" \/>\n<meta property=\"og:image\" content=\"https:\/\/www.carlton-international.com\/wp-content\/uploads\/2023\/02\/grece.jpg\" \/>\n\t<meta property=\"og:image:width\" content=\"395\" \/>\n\t<meta property=\"og:image:height\" content=\"395\" \/>\n\t<meta property=\"og:image:type\" content=\"image\/jpeg\" \/>\n<meta name=\"twitter:card\" content=\"summary_large_image\" \/>\n<meta name=\"twitter:site\" content=\"@CarltonInter\" \/>\n<meta name=\"twitter:label1\" content=\"Gesch\u00e4tzte Lesezeit\" \/>\n\t<meta name=\"twitter:data1\" content=\"2\u00a0Minuten\" \/>\n<script type=\"application\/ld+json\" class=\"yoast-schema-graph\">{\"@context\":\"https:\/\/schema.org\",\"@graph\":[{\"@type\":\"WebPage\",\"@id\":\"https:\/\/www.carlton-international.com\/de\/vermietung\/ferienhaeuser-in-griechenland\/\",\"url\":\"https:\/\/www.carlton-international.com\/de\/vermietung\/ferienhaeuser-in-griechenland\/\",\"name\":\"Ferienh\u00e4user in Griechenland - Carlton International\",\"isPartOf\":{\"@id\":\"https:\/\/www.carlton-international.com\/de\/#website\"},\"primaryImageOfPage\":{\"@id\":\"https:\/\/www.carlton-international.com\/de\/vermietung\/ferienhaeuser-in-griechenland\/#primaryimage\"},\"image\":{\"@id\":\"https:\/\/www.carlton-international.com\/de\/vermietung\/ferienhaeuser-in-griechenland\/#primaryimage\"},\"thumbnailUrl\":\"https:\/\/www.carlton-international.com\/wp-content\/uploads\/2023\/02\/grece.jpg\",\"datePublished\":\"2023-07-17T12:36:36+00:00\",\"dateModified\":\"2025-11-03T07:24:34+00:00\",\"description\":\"Rent Luxury Villas To Rent In The Greek Islands. Browse our collective of ultra privileged villas in Greece.\",\"breadcrumb\":{\"@id\":\"https:\/\/www.carlton-international.com\/de\/vermietung\/ferienhaeuser-in-griechenland\/#breadcrumb\"},\"inLanguage\":\"de\",\"potentialAction\":[{\"@type\":\"ReadAction\",\"target\":[\"https:\/\/www.carlton-international.com\/de\/vermietung\/ferienhaeuser-in-griechenland\/\"]}]},{\"@type\":\"ImageObject\",\"inLanguage\":\"de\",\"@id\":\"https:\/\/www.carlton-international.com\/de\/vermietung\/ferienhaeuser-in-griechenland\/#primaryimage\",\"url\":\"https:\/\/www.carlton-international.com\/wp-content\/uploads\/2023\/02\/grece.jpg\",\"contentUrl\":\"https:\/\/www.carlton-international.com\/wp-content\/uploads\/2023\/02\/grece.jpg\",\"width\":395,\"height\":395},{\"@type\":\"BreadcrumbList\",\"@id\":\"https:\/\/www.carlton-international.com\/de\/vermietung\/ferienhaeuser-in-griechenland\/#breadcrumb\",\"itemListElement\":[{\"@type\":\"ListItem\",\"position\":1,\"name\":\"Accueil\",\"item\":\"https:\/\/www.carlton-international.com\/de\/\"},{\"@type\":\"ListItem\",\"position\":2,\"name\":\"Vermietung\",\"item\":\"https:\/\/www.carlton-international.com\/de\/vermietung\/\"},{\"@type\":\"ListItem\",\"position\":3,\"name\":\"Ferienh\u00e4user in Griechenland\"}]},{\"@type\":\"WebSite\",\"@id\":\"https:\/\/www.carlton-international.com\/de\/#website\",\"url\":\"https:\/\/www.carlton-international.com\/de\/\",\"name\":\"Carlton International\",\"description\":\"Luxury Real Estate in France and Internationally\",\"publisher\":{\"@id\":\"https:\/\/www.carlton-international.com\/de\/#organization\"},\"alternateName\":\"Carlton\",\"potentialAction\":[{\"@type\":\"SearchAction\",\"target\":{\"@type\":\"EntryPoint\",\"urlTemplate\":\"https:\/\/www.carlton-international.com\/de\/?s={search_term_string}\"},\"query-input\":{\"@type\":\"PropertyValueSpecification\",\"valueRequired\":true,\"valueName\":\"search_term_string\"}}],\"inLanguage\":\"de\"},{\"@type\":\"Organization\",\"@id\":\"https:\/\/www.carlton-international.com\/de\/#organization\",\"name\":\"Carlton International\",\"alternateName\":\"Carlton\",\"url\":\"https:\/\/www.carlton-international.com\/de\/\",\"logo\":{\"@type\":\"ImageObject\",\"inLanguage\":\"de\",\"@id\":\"https:\/\/www.carlton-international.com\/de\/#\/schema\/logo\/image\/\",\"url\":\"https:\/\/www.carlton-international.com\/wp-content\/uploads\/2024\/10\/logo-square-1.jpg\",\"contentUrl\":\"https:\/\/www.carlton-international.com\/wp-content\/uploads\/2024\/10\/logo-square-1.jpg\",\"width\":240,\"height\":240,\"caption\":\"Carlton International\"},\"image\":{\"@id\":\"https:\/\/www.carlton-international.com\/de\/#\/schema\/logo\/image\/\"},\"sameAs\":[\"https:\/\/www.facebook.com\/CarltonInternationalRealEstate\/\",\"https:\/\/x.com\/CarltonInter\",\"https:\/\/www.instagram.com\/carlton.international\/\",\"https:\/\/www.linkedin.com\/company\/carlton-international\/mycompany\/\",\"https:\/\/www.youtube.com\/channel\/UC45DFaSawRRikZFLqr2C_XQ\"]}]}<\/script>\n<!-- \/ Yoast SEO Premium plugin. -->","yoast_head_json":{"title":"Ferienh\u00e4user in Griechenland - Carlton International","description":"Rent Luxury Villas To Rent In The Greek Islands. Browse our collective of ultra privileged villas in Greece.","robots":{"index":"index","follow":"follow","max-snippet":"max-snippet:-1","max-image-preview":"max-image-preview:large","max-video-preview":"max-video-preview:-1"},"canonical":"https:\/\/www.carlton-international.com\/de\/vermietung\/ferienhaeuser-in-griechenland\/","og_locale":"de_DE","og_type":"article","og_title":"Ferienh\u00e4user in Griechenland","og_description":"Rent Luxury Villas To Rent In The Greek Islands. Browse our collective of ultra privileged villas in Greece.","og_url":"https:\/\/www.carlton-international.com\/de\/vermietung\/ferienhaeuser-in-griechenland\/","og_site_name":"Carlton International","article_publisher":"https:\/\/www.facebook.com\/CarltonInternationalRealEstate\/","article_modified_time":"2025-11-03T07:24:34+00:00","og_image":[{"width":395,"height":395,"url":"https:\/\/www.carlton-international.com\/wp-content\/uploads\/2023\/02\/grece.jpg","type":"image\/jpeg"}],"twitter_card":"summary_large_image","twitter_site":"@CarltonInter","twitter_misc":{"Gesch\u00e4tzte Lesezeit":"2\u00a0Minuten"},"schema":{"@context":"https:\/\/schema.org","@graph":[{"@type":"WebPage","@id":"https:\/\/www.carlton-international.com\/de\/vermietung\/ferienhaeuser-in-griechenland\/","url":"https:\/\/www.carlton-international.com\/de\/vermietung\/ferienhaeuser-in-griechenland\/","name":"Ferienh\u00e4user in Griechenland - Carlton International","isPartOf":{"@id":"https:\/\/www.carlton-international.com\/de\/#website"},"primaryImageOfPage":{"@id":"https:\/\/www.carlton-international.com\/de\/vermietung\/ferienhaeuser-in-griechenland\/#primaryimage"},"image":{"@id":"https:\/\/www.carlton-international.com\/de\/vermietung\/ferienhaeuser-in-griechenland\/#primaryimage"},"thumbnailUrl":"https:\/\/www.carlton-international.com\/wp-content\/uploads\/2023\/02\/grece.jpg","datePublished":"2023-07-17T12:36:36+00:00","dateModified":"2025-11-03T07:24:34+00:00","description":"Rent Luxury Villas To Rent In The Greek Islands. Browse our collective of ultra privileged villas in Greece.","breadcrumb":{"@id":"https:\/\/www.carlton-international.com\/de\/vermietung\/ferienhaeuser-in-griechenland\/#breadcrumb"},"inLanguage":"de","potentialAction":[{"@type":"ReadAction","target":["https:\/\/www.carlton-international.com\/de\/vermietung\/ferienhaeuser-in-griechenland\/"]}]},{"@type":"ImageObject","inLanguage":"de","@id":"https:\/\/www.carlton-international.com\/de\/vermietung\/ferienhaeuser-in-griechenland\/#primaryimage","url":"https:\/\/www.carlton-international.com\/wp-content\/uploads\/2023\/02\/grece.jpg","contentUrl":"https:\/\/www.carlton-international.com\/wp-content\/uploads\/2023\/02\/grece.jpg","width":395,"height":395},{"@type":"BreadcrumbList","@id":"https:\/\/www.carlton-international.com\/de\/vermietung\/ferienhaeuser-in-griechenland\/#breadcrumb","itemListElement":[{"@type":"ListItem","position":1,"name":"Accueil","item":"https:\/\/www.carlton-international.com\/de\/"},{"@type":"ListItem","position":2,"name":"Vermietung","item":"https:\/\/www.carlton-international.com\/de\/vermietung\/"},{"@type":"ListItem","position":3,"name":"Ferienh\u00e4user in Griechenland"}]},{"@type":"WebSite","@id":"https:\/\/www.carlton-international.com\/de\/#website","url":"https:\/\/www.carlton-international.com\/de\/","name":"Carlton International","description":"Luxury Real Estate in France and Internationally","publisher":{"@id":"https:\/\/www.carlton-international.com\/de\/#organization"},"alternateName":"Carlton","potentialAction":[{"@type":"SearchAction","target":{"@type":"EntryPoint","urlTemplate":"https:\/\/www.carlton-international.com\/de\/?s={search_term_string}"},"query-input":{"@type":"PropertyValueSpecification","valueRequired":true,"valueName":"search_term_string"}}],"inLanguage":"de"},{"@type":"Organization","@id":"https:\/\/www.carlton-international.com\/de\/#organization","name":"Carlton International","alternateName":"Carlton","url":"https:\/\/www.carlton-international.com\/de\/","logo":{"@type":"ImageObject","inLanguage":"de","@id":"https:\/\/www.carlton-international.com\/de\/#\/schema\/logo\/image\/","url":"https:\/\/www.carlton-international.com\/wp-content\/uploads\/2024\/10\/logo-square-1.jpg","contentUrl":"https:\/\/www.carlton-international.com\/wp-content\/uploads\/2024\/10\/logo-square-1.jpg","width":240,"height":240,"caption":"Carlton International"},"image":{"@id":"https:\/\/www.carlton-international.com\/de\/#\/schema\/logo\/image\/"},"sameAs":["https:\/\/www.facebook.com\/CarltonInternationalRealEstate\/","https:\/\/x.com\/CarltonInter","https:\/\/www.instagram.com\/carlton.international\/","https:\/\/www.linkedin.com\/company\/carlton-international\/mycompany\/","https:\/\/www.youtube.com\/channel\/UC45DFaSawRRikZFLqr2C_XQ"]}]}},"jetpack_sharing_enabled":true,"_links":{"self":[{"href":"https:\/\/www.carlton-international.com\/de\/wp-json\/wp\/v2\/pages\/2457298","targetHints":{"allow":["GET"]}}],"collection":[{"href":"https:\/\/www.carlton-international.com\/de\/wp-json\/wp\/v2\/pages"}],"about":[{"href":"https:\/\/www.carlton-international.com\/de\/wp-json\/wp\/v2\/types\/page"}],"author":[{"embeddable":true,"href":"https:\/\/www.carlton-international.com\/de\/wp-json\/wp\/v2\/users\/3"}],"replies":[{"embeddable":true,"href":"https:\/\/www.carlton-international.com\/de\/wp-json\/wp\/v2\/comments?post=2457298"}],"version-history":[{"count":0,"href":"https:\/\/www.carlton-international.com\/de\/wp-json\/wp\/v2\/pages\/2457298\/revisions"}],"up":[{"embeddable":true,"href":"https:\/\/www.carlton-international.com\/de\/wp-json\/wp\/v2\/pages\/2457380"}],"wp:featuredmedia":[{"embeddable":true,"href":"https:\/\/www.carlton-international.com\/de\/wp-json\/wp\/v2\/media\/2457299"}],"wp:attachment":[{"href":"https:\/\/www.carlton-international.com\/de\/wp-json\/wp\/v2\/media?parent=2457298"}],"curies":[{"name":"wp","href":"https:\/\/api.w.org\/{rel}","templated":true}]}}